{"id":20778,"date":"2019-12-12T12:26:15","date_gmt":"2019-12-12T14:26:15","guid":{"rendered":"https:\/\/lagh-univ.dz\/?page_id=20778"},"modified":"2019-12-12T12:30:09","modified_gmt":"2019-12-12T14:30:09","slug":"cs","status":"publish","type":"page","link":"https:\/\/lagh-univ.dz\/fr\/laboratoires-des-recherches-ltss-equipes-de-recherche\/cs\/","title":{"rendered":"CS"},"content":{"rendered":"<p><strong>Laboratoire de T\u00e9l\u00e9communications, Signaux et Syst\u00e8mes<\/strong><\/p>\n<p>&nbsp;<\/p>\n<table style=\"width: 815px\" width=\"245\">\n<tbody>\n<tr>\n<td style=\"width: 416.667px\"><a href=\"https:\/\/lagh-univ.dz\/fr\/laboratoires-des-recherches-ltss-equipes-de-recherche\/metamat\/\"><strong>Equipe 1\u00a0: M\u00e9tamat\u00e9riaux et Mat\u00e9riaux \u00e0 Bandes Interdites \u00c9lectromagn\u00e9tiques<\/strong><\/a><\/td>\n<td style=\"width: 382.333px\"><a href=\"https:\/\/lagh-univ.dz\/fr\/laboratoires-des-recherches-ltss-equipes-de-recherche\/hshf\/\"><strong>Equipe 2 : H\u00e9t\u00e9ro Structure et Hyperefr\u00e9quences<\/strong><\/a><\/td>\n<\/tr>\n<tr>\n<td style=\"width: 416.667px\"><a href=\"https:\/\/lagh-univ.dz\/fr\/laboratoires-des-recherches-ltss-equipes-de-recherche\/sip\/\"><strong>Equipe 3 :\u00a0 Signal, Imagerie et Parole<\/strong><\/a><\/td>\n<td style=\"width: 382.333px\"><a href=\"https:\/\/lagh-univ.dz\/fr\/laboratoires-des-recherches-ltss-equipes-de-recherche\/cs\/\"><strong>Equipe 4 :\u00a0 Contr\u00f4le de Syst\u00e8mes<\/strong><\/a><\/td>\n<\/tr>\n<\/tbody>\n<\/table>\n<p><strong>\u00a0\u00a0\u00a0\u00a0\u00a0<\/strong><\/p>\n<p dir=\"ltr\"><a href=\"https:\/\/lagh-univ.dz\/fr\/laboratoires-des-recherches-ltss-equipes-de-recherche\/cs\/\"><strong>Equipe 4 :\u00a0 Contr\u00f4le de Syst\u00e8mes<\/strong><\/a><\/p>\n<p dir=\"ltr\"><strong>Chef d\u2019\u00e9quipe : Professeur BELKHIRI Mohammed<\/strong><\/p>\n<p dir=\"ltr\"><strong>\u00a0Membres :<\/strong><\/p>\n<table dir=\"ltr\" width=\"656\">\n<tbody>\n<tr>\n<td>Nom<\/td>\n<td>Pr\u00e9nom<\/td>\n<td>Grade<\/td>\n<\/tr>\n<tr>\n<td>BELKHIRI<\/td>\n<td>Mohammed<\/td>\n<td>Professeur<\/td>\n<\/tr>\n<tr>\n<td>KAMRI<\/td>\n<td>Djekidel<\/td>\n<td>MCA<\/td>\n<\/tr>\n<tr>\n<td>MERAH<\/td>\n<td>Lahcene<\/td>\n<td>MCA<\/td>\n<\/tr>\n<tr>\n<td>BELKHIRI<\/td>\n<td>Ahmed<\/td>\n<td>MCB<\/td>\n<\/tr>\n<tr>\n<td>MECHERI<\/td>\n<td>Belkacem<\/td>\n<td>MAA<\/td>\n<\/tr>\n<tr>\n<td>BOUFADENE<\/td>\n<td>Mourad<\/td>\n<td>Doctorant<\/td>\n<\/tr>\n<tr>\n<td>REGGAB<\/td>\n<td>Mourad<\/td>\n<td>Doctorant<\/td>\n<\/tr>\n<tr>\n<td>DJILALI<\/td>\n<td>Larrbi<\/td>\n<td>Doctorant<\/td>\n<\/tr>\n<tr>\n<td>ZORIG<\/td>\n<td>Abdelmalek<\/td>\n<td>Doctorant<\/td>\n<\/tr>\n<tr>\n<td>MOKHTARI<\/td>\n<td>Abderrahmane<\/td>\n<td>Doctorant<\/td>\n<\/tr>\n<tr>\n<td>HARRANE<\/td>\n<td>Selma<\/td>\n<td>Doctorant<\/td>\n<\/tr>\n<tr>\n<td>RAHMANI<\/td>\n<td>Belkacem<\/td>\n<td>Doctorant<\/td>\n<\/tr>\n<tr>\n<td>DELASSI<\/td>\n<td>Mustapha<\/td>\n<td>MAA<\/td>\n<\/tr>\n<tr>\n<td>DJAMATE<\/td>\n<td>Mohamed Bachir<\/td>\n<td>Doctorant<\/td>\n<\/tr>\n<tr>\n<td>OUBATI<\/td>\n<td>Ibrahim Elkhalil<\/td>\n<td>Doctorant<\/td>\n<\/tr>\n<\/tbody>\n<\/table>\n<p dir=\"ltr\"><span class=\"tlid-translation translation\" lang=\"fr\">Le programme de recherche de l&rsquo;\u00e9quipe de recherche Controle de Syst\u00e8mes s&rsquo;articule principalement autour de deux th\u00e8mes de recherche de l&rsquo;automatique :<\/span><\/p>\n<p dir=\"ltr\"><span class=\"tlid-translation translation\" lang=\"fr\">Volet 1 : l&rsquo;aspect th\u00e9orique du d\u00e9veloppement d&rsquo;algorithmes de contr\u00f4le et d&rsquo;observateurs de syst\u00e8mes, la dynamique non lin\u00e9aire en pr\u00e9sence des incertitudes bas\u00e9e sur la th\u00e9orie de Lyapunov et augment\u00e9e par des approximateurs des fonctions utilisant l&rsquo;artificiel intelligence (r\u00e9seaux de neurones, logique floue et SVM) .<\/span><\/p>\n<p dir=\"ltr\"><span class=\"tlid-translation translation\" lang=\"fr\">Le deuxi\u00e8me volter de recherche est purement appliqu\u00e9, o\u00f9 nous d\u00e9veloppons des algorithmes intelligents pour la mod\u00e9lisation, la simulation et le contr\u00f4le de syst\u00e8mes, notamment pour r\u00e9soudre des probl\u00e8mes r\u00e9els dans les diff\u00e9rents domaines des machines \u00e9lectriques, conversion d&rsquo;\u00e9nergie, \u00e9nergies renouvelables, v\u00e9hicule, robotique et m\u00e9catronique. <\/span><\/p>\n<p dir=\"ltr\"><span class=\"tlid-translation translation\" lang=\"fr\">Les th\u00e8mes et axes de recherche de l&rsquo;\u00e9quipe:<\/span><\/p>\n<p dir=\"ltr\"><span class=\"tlid-translation translation\" lang=\"fr\"> &#8211; Contr\u00f4le non lin\u00e9aire des syst\u00e8mes dynamiques augment\u00e9s par r\u00e9seaux de neurones.<\/span><\/p>\n<p dir=\"ltr\"><span class=\"tlid-translation translation\" lang=\"fr\"> &#8211; Diagnostic des syst\u00e8mes non lin\u00e9aires.<\/span><\/p>\n<p dir=\"ltr\"><span class=\"tlid-translation translation\" lang=\"fr\"> &#8211; Impl\u00e9mentation des lois de contr\u00f4le et des algorithmes de traitement du signal sur FPGA et DSP, <\/span><\/p>\n<p dir=\"ltr\"><span class=\"tlid-translation translation\" lang=\"fr\">&#8211; Int\u00e9gration de m\u00e9thodes d&rsquo;intelligence artificielle (R\u00e9seaux de Neurones, Algorithmes G\u00e9n\u00e9tiques, SVM, pour le contr\u00f4le et l&rsquo;optimisation dans le domaine de la robotique.<\/span><\/p>\n<p dir=\"ltr\"><span class=\"tlid-translation translation\" lang=\"fr\">&#8211; Synth\u00e8se d&rsquo;observateurs non lin\u00e9aires augment\u00e9e par Neural Networks.<\/span><\/p>\n<p dir=\"ltr\"><span class=\"tlid-translation translation\" lang=\"fr\">&#8211; Asservissement visuel de robots mobiles <\/span><\/p>\n<p dir=\"ltr\"><span class=\"tlid-translation translation\" lang=\"fr\">&#8211; D\u00e9veloppement de m\u00e9thodes de diagnostic de syst\u00e8mes incertains par des r\u00e9seaux de neurones<\/span><\/p>\n","protected":false},"excerpt":{"rendered":"<p>Laboratoire de T\u00e9l\u00e9communications, Signaux et Syst\u00e8mes &nbsp; Equipe 1\u00a0: M\u00e9tamat\u00e9riaux et Mat\u00e9riaux \u00e0 Bandes Interdites \u00c9lectromagn\u00e9tiques Equipe 2 : H\u00e9t\u00e9ro Structure et Hyperefr\u00e9quences Equipe 3 :\u00a0 Signal, Imagerie et Parole Equipe 4 :\u00a0 Contr\u00f4le de Syst\u00e8mes \u00a0\u00a0\u00a0\u00a0\u00a0 Equipe 4 :\u00a0 Contr\u00f4le de Syst\u00e8mes Chef d\u2019\u00e9quipe : Professeur BELKHIRI Mohammed \u00a0Membres : Nom Pr\u00e9nom Grade BELKHIRI [&hellip;]<\/p>\n","protected":false},"author":27,"featured_media":0,"parent":8897,"menu_order":0,"comment_status":"closed","ping_status":"closed","template":"","meta":{"_exactmetrics_skip_tracking":false,"_exactmetrics_sitenote_active":false,"_exactmetrics_sitenote_note":"","_exactmetrics_sitenote_category":0,"footnotes":""},"coauthors":[555],"class_list":["post-20778","page","type-page","status-publish","hentry"],"_links":{"self":[{"href":"https:\/\/lagh-univ.dz\/fr\/wp-json\/wp\/v2\/pages\/20778","targetHints":{"allow":["GET"]}}],"collection":[{"href":"https:\/\/lagh-univ.dz\/fr\/wp-json\/wp\/v2\/pages"}],"about":[{"href":"https:\/\/lagh-univ.dz\/fr\/wp-json\/wp\/v2\/types\/page"}],"author":[{"embeddable":true,"href":"https:\/\/lagh-univ.dz\/fr\/wp-json\/wp\/v2\/users\/27"}],"replies":[{"embeddable":true,"href":"https:\/\/lagh-univ.dz\/fr\/wp-json\/wp\/v2\/comments?post=20778"}],"version-history":[{"count":3,"href":"https:\/\/lagh-univ.dz\/fr\/wp-json\/wp\/v2\/pages\/20778\/revisions"}],"predecessor-version":[{"id":20783,"href":"https:\/\/lagh-univ.dz\/fr\/wp-json\/wp\/v2\/pages\/20778\/revisions\/20783"}],"up":[{"embeddable":true,"href":"https:\/\/lagh-univ.dz\/fr\/wp-json\/wp\/v2\/pages\/8897"}],"wp:attachment":[{"href":"https:\/\/lagh-univ.dz\/fr\/wp-json\/wp\/v2\/media?parent=20778"}],"wp:term":[{"taxonomy":"author","embeddable":true,"href":"https:\/\/lagh-univ.dz\/fr\/wp-json\/wp\/v2\/coauthors?post=20778"}],"curies":[{"name":"wp","href":"https:\/\/api.w.org\/{rel}","templated":true}]}}