{"id":32021,"date":"2018-07-18T20:02:22","date_gmt":"2018-07-18T20:02:22","guid":{"rendered":"https:\/\/lagh-univ.dz\/sport-recherche-manifestation-scientifique\/"},"modified":"2022-03-18T14:29:05","modified_gmt":"2022-03-18T13:29:05","slug":"sport-recherche-manifestation-scientifique","status":"publish","type":"page","link":"https:\/\/lagh-univ.dz\/fr\/sport-formation\/sport-recherche-manifestation-scientifique\/","title":{"rendered":"Sport- recherche-manifestation scientifique"},"content":{"rendered":"<p dir=\"ltr\" style=\"text-align: center\"><span style=\"text-decoration: underline;color: #0000ff\"><span style=\"font-family: 'Times New Roman', Times;font-size: 14pt\"><strong>Manifestations scientifiques de l&rsquo;institut ISTAPS de Laghouat<\/strong><\/span><\/span><\/p>\n<p dir=\"ltr\" style=\"text-align: left\"><span style=\"text-decoration: underline;color: #ff0000\"><span style=\"font-family: 'Times New Roman', Times;font-size: 14pt\"><strong>Sixi\u00e8me journ\u00e9e d&rsquo;\u00e9tude:<\/strong><\/span><\/span><\/p>\n<p dir=\"ltr\" style=\"text-align: left\"><span style=\"font-family: 'Times New Roman', Times;font-size: 14pt;color: #000000\">Sur: L&rsquo;activite motrice chez les enfants des cr\u00e8ches<\/span><\/p>\n<p dir=\"ltr\" style=\"text-align: left\"><span style=\"font-family: 'Times New Roman', Times;font-size: 14pt;color: #000000\">25 f\u00e9vrier 2020<\/span><\/p>\n<p dir=\"ltr\" style=\"text-align: left\"><span style=\"text-decoration: underline;color: #ff0000\"><span style=\"font-family: 'Times New Roman', Times;font-size: 14pt\"><strong>Cinqui\u00e8me journ\u00e9e d&rsquo;\u00e9tude:<\/strong><\/span><\/span><\/p>\n<p dir=\"ltr\" style=\"text-align: left\"><span style=\"color: #000000;font-family: 'Times New Roman', Times;font-size: 14pt\">Sur: les m\u00e9thodes de supervisions dans la pedapratique dans le domaine de de STAPS<\/span><\/p>\n<p dir=\"ltr\" style=\"text-align: left\"><span style=\"font-family: 'Times New Roman', Times;font-size: 14pt;color: #000000\">19 f\u00e9vrier 2020<\/span><\/p>\n<p dir=\"ltr\" style=\"text-align: left\"><span style=\"text-decoration: underline;color: #ff0000\"><span style=\"font-family: 'Times New Roman', Times;font-size: 14pt\"><strong>Quatri\u00e8me journ\u00e9e d&rsquo;\u00e9tude:<\/strong><\/span><\/span><\/p>\n<p dir=\"ltr\" style=\"text-align: left\"><span style=\"font-family: 'Times New Roman', Times;font-size: 14pt;color: #000000\">Sur: Les activit\u00e9s sportive adapt\u00e9es chez les diab\u00e9tiques<\/span><\/p>\n<p dir=\"ltr\" style=\"text-align: left\"><span style=\"font-family: 'Times New Roman', Times;font-size: 14pt;color: #000000\">26 janvier 2020.<\/span><\/p>\n<p dir=\"ltr\" style=\"text-align: left\"><span style=\"text-decoration: underline;color: #ff0000\"><span style=\"font-family: 'Times New Roman', Times;font-size: 14pt\"><strong>Troisi\u00e8me journ\u00e9e d&rsquo;\u00e9tude:<\/strong><\/span><\/span><\/p>\n<p dir=\"ltr\" style=\"text-align: left\"><span style=\"font-family: 'Times New Roman', Times;font-size: 14pt;color: #000000\">Sur: Les approches th\u00e9oriques de la sp\u00e9cificit\u00e9 des talentueux<\/span><\/p>\n<p dir=\"ltr\" style=\"text-align: left\"><span style=\"font-family: 'Times New Roman', Times;font-size: 14pt;color: #000000\">19 janvier 2020.<\/span><\/p>\n<p dir=\"ltr\" style=\"text-align: left\"><span style=\"text-decoration: underline;color: #ff0000\"><span style=\"font-family: 'Times New Roman', Times;font-size: 14pt\"><strong>Deuxi\u00e8me journ\u00e9e d&rsquo;\u00e9tude:<\/strong><\/span><\/span><\/p>\n<p dir=\"ltr\" style=\"text-align: left\"><span style=\"font-family: 'Times New Roman', Times;font-size: 14pt;color: #000000\">Sur: Les m\u00e9thodes de d\u00e9veloppement de sport scolaire a Laghouat<\/span><\/p>\n<p dir=\"ltr\" style=\"text-align: left\"><span style=\"font-family: 'Times New Roman', Times;font-size: 14pt;color: #000000\">08 d\u00e9cembre 2019<\/span><\/p>\n<p dir=\"ltr\" style=\"text-align: left\"><span style=\"text-decoration: underline;color: #ff0000\"><span style=\"font-family: 'Times New Roman', Times;font-size: 14pt\"><strong>Premi\u00e8re journ\u00e9e d&rsquo;\u00e9tude:<\/strong><\/span><\/span><\/p>\n<p dir=\"ltr\" style=\"text-align: left\"><span style=\"font-family: 'Times New Roman', Times;font-size: 14pt;color: #000000\">Sur: Les approches scientifiques de la m\u00e9thodologie et techniques de recherche dans le domaine du STAPS<\/span><\/p>\n<p dir=\"ltr\" style=\"text-align: left\"><span style=\"font-family: 'Times New Roman', Times;font-size: 14pt;color: #000000\">03 mars 2019<\/span><\/p>\n<p dir=\"ltr\" style=\"text-align: center\"><span style=\"text-decoration: underline;color: #0000ff\"><span style=\"font-family: 'Times New Roman', Times;font-size: 14pt\"><strong>Journ\u00e9e de formation:<\/strong><\/span><\/span><\/p>\n<p dir=\"ltr\" style=\"text-align: left\"><span style=\"text-decoration: underline;color: #ff0000\"><span style=\"font-family: 'Times New Roman', Times;font-size: 14pt\"><strong>Premi\u00e8re journ\u00e9e de formation:<\/strong><\/span><\/span><\/p>\n<p dir=\"ltr\" style=\"text-align: left\"><span style=\"font-family: 'Times New Roman', Times;font-size: 14pt;color: #000000\">Sur: Les premiers aides<\/span><\/p>\n<p dir=\"ltr\" style=\"text-align: left\"><span style=\"font-family: 'Times New Roman', Times;font-size: 14pt;color: #000000\">28-29 janvier 2020<\/span><\/p>\n<p dir=\"ltr\" style=\"text-align: left\"><span style=\"text-decoration: underline;color: #ff0000\"><span style=\"font-family: 'Times New Roman', Times;font-size: 14pt\"><strong>deuxi\u00e8me journ\u00e9e de formation:<\/strong><\/span><\/span><\/p>\n<p dir=\"ltr\" style=\"text-align: left\"><span style=\"color: #000000;font-family: 'Times New Roman', Times;font-size: 14pt\">Gestion de poids ob\u00e9sit\u00e9 et sur poids<\/span><\/p>\n<p dir=\"ltr\" style=\"text-align: left\"><span style=\"font-family: 'Times New Roman', Times;font-size: 14pt;color: #000000\">05 f\u00e9vrier 2020<\/span><\/p>\n<p dir=\"ltr\" style=\"text-align: left\"><span style=\"text-decoration: underline;color: #ff0000\"><span style=\"font-family: 'Times New Roman', Times;font-size: 14pt\"><strong>troisi\u00e8me journ\u00e9es de formation:<\/strong><\/span><\/span><\/p>\n<p dir=\"ltr\" style=\"text-align: left\"><span style=\"font-family: 'Times New Roman', Times;font-size: 14pt;color: #000000\">Comment pr\u00e9parer un m\u00e9moir avec la m\u00e9thode de IMRAD<\/span><\/p>\n<p dir=\"ltr\" style=\"text-align: left\"><span style=\"font-family: 'Times New Roman', Times;font-size: 14pt;color: #000000\">18 f\u00e9vrier 2020.<\/span><\/p>\n<p dir=\"ltr\" style=\"text-align: left\"><span style=\"text-decoration: underline;color: #ff0000\"><span style=\"font-family: 'Times New Roman', Times;font-size: 14pt\"><strong>Quatri\u00e8me journ\u00e9e de formation:<\/strong><\/span><\/span><\/p>\n<p dir=\"ltr\" style=\"text-align: left\"><span style=\"font-family: 'Times New Roman', Times;font-size: 14pt;color: #000000\">Application des programmes d&rsquo;athl\u00e9tisme chez les les enfants des \u00e9coles primaires<\/span><\/p>\n<p dir=\"ltr\" style=\"text-align: left\"><span style=\"font-family: 'Times New Roman', Times;font-size: 14pt;color: #000000\">25 f\u00e9vrier 2020.<\/span><\/p>\n<p dir=\"ltr\" style=\"text-align: left\">\n","protected":false},"excerpt":{"rendered":"<p>Manifestations scientifiques de l&rsquo;institut ISTAPS de Laghouat Sixi\u00e8me journ\u00e9e d&rsquo;\u00e9tude: Sur: L&rsquo;activite motrice chez les enfants des cr\u00e8ches 25 f\u00e9vrier 2020 Cinqui\u00e8me journ\u00e9e d&rsquo;\u00e9tude: Sur: les m\u00e9thodes de supervisions dans la pedapratique dans le domaine de de STAPS 19 f\u00e9vrier 2020 Quatri\u00e8me journ\u00e9e d&rsquo;\u00e9tude: Sur: Les activit\u00e9s sportive adapt\u00e9es chez les diab\u00e9tiques 26 janvier 2020. [&hellip;]<\/p>\n","protected":false},"author":15,"featured_media":0,"parent":9945,"menu_order":0,"comment_status":"closed","ping_status":"closed","template":"elementor_header_footer","meta":{"_exactmetrics_skip_tracking":false,"_exactmetrics_sitenote_active":false,"_exactmetrics_sitenote_note":"","_exactmetrics_sitenote_category":0,"footnotes":""},"coauthors":[534],"class_list":["post-32021","page","type-page","status-publish","hentry"],"_links":{"self":[{"href":"https:\/\/lagh-univ.dz\/fr\/wp-json\/wp\/v2\/pages\/32021","targetHints":{"allow":["GET"]}}],"collection":[{"href":"https:\/\/lagh-univ.dz\/fr\/wp-json\/wp\/v2\/pages"}],"about":[{"href":"https:\/\/lagh-univ.dz\/fr\/wp-json\/wp\/v2\/types\/page"}],"author":[{"embeddable":true,"href":"https:\/\/lagh-univ.dz\/fr\/wp-json\/wp\/v2\/users\/15"}],"replies":[{"embeddable":true,"href":"https:\/\/lagh-univ.dz\/fr\/wp-json\/wp\/v2\/comments?post=32021"}],"version-history":[{"count":12,"href":"https:\/\/lagh-univ.dz\/fr\/wp-json\/wp\/v2\/pages\/32021\/revisions"}],"predecessor-version":[{"id":33555,"href":"https:\/\/lagh-univ.dz\/fr\/wp-json\/wp\/v2\/pages\/32021\/revisions\/33555"}],"up":[{"embeddable":true,"href":"https:\/\/lagh-univ.dz\/fr\/wp-json\/wp\/v2\/pages\/9945"}],"wp:attachment":[{"href":"https:\/\/lagh-univ.dz\/fr\/wp-json\/wp\/v2\/media?parent=32021"}],"wp:term":[{"taxonomy":"author","embeddable":true,"href":"https:\/\/lagh-univ.dz\/fr\/wp-json\/wp\/v2\/coauthors?post=32021"}],"curies":[{"name":"wp","href":"https:\/\/api.w.org\/{rel}","templated":true}]}}