{"id":57033,"date":"2024-01-15T19:23:27","date_gmt":"2024-01-15T18:23:27","guid":{"rendered":"https:\/\/lagh-univ.dz\/ceil\/"},"modified":"2024-10-24T13:42:53","modified_gmt":"2024-10-24T12:42:53","slug":"ceil","status":"publish","type":"page","link":"https:\/\/lagh-univ.dz\/fr\/ceil\/","title":{"rendered":"CEIL"},"content":{"rendered":"<p style=\"text-align: center;\"><span style=\"font-size: 14pt; color: #000000;\"><strong>Pr\u00e9sentation du CEIL<\/strong><\/span><\/p>\n<p>&nbsp;<\/p>\n<p><span style=\"font-size: 14pt; color: #000000;\"><strong>Bienvenue au Centre d&rsquo;Enseignement Intensif des Langues (CEIL) de l&rsquo;Universit\u00e9 de Laghouat<\/strong><\/span><\/p>\n<p><span style=\"font-size: 14pt; color: #000000;\">Vous voulez apprendre une toute nouvelle langue ? Vous souhaitez vous perfectionner dans une des langues vivantes\u00a0?<\/span><\/p>\n<p><span style=\"font-size: 14pt; color: #000000;\">Bienvenue !<\/span><\/p>\n<p><span style=\"font-size: 14pt; color: #000000;\">Le Centre d&rsquo;Enseignement Intensif des Langues (CEIL) de l&rsquo;Universit\u00e9 de Laghouat r\u00e9pondra s\u00fbrement \u00e0 vos besoins en se consacrant pleinement \u00e0 l&rsquo;excellence acad\u00e9mique dans l&rsquo;enseignement et l&rsquo;apprentissage des langues vivantes \u00e9trang\u00e8res. Notre mission est de vous fournir un cadre d&rsquo;\u00e9tudes dynamique et interactif, enrichi par les technologies \u00e9ducatives les plus avanc\u00e9es et des m\u00e9thodes d&rsquo;enseignement innovantes. Nous nous engageons \u00e0 vous accompagner pour vous doter d&rsquo;une ma\u00eetrise linguistique approfondie et de comp\u00e9tences interculturelles, essentielles pour r\u00e9ussir dans un monde de plus en plus connect\u00e9 et multiculturel.<\/span><\/p>\n<p><span style=\"font-size: 14pt; color: #000000;\">Au CEIL, nous croyons fermement que la ma\u00eetrise des langues \u00e9trang\u00e8res ouvre de nouvelles perspectives de carri\u00e8re, enrichit la compr\u00e9hension culturelle et facilite la communication internationale. C&rsquo;est pourquoi nous proposons une gamme diversifi\u00e9e de programmes linguistiques, allant de l&rsquo;anglais, le fran\u00e7ais, l&rsquo;espagnol, l&rsquo;allemand, jusqu&rsquo;\u00e0 l&rsquo;arabe, adapt\u00e9s aux besoins sp\u00e9cifiques et aux niveaux de comp\u00e9tence de chaque \u00e9tudiant.<\/span><\/p>\n<p>&nbsp;<\/p>\n<p style=\"text-align: center;\"><span style=\"font-size: 14pt; color: #000000;\"><strong><u>Nos Programmes<\/u><\/strong><\/span><\/p>\n<p><span style=\"font-size: 14pt; color: #000000;\"><strong>Cours Intensifs de Langues<\/strong><\/span><\/p>\n<p><span style=\"font-size: 14pt; color: #000000;\">Nous proposons des cours intensifs dans plusieurs langues, dont l&rsquo;anglais, le fran\u00e7ais, l&rsquo;espagnol, l&rsquo;allemand et l&rsquo;arabe. Nos programmes sont con\u00e7us pour tous les niveaux, du d\u00e9butant \u00e0 l&rsquo;avanc\u00e9.<\/span><\/p>\n<p><span style=\"font-size: 14pt; color: #000000;\"><strong>Pr\u00e9paration aux Tests de Langue<\/strong><\/span><\/p>\n<p><span style=\"font-size: 14pt; color: #000000;\">Nos cours de pr\u00e9paration aux tests offrent une formation approfondie pour les tests de comp\u00e9tence linguistique tels que le TOEFL, IELTS, DELF, et DELE.<\/span><\/p>\n<p><span style=\"font-size: 14pt; color: #000000;\"><strong>Cours Sp\u00e9cialis\u00e9s<\/strong><\/span><\/p>\n<p><span style=\"font-size: 14pt; color: #000000;\">Nous proposons \u00e9galement des cours sp\u00e9cialis\u00e9s ax\u00e9s sur le langage des affaires, le langage technique, et d&rsquo;autres domaines sp\u00e9cifiques.<\/span><\/p>\n<p style=\"text-align: center;\"><span style=\"font-size: 14pt; color: #000000;\"><strong>Notre M\u00e9thodologie<\/strong><\/span><\/p>\n<p><span style=\"font-size: 14pt; color: #000000;\"><strong>Approche Communicative et Immersive<\/strong><\/span><\/p>\n<p><span style=\"font-size: 14pt; color: #000000;\">Notre approche p\u00e9dagogique est centr\u00e9e sur la communication. Les cours sont con\u00e7us pour encourager l&rsquo;interaction active et l&rsquo;immersion linguistique. Nous utilisons une vari\u00e9t\u00e9 de supports multim\u00e9dia et d&rsquo;activit\u00e9s pratiques pour garantir une exp\u00e9rience d&rsquo;apprentissage compl\u00e8te et engageante.<\/span><\/p>\n<p><span style=\"font-size: 14pt; color: #000000;\"><strong>Petites Classes pour un Apprentissage Personnalis\u00e9<\/strong><\/span><\/p>\n<p><span style=\"font-size: 14pt; color: #000000;\">Nous croyons en l&rsquo;importance d&rsquo;une attention individuelle. Nos classes sont donc limit\u00e9es en taille pour permettre \u00e0 nos enseignants de r\u00e9pondre aux besoins sp\u00e9cifiques de chaque \u00e9tudiant.<\/span><\/p>\n<p style=\"text-align: center;\"><span style=\"font-size: 14pt; color: #000000;\"><strong>Nos Ressources<\/strong><\/span><\/p>\n<p><span style=\"font-size: 14pt; color: #000000;\"><strong>Biblioth\u00e8que de Langues et Laboratoire Multim\u00e9dia<\/strong><\/span><\/p>\n<p><span style=\"font-size: 14pt; color: #000000;\">Nos \u00e9tudiants ont acc\u00e8s \u00e0 une biblioth\u00e8que bien fournie et \u00e0 un laboratoire multim\u00e9dia \u00e9quip\u00e9 des derni\u00e8res technologies pour l&rsquo;apprentissage des langues.<\/span><\/p>\n<p><span style=\"font-size: 14pt; color: #000000;\"><strong>Enseignants Qualifi\u00e9s<\/strong><\/span><\/p>\n<p><span style=\"font-size: 14pt; color: #000000;\">Notre \u00e9quipe est compos\u00e9e de professionnels exp\u00e9riment\u00e9s et passionn\u00e9s, d\u00e9di\u00e9s \u00e0 fournir une \u00e9ducation de qualit\u00e9.<\/span><\/p>\n<p>&nbsp;<\/p>\n<p><span style=\"font-size: 14pt; color: #000000;\"><strong>Inscription et Contact<\/strong><\/span><\/p>\n<p><span style=\"font-size: 14pt; color: #000000;\">Rejoignez-nous !\u00a0 Voici le lien d\u2019inscription :\u00a0<a href=\"https:\/\/forms.gle\/qoyrttcRRex7LBN56\">https:\/\/forms.gle\/qoyrttcRRex7LBN56<\/a><\/span><\/p>\n<p><span style=\"font-size: 14pt; color: #000000;\"><img decoding=\"async\" class=\"size-full wp-image-57073 aligncenter\" src=\"https:\/\/lagh-univ.dz\/wp-content\/uploads\/2024\/01\/ro.png\" alt=\"\" width=\"181\" height=\"181\" srcset=\"https:\/\/lagh-univ.dz\/wp-content\/uploads\/2024\/01\/ro.png 181w, https:\/\/lagh-univ.dz\/wp-content\/uploads\/2024\/01\/ro-150x150.png 150w\" sizes=\"(max-width: 181px) 100vw, 181px\" \/><\/span><\/p>\n<p><span style=\"font-size: 14pt; color: #000000;\">Visitez notre bureau d&rsquo;admission sur le campus ou contactez-nous par courriel.<\/span><\/p>\n<p><span style=\"font-size: 14pt; color: #000000;\">Coordonn\u00e9es<\/span><\/p>\n<p><span style=\"font-size: 14pt; color: #000000;\"><a style=\"color: #000000;\" href=\"mailto:ceil@lagh-univ.dz\">ceil@lagh-univ.dz<\/a><\/span><\/p>\n<p><span style=\"font-size: 14pt; color: #000000;\">Nous sommes impatients de vous accueillir au CEIL de l&rsquo;Universit\u00e9 de Laghouat et de vous accompagner dans votre parcours d&rsquo;apprentissage des langues !<\/span><\/p>\n<p>&nbsp;<\/p>\n<p>&nbsp;<\/p>\n","protected":false},"excerpt":{"rendered":"<p>Pr\u00e9sentation du CEIL &nbsp; Bienvenue au Centre d&rsquo;Enseignement Intensif des Langues (CEIL) de l&rsquo;Universit\u00e9 de Laghouat Vous voulez apprendre une toute nouvelle langue ? Vous souhaitez vous perfectionner dans une des langues vivantes\u00a0? Bienvenue ! Le Centre d&rsquo;Enseignement Intensif des Langues (CEIL) de l&rsquo;Universit\u00e9 de Laghouat r\u00e9pondra s\u00fbrement \u00e0 vos besoins en se consacrant pleinement [&hellip;]<\/p>\n","protected":false},"author":1,"featured_media":0,"parent":0,"menu_order":0,"comment_status":"closed","ping_status":"closed","template":"elementor_header_footer","meta":{"_exactmetrics_skip_tracking":false,"_exactmetrics_sitenote_active":false,"_exactmetrics_sitenote_note":"","_exactmetrics_sitenote_category":0,"footnotes":""},"coauthors":[217],"class_list":["post-57033","page","type-page","status-publish","hentry"],"_links":{"self":[{"href":"https:\/\/lagh-univ.dz\/fr\/wp-json\/wp\/v2\/pages\/57033","targetHints":{"allow":["GET"]}}],"collection":[{"href":"https:\/\/lagh-univ.dz\/fr\/wp-json\/wp\/v2\/pages"}],"about":[{"href":"https:\/\/lagh-univ.dz\/fr\/wp-json\/wp\/v2\/types\/page"}],"author":[{"embeddable":true,"href":"https:\/\/lagh-univ.dz\/fr\/wp-json\/wp\/v2\/users\/1"}],"replies":[{"embeddable":true,"href":"https:\/\/lagh-univ.dz\/fr\/wp-json\/wp\/v2\/comments?post=57033"}],"version-history":[{"count":15,"href":"https:\/\/lagh-univ.dz\/fr\/wp-json\/wp\/v2\/pages\/57033\/revisions"}],"predecessor-version":[{"id":61604,"href":"https:\/\/lagh-univ.dz\/fr\/wp-json\/wp\/v2\/pages\/57033\/revisions\/61604"}],"wp:attachment":[{"href":"https:\/\/lagh-univ.dz\/fr\/wp-json\/wp\/v2\/media?parent=57033"}],"wp:term":[{"taxonomy":"author","embeddable":true,"href":"https:\/\/lagh-univ.dz\/fr\/wp-json\/wp\/v2\/coauthors?post=57033"}],"curies":[{"name":"wp","href":"https:\/\/api.w.org\/{rel}","templated":true}]}}