{"id":6747,"date":"2018-05-19T17:15:18","date_gmt":"2018-05-19T17:15:18","guid":{"rendered":"https:\/\/lagh-univ.dz\/historique-de-luniversite\/"},"modified":"2019-02-20T20:53:01","modified_gmt":"2019-02-20T22:53:01","slug":"historique-de-luniversite","status":"publish","type":"page","link":"https:\/\/lagh-univ.dz\/fr\/historique-de-luniversite\/","title":{"rendered":"HISTORIQUE DE L\u2019UNIVERSIT\u00c9"},"content":{"rendered":"<div class=\"contentpaneopen_heading\">\n<div class=\"contentpaneopen_heading\">\n<div style=\"text-align: left;\">[su_spacer size=\u00a0\u00bb30&Prime;]<\/div>\n<\/div>\n<h2 style=\"text-align: center;\"><span style=\"font-family: 'Book Antiqua', Palatino; font-size: 18pt; color: #ff0000;\">HISTORIQUE DE L\u2019UNIVERSIT\u00c9 DE LAGHOUAT<\/span><\/h2>\n<\/div>\n<div class=\"contentpaneopen_heading\">\n<div style=\"text-align: left;\">[su_spacer size=\u00a0\u00bb30&Prime;]<\/div>\n<\/div>\n<div class=\"s5_contentwrapper\">\n<div>\n<p dir=\"ltr\" style=\"text-align: left;\"><span style=\"font-family: 'Book Antiqua', Palatino; font-size: 14pt; color: #000000;\">Cr\u00e9\u00e9e le 18 septembre 2001, l\u2019Universit\u00e9 de Laghouat porte le nom d\u2019Amar TELIDI, apr\u00e8s une longue \u00e9volution marqu\u00e9e\u00a0par :<\/span><\/p>\n<ul>\n<li dir=\"ltr\" style=\"text-align: justify;\"><span style=\"font-family: 'Book Antiqua', Palatino; font-size: 14pt; color: #000000;\">\u00a0\u00a0<strong>la cr\u00e9ation<\/strong>\u00a0d\u2019une \u00e9cole Normale Sup\u00e9rieure d\u2019Enseignement Technique (ENSET) et d\u2019un Institut de G\u00e9nie M\u00e9canique (INGM), en vertu du\u00a0D\u00e9cret N\u00b0 165-86 du 6 ao\u00fbt 1986\u00a0;<\/span><\/li>\n<\/ul>\n<p>&nbsp;<\/p>\n<ul>\n<li dir=\"ltr\" style=\"text-align: justify;\"><span style=\"font-family: 'Book Antiqua', Palatino; font-size: 14pt; color: #000000;\">\u00a0\u00a0<strong>la cr\u00e9ation<\/strong>\u00a0d&rsquo;un centre universitaire par reconversion de l\u2019ENSET, conform\u00e9ment au\u00a0<a style=\"color: #000000;\" href=\"http:\/\/www.joradp.dz\/JO8499\/1997\/029\/F_Pag.htm\">D\u00e9cret N\u00b0157-97 du 10 mai 1997<\/a>, regroupant quatre (04) Instituts\u00a0: G\u00e9nie \u00c9lectrique, G\u00e9nie M\u00e9canique, G\u00e9nie Civil, Sciences \u00c9conomiques et changement du nom de l\u2019\u00e9tablissement en Centre Universitaire Amar Telidi de Laghouat\u00a0;<\/span><\/li>\n<\/ul>\n<p>&nbsp;<\/p>\n<ul>\n<li dir=\"ltr\" style=\"text-align: justify;\"><span style=\"font-family: 'Book Antiqua', Palatino; font-size: 14pt; color: #000000;\">\u00a0 \u00a0<strong>la promotion<\/strong>\u00a0du centre en une Universit\u00e9 pluridisciplinaire depuis le 18 septembre 2001, en vertu du\u00a0<a style=\"color: #000000;\" href=\"http:\/\/www.joradp.dz\/JO2000\/2001\/053\/F_Pag.htm\">D\u00e9cret N\u00b0 270-01 du 18 septembre 2001<\/a>, qui regroupe trois (03) Facult\u00e9s\u00a0: Sciences et Sciences de l\u2019ing\u00e9nierait, Droit et Sciences Sociales, Sciences \u00c9conomiques et Sciences de Gestion\u00a0;<\/span><\/li>\n<\/ul>\n<p>&nbsp;<\/p>\n<ul>\n<li dir=\"ltr\" style=\"text-align: left;\"><span style=\"font-family: 'Book Antiqua', Palatino; font-size: 14pt; color: #000000;\">\u00a0\u00a0<strong>La restructuration de l\u2019universit\u00e9<\/strong><b>\u00a0<\/b>par la cr\u00e9ation de six facult\u00e9s (Technologie, Sciences, Droit et Sciences Politiques, Sciences Humaines et Sociales, Lettres et Langues, Sciences \u00c9conomiques, commerciales et sciences de gestion) et d\u2019un institut des sciences et techniques d&rsquo;activit\u00e9s physiques et sportives (S.T.A.P.S) par d\u00e9cret ex\u00e9cutif n\u00b0 10-198 du 15 Ramadhan 1431 correspondant au 25 ao\u00fbt 2010.<\/span><\/li>\n<\/ul>\n<p>&nbsp;<\/p>\n<ul>\n<li dir=\"ltr\" style=\"text-align: left;\"><span style=\"font-family: 'Book Antiqua', Palatino; font-size: 14pt; color: #000000;\">\u00a0\u00a0<strong>L\u2019introduction<\/strong>\u00a0du syst\u00e8me L.M.D et la r\u00e9forme des enseignements (nouvelle architecture, r\u00e9organisation des enseignements\u2026) \u00e0 partir de 2006\u00a0;<\/span><\/li>\n<\/ul>\n<p>&nbsp;<\/p>\n<ul>\n<li dir=\"ltr\" style=\"text-align: justify;\"><span style=\"font-family: 'Book Antiqua', Palatino; font-size: 14pt; color: #000000;\">\u00a0 \u00a0<strong>La cr\u00e9ation<\/strong><b>\u00a0<\/b>de la facult\u00e9 de m\u00e9decine par d\u00e9cret ex\u00e9cutif n\u00b0 13-301 du 14 mars 2013.<\/span><\/li>\n<li dir=\"ltr\" style=\"text-align: left;\">[su_spacer size=\u00a0\u00bb60&Prime;]<\/li>\n<\/ul>\n<\/div>\n<\/div>\n","protected":false},"excerpt":{"rendered":"<p>[su_spacer size=\u00a0\u00bb30&Prime;] HISTORIQUE DE L\u2019UNIVERSIT\u00c9 DE LAGHOUAT [su_spacer size=\u00a0\u00bb30&Prime;] Cr\u00e9\u00e9e le 18 septembre 2001, l\u2019Universit\u00e9 de Laghouat porte le nom d\u2019Amar TELIDI, apr\u00e8s une longue \u00e9volution marqu\u00e9e\u00a0par : \u00a0\u00a0la cr\u00e9ation\u00a0d\u2019une \u00e9cole Normale Sup\u00e9rieure d\u2019Enseignement Technique (ENSET) et d\u2019un Institut de G\u00e9nie M\u00e9canique (INGM), en vertu du\u00a0D\u00e9cret N\u00b0 165-86 du 6 ao\u00fbt 1986\u00a0; &nbsp; \u00a0\u00a0la cr\u00e9ation\u00a0d&rsquo;un [&hellip;]<\/p>\n","protected":false},"author":1,"featured_media":0,"parent":0,"menu_order":0,"comment_status":"closed","ping_status":"closed","template":"elementor_header_footer","meta":{"_exactmetrics_skip_tracking":false,"_exactmetrics_sitenote_active":false,"_exactmetrics_sitenote_note":"","_exactmetrics_sitenote_category":0,"footnotes":""},"coauthors":[217],"class_list":["post-6747","page","type-page","status-publish","hentry"],"_links":{"self":[{"href":"https:\/\/lagh-univ.dz\/fr\/wp-json\/wp\/v2\/pages\/6747","targetHints":{"allow":["GET"]}}],"collection":[{"href":"https:\/\/lagh-univ.dz\/fr\/wp-json\/wp\/v2\/pages"}],"about":[{"href":"https:\/\/lagh-univ.dz\/fr\/wp-json\/wp\/v2\/types\/page"}],"author":[{"embeddable":true,"href":"https:\/\/lagh-univ.dz\/fr\/wp-json\/wp\/v2\/users\/1"}],"replies":[{"embeddable":true,"href":"https:\/\/lagh-univ.dz\/fr\/wp-json\/wp\/v2\/comments?post=6747"}],"version-history":[{"count":5,"href":"https:\/\/lagh-univ.dz\/fr\/wp-json\/wp\/v2\/pages\/6747\/revisions"}],"predecessor-version":[{"id":13741,"href":"https:\/\/lagh-univ.dz\/fr\/wp-json\/wp\/v2\/pages\/6747\/revisions\/13741"}],"wp:attachment":[{"href":"https:\/\/lagh-univ.dz\/fr\/wp-json\/wp\/v2\/media?parent=6747"}],"wp:term":[{"taxonomy":"author","embeddable":true,"href":"https:\/\/lagh-univ.dz\/fr\/wp-json\/wp\/v2\/coauthors?post=6747"}],"curies":[{"name":"wp","href":"https:\/\/api.w.org\/{rel}","templated":true}]}}