{"id":6770,"date":"2018-05-19T16:41:14","date_gmt":"2018-05-19T16:41:14","guid":{"rendered":"https:\/\/lagh-univ.dz\/vice-rectorat-charge-des-relations-exterieures-de-la-cooperation-de-lanimation-de-la-communication-et-les-manifestations-scientifiques\/"},"modified":"2025-11-13T21:56:50","modified_gmt":"2025-11-13T20:56:50","slug":"vice-rectorat-charge-des-relations-exterieures-de-la-cooperation-de-lanimation-de-la-communication-et-les-manifestations-scientifiques","status":"publish","type":"page","link":"https:\/\/lagh-univ.dz\/fr\/vice-rectorat-charge-des-relations-exterieures-de-la-cooperation-de-lanimation-de-la-communication-et-les-manifestations-scientifiques\/","title":{"rendered":"vice-rectorat-charge-des-relations-exterieures-de-la-cooperation-de-lanimation-de-la-communication-et-les-manifestations-scientifiques"},"content":{"rendered":"<div class=\"contentpaneopen_heading\" style=\"text-align: left;\">\n<pre><b><span style=\"font-family: 'Book Antiqua', Palatino; font-size: 18pt;\">Cr\u00e9ation<\/span>\u00a0<\/b><\/pre>\n<p style=\"text-align: left;\"><span style=\"font-family: 'Book Antiqua', Palatino; font-size: 14pt;\">Conform\u00e9ment au D\u00e9cret ex\u00e9cutif n\u00b010-198 du 15 Ramadhan 1431 correspondant au 25 aout 2010 modifiant et compl\u00e9tant le d\u00e9cret ex\u00e9cutif n\u00b0 01-270 du 30 Joumada\u00a0 Ethania 1422 correspondant au 18 septembre 2001 portant cr\u00e9ation de l\u2019Universit\u00e9 de Laghouat,\u00a0 ainsi que l\u2019article 25 du d\u00e9cret ex\u00e9cutif n\u00b0 03-279 du 24 Joumada Ethania 1424 correspondant au 23 aout 2003\u00a0, modifi\u00e9 et compl\u00e9t\u00e9, susvis\u00e9, le rectorat de l\u2019universit\u00e9 comprend,\u00a0(04) vice-rectorats dont le\u00a0<b>V<\/b>ice\u00a0<b>R<\/b>ectorat charg\u00e9\u00a0<strong>des Relations Ext\u00e9rieures, la Coop\u00e9ration, de l&rsquo;Animation et la Communication et des Manifestations Scientifiques -VRRE<\/strong><b> <\/b><\/span><\/p>\n<\/div>\n<p>&nbsp;<\/p>\n<p>&nbsp;<\/p>\n<div class=\"contentpaneopen_heading\">\n<div><\/div>\n<\/div>\n<div><img fetchpriority=\"high\" decoding=\"async\" class=\"size-medium wp-image-43377 alignleft\" src=\"https:\/\/lagh-univ.dz\/wp-content\/uploads\/2022\/04\/BouzianiT-200x300.jpg\" alt=\"\" width=\"200\" height=\"300\" srcset=\"https:\/\/lagh-univ.dz\/wp-content\/uploads\/2022\/04\/BouzianiT-200x300.jpg 200w, https:\/\/lagh-univ.dz\/wp-content\/uploads\/2022\/04\/BouzianiT-683x1024.jpg 683w, https:\/\/lagh-univ.dz\/wp-content\/uploads\/2022\/04\/BouzianiT-768x1152.jpg 768w, https:\/\/lagh-univ.dz\/wp-content\/uploads\/2022\/04\/BouzianiT-1024x1536.jpg 1024w, https:\/\/lagh-univ.dz\/wp-content\/uploads\/2022\/04\/BouzianiT-1365x2048.jpg 1365w, https:\/\/lagh-univ.dz\/wp-content\/uploads\/2022\/04\/BouzianiT-scaled.jpg 1707w\" sizes=\"(max-width: 200px) 100vw, 200px\" \/><\/div>\n<div class=\"s5_contentwrapper\">\n<p style=\"text-align: left;\"><span style=\"font-family: 'Book Antiqua', Palatino; font-size: 14pt;\">Le Vice Recteur\u00a0:\u00a0<b>Pr. Tayeb BOUZIANI<\/b><\/span><\/p>\n<p>&nbsp;<\/p>\n<p style=\"text-align: left;\"><span style=\"font-size: 14pt; font-family: 'Book Antiqua', Palatino;\">Tel\/Fax\u00a0:\u00a0<strong>00213 29 14 54 29<\/strong><\/span><\/p>\n<p style=\"text-align: left;\">\n<p style=\"text-align: left;\"><span style=\"font-family: 'Book Antiqua', Palatino; font-size: 14pt;\">Email :<b>\u00a0<\/b> <b>relex@lagh-univ.dz <\/b><\/span><\/p>\n<p style=\"text-align: left;\"><span style=\"font-family: 'Book Antiqua', Palatino; font-size: 14pt;\"><b>\u00a0 \u00a0 \u00a0 \u00a0 \u00a0 \u00a0 \u00a0 t.bouziani@lagh-univ.dz<\/b><\/span><\/p>\n<p style=\"text-align: left;\">\n<\/div>\n","protected":false},"excerpt":{"rendered":"<p>Cr\u00e9ation\u00a0 Conform\u00e9ment au D\u00e9cret ex\u00e9cutif n\u00b010-198 du 15 Ramadhan 1431 correspondant au 25 aout 2010 modifiant et compl\u00e9tant le d\u00e9cret ex\u00e9cutif n\u00b0 01-270 du 30 Joumada\u00a0 Ethania 1422 correspondant au 18 septembre 2001 portant cr\u00e9ation de l\u2019Universit\u00e9 de Laghouat,\u00a0 ainsi que l\u2019article 25 du d\u00e9cret ex\u00e9cutif n\u00b0 03-279 du 24 Joumada Ethania 1424 correspondant au [&hellip;]<\/p>\n","protected":false},"author":1,"featured_media":0,"parent":0,"menu_order":0,"comment_status":"closed","ping_status":"closed","template":"elementor_header_footer","meta":{"_exactmetrics_skip_tracking":false,"_exactmetrics_sitenote_active":false,"_exactmetrics_sitenote_note":"","_exactmetrics_sitenote_category":0,"footnotes":""},"coauthors":[217,216],"class_list":["post-6770","page","type-page","status-publish","hentry"],"_links":{"self":[{"href":"https:\/\/lagh-univ.dz\/fr\/wp-json\/wp\/v2\/pages\/6770","targetHints":{"allow":["GET"]}}],"collection":[{"href":"https:\/\/lagh-univ.dz\/fr\/wp-json\/wp\/v2\/pages"}],"about":[{"href":"https:\/\/lagh-univ.dz\/fr\/wp-json\/wp\/v2\/types\/page"}],"author":[{"embeddable":true,"href":"https:\/\/lagh-univ.dz\/fr\/wp-json\/wp\/v2\/users\/1"}],"replies":[{"embeddable":true,"href":"https:\/\/lagh-univ.dz\/fr\/wp-json\/wp\/v2\/comments?post=6770"}],"version-history":[{"count":17,"href":"https:\/\/lagh-univ.dz\/fr\/wp-json\/wp\/v2\/pages\/6770\/revisions"}],"predecessor-version":[{"id":71061,"href":"https:\/\/lagh-univ.dz\/fr\/wp-json\/wp\/v2\/pages\/6770\/revisions\/71061"}],"wp:attachment":[{"href":"https:\/\/lagh-univ.dz\/fr\/wp-json\/wp\/v2\/media?parent=6770"}],"wp:term":[{"taxonomy":"author","embeddable":true,"href":"https:\/\/lagh-univ.dz\/fr\/wp-json\/wp\/v2\/coauthors?post=6770"}],"curies":[{"name":"wp","href":"https:\/\/api.w.org\/{rel}","templated":true}]}}