{"id":6784,"date":"2018-05-19T17:05:28","date_gmt":"2018-05-19T17:05:28","guid":{"rendered":"https:\/\/lagh-univ.dz\/faculte-de-technologie\/"},"modified":"2020-09-09T13:39:44","modified_gmt":"2020-09-09T15:39:44","slug":"faculte-de-technologie","status":"publish","type":"page","link":"https:\/\/lagh-univ.dz\/fr\/faculte-de-technologie\/","title":{"rendered":"Facult\u00e9  de Technologie"},"content":{"rendered":"<p dir=\"ltr\" style=\"text-align: left\"><span style=\"font-family: Book Antiqua, Palatino;font-size: 14pt\"><img fetchpriority=\"high\" decoding=\"async\" class=\"alignnone wp-image-25595\" src=\"https:\/\/lagh-univ.dz\/wp-content\/uploads\/2020\/02\/img-fac-tec-300x110.jpg\" alt=\"\" width=\"886\" height=\"325\" srcset=\"https:\/\/lagh-univ.dz\/wp-content\/uploads\/2020\/02\/img-fac-tec-300x110.jpg 300w, https:\/\/lagh-univ.dz\/wp-content\/uploads\/2020\/02\/img-fac-tec-768x282.jpg 768w, https:\/\/lagh-univ.dz\/wp-content\/uploads\/2020\/02\/img-fac-tec-1024x377.jpg 1024w\" sizes=\"(max-width: 886px) 100vw, 886px\" \/><\/span><\/p>\n<hr \/>\n<p dir=\"ltr\">[su_heading size=\u00a0\u00bb34&Prime; margin=\u00a0\u00bb50&Prime;]<span style=\"color: #800080\"><span style=\"font-family: Book Antiqua, Palatino\"><span style=\"text-decoration: underline;font-size: 24pt\">La facult\u00e9 de Technologie<\/span><\/span><\/span>[\/su_heading]<\/p>\n<p dir=\"ltr\">[su_box title=\u00a0\u00bb\u00a0\u00bb style=\u00a0\u00bbglass\u00a0\u00bb box_color=\u00a0\u00bb#b91268&Prime; title_color=\u00a0\u00bb#ffffff\u00a0\u00bb radius=\u00a0\u00bb15&Prime;]<\/p>\n<p>&nbsp;<\/p>\n<p dir=\"ltr\" style=\"text-align: left\"><span style=\"font-family: 'Book Antiqua', Palatino;font-size: 14pt\">La facult\u00e9 de Technologie, cr\u00e9\u00e9e en 2010 en vertu du d\u00e9cret N \u00b0 10-198, assure des formations en licence, master et doctorat. La facult\u00e9 comprend cinq d\u00e9partements, \u00e0 savoir\u00a0:<\/span><\/p>\n<p dir=\"ltr\" style=\"text-align: left\"><span style=\"font-family: 'Book Antiqua', Palatino;font-size: 14pt\">1-D\u00e9partement de tronc commun Sciences et Technologie<\/span><\/p>\n<p dir=\"ltr\" style=\"text-align: left\"><span style=\"font-family: 'Book Antiqua', Palatino;font-size: 14pt\">2- D\u00e9partement d\u2019Electronique<\/span><\/p>\n<p dir=\"ltr\" style=\"text-align: left\"><span style=\"font-family: 'Book Antiqua', Palatino;font-size: 14pt\">3- D\u00e9partement d\u2019Electrotechnique<\/span><\/p>\n<p dir=\"ltr\" style=\"text-align: left\"><span style=\"font-family: 'Book Antiqua', Palatino;font-size: 14pt\">4- D\u00e9partement de G\u00e9nie de Proc\u00e9d\u00e9s<\/span><\/p>\n<p dir=\"ltr\" style=\"text-align: left\"><span style=\"font-family: 'Book Antiqua', Palatino;font-size: 14pt\">5- D\u00e9partement de G\u00e9nie M\u00e9canique<\/span><\/p>\n<p dir=\"ltr\"><span style=\"font-family: 'Book Antiqua', Palatino;font-size: 14pt;color: #000000\">[\/su_box]\u00a0<\/span><\/p>\n<table class=\"alignleft\" style=\"height: 308px;width: 995px\" border=\"0\" width=\"995\">\n<tbody>\n<tr style=\"height: 301px\">\n<td style=\"width: 215.8px;text-align: center;height: 301px\"><a href=\"https:\/\/lagh-univ.dz\/fr\/technologie-departement-sciences-techniques\/\" target=\"_blank\" rel=\"noopener noreferrer\"><img decoding=\"async\" class=\"aligncenter wp-image-31515\" src=\"https:\/\/lagh-univ.dz\/wp-content\/uploads\/2020\/03\/st.jpg\" alt=\"\" width=\"177\" height=\"139\" \/><\/a><\/p>\n<p><strong><span style=\"font-family: Book Antiqua, Palatino;font-size: 14pt;color: #000000\">D\u00e9partement des troncs communs des sciences et de la technologie<\/span><\/strong><\/td>\n<td style=\"width: 192.717px;text-align: center;height: 301px\">\n<p dir=\"ltr\"><a href=\"https:\/\/lagh-univ.dz\/fr\/technologie-departement-genie-des-procedes\/\" target=\"_blank\" rel=\"noopener noreferrer\"><img decoding=\"async\" class=\"alignnone wp-image-31518\" src=\"https:\/\/lagh-univ.dz\/wp-content\/uploads\/2020\/03\/gp.jpg\" alt=\"\" width=\"178\" height=\"139\" \/><\/a><\/p>\n<p dir=\"ltr\"><span style=\"font-size: 14pt;font-family: Book Antiqua, Palatino\"><strong><span style=\"color: #000000\">D\u00e9partement de G\u00e9nie des proc\u00e9d\u00e9s<\/span><\/strong><\/span><\/p>\n<\/td>\n<td style=\"width: 187.717px;text-align: center;height: 301px\">\n<p dir=\"ltr\"><a href=\"https:\/\/lagh-univ.dz\/fr\/technologie-departement-genie-mecanique\/\" target=\"_blank\" rel=\"noopener noreferrer\"><img loading=\"lazy\" decoding=\"async\" class=\"alignnone wp-image-31521\" src=\"https:\/\/lagh-univ.dz\/wp-content\/uploads\/2020\/03\/gm.jpg\" alt=\"\" width=\"177\" height=\"139\" \/><\/a><\/p>\n<p dir=\"ltr\"><span style=\"font-size: 14pt;font-family: Book Antiqua, Palatino\"><strong><span style=\"color: #000000\">D\u00e9partement de G\u00e9nie m\u00e9canique<\/span><\/strong><\/span><\/p>\n<\/td>\n<td style=\"width: 183.683px;text-align: center;height: 301px\">\n<p dir=\"ltr\"><a href=\"https:\/\/lagh-univ.dz\/fr\/technologie-departement-electrotechnique\/\" target=\"_blank\" rel=\"noopener noreferrer\"><img loading=\"lazy\" decoding=\"async\" class=\"alignnone wp-image-31527\" src=\"https:\/\/lagh-univ.dz\/wp-content\/uploads\/2020\/03\/electrotechnique.jpg\" alt=\"\" width=\"176\" height=\"140\" \/><\/a><\/p>\n<p dir=\"ltr\"><span style=\"font-size: 14pt;font-family: Book Antiqua, Palatino\"><strong><span style=\"color: #000000\">D\u00e9partement d&rsquo;\u00e9lectrotechnique<\/span><\/strong><\/span><\/p>\n<\/td>\n<td style=\"width: 179.683px;text-align: center;height: 301px\">\n<p dir=\"ltr\"><a href=\"https:\/\/lagh-univ.dz\/fr\/technologie-departement-electronique\/\" target=\"_blank\" rel=\"noopener noreferrer\"><img loading=\"lazy\" decoding=\"async\" class=\"alignnone wp-image-31524\" src=\"https:\/\/lagh-univ.dz\/wp-content\/uploads\/2020\/03\/ELN.jpg\" alt=\"\" width=\"175\" height=\"139\" \/><\/a><\/p>\n<p dir=\"ltr\"><span style=\"font-size: 14pt;font-family: Book Antiqua, Palatino\"><strong><span style=\"color: #000000\">D\u00e9partement d\u2019\u00e9lectronique<\/span><\/strong><\/span><\/p>\n<\/td>\n<\/tr>\n<\/tbody>\n<\/table>\n<p dir=\"ltr\">[su_box title=\u00a0\u00bb\u00a0\u00bb style=\u00a0\u00bbglass\u00a0\u00bb box_color=\u00a0\u00bb#b91268&Prime; title_color=\u00a0\u00bb#ffffff\u00a0\u00bb radius=\u00a0\u00bb15&Prime;]<\/p>\n<p dir=\"ltr\"><span style=\"font-family: Book Antiqua, Palatino;font-size: 14pt;color: #000000\">la Facult\u00e9 de technologie contient \u00e9galement les<\/span> laboratoires<span style=\"font-family: Book Antiqua, Palatino;font-size: 14pt;color: #000000\"> de recherche agr\u00e9es suivants:\u00a0 \u00a0 \u00a0 \u00a0 \u00a0 \u00a0 \u00a0 \u00a0 \u00a0 \u00a0 \u00a0 \u00a0 \u00a0 \u00a0 \u00a0 \u00a0 \u00a0 \u00a0 \u00a0 \u00a0 \u00a0 \u00a0 \u00a0 \u00a0 \u00a0 \u00a0 \u00a0 \u00a0 \u00a0 \u00a0 \u00a0 \u00a0 \u00a0 \u00a0 \u00a0 \u00a0 \u00a0 \u00a0 \u00a0 \u00a0 \u00a0 \u00a0 \u00a0 \u00a0 \u00a0 \u00a0 \u00a0 \u00a0 \u00a0 \u00a0<\/span><\/p>\n<ol>\n<li style=\"text-align: left\"><span style=\"font-family: Book Antiqua, Palatino;font-size: 14pt;color: #000000\">Laboratoire d\u2019\u00c9tude et D\u00e9veloppement des Mat\u00e9riaux Semi Conducteurs et Di\u00e9lectriques\u00a0<\/span><\/li>\n<li style=\"text-align: left\"><span style=\"font-family: Book Antiqua, Palatino;font-size: 14pt;color: #000000\">Laboratoire d\u2019Analyse et de Commande des Syst\u00e8mes d\u2019Energie et R\u00e9seaux \u00a0\u00e9lectriques\u00a0<\/span><\/li>\n<li style=\"text-align: left\"><span style=\"font-family: Book Antiqua, Palatino;font-size: 14pt;color: #000000\">Laboratoire des semi-coducteurs et des mat\u00e9riaux fonctionnels<\/span><\/li>\n<li style=\"text-align: left\"><span style=\"font-family: Book Antiqua, Palatino;font-size: 14pt;color: #000000\">Laboratoire T\u00e9l\u00e9communications, signaux et syst\u00e8mes<\/span><\/li>\n<li style=\"text-align: left\"><span style=\"font-family: Book Antiqua, Palatino;font-size: 14pt;color: #000000\">Laboratoire de G\u00e9nie des Proc\u00e9d\u00e9s<\/span><\/li>\n<li style=\"text-align: left\"><span style=\"font-family: Book Antiqua, Palatino;font-size: 14pt;color: #000000\">Laboratoire de M\u00e9canique<\/span><\/li>\n<\/ol>\n<p dir=\"ltr\"><span style=\"font-family: 'Book Antiqua', Palatino;font-size: 14pt;color: #000000\">[\/su_box]\u00a0<\/span><\/p>\n","protected":false},"excerpt":{"rendered":"<p>[su_heading size=\u00a0\u00bb34&Prime; margin=\u00a0\u00bb50&Prime;]La facult\u00e9 de Technologie[\/su_heading] [su_box title=\u00a0\u00bb\u00a0\u00bb style=\u00a0\u00bbglass\u00a0\u00bb box_color=\u00a0\u00bb#b91268&Prime; title_color=\u00a0\u00bb#ffffff\u00a0\u00bb radius=\u00a0\u00bb15&Prime;] &nbsp; La facult\u00e9 de Technologie, cr\u00e9\u00e9e en 2010 en vertu du d\u00e9cret N \u00b0 10-198, assure des formations en licence, master et doctorat. La facult\u00e9 comprend cinq d\u00e9partements, \u00e0 savoir\u00a0: 1-D\u00e9partement de tronc commun Sciences et Technologie 2- D\u00e9partement d\u2019Electronique 3- D\u00e9partement d\u2019Electrotechnique [&hellip;]<\/p>\n","protected":false},"author":1,"featured_media":0,"parent":0,"menu_order":0,"comment_status":"closed","ping_status":"closed","template":"elementor_header_footer","meta":{"_exactmetrics_skip_tracking":false,"_exactmetrics_sitenote_active":false,"_exactmetrics_sitenote_note":"","_exactmetrics_sitenote_category":0,"footnotes":""},"coauthors":[217,533],"class_list":["post-6784","page","type-page","status-publish","hentry"],"_links":{"self":[{"href":"https:\/\/lagh-univ.dz\/fr\/wp-json\/wp\/v2\/pages\/6784","targetHints":{"allow":["GET"]}}],"collection":[{"href":"https:\/\/lagh-univ.dz\/fr\/wp-json\/wp\/v2\/pages"}],"about":[{"href":"https:\/\/lagh-univ.dz\/fr\/wp-json\/wp\/v2\/types\/page"}],"author":[{"embeddable":true,"href":"https:\/\/lagh-univ.dz\/fr\/wp-json\/wp\/v2\/users\/1"}],"replies":[{"embeddable":true,"href":"https:\/\/lagh-univ.dz\/fr\/wp-json\/wp\/v2\/comments?post=6784"}],"version-history":[{"count":41,"href":"https:\/\/lagh-univ.dz\/fr\/wp-json\/wp\/v2\/pages\/6784\/revisions"}],"predecessor-version":[{"id":28934,"href":"https:\/\/lagh-univ.dz\/fr\/wp-json\/wp\/v2\/pages\/6784\/revisions\/28934"}],"wp:attachment":[{"href":"https:\/\/lagh-univ.dz\/fr\/wp-json\/wp\/v2\/media?parent=6784"}],"wp:term":[{"taxonomy":"author","embeddable":true,"href":"https:\/\/lagh-univ.dz\/fr\/wp-json\/wp\/v2\/coauthors?post=6784"}],"curies":[{"name":"wp","href":"https:\/\/api.w.org\/{rel}","templated":true}]}}