{"id":6794,"date":"2018-05-19T17:06:43","date_gmt":"2018-05-19T17:06:43","guid":{"rendered":"https:\/\/lagh-univ.dz\/faculte-des-lettres-et-des-langues\/"},"modified":"2020-02-19T08:24:13","modified_gmt":"2020-02-19T10:24:13","slug":"faculte-des-lettres-et-des-langues","status":"publish","type":"page","link":"https:\/\/lagh-univ.dz\/fr\/faculte-des-lettres-et-des-langues\/","title":{"rendered":"FACULT\u00c9 DES LETTRES ET DES LANGUES"},"content":{"rendered":"<p style=\"text-align: left\"><span style=\"font-family: 'Book Antiqua', Palatino;font-size: 14pt;color: #000000\"><strong>Pr\u00e9sentation de la facult\u00e9 des lettres et des langues<\/strong><\/span><\/p>\n<p style=\"text-align: left\"><span style=\"font-family: 'Book Antiqua', Palatino;font-size: 14pt;color: #000000\">La Facult\u00e9 des Lettres et des Langues, cr\u00e9e par <strong>le d\u00e9cret ex\u00e9cutif n\u00b0 10-198 en date du 25\/08\/2010<\/strong>. <\/span><span style=\"font-family: 'Book Antiqua', Palatino;font-size: 14pt;color: #000000\">Elle englobe 04 d\u00e9partements, class\u00e9s selon la date de cr\u00e9ation, comme suit<\/span><\/p>\n<p>&nbsp;<\/p>\n<p><img fetchpriority=\"high\" decoding=\"async\" class=\" wp-image-29066 aligncenter\" src=\"https:\/\/lagh-univ.dz\/wp-content\/uploads\/2020\/02\/faculte-294x300.jpg\" alt=\"\" width=\"384\" height=\"391\" srcset=\"https:\/\/lagh-univ.dz\/wp-content\/uploads\/2020\/02\/faculte-294x300.jpg 294w, https:\/\/lagh-univ.dz\/wp-content\/uploads\/2020\/02\/faculte-768x783.jpg 768w, https:\/\/lagh-univ.dz\/wp-content\/uploads\/2020\/02\/faculte-1004x1024.jpg 1004w, https:\/\/lagh-univ.dz\/wp-content\/uploads\/2020\/02\/faculte.jpg 1849w\" sizes=\"(max-width: 384px) 100vw, 384px\" \/><\/p>\n<p>&nbsp;<\/p>\n<ol style=\"text-align: left\">\n<li><span style=\"font-family: 'Book Antiqua', Palatino;font-size: 14pt;color: #000000\">D\u00e9partement de langue et de lettres arabes<\/span><\/li>\n<li><span style=\"font-family: 'Book Antiqua', Palatino;font-size: 14pt;color: #000000\">D\u00e9partement d\u2019anglais<\/span><\/li>\n<li><span style=\"font-family: 'Book Antiqua', Palatino;font-size: 14pt;color: #000000\">D\u00e9partement de fran\u00e7ais<\/span><\/li>\n<li><span style=\"font-family: 'Book Antiqua', Palatino;font-size: 14pt;color: #000000\">D\u00e9partement d&rsquo;espagnol<\/span><\/li>\n<\/ol>\n<p style=\"text-align: left\"><span style=\"font-family: 'Book Antiqua', Palatino;font-size: 14pt;color: #000000\">De nos jours et dans le cadre du syst\u00e8me LMD, 02 domaines de formation ont \u00e9t\u00e9 officialis\u00e9s au sein de cette facult\u00e9<\/span><\/p>\n<ol style=\"text-align: left\">\n<li><span style=\"font-family: 'Book Antiqua', Palatino;font-size: 14pt;color: #000000\">Domaine de langue et de lettres arabes<\/span><\/li>\n<li><span style=\"font-family: 'Book Antiqua', Palatino;font-size: 14pt;color: #000000\">Domaine des lettres et des langues \u00e9trang\u00e8res<\/span><\/li>\n<\/ol>\n<p style=\"text-align: left\"><span style=\"font-family: 'Book Antiqua', Palatino;font-size: 14pt;color: #000000\">Chacun des deux domaines comprend des fili\u00e8res et des sp\u00e9cialit\u00e9s \u00e9voluant en nombre et en volume au fil du temps, en fonction des capacit\u00e9s de la Facult\u00e9 et du march\u00e9 du travail.<\/span><\/p>\n<p style=\"text-align: left\"><span style=\"font-family: 'Book Antiqua', Palatino;font-size: 14pt;color: #000000\">La facult\u00e9 aspire, dans un futur proche, \u00e0 l\u2019officialisation des offres de formations en phase de master pour les diff\u00e9rentes sp\u00e9cialit\u00e9s existantes. Elle compte organiser des \u00e9tudes de doctorat d\u00e8s que les conditions d\u2019encadrement seront r\u00e9unies.<\/span><\/p>\n<p style=\"text-align: left\"><span style=\"font-family: 'Book Antiqua', Palatino;font-size: 14pt;color: #000000\">Le domaine de la formation n\u2019est pas la seule priorit\u00e9 de la facult\u00e9. Le domaine de la recherche scientifique y occupe aussi une grande place, la facult\u00e9 compte quatre laboratoires d\u00e9di\u00e9s \u00e0 la recherche.<\/span><\/p>\n<p style=\"text-align: left\"><span style=\"font-family: 'Book Antiqua', Palatino;font-size: 14pt;color: #000000\">Afin d\u2019assurer les travaux et les activit\u00e9s de formation, de recherche et d\u2019administration, la facult\u00e9 compte environ 131 employ\u00e9s, entre enseignants et fonctionnaires administratifs pour servir 3300 \u00e9tudiants r\u00e9partis sur les trois d\u00e9partements.<\/span><\/p>\n<p style=\"text-align: left\"><span style=\"font-family: 'Book Antiqua', Palatino;font-size: 14pt;color: #000000\">La facult\u00e9 est \u00e9quip\u00e9e d\u2019une biblioth\u00e8que de pr\u00eat externe, destin\u00e9e aux \u00e9tudiants et aux enseignants, enrichie de plusieurs ouvrages et r\u00e9f\u00e9rences actualis\u00e9s de fa\u00e7on p\u00e9riodique (annuelle), pour aider les \u00e9tudiants \u00e0 effectuer leurs travaux de recherche et de formation.<\/span><\/p>\n<p style=\"text-align: left\">\n","protected":false},"excerpt":{"rendered":"<p>Pr\u00e9sentation de la facult\u00e9 des lettres et des langues La Facult\u00e9 des Lettres et des Langues, cr\u00e9e par le d\u00e9cret ex\u00e9cutif n\u00b0 10-198 en date du 25\/08\/2010. Elle englobe 04 d\u00e9partements, class\u00e9s selon la date de cr\u00e9ation, comme suit &nbsp; &nbsp; D\u00e9partement de langue et de lettres arabes D\u00e9partement d\u2019anglais D\u00e9partement de fran\u00e7ais D\u00e9partement d&rsquo;espagnol [&hellip;]<\/p>\n","protected":false},"author":1,"featured_media":0,"parent":0,"menu_order":0,"comment_status":"closed","ping_status":"closed","template":"elementor_header_footer","meta":{"_exactmetrics_skip_tracking":false,"_exactmetrics_sitenote_active":false,"_exactmetrics_sitenote_note":"","_exactmetrics_sitenote_category":0,"footnotes":""},"coauthors":[217,529],"class_list":["post-6794","page","type-page","status-publish","hentry"],"_links":{"self":[{"href":"https:\/\/lagh-univ.dz\/fr\/wp-json\/wp\/v2\/pages\/6794","targetHints":{"allow":["GET"]}}],"collection":[{"href":"https:\/\/lagh-univ.dz\/fr\/wp-json\/wp\/v2\/pages"}],"about":[{"href":"https:\/\/lagh-univ.dz\/fr\/wp-json\/wp\/v2\/types\/page"}],"author":[{"embeddable":true,"href":"https:\/\/lagh-univ.dz\/fr\/wp-json\/wp\/v2\/users\/1"}],"replies":[{"embeddable":true,"href":"https:\/\/lagh-univ.dz\/fr\/wp-json\/wp\/v2\/comments?post=6794"}],"version-history":[{"count":11,"href":"https:\/\/lagh-univ.dz\/fr\/wp-json\/wp\/v2\/pages\/6794\/revisions"}],"predecessor-version":[{"id":25915,"href":"https:\/\/lagh-univ.dz\/fr\/wp-json\/wp\/v2\/pages\/6794\/revisions\/25915"}],"wp:attachment":[{"href":"https:\/\/lagh-univ.dz\/fr\/wp-json\/wp\/v2\/media?parent=6794"}],"wp:term":[{"taxonomy":"author","embeddable":true,"href":"https:\/\/lagh-univ.dz\/fr\/wp-json\/wp\/v2\/coauthors?post=6794"}],"curies":[{"name":"wp","href":"https:\/\/api.w.org\/{rel}","templated":true}]}}