{"id":6830,"date":"2019-01-27T15:36:58","date_gmt":"2019-01-27T17:36:58","guid":{"rendered":"https:\/\/lagh-univ.dz\/pgr-these\/"},"modified":"2024-11-20T10:32:12","modified_gmt":"2024-11-20T09:32:12","slug":"pgr-these","status":"publish","type":"page","link":"https:\/\/lagh-univ.dz\/fr\/pgr-these\/","title":{"rendered":"PGR-these"},"content":{"rendered":"<p>[su_button url=\u00a0\u00bbhttps:\/\/lagh-univ.dz\/pgr-theses-informatique\/\u00a0\u00bb background=\u00a0\u00bb#19a387&Prime; size=\u00a0\u00bb6&Prime;]Informatique[\/su_button]\u00a0 \u00a0 \u00a0 \u00a0 \u00a0 \u00a0 \u00a0 \u00a0 \u00a0 \u00a0 \u00a0 \u00a0 \u00a0 \u00a0 \u00a0 \u00a0 \u00a0 \u00a0 \u00a0 \u00a0 \u00a0[su_button url=\u00a0\u00bbhttps:\/\/lagh-univ.dz\/pgr-these-mathematiques\/\u00a0\u00bb background=\u00a0\u00bb#19a387&Prime; size=\u00a0\u00bb6&Prime;]Mathematiques[\/su_button]<\/p>\n<p>&nbsp;<\/p>\n<p>[su_button url=\u00a0\u00bbhttps:\/\/lagh-univ.dz\/pgr-these-electrotechnique\/\u00a0\u00bb background=\u00a0\u00bb#19a387&Prime; size=\u00a0\u00bb6&Prime;]El\u00e9ctrotechnique[\/su_button]\u00a0 \u00a0 \u00a0 \u00a0 \u00a0 \u00a0 \u00a0 [su_button url=\u00a0\u00bbhttps:\/\/lagh-univ.dz\/pgr-these-electronique\/\u00a0\u00bb background=\u00a0\u00bb#19a387&Prime; size=\u00a0\u00bb6&Prime;]Electronique[\/su_button]\u00a0 \u00a0 \u00a0 \u00a0 \u00a0 \u00a0 \u00a0 \u00a0 \u00a0 \u00a0 \u00a0 \u00a0[su_button url=\u00a0\u00bbhttps:\/\/lagh-univ.dz\/pgr-these-genie-des-procedes\/\u00a0\u00bb background=\u00a0\u00bb#19a387&Prime; size=\u00a0\u00bb6&Prime;]G\u00e9nie des proc\u00e9d\u00e9s[\/su_button]\u00a0 \u00a0 \u00a0 \u00a0 \u00a0 \u00a0 \u00a0 \u00a0 \u00a0 \u00a0 \u00a0 \u00a0 [su_button url=\u00a0\u00bbhttps:\/\/lagh-univ.dz\/pgr-these-genie-mecanique\/\u00a0\u00bb background=\u00a0\u00bb#19a387&Prime; size=\u00a0\u00bb6&Prime;]G\u00e9nie m\u00e9canique[\/su_button]<\/p>\n<p>&nbsp;<\/p>\n<p>[su_button url=\u00a0\u00bbhttps:\/\/lagh-univ.dz\/pgr-these-genie-civil\/\u00a0\u00bb background=\u00a0\u00bb#19a387&Prime; size=\u00a0\u00bb6&Prime;]G\u00e9nie civil[\/su_button]\u00a0 \u00a0 \u00a0 \u00a0 \u00a0 \u00a0 \u00a0 \u00a0 \u00a0 \u00a0 \u00a0 \u00a0 \u00a0 \u00a0 \u00a0 \u00a0 \u00a0 \u00a0 \u00a0 \u00a0 \u00a0 \u00a0 \u00a0 [su_button url=\u00a0\u00bbhttps:\/\/lagh-univ.dz\/pgr-these-architecture\/\u00a0\u00bb background=\u00a0\u00bb#19a387&Prime; size=\u00a0\u00bb6&Prime;]Architecture[\/su_button]<\/p>\n<p>&nbsp;<\/p>\n<p>[su_button url=\u00a0\u00bbhttps:\/\/lagh-univ.dz\/pgr-these-sciences-de-la-nature-et-de-la-vie\/\u00a0\u00bb background=\u00a0\u00bb#19a387&Prime; size=\u00a0\u00bb6&Prime;]Science de la nature et de la vie[\/su_button]<\/p>\n<p>&nbsp;<\/p>\n<p>[su_button url=\u00a0\u00bbhttps:\/\/lagh-univ.dz\/pgr-these-techniques-des-activites-physiques-et-sportives\/\u00a0\u00bb background=\u00a0\u00bb#19a387&Prime; size=\u00a0\u00bb6&Prime;] Activit\u00e9es physiques et sportives[\/su_button]<\/p>\n<p>&nbsp;<\/p>\n<p>[su_button url=\u00a0\u00bbhttps:\/\/lagh-univ.dz\/pgr-these-sciences-economiques\/\u00a0\u00bb background=\u00a0\u00bb#19a387&Prime; size=\u00a0\u00bb6&Prime;]Sciences \u00e9conomiques[\/su_button]<\/p>\n<p>&nbsp;<\/p>\n<p>[su_button url=\u00a0\u00bbhttps:\/\/lagh-univ.dz\/pgr-these-langue-et-litterature-arabes\/\u00a0\u00bb background=\u00a0\u00bb#19a387&Prime; size=\u00a0\u00bb6&Prime;]Langue et literature arabe[\/su_button]\u00a0 \u00a0 \u00a0 \u00a0 \u00a0 \u00a0 \u00a0 \u00a0 \u00a0 \u00a0 \u00a0 \u00a0 \u00a0 \u00a0[su_button url=\u00a0\u00bbhttps:\/\/lagh-univ.dz\/pgr-these-lettres-et-langues-etrangeres\/\u00a0\u00bb background=\u00a0\u00bb#19a387&Prime; size=\u00a0\u00bb6&Prime;] Langues et literatures \u00e9trang\u00e9res[\/su_button]<\/p>\n<p>&nbsp;<\/p>\n<p>[su_button url=\u00a0\u00bbhttps:\/\/lagh-univ.dz\/pgr-these-sciences-humaines\/\u00a0\u00bb background=\u00a0\u00bb#19a387&Prime; size=\u00a0\u00bb6&Prime;]Sciences humaines[\/su_button]\u00a0 \u00a0 \u00a0 \u00a0 \u00a0 \u00a0 \u00a0 \u00a0 \u00a0 \u00a0 \u00a0 \u00a0 \u00a0 \u00a0 \u00a0 \u00a0 \u00a0 \u00a0 \u00a0 \u00a0 \u00a0 [su_button url=\u00a0\u00bbhttps:\/\/lagh-univ.dz\/pgr-these-sciences-islamiques\/\u00a0\u00bb background=\u00a0\u00bb#19a387&Prime; size=\u00a0\u00bb6&Prime;]Sciences islamiques[\/su_button]\u00a0 \u00a0 \u00a0 \u00a0 \u00a0 \u00a0 \u00a0 \u00a0 \u00a0 \u00a0 \u00a0 \u00a0 \u00a0 \u00a0 \u00a0 \u00a0 \u00a0 \u00a0 \u00a0 \u00a0\u00a0[su_button url=\u00a0\u00bbhttps:\/\/lagh-univ.dz\/pgr-these-sciences-sociales\/\u00a0\u00bb background=\u00a0\u00bb#19a387&Prime; size=\u00a0\u00bb6&Prime;]Sciences sociales[\/su_button]<\/p>\n<p>&nbsp;<\/p>\n<p>[su_button url=\u00a0\u00bbhttps:\/\/lagh-univ.dz\/pgr-these-droit\/\u00a0\u00bb background=\u00a0\u00bb#19a387&Prime; size=\u00a0\u00bb6&Prime;]Droit[\/su_button]\u00a0 \u00a0 \u00a0 \u00a0 \u00a0 \u00a0 \u00a0 \u00a0 \u00a0 \u00a0 \u00a0 \u00a0 \u00a0 \u00a0 \u00a0 \u00a0 \u00a0 \u00a0 \u00a0 \u00a0 \u00a0 \u00a0 \u00a0 \u00a0 \u00a0 \u00a0 \u00a0 \u00a0 \u00a0 \u00a0 \u00a0 \u00a0 \u00a0 \u00a0 \u00a0 \u00a0 \u00a0[su_button url=\u00a0\u00bbhttps:\/\/lagh-univ.dz\/pgr-these-sciences-politiques\/\u00a0\u00bb background=\u00a0\u00bb#19a387&Prime; size=\u00a0\u00bb6&Prime;]Sciences politiques[\/su_button]<\/p>\n<p>&nbsp;<\/p>\n","protected":false},"excerpt":{"rendered":"<p>[su_button url=\u00a0\u00bbhttps:\/\/lagh-univ.dz\/pgr-theses-informatique\/\u00a0\u00bb background=\u00a0\u00bb#19a387&Prime; size=\u00a0\u00bb6&Prime;]Informatique[\/su_button]\u00a0 \u00a0 \u00a0 \u00a0 \u00a0 \u00a0 \u00a0 \u00a0 \u00a0 \u00a0 \u00a0 \u00a0 \u00a0 \u00a0 \u00a0 \u00a0 \u00a0 \u00a0 \u00a0 \u00a0 \u00a0[su_button url=\u00a0\u00bbhttps:\/\/lagh-univ.dz\/pgr-these-mathematiques\/\u00a0\u00bb background=\u00a0\u00bb#19a387&Prime; size=\u00a0\u00bb6&Prime;]Mathematiques[\/su_button] &nbsp; [su_button url=\u00a0\u00bbhttps:\/\/lagh-univ.dz\/pgr-these-electrotechnique\/\u00a0\u00bb background=\u00a0\u00bb#19a387&Prime; size=\u00a0\u00bb6&Prime;]El\u00e9ctrotechnique[\/su_button]\u00a0 \u00a0 \u00a0 \u00a0 \u00a0 \u00a0 \u00a0 [su_button url=\u00a0\u00bbhttps:\/\/lagh-univ.dz\/pgr-these-electronique\/\u00a0\u00bb background=\u00a0\u00bb#19a387&Prime; size=\u00a0\u00bb6&Prime;]Electronique[\/su_button]\u00a0 \u00a0 \u00a0 \u00a0 \u00a0 \u00a0 \u00a0 \u00a0 \u00a0 \u00a0 \u00a0 \u00a0[su_button url=\u00a0\u00bbhttps:\/\/lagh-univ.dz\/pgr-these-genie-des-procedes\/\u00a0\u00bb background=\u00a0\u00bb#19a387&Prime; [&hellip;]<\/p>\n","protected":false},"author":18,"featured_media":0,"parent":0,"menu_order":0,"comment_status":"closed","ping_status":"closed","template":"elementor_header_footer","meta":{"_exactmetrics_skip_tracking":false,"_exactmetrics_sitenote_active":false,"_exactmetrics_sitenote_note":"","_exactmetrics_sitenote_category":0,"footnotes":""},"coauthors":[217],"class_list":["post-6830","page","type-page","status-publish","hentry"],"_links":{"self":[{"href":"https:\/\/lagh-univ.dz\/fr\/wp-json\/wp\/v2\/pages\/6830","targetHints":{"allow":["GET"]}}],"collection":[{"href":"https:\/\/lagh-univ.dz\/fr\/wp-json\/wp\/v2\/pages"}],"about":[{"href":"https:\/\/lagh-univ.dz\/fr\/wp-json\/wp\/v2\/types\/page"}],"author":[{"embeddable":true,"href":"https:\/\/lagh-univ.dz\/fr\/wp-json\/wp\/v2\/users\/18"}],"replies":[{"embeddable":true,"href":"https:\/\/lagh-univ.dz\/fr\/wp-json\/wp\/v2\/comments?post=6830"}],"version-history":[{"count":1,"href":"https:\/\/lagh-univ.dz\/fr\/wp-json\/wp\/v2\/pages\/6830\/revisions"}],"predecessor-version":[{"id":12000,"href":"https:\/\/lagh-univ.dz\/fr\/wp-json\/wp\/v2\/pages\/6830\/revisions\/12000"}],"wp:attachment":[{"href":"https:\/\/lagh-univ.dz\/fr\/wp-json\/wp\/v2\/media?parent=6830"}],"wp:term":[{"taxonomy":"author","embeddable":true,"href":"https:\/\/lagh-univ.dz\/fr\/wp-json\/wp\/v2\/coauthors?post=6830"}],"curies":[{"name":"wp","href":"https:\/\/api.w.org\/{rel}","templated":true}]}}