{"id":7559,"date":"2018-07-18T19:10:43","date_gmt":"2018-07-18T21:10:43","guid":{"rendered":"https:\/\/lagh-univ.dz\/langue-faculte-mot-de-doyen\/"},"modified":"2024-10-27T08:34:50","modified_gmt":"2024-10-27T07:34:50","slug":"langue-faculte-mot-de-doyen","status":"publish","type":"page","link":"https:\/\/lagh-univ.dz\/fr\/langue-faculte-mot-de-doyen\/","title":{"rendered":"Langue-Facult\u00e9- mot de doyen"},"content":{"rendered":"<p style=\"text-align: center\"><strong><span style=\"color: #ff0000;font-family: Book Antiqua, Palatino;font-size: 14pt\">Mot du doyen<\/span><\/strong><\/p>\n<p style=\"text-align: center\"><span style=\"font-family: Book Antiqua, Palatino;font-size: 14pt;color: #000000\"><strong>Bienvenue \u00e0 la Facult\u00e9 de Lettres et de Langues de l&rsquo;Universit\u00e9 de Laghouat<\/strong><\/span><\/p>\n<p style=\"text-align: left\"><span style=\"font-family: Book Antiqua, Palatino;font-size: 14pt;color: #000000\">Etudiants, enseignants, chercheurs et visiteurs<\/span><\/p>\n<p style=\"text-align: left\"><span style=\"font-family: Book Antiqua, Palatino;font-size: 14pt;color: #000000\">Soyez les bienvenus sur la page de notre facult\u00e9 des lettres et des langues. Vous y trouverez des informations compl\u00e8tes sur les programmes acad\u00e9miques allant des \u00e9tudes universitaires de premier et deuxi\u00e8me cycles (licence et master) au troisi\u00e8me cycle (doctorat), ainsi qu\u2019un aper\u00e7u des divers domaines de recherche explor\u00e9s par nos chercheurs dans nos laboratoires.<\/span><\/p>\n<p style=\"text-align: left\"><span style=\"font-family: Book Antiqua, Palatino;font-size: 14pt;color: #000000\">Nos \u00e9tudiants apprendront que les mots, tout comme les chiffres, constituent les fondements de l\u2019\u00e9difice du savoir. Les principes de la grammaire sont plus universels que les lois de la physique, et ces principes sont au c\u0153ur des d\u00e9bats vivants et stimulants dans nos classes de cours anim\u00e9s.<\/span><\/p>\n<p style=\"text-align: left\"><span style=\"font-family: Book Antiqua, Palatino;font-size: 14pt;color: #000000\">Dans certains milieux, l&rsquo;\u00e9tude des lettres et des langues est consid\u00e9r\u00e9e comme superflue, mais en r\u00e9alit\u00e9, elle est cruciale pour de nombreuses professions telles que l&rsquo;enseignement, le journalisme, la traduction et l&rsquo;\u00e9dition. Ces m\u00e9tiers sont aussi importants pour la soci\u00e9t\u00e9 que la m\u00e9decine ou le Droit. L&rsquo;\u00e9tude des lettres r\u00e9pond \u00e0 des besoins humains fondamentaux, explorant les fronti\u00e8res de l&rsquo;exp\u00e9rience linguistique et culturelle. Il est \u00e0 noter que la litt\u00e9rature et l&rsquo;art, bien que souvent sous-estim\u00e9s, int\u00e8grent de nombreux aspects de la vie, du cin\u00e9ma, aux m\u00e9dias et aux r\u00e9seaux sociaux. Les sciences humaines sont indispensables \u00e0 la d\u00e9mocratie et \u00e0 la libert\u00e9, et leur \u00e9tude contribue \u00e0 former des citoyens r\u00e9fl\u00e9chis et conscients et \u00e0 pr\u00e9server nos libert\u00e9s et nos valeurs.<\/span><\/p>\n<p style=\"text-align: left\"><span style=\"font-family: Book Antiqua, Palatino;font-size: 14pt;color: #000000\">\u00c9tudier d&rsquo;autres cultures, d\u2019autres langues, et l&rsquo;histoire des diff\u00e9rentes \u00e9poques, \u00e0 travers la litt\u00e9rature notamment, permet de favoriser la compr\u00e9hension de l&rsquo;autre, de voir le monde \u00e0 travers son prisme, et encourage \u00e0 comprendre les autres nations en transcendant les diff\u00e9rences. Cela renforce la tol\u00e9rance n\u00e9cessaire \u00e0 toute d\u00e9mocratie.<\/span><\/p>\n<p style=\"text-align: left\"><span style=\"font-family: Book Antiqua, Palatino;font-size: 14pt;color: #000000\">Pour souligner l&rsquo;importance des \u00e9tudes linguistiques et litt\u00e9raires dans le monde des affaires, les dipl\u00f4m\u00e9s en lettres et langues peuvent cr\u00e9er une start-up\u00a0;les comp\u00e9tences acquises dans ces domaines \u2014 telles que la communication, l&rsquo;analyse critique, la cr\u00e9ativit\u00e9 et la compr\u00e9hension culturelle \u2014 sont utiles pour la gestion des entreprises. Avec ce profil, il est possible de trouver des march\u00e9s sp\u00e9cifiques, comme l&rsquo;\u00e9dition, la traduction, l&rsquo;\u00e9ducation, ou m\u00eame le counseling culturel pour les entreprises commerciales et touristiques&#8230;<\/span><\/p>\n<p style=\"text-align: left\"><span style=\"font-family: Book Antiqua, Palatino;font-size: 14pt;color: #000000\">En r\u00e9sum\u00e9, un dipl\u00f4me en lettres et langues peut \u00eatre un atout dans le monde de l&rsquo;entrepreneuriat, \u00e0 condition qu&rsquo;il soit compl\u00e9t\u00e9 par des comp\u00e9tences et un esprit entrepreneurial indispensables \u00e0 la r\u00e9ussite dans ce domaine.<\/span><\/p>\n<p style=\"text-align: left\"><span style=\"font-family: Book Antiqua, Palatino;font-size: 14pt;color: #000000\">Notre offre acad\u00e9mique va au-del\u00e0 de la simple \u00e9tude de la litt\u00e9rature et des langues, engageant des voyages introspectifs dans les arcanes de la compr\u00e9hension humaine. Nous proposons des programmes de licence en langues arabe, fran\u00e7aise, anglaise, espagnole, ainsi qu&rsquo;en traduction \u00e9crite et orale, des programmes de master dans ces disciplines, et des \u00e9tudes doctorales pour ceux qui souhaitent poursuivre leurs recherches.<\/span><\/p>\n<p style=\"text-align: left\"><span style=\"font-family: Book Antiqua, Palatino;font-size: 14pt;color: #000000\">Nos chercheurs ont acc\u00e8s \u00e0 cinq laboratoires de recherche scientifique qui fournissent un environnement propice aux \u00e9tudiants de master et de doctorat pour mener leurs travaux de th\u00e8se, et contribuent efficacement \u00e0 renforcer la production scientifique de notre institution.<\/span><\/p>\n<p style=\"text-align: left\"><span style=\"font-family: Book Antiqua, Palatino;font-size: 14pt;color: #000000\">Chers nouveaux \u00e9tudiants, n&rsquo;h\u00e9sitez pas \u00e0 vous engager dans les \u00e9tudes litt\u00e9raires et linguistiques. Bien qu&rsquo;elles soient exigeantes, elles sont r\u00e9ellement gratifiantes, et nous sommes impatients de partager cela avec vous.<\/span><\/p>\n<p style=\"text-align: right\"><span style=\"font-family: arabic-kufi;font-size: 14pt;color: #000000\"><strong><span style=\"font-family: Book Antiqua, Palatino\">\u00a0\u00a0\u00a0 <span style=\"color: #008000\">Le doyen<\/span><\/span><\/strong><\/span><\/p>\n<p style=\"text-align: right\"><span style=\"font-family: arabic-kufi;font-size: 14pt;color: #000000\"><strong><span style=\"font-family: Book Antiqua, Palatino\"><span style=\"color: #008000\">Pr.DADOUNE Messaoud<\/span> \u00a0<\/span> <\/strong><\/span><\/p>\n","protected":false},"excerpt":{"rendered":"<p>Mot du doyen Bienvenue \u00e0 la Facult\u00e9 de Lettres et de Langues de l&rsquo;Universit\u00e9 de Laghouat Etudiants, enseignants, chercheurs et visiteurs Soyez les bienvenus sur la page de notre facult\u00e9 des lettres et des langues. Vous y trouverez des informations compl\u00e8tes sur les programmes acad\u00e9miques allant des \u00e9tudes universitaires de premier et deuxi\u00e8me cycles (licence [&hellip;]<\/p>\n","protected":false},"author":1,"featured_media":0,"parent":0,"menu_order":0,"comment_status":"closed","ping_status":"closed","template":"elementor_header_footer","meta":{"_exactmetrics_skip_tracking":false,"_exactmetrics_sitenote_active":false,"_exactmetrics_sitenote_note":"","_exactmetrics_sitenote_category":0,"footnotes":""},"coauthors":[217,529],"class_list":["post-7559","page","type-page","status-publish","hentry"],"_links":{"self":[{"href":"https:\/\/lagh-univ.dz\/fr\/wp-json\/wp\/v2\/pages\/7559","targetHints":{"allow":["GET"]}}],"collection":[{"href":"https:\/\/lagh-univ.dz\/fr\/wp-json\/wp\/v2\/pages"}],"about":[{"href":"https:\/\/lagh-univ.dz\/fr\/wp-json\/wp\/v2\/types\/page"}],"author":[{"embeddable":true,"href":"https:\/\/lagh-univ.dz\/fr\/wp-json\/wp\/v2\/users\/1"}],"replies":[{"embeddable":true,"href":"https:\/\/lagh-univ.dz\/fr\/wp-json\/wp\/v2\/comments?post=7559"}],"version-history":[{"count":20,"href":"https:\/\/lagh-univ.dz\/fr\/wp-json\/wp\/v2\/pages\/7559\/revisions"}],"predecessor-version":[{"id":61606,"href":"https:\/\/lagh-univ.dz\/fr\/wp-json\/wp\/v2\/pages\/7559\/revisions\/61606"}],"wp:attachment":[{"href":"https:\/\/lagh-univ.dz\/fr\/wp-json\/wp\/v2\/media?parent=7559"}],"wp:term":[{"taxonomy":"author","embeddable":true,"href":"https:\/\/lagh-univ.dz\/fr\/wp-json\/wp\/v2\/coauthors?post=7559"}],"curies":[{"name":"wp","href":"https:\/\/api.w.org\/{rel}","templated":true}]}}