{"id":7579,"date":"2018-07-18T19:39:30","date_gmt":"2018-07-18T21:39:30","guid":{"rendered":"https:\/\/lagh-univ.dz\/langue-graduation-responsable-pedagogique\/"},"modified":"2024-11-03T09:05:17","modified_gmt":"2024-11-03T08:05:17","slug":"langue-graduation-responsable-pedagogique","status":"publish","type":"page","link":"https:\/\/lagh-univ.dz\/fr\/langue-formation\/langue-graduation-responsable-pedagogique\/","title":{"rendered":"Langue- Graduation-responsable pedagogique"},"content":{"rendered":"<h1 style=\"text-align: left\"><strong><span style=\"text-decoration: underline\"><span style=\"font-family: Book Antiqua, Palatino;font-size: 14pt;color: #000000;text-decoration: underline\">Vice Doyen charg\u00e9 des Etudes et des Questions Li\u00e9es aux Etudiants:<\/span><\/span><\/strong><\/h1>\n<h1 style=\"text-align: left\"><span style=\"font-family: Book Antiqua, Palatino;font-size: 14pt;color: #000000\">Pr\/Dr:\u00a0 DIB Lakhdar<br \/>\n<\/span><\/h1>\n<h1 style=\"text-align: left\"><span style=\"font-family: Book Antiqua, Palatino;font-size: 14pt;color: #000000\">E-mail:la.dib@lagh-univ.dz<\/span><\/h1>\n<p style=\"text-align: left\">\u00b7\u00a0\u00a0\u00a0\u00a0\u00a0\u00a0\u00a0 <span style=\"font-family: Book Antiqua, Palatino;font-size: 14pt;color: #000000\">Le vice-doyen charg\u00e9 des \u00e9tudes et des questions li\u00e9es aux \u00e9tudiants\u00a0est responsable des t\u00e2ches suivantes:\u00a0<\/span><\/p>\n<p style=\"text-align: left\"><span style=\"font-family: Book Antiqua, Palatino;font-size: 14pt;color: #000000\">\u00a01.Assurance de la progression et le suivi des inscriptions des \u00e9tudiants<\/span><\/p>\n<p style=\"text-align: left\"><span style=\"font-family: Book Antiqua, Palatino;font-size: 14pt;color: #000000\">\u00a02.Suivi le d\u00e9roulement des activit\u00e9s p\u00e9dagogiques et suggestion au doyen de chaque proc\u00e9dure afin d\u2019am\u00e9liorer ces activit\u00e9s<\/span><\/p>\n<p style=\"text-align: left\"><span style=\"font-family: Book Antiqua, Palatino;font-size: 14pt;color: #000000\">\u00a03.Tenir \u00e0 jour la liste nominale et statistique des \u00e9tudiants<\/span><\/p>\n<p style=\"text-align: left\"><span style=\"font-family: Book Antiqua, Palatino;font-size: 14pt;color: #000000\">\u00a04.Collecte, traitement et diffusion de supports p\u00e9dagogiques au profit des \u00e9tudiants<\/span><\/p>\n<p style=\"text-align: left\"><span style=\"font-family: Book Antiqua, Palatino;font-size: 14pt;color: #000000\">\u00b7\u00a0\u00a0\u00a0\u00a0\u00a0\u00a0\u00a0 Les services du vice-doyen s\u2019en charge des \u00e9tudes et des affaires estudiantines:\u00a0<\/span><\/p>\n<p style=\"text-align: left\"><span style=\"font-family: Book Antiqua, Palatino;font-size: 14pt;color: #000000\"> 1. Le service d&rsquo;enseignement.<\/span><\/p>\n<p style=\"text-align: left\"><span style=\"font-family: Book Antiqua, Palatino;font-size: 14pt;color: #000000\"> 2. Le service d&rsquo;\u00e9ducation et d&rsquo;\u00e9valuation. <\/span><\/p>\n<p style=\"text-align: left\"><span style=\"font-family: Book Antiqua, Palatino;font-size: 14pt;color: #000000\">\u00a03. Le service de statistique, d&rsquo;information et d&rsquo;orientation<\/span>.<\/p>\n<p style=\"text-align: left\">\n","protected":false},"excerpt":{"rendered":"<p>Vice Doyen charg\u00e9 des Etudes et des Questions Li\u00e9es aux Etudiants: Pr\/Dr:\u00a0 DIB Lakhdar E-mail:la.dib@lagh-univ.dz \u00b7\u00a0\u00a0\u00a0\u00a0\u00a0\u00a0\u00a0 Le vice-doyen charg\u00e9 des \u00e9tudes et des questions li\u00e9es aux \u00e9tudiants\u00a0est responsable des t\u00e2ches suivantes:\u00a0 \u00a01.Assurance de la progression et le suivi des inscriptions des \u00e9tudiants \u00a02.Suivi le d\u00e9roulement des activit\u00e9s p\u00e9dagogiques et suggestion au doyen de chaque proc\u00e9dure [&hellip;]<\/p>\n","protected":false},"author":1,"featured_media":0,"parent":7591,"menu_order":0,"comment_status":"closed","ping_status":"closed","template":"elementor_header_footer","meta":{"_exactmetrics_skip_tracking":false,"_exactmetrics_sitenote_active":false,"_exactmetrics_sitenote_note":"","_exactmetrics_sitenote_category":0,"footnotes":""},"coauthors":[217,529],"class_list":["post-7579","page","type-page","status-publish","hentry"],"_links":{"self":[{"href":"https:\/\/lagh-univ.dz\/fr\/wp-json\/wp\/v2\/pages\/7579","targetHints":{"allow":["GET"]}}],"collection":[{"href":"https:\/\/lagh-univ.dz\/fr\/wp-json\/wp\/v2\/pages"}],"about":[{"href":"https:\/\/lagh-univ.dz\/fr\/wp-json\/wp\/v2\/types\/page"}],"author":[{"embeddable":true,"href":"https:\/\/lagh-univ.dz\/fr\/wp-json\/wp\/v2\/users\/1"}],"replies":[{"embeddable":true,"href":"https:\/\/lagh-univ.dz\/fr\/wp-json\/wp\/v2\/comments?post=7579"}],"version-history":[{"count":13,"href":"https:\/\/lagh-univ.dz\/fr\/wp-json\/wp\/v2\/pages\/7579\/revisions"}],"predecessor-version":[{"id":61719,"href":"https:\/\/lagh-univ.dz\/fr\/wp-json\/wp\/v2\/pages\/7579\/revisions\/61719"}],"up":[{"embeddable":true,"href":"https:\/\/lagh-univ.dz\/fr\/wp-json\/wp\/v2\/pages\/7591"}],"wp:attachment":[{"href":"https:\/\/lagh-univ.dz\/fr\/wp-json\/wp\/v2\/media?parent=7579"}],"wp:term":[{"taxonomy":"author","embeddable":true,"href":"https:\/\/lagh-univ.dz\/fr\/wp-json\/wp\/v2\/coauthors?post=7579"}],"curies":[{"name":"wp","href":"https:\/\/api.w.org\/{rel}","templated":true}]}}