{"id":7581,"date":"2018-07-18T19:24:44","date_gmt":"2018-07-18T19:24:44","guid":{"rendered":"https:\/\/lagh-univ.dz\/langue-graduation-mot-de-vice-doyen\/"},"modified":"2025-09-11T08:50:57","modified_gmt":"2025-09-11T07:50:57","slug":"langue-graduation-mot-de-vice-doyen","status":"publish","type":"page","link":"https:\/\/lagh-univ.dz\/fr\/langue-formation\/langue-graduation-mot-de-vice-doyen\/","title":{"rendered":"Langue- Graduation-mot de vice doyen"},"content":{"rendered":"<p>&nbsp;<\/p>\n<p style=\"text-align: center\"><span style=\"font-family: Book Antiqua, Palatino;font-size: 18pt;color: #ff0000\"><strong>Mot de Vice doyen<\/strong><\/span><\/p>\n<p style=\"margin: 6pt 0cm 10.8pt;padding-right: 40px;text-align: left\"><span style=\"color: #000000\"><span style=\"font-family: Book Antiqua, Palatino;font-size: 14pt\">Nous souhaitons la bienvenue \u00e0 tous les visiteurs de la page de notre Facult\u00e9!<\/span><\/span><\/p>\n<p style=\"margin: 6pt 0cm 10.8pt;padding-right: 120px;text-align: justify\"><span style=\"color: #000000\"><span style=\"font-family: Book Antiqua, Palatino;font-size: 14pt\">Cet espace est d\u00e9di\u00e9 \u00e0 la pr\u00e9sentation exhaustive des services rattach\u00e9s au vice doyen charg\u00e9 de la p\u00e9dagogie et les diff\u00e9rentes t\u00e2ches qui lui sont assign\u00e9es.<\/span><\/span><span style=\"color: #000000\"><span style=\"font-family: Book Antiqua, Palatino;font-size: 14pt\">Le vice doyen charg\u00e9 de la p\u00e9dagogie a pour mission de diriger et de superviser toutes les activit\u00e9s p\u00e9dagogiques de la facult\u00e9 en \u00e9troite collaboration avec les chefs des d\u00e9partements et sous couvert de monsieur le Doyen de la facult\u00e9. Il est \u00e9galement le garant du bien \u00eatre des \u00e9tudiants, de leurs droits et leurs obligations. Une de ses principales missions est d\u2019accompagner les \u00e9tudiants tout au long de leur cursus universitaire<\/span><\/span><\/p>\n<p style=\"margin: 6pt 0cm 10.8pt;padding-right: 120px;text-align: center\"><strong><span style=\"font-family: Book Antiqua, Palatino;font-size: 14pt;color: #008000\">OTHMANI Boularbeh \u00a0 \u00a0 \u00a0 \u00a0 \u00a0 \u00a0 \u00a0 \u00a0 \u00a0 \u00a0 <\/span><\/strong><\/p>\n<p style=\"text-align: center\"><strong><span style=\"font-family: Book Antiqua, Palatino;font-size: 14pt;color: #008000\">Le vice doyen charg\u00e9 de la p\u00e9dagogie<\/span><\/strong><\/p>\n<p>&nbsp;<\/p>\n","protected":false},"excerpt":{"rendered":"<p>&nbsp; Mot de Vice doyen Nous souhaitons la bienvenue \u00e0 tous les visiteurs de la page de notre Facult\u00e9! Cet espace est d\u00e9di\u00e9 \u00e0 la pr\u00e9sentation exhaustive des services rattach\u00e9s au vice doyen charg\u00e9 de la p\u00e9dagogie et les diff\u00e9rentes t\u00e2ches qui lui sont assign\u00e9es.Le vice doyen charg\u00e9 de la p\u00e9dagogie a pour mission de [&hellip;]<\/p>\n","protected":false},"author":17,"featured_media":0,"parent":7591,"menu_order":0,"comment_status":"closed","ping_status":"closed","template":"elementor_header_footer","meta":{"_exactmetrics_skip_tracking":false,"_exactmetrics_sitenote_active":false,"_exactmetrics_sitenote_note":"","_exactmetrics_sitenote_category":0,"footnotes":""},"coauthors":[529],"class_list":["post-7581","page","type-page","status-publish","hentry"],"_links":{"self":[{"href":"https:\/\/lagh-univ.dz\/fr\/wp-json\/wp\/v2\/pages\/7581","targetHints":{"allow":["GET"]}}],"collection":[{"href":"https:\/\/lagh-univ.dz\/fr\/wp-json\/wp\/v2\/pages"}],"about":[{"href":"https:\/\/lagh-univ.dz\/fr\/wp-json\/wp\/v2\/types\/page"}],"author":[{"embeddable":true,"href":"https:\/\/lagh-univ.dz\/fr\/wp-json\/wp\/v2\/users\/17"}],"replies":[{"embeddable":true,"href":"https:\/\/lagh-univ.dz\/fr\/wp-json\/wp\/v2\/comments?post=7581"}],"version-history":[{"count":10,"href":"https:\/\/lagh-univ.dz\/fr\/wp-json\/wp\/v2\/pages\/7581\/revisions"}],"predecessor-version":[{"id":68495,"href":"https:\/\/lagh-univ.dz\/fr\/wp-json\/wp\/v2\/pages\/7581\/revisions\/68495"}],"up":[{"embeddable":true,"href":"https:\/\/lagh-univ.dz\/fr\/wp-json\/wp\/v2\/pages\/7591"}],"wp:attachment":[{"href":"https:\/\/lagh-univ.dz\/fr\/wp-json\/wp\/v2\/media?parent=7581"}],"wp:term":[{"taxonomy":"author","embeddable":true,"href":"https:\/\/lagh-univ.dz\/fr\/wp-json\/wp\/v2\/coauthors?post=7581"}],"curies":[{"name":"wp","href":"https:\/\/api.w.org\/{rel}","templated":true}]}}