{"id":7587,"date":"2018-07-18T19:41:01","date_gmt":"2018-07-18T21:41:01","guid":{"rendered":"https:\/\/lagh-univ.dz\/langue-formation-master\/"},"modified":"2020-02-23T08:58:46","modified_gmt":"2020-02-23T10:58:46","slug":"langue-formation-master","status":"publish","type":"page","link":"https:\/\/lagh-univ.dz\/fr\/langue-formation\/langue-formation-master\/","title":{"rendered":"Langue- formation-master"},"content":{"rendered":"<p><span style=\"font-size: 14pt;font-family: arabic-kufi;color: #000000\">Master<\/span><\/p>\n<table class=\" aligncenter\" style=\"height: 305px;width: 557px\">\n<tbody>\n<tr style=\"background-color: #b2b8d6\">\n<td style=\"height: 27px;width: 228px\"><span style=\"font-size: 14pt;font-family: arabic-kufi;color: #000000\">Departement<\/span><\/td>\n<td style=\"height: 27px;width: 312px\"><span style=\"font-size: 14pt;font-family: arabic-kufi;color: #000000\">Sp\u00e9cialit\u00e9s<\/span><\/td>\n<\/tr>\n<tr style=\"height: 27px\">\n<td style=\"height: 108px;width: 228px\" rowspan=\"4\">&nbsp;<\/p>\n<p><span style=\"font-size: 14pt;font-family: arabic-kufi;color: #000000\">Litt\u00e9rature et langue arab<\/span><\/td>\n<td style=\"height: 27px;width: 312px\"><span style=\"font-size: 14pt;font-family: arabic-kufi;color: #000000\">Litt\u00e9rature arab ancienne<\/span><\/td>\n<\/tr>\n<tr>\n<td style=\"width: 312px\"><span style=\"font-size: 14pt;font-family: arabic-kufi;color: #000000\">Litt\u00e9rature arab moderne contemporaine<br \/>\n<\/span><\/td>\n<\/tr>\n<tr>\n<td style=\"width: 312px\"><span style=\"color: #000000;font-family: arabic-kufi\"><span style=\"font-size: 18.6667px\">Didactique de la langue<br \/>\n<\/span><\/span><\/td>\n<\/tr>\n<tr style=\"height: 27px\">\n<td style=\"height: 27px;width: 312px\"><span style=\"color: #000000;font-family: arabic-kufi\"><span style=\"font-size: 18.6667px\">Linguistique arab<\/span><\/span><\/td>\n<\/tr>\n<tr style=\"height: 27px\">\n<td style=\"height: 27px;width: 228px\"><span style=\"font-size: 14pt;font-family: arabic-kufi;color: #000000\">Litt\u00e9rature et langue anglais<\/span><\/td>\n<td style=\"height: 27px;width: 312px\"><span style=\"font-size: 14pt;font-family: arabic-kufi;color: #000000\">Litt\u00e9rature et civilisation<\/span><\/td>\n<\/tr>\n<tr style=\"height: 29px\">\n<td style=\"height: 87px;width: 228px\" rowspan=\"3\">&nbsp;<\/p>\n<p><span style=\"font-size: 14pt;font-family: arabic-kufi;color: #000000\">Litt\u00e9rature et langue francais<\/span><\/td>\n<td style=\"height: 29px;width: 312px\"><span style=\"font-size: 14pt;font-family: arabic-kufi;color: #000000\">langue \u00e9trang\u00e8res \u00e9ducatives<\/span><\/td>\n<\/tr>\n<tr style=\"height: 29px\">\n<td style=\"height: 29px;width: 312px\"><span style=\"font-size: 14pt;font-family: arabic-kufi;color: #000000\">sciences du langage<\/span><\/td>\n<\/tr>\n<tr style=\"height: 29px\">\n<td style=\"height: 29px;width: 312px\"><span style=\"font-size: 14pt;font-family: arabic-kufi;color: #000000\">Litt\u00e9rature et civilisation<\/span><\/td>\n<\/tr>\n<tr style=\"height: 56px\">\n<td style=\"height: 56px;width: 228px\"><span style=\"font-family: arabic-kufi;font-size: 14pt;color: #000000\">Litt\u00e9rature et langue espagnol<\/span><\/td>\n<td style=\"height: 56px;width: 312px\"><span style=\"font-size: 14pt;font-family: arabic-kufi;color: #000000\">Litt\u00e9rature et civilisation<\/span><\/td>\n<\/tr>\n<\/tbody>\n<\/table>\n<p>&nbsp;<\/p>\n","protected":false},"excerpt":{"rendered":"<p>Master Departement Sp\u00e9cialit\u00e9s &nbsp; Litt\u00e9rature et langue arab Litt\u00e9rature arab ancienne Litt\u00e9rature arab moderne contemporaine Didactique de la langue Linguistique arab Litt\u00e9rature et langue anglais Litt\u00e9rature et civilisation &nbsp; Litt\u00e9rature et langue francais langue \u00e9trang\u00e8res \u00e9ducatives sciences du langage Litt\u00e9rature et civilisation Litt\u00e9rature et langue espagnol Litt\u00e9rature et civilisation &nbsp;<\/p>\n","protected":false},"author":1,"featured_media":0,"parent":7591,"menu_order":0,"comment_status":"closed","ping_status":"closed","template":"elementor_header_footer","meta":{"_exactmetrics_skip_tracking":false,"_exactmetrics_sitenote_active":false,"_exactmetrics_sitenote_note":"","_exactmetrics_sitenote_category":0,"footnotes":""},"coauthors":[217,529],"class_list":["post-7587","page","type-page","status-publish","hentry"],"_links":{"self":[{"href":"https:\/\/lagh-univ.dz\/fr\/wp-json\/wp\/v2\/pages\/7587","targetHints":{"allow":["GET"]}}],"collection":[{"href":"https:\/\/lagh-univ.dz\/fr\/wp-json\/wp\/v2\/pages"}],"about":[{"href":"https:\/\/lagh-univ.dz\/fr\/wp-json\/wp\/v2\/types\/page"}],"author":[{"embeddable":true,"href":"https:\/\/lagh-univ.dz\/fr\/wp-json\/wp\/v2\/users\/1"}],"replies":[{"embeddable":true,"href":"https:\/\/lagh-univ.dz\/fr\/wp-json\/wp\/v2\/comments?post=7587"}],"version-history":[{"count":7,"href":"https:\/\/lagh-univ.dz\/fr\/wp-json\/wp\/v2\/pages\/7587\/revisions"}],"predecessor-version":[{"id":30473,"href":"https:\/\/lagh-univ.dz\/fr\/wp-json\/wp\/v2\/pages\/7587\/revisions\/30473"}],"up":[{"embeddable":true,"href":"https:\/\/lagh-univ.dz\/fr\/wp-json\/wp\/v2\/pages\/7591"}],"wp:attachment":[{"href":"https:\/\/lagh-univ.dz\/fr\/wp-json\/wp\/v2\/media?parent=7587"}],"wp:term":[{"taxonomy":"author","embeddable":true,"href":"https:\/\/lagh-univ.dz\/fr\/wp-json\/wp\/v2\/coauthors?post=7587"}],"curies":[{"name":"wp","href":"https:\/\/api.w.org\/{rel}","templated":true}]}}