{"id":7589,"date":"2018-07-18T19:37:44","date_gmt":"2018-07-18T19:37:44","guid":{"rendered":"https:\/\/lagh-univ.dz\/langue-formation-licence\/"},"modified":"2020-02-19T10:15:06","modified_gmt":"2020-02-19T12:15:06","slug":"langue-formation-licence","status":"publish","type":"page","link":"https:\/\/lagh-univ.dz\/fr\/langue-formation\/langue-formation-licence\/","title":{"rendered":"Langue- formation-licence"},"content":{"rendered":"<p style=\"text-align: left\"><span style=\"text-decoration: underline;color: #000000;font-family: arabic-kufi;font-size: 14pt\"><strong><span style=\"font-family: Book Antiqua, Palatino;color: #000000;font-size: 18pt\">Formations licence<\/span><br \/>\n<\/strong><\/span><\/p>\n<p>&nbsp;<\/p>\n<table class=\" alignleft\" style=\"height: 273px\">\n<tbody>\n<tr style=\"background-color: #e3d359;height: 36px\">\n<td style=\"width: 149.167px;text-align: center;height: 36px\"><span style=\"color: #000000;font-family: Book Antiqua, Palatino\"><strong><span style=\"font-size: 18pt\">Depratement<\/span><\/strong><\/span><\/td>\n<td style=\"width: 353px;text-align: center;height: 36px\"><span style=\"color: #000000;font-family: Book Antiqua, Palatino\"><strong><span style=\"font-size: 18pt\">sp\u00e9cialite<\/span><\/strong><\/span><\/td>\n<\/tr>\n<tr style=\"height: 27px\">\n<td style=\"width: 149.167px;height: 119px\" rowspan=\"2\">&nbsp;<\/p>\n<p><span style=\"color: #000000;font-family: Book Antiqua, Palatino;font-size: 14pt\">litt\u00e9rature et langue arab<\/span><\/td>\n<td style=\"width: 353px;height: 27px;text-align: center\"><span style=\"color: #000000;font-family: Book Antiqua, Palatino;font-size: 14pt\">litt\u00e9rature arab<br \/>\n<\/span><\/td>\n<\/tr>\n<tr style=\"height: 27px\">\n<td style=\"width: 353px;height: 27px;text-align: center\"><span style=\"color: #000000;font-family: Book Antiqua, Palatino;font-size: 14pt\">liguistique g\u00e9n\u00e9rale<br \/>\n<\/span><\/td>\n<\/tr>\n<tr style=\"height: 54px\">\n<td style=\"width: 149.167px;height: 54px\"><span style=\"color: #000000;font-family: Book Antiqua, Palatino;font-size: 14pt\">litt\u00e9rature anglais<br \/>\n<\/span><\/td>\n<td style=\"width: 353px;height: 54px;text-align: center\"><span style=\"color: #000000;font-family: Book Antiqua, Palatino;font-size: 14pt\">langue anglais<br \/>\n<\/span><\/td>\n<\/tr>\n<tr style=\"height: 5px\">\n<td style=\"width: 149.167px;height: 10px\"><span style=\"color: #000000;font-family: Book Antiqua, Palatino;font-size: 14pt\">litt\u00e9rature francais<br \/>\n<\/span><\/td>\n<td style=\"width: 353px;height: 10px\">\n<p style=\"text-align: center\"><span style=\"color: #000000;font-family: Book Antiqua, Palatino\"><span style=\"font-size: 18.6667px\">langue francais<br \/>\n<\/span><\/span><\/p>\n<\/td>\n<\/tr>\n<tr style=\"height: 54px\">\n<td style=\"width: 149.167px;height: 54px\"><span style=\"font-family: Book Antiqua, Palatino;font-size: 14pt;color: #000000\">litt\u00e9rature espagnol<br \/>\n<\/span><\/td>\n<td style=\"width: 353px;height: 54px;text-align: center\"><span style=\"color: #000000;font-family: Book Antiqua, Palatino;font-size: 14pt\">langue espgnole<\/span><\/td>\n<\/tr>\n<\/tbody>\n<\/table>\n","protected":false},"excerpt":{"rendered":"<p>Formations licence &nbsp; Depratement sp\u00e9cialite &nbsp; litt\u00e9rature et langue arab litt\u00e9rature arab liguistique g\u00e9n\u00e9rale litt\u00e9rature anglais langue anglais litt\u00e9rature francais langue francais litt\u00e9rature espagnol langue espgnole<\/p>\n","protected":false},"author":17,"featured_media":0,"parent":7591,"menu_order":0,"comment_status":"closed","ping_status":"closed","template":"elementor_header_footer","meta":{"_exactmetrics_skip_tracking":false,"_exactmetrics_sitenote_active":false,"_exactmetrics_sitenote_note":"","_exactmetrics_sitenote_category":0,"footnotes":""},"coauthors":[529],"class_list":["post-7589","page","type-page","status-publish","hentry"],"_links":{"self":[{"href":"https:\/\/lagh-univ.dz\/fr\/wp-json\/wp\/v2\/pages\/7589","targetHints":{"allow":["GET"]}}],"collection":[{"href":"https:\/\/lagh-univ.dz\/fr\/wp-json\/wp\/v2\/pages"}],"about":[{"href":"https:\/\/lagh-univ.dz\/fr\/wp-json\/wp\/v2\/types\/page"}],"author":[{"embeddable":true,"href":"https:\/\/lagh-univ.dz\/fr\/wp-json\/wp\/v2\/users\/17"}],"replies":[{"embeddable":true,"href":"https:\/\/lagh-univ.dz\/fr\/wp-json\/wp\/v2\/comments?post=7589"}],"version-history":[{"count":12,"href":"https:\/\/lagh-univ.dz\/fr\/wp-json\/wp\/v2\/pages\/7589\/revisions"}],"predecessor-version":[{"id":29516,"href":"https:\/\/lagh-univ.dz\/fr\/wp-json\/wp\/v2\/pages\/7589\/revisions\/29516"}],"up":[{"embeddable":true,"href":"https:\/\/lagh-univ.dz\/fr\/wp-json\/wp\/v2\/pages\/7591"}],"wp:attachment":[{"href":"https:\/\/lagh-univ.dz\/fr\/wp-json\/wp\/v2\/media?parent=7589"}],"wp:term":[{"taxonomy":"author","embeddable":true,"href":"https:\/\/lagh-univ.dz\/fr\/wp-json\/wp\/v2\/coauthors?post=7589"}],"curies":[{"name":"wp","href":"https:\/\/api.w.org\/{rel}","templated":true}]}}