{"id":7607,"date":"2018-07-18T19:30:47","date_gmt":"2018-07-18T21:30:47","guid":{"rendered":"https:\/\/lagh-univ.dz\/langue-post-graduation-service-de-suivit-des-activites-des-recherches\/"},"modified":"2020-01-06T07:43:03","modified_gmt":"2020-01-06T09:43:03","slug":"langue-post-graduation-service-de-suivit-des-activites-des-recherches","status":"publish","type":"page","link":"https:\/\/lagh-univ.dz\/fr\/langue-formation\/langue-post-graduation-service-de-suivit-des-activites-des-recherches\/","title":{"rendered":"Langue- post Graduation-service de suivit des activit\u00e9s des recherches"},"content":{"rendered":"<p dir=\"ltr\" style=\"text-align: left\"><span style=\"font-size: 18pt\"><strong><span style=\"font-family: Book Antiqua, Palatino\">\u00a0\u00a0\u00a0\u00a0\u00a0\u00a0\u00a0\u00a0\u00a0\u00a0\u00a0\u00a0\u00a0\u00a0\u00a0 <\/span><\/strong><\/span><span style=\"text-decoration: underline;font-size: 18pt\"><strong><span style=\"font-family: Book Antiqua, Palatino\">Services du suivi et des activit\u00e9s de recherche<\/span><\/strong><\/span><\/p>\n<p dir=\"ltr\" style=\"text-align: left\"><span style=\"font-family: Book Antiqua, Palatino;font-size: 14pt;color: #000000\"><strong>Chef Service Mlle: Zeghoudi safia\u00a0 <\/strong><br \/>\n<\/span><\/p>\n<p dir=\"ltr\" style=\"text-align: left\"><span style=\"font-family: Book Antiqua, Palatino;font-size: 14pt;color: #000000\"><strong>E-mail :\/<br \/>\n<\/strong><\/span><\/p>\n<p dir=\"ltr\" style=\"text-align: left\"><span style=\"font-family: Book Antiqua, Palatino;font-size: 14pt;color: #000000\"><strong>T\u00e9l :\/<\/strong><\/span><\/p>\n<p dir=\"ltr\" style=\"text-align: left\"><span style=\"font-family: Book Antiqua, Palatino;font-size: 14pt\"><strong>Fax<\/strong> :\/<\/span><\/p>\n<p dir=\"ltr\" style=\"text-align: left\"><em><strong>\u00a0<\/strong><\/em><span style=\"font-family: Book Antiqua, Palatino;font-size: 14pt;color: #000000\"><em><strong><u>Les t\u00e2ches\u00a0 Confi\u00e9<\/u><\/strong><\/em><\/span><\/p>\n<p dir=\"ltr\" style=\"text-align: left\"><span style=\"font-family: Book Antiqua, Palatino;font-size: 14pt;color: #000000\"><strong><em>Ce service assure<\/em><\/strong><em>\u00a0:<\/em><\/span><\/p>\n<p dir=\"ltr\" style=\"text-align: left\"><span style=\"font-family: Book Antiqua, Palatino;font-size: 14pt;color: #000000\">*le suivi des activit\u00e9s de recherche des unit\u00e9s et laboratoires de recherche et la valorisation de leurs r\u00e9sultats.<\/span><\/p>\n<p dir=\"ltr\" style=\"text-align: left\"><span style=\"font-family: Book Antiqua, Palatino;font-size: 14pt;color: #000000\">*la gestion des projets de recherche CNEPRU et PNR ainsi que la valorisation de leurs r\u00e9sultats<\/span><\/p>\n<p dir=\"ltr\" style=\"text-align: left\"><span style=\"font-family: Book Antiqua, Palatino;font-size: 14pt;color: #000000\">*l\u2019\u00e9tablissement des <\/span><span style=\"font-family: Book Antiqua, Palatino;font-size: 14pt;color: #000000\">attestations de recherche et des autorisations de recherche<\/span><\/p>\n<p dir=\"ltr\" style=\"text-align: left\"><span style=\"font-family: Book Antiqua, Palatino;font-size: 14pt;color: #000000\">*le suivi des bilans et des budgets triennaux des unit\u00e9s et laboratoires de recherche<\/span><\/p>\n<p dir=\"ltr\" style=\"text-align: left\"><span style=\"font-family: Book Antiqua, Palatino;font-size: 14pt;color: #000000\">*la collection et la diffusion des informations sur les activit\u00e9s de recherche men\u00e9es par l\u2019Universit\u00e9<\/span><\/p>\n","protected":false},"excerpt":{"rendered":"<p>\u00a0\u00a0\u00a0\u00a0\u00a0\u00a0\u00a0\u00a0\u00a0\u00a0\u00a0\u00a0\u00a0\u00a0\u00a0 Services du suivi et des activit\u00e9s de recherche Chef Service Mlle: Zeghoudi safia\u00a0 E-mail :\/ T\u00e9l :\/ Fax :\/ \u00a0Les t\u00e2ches\u00a0 Confi\u00e9 Ce service assure\u00a0: *le suivi des activit\u00e9s de recherche des unit\u00e9s et laboratoires de recherche et la valorisation de leurs r\u00e9sultats. *la gestion des projets de recherche CNEPRU et PNR ainsi que [&hellip;]<\/p>\n","protected":false},"author":1,"featured_media":0,"parent":7591,"menu_order":0,"comment_status":"closed","ping_status":"closed","template":"elementor_header_footer","meta":{"_exactmetrics_skip_tracking":false,"_exactmetrics_sitenote_active":false,"_exactmetrics_sitenote_note":"","_exactmetrics_sitenote_category":0,"footnotes":""},"coauthors":[217,529],"class_list":["post-7607","page","type-page","status-publish","hentry"],"_links":{"self":[{"href":"https:\/\/lagh-univ.dz\/fr\/wp-json\/wp\/v2\/pages\/7607","targetHints":{"allow":["GET"]}}],"collection":[{"href":"https:\/\/lagh-univ.dz\/fr\/wp-json\/wp\/v2\/pages"}],"about":[{"href":"https:\/\/lagh-univ.dz\/fr\/wp-json\/wp\/v2\/types\/page"}],"author":[{"embeddable":true,"href":"https:\/\/lagh-univ.dz\/fr\/wp-json\/wp\/v2\/users\/1"}],"replies":[{"embeddable":true,"href":"https:\/\/lagh-univ.dz\/fr\/wp-json\/wp\/v2\/comments?post=7607"}],"version-history":[{"count":8,"href":"https:\/\/lagh-univ.dz\/fr\/wp-json\/wp\/v2\/pages\/7607\/revisions"}],"predecessor-version":[{"id":21253,"href":"https:\/\/lagh-univ.dz\/fr\/wp-json\/wp\/v2\/pages\/7607\/revisions\/21253"}],"up":[{"embeddable":true,"href":"https:\/\/lagh-univ.dz\/fr\/wp-json\/wp\/v2\/pages\/7591"}],"wp:attachment":[{"href":"https:\/\/lagh-univ.dz\/fr\/wp-json\/wp\/v2\/media?parent=7607"}],"wp:term":[{"taxonomy":"author","embeddable":true,"href":"https:\/\/lagh-univ.dz\/fr\/wp-json\/wp\/v2\/coauthors?post=7607"}],"curies":[{"name":"wp","href":"https:\/\/api.w.org\/{rel}","templated":true}]}}