{"id":7613,"date":"2018-07-18T19:23:46","date_gmt":"2018-07-18T21:23:46","guid":{"rendered":"https:\/\/lagh-univ.dz\/langue-post-graduation-mot-de-vice-doyen\/"},"modified":"2025-09-11T08:52:40","modified_gmt":"2025-09-11T07:52:40","slug":"langue-post-graduation-mot-de-vice-doyen","status":"publish","type":"page","link":"https:\/\/lagh-univ.dz\/fr\/langue-formation\/langue-post-graduation-mot-de-vice-doyen\/","title":{"rendered":"Langue- post Graduation-mot de vice doyen"},"content":{"rendered":"<p>&nbsp;<\/p>\n<p style=\"text-align: center\"><span style=\"color: #000000;font-family: arabic-kufi;font-size: 14pt\">\u00a0 <span style=\"text-decoration: underline\"><span style=\"font-size: 18pt\"><strong><span style=\"font-family: Book Antiqua, Palatino\">Mot de vice doyen post de graduation<\/span><\/strong><\/span><\/span><\/span><\/p>\n<p style=\"text-align: left\"><span style=\"color: #000000;font-family: arabic-kufi;font-size: 14pt\"><span style=\"font-family: Book Antiqua, Palatino\"><span lang=\"EN-US\">La mission du service du vice doyen en charge des \u00e9tudes sup\u00e9rieures, de la recherche scientifique et des relations ext\u00e9rieures de la Facult\u00e9 des Lettres et des Langues de l\u2019Universit\u00e9 d\u2019Ammar Telidji de Laghouat est d\u2019assurer les d\u00e9roulements et proc\u00e9dures des \u00e9tudes en post graduation ainsi que l\u2019habilitation universitaire, l\u2019application de ces proc\u00e9dures dans ce domaine, le suivi des activit\u00e9s de recherche par les \u00e9quipes de laboratoires de recherche en coordination avec les d\u00e9partements et les chefs des projets, assurance du suivi des programmes de perfectionnement \u00e0 l\u2019\u00e9tranger, mise \u00e0 jour de l\u2019information et les activit\u00e9s visant \u00e0 promouvoir les \u00e9changes entre les universit\u00e9s ainsi que la coop\u00e9ration dans les domaines de l\u2019\u00e9ducation et de la recherche, contr\u00f4le et suivi de l\u2019organisation et de la programmation des activit\u00e9s scientifiques (s\u00e9minaires, colloques, journ\u00e9es d\u2019\u00e9tudes), et enfin le contr\u00f4le du bon fonctionnement du conseil scientifique de la facult\u00e9.<\/span><\/span><br \/>\n<\/span><\/p>\n<p style=\"text-align: center\"><span style=\"font-family: Book Antiqua, Palatino;font-size: 14pt;color: #008000\"><strong>vice doyen post de graduation<\/strong><\/span><\/p>\n<p style=\"text-align: center\"><span style=\"font-family: Book Antiqua, Palatino;font-size: 14pt;color: #008000\">Dr.BEDARNIA Mebarka<br \/>\n<\/span><\/p>\n","protected":false},"excerpt":{"rendered":"<p>&nbsp; \u00a0 Mot de vice doyen post de graduation La mission du service du vice doyen en charge des \u00e9tudes sup\u00e9rieures, de la recherche scientifique et des relations ext\u00e9rieures de la Facult\u00e9 des Lettres et des Langues de l\u2019Universit\u00e9 d\u2019Ammar Telidji de Laghouat est d\u2019assurer les d\u00e9roulements et proc\u00e9dures des \u00e9tudes en post graduation ainsi [&hellip;]<\/p>\n","protected":false},"author":1,"featured_media":0,"parent":7591,"menu_order":0,"comment_status":"closed","ping_status":"closed","template":"elementor_header_footer","meta":{"_exactmetrics_skip_tracking":false,"_exactmetrics_sitenote_active":false,"_exactmetrics_sitenote_note":"","_exactmetrics_sitenote_category":0,"footnotes":""},"coauthors":[217,529],"class_list":["post-7613","page","type-page","status-publish","hentry"],"_links":{"self":[{"href":"https:\/\/lagh-univ.dz\/fr\/wp-json\/wp\/v2\/pages\/7613","targetHints":{"allow":["GET"]}}],"collection":[{"href":"https:\/\/lagh-univ.dz\/fr\/wp-json\/wp\/v2\/pages"}],"about":[{"href":"https:\/\/lagh-univ.dz\/fr\/wp-json\/wp\/v2\/types\/page"}],"author":[{"embeddable":true,"href":"https:\/\/lagh-univ.dz\/fr\/wp-json\/wp\/v2\/users\/1"}],"replies":[{"embeddable":true,"href":"https:\/\/lagh-univ.dz\/fr\/wp-json\/wp\/v2\/comments?post=7613"}],"version-history":[{"count":12,"href":"https:\/\/lagh-univ.dz\/fr\/wp-json\/wp\/v2\/pages\/7613\/revisions"}],"predecessor-version":[{"id":68496,"href":"https:\/\/lagh-univ.dz\/fr\/wp-json\/wp\/v2\/pages\/7613\/revisions\/68496"}],"up":[{"embeddable":true,"href":"https:\/\/lagh-univ.dz\/fr\/wp-json\/wp\/v2\/pages\/7591"}],"wp:attachment":[{"href":"https:\/\/lagh-univ.dz\/fr\/wp-json\/wp\/v2\/media?parent=7613"}],"wp:term":[{"taxonomy":"author","embeddable":true,"href":"https:\/\/lagh-univ.dz\/fr\/wp-json\/wp\/v2\/coauthors?post=7613"}],"curies":[{"name":"wp","href":"https:\/\/api.w.org\/{rel}","templated":true}]}}