{"id":7699,"date":"2018-07-21T11:35:25","date_gmt":"2018-07-21T11:35:25","guid":{"rendered":"https:\/\/lagh-univ.dz\/langue-departement-anglais-formations-licence\/"},"modified":"2020-02-19T08:42:40","modified_gmt":"2020-02-19T10:42:40","slug":"langue-departement-anglais-formations-licence","status":"publish","type":"page","link":"https:\/\/lagh-univ.dz\/fr\/langue-departement-anglais\/langue-departement-anglais-formations-licence\/","title":{"rendered":"Langue-Departement- anglais-formations -licence"},"content":{"rendered":"<p style=\"text-align: left\"><span style=\"font-size: 18pt\"><strong><span style=\"font-family: arabic-kufi\">\u00a0\u00a0\u00a0\u00a0\u00a0\u00a0\u00a0\u00a0\u00a0\u00a0\u00a0 <span style=\"font-family: Book Antiqua, Palatino;color: #000000\">Formation licence department d&rsquo;anglais<\/span><\/span><\/strong><\/span><\/p>\n<table style=\"background-color: #edeff5;width: 528px\" width=\"528\">\n<tbody>\n<tr>\n<td style=\"width: 98.0833px\" rowspan=\"3\">&nbsp;<\/p>\n<p><span style=\"font-family: Book Antiqua, Palatino;font-size: 14pt;color: #000000\">Licence<\/span><\/td>\n<td style=\"width: 126.817px\"><span style=\"font-family: Book Antiqua, Palatino;font-size: 14pt;color: #000000\">1 \u00e9r\u00e9 ann\u00e9e<br \/>\n<\/span><\/td>\n<td style=\"width: 281.1px\"><span style=\"font-family: Book Antiqua, Palatino;font-size: 14pt;color: #000000\">\u00a0anglais<\/span><\/td>\n<\/tr>\n<tr>\n<td style=\"width: 126.817px\"><span style=\"font-family: Book Antiqua, Palatino;font-size: 14pt;color: #000000\">2 \u00e9me ann\u00e9e<br \/>\n<\/span><\/td>\n<td style=\"width: 281.1px\"><span style=\"font-family: Book Antiqua, Palatino;font-size: 14pt;color: #000000\">\u00a0anglais<\/span><\/td>\n<\/tr>\n<tr>\n<td style=\"width: 126.817px\"><span style=\"font-family: Book Antiqua, Palatino;font-size: 14pt;color: #000000\">3 \u00e9m\u00e9 ann\u00e9e<br \/>\n<\/span><\/td>\n<td style=\"width: 281.1px\"><span style=\"font-family: Book Antiqua, Palatino;font-size: 14pt;color: #000000\">\u00a0anglais<\/span><\/td>\n<\/tr>\n<\/tbody>\n<\/table>\n","protected":false},"excerpt":{"rendered":"<p>\u00a0\u00a0\u00a0\u00a0\u00a0\u00a0\u00a0\u00a0\u00a0\u00a0\u00a0 Formation licence department d&rsquo;anglais &nbsp; Licence 1 \u00e9r\u00e9 ann\u00e9e \u00a0anglais 2 \u00e9me ann\u00e9e \u00a0anglais 3 \u00e9m\u00e9 ann\u00e9e \u00a0anglais<\/p>\n","protected":false},"author":17,"featured_media":0,"parent":7621,"menu_order":0,"comment_status":"closed","ping_status":"closed","template":"elementor_header_footer","meta":{"_exactmetrics_skip_tracking":false,"_exactmetrics_sitenote_active":false,"_exactmetrics_sitenote_note":"","_exactmetrics_sitenote_category":0,"footnotes":""},"coauthors":[529],"class_list":["post-7699","page","type-page","status-publish","hentry"],"_links":{"self":[{"href":"https:\/\/lagh-univ.dz\/fr\/wp-json\/wp\/v2\/pages\/7699","targetHints":{"allow":["GET"]}}],"collection":[{"href":"https:\/\/lagh-univ.dz\/fr\/wp-json\/wp\/v2\/pages"}],"about":[{"href":"https:\/\/lagh-univ.dz\/fr\/wp-json\/wp\/v2\/types\/page"}],"author":[{"embeddable":true,"href":"https:\/\/lagh-univ.dz\/fr\/wp-json\/wp\/v2\/users\/17"}],"replies":[{"embeddable":true,"href":"https:\/\/lagh-univ.dz\/fr\/wp-json\/wp\/v2\/comments?post=7699"}],"version-history":[{"count":8,"href":"https:\/\/lagh-univ.dz\/fr\/wp-json\/wp\/v2\/pages\/7699\/revisions"}],"predecessor-version":[{"id":29401,"href":"https:\/\/lagh-univ.dz\/fr\/wp-json\/wp\/v2\/pages\/7699\/revisions\/29401"}],"up":[{"embeddable":true,"href":"https:\/\/lagh-univ.dz\/fr\/wp-json\/wp\/v2\/pages\/7621"}],"wp:attachment":[{"href":"https:\/\/lagh-univ.dz\/fr\/wp-json\/wp\/v2\/media?parent=7699"}],"wp:term":[{"taxonomy":"author","embeddable":true,"href":"https:\/\/lagh-univ.dz\/fr\/wp-json\/wp\/v2\/coauthors?post=7699"}],"curies":[{"name":"wp","href":"https:\/\/api.w.org\/{rel}","templated":true}]}}