{"id":7830,"date":"2018-07-18T19:32:00","date_gmt":"2018-07-18T21:32:00","guid":{"rendered":"https:\/\/lagh-univ.dz\/economie-post-graduation-service-de-suivit-des-activites-des-recherches\/"},"modified":"2020-09-24T07:05:15","modified_gmt":"2020-09-24T09:05:15","slug":"economie-post-graduation-service-de-suivit-des-activites-des-recherches","status":"publish","type":"page","link":"https:\/\/lagh-univ.dz\/fr\/economie-post-graduation-service-de-suivit-des-activites-des-recherches\/","title":{"rendered":"service des activit\u00e9s de recherche de suivi"},"content":{"rendered":"<p><span style=\"text-decoration: underline\"><strong><span style=\"font-family: 'Book Antiqua', Palatino;font-size: 18pt;color: #ff0000;text-decoration: underline\">service des activit\u00e9s de recherche de suivi :<\/span><\/strong><\/span><\/p>\n<p><strong><span style=\"font-family: 'Book Antiqua', Palatino;font-size: 14pt;color: #000000\"> Suivre l&rsquo;avancement des activit\u00e9s de recherche scientifique<\/span><\/strong><\/p>\n<p><strong><span style=\"font-family: 'Book Antiqua', Palatino;font-size: 14pt;color: #000000\"> Suivre les progr\u00e8s du conseil scientifique de la facult\u00e9 et pr\u00e9server ses archives<\/span><\/strong><\/p>\n","protected":false},"excerpt":{"rendered":"<p>service des activit\u00e9s de recherche de suivi : Suivre l&rsquo;avancement des activit\u00e9s de recherche scientifique Suivre les progr\u00e8s du conseil scientifique de la facult\u00e9 et pr\u00e9server ses archives<\/p>\n","protected":false},"author":8,"featured_media":0,"parent":0,"menu_order":0,"comment_status":"closed","ping_status":"closed","template":"elementor_header_footer","meta":{"_exactmetrics_skip_tracking":false,"_exactmetrics_sitenote_active":false,"_exactmetrics_sitenote_note":"","_exactmetrics_sitenote_category":0,"footnotes":""},"coauthors":[526],"class_list":["post-7830","page","type-page","status-publish","hentry"],"_links":{"self":[{"href":"https:\/\/lagh-univ.dz\/fr\/wp-json\/wp\/v2\/pages\/7830","targetHints":{"allow":["GET"]}}],"collection":[{"href":"https:\/\/lagh-univ.dz\/fr\/wp-json\/wp\/v2\/pages"}],"about":[{"href":"https:\/\/lagh-univ.dz\/fr\/wp-json\/wp\/v2\/types\/page"}],"author":[{"embeddable":true,"href":"https:\/\/lagh-univ.dz\/fr\/wp-json\/wp\/v2\/users\/8"}],"replies":[{"embeddable":true,"href":"https:\/\/lagh-univ.dz\/fr\/wp-json\/wp\/v2\/comments?post=7830"}],"version-history":[{"count":4,"href":"https:\/\/lagh-univ.dz\/fr\/wp-json\/wp\/v2\/pages\/7830\/revisions"}],"predecessor-version":[{"id":35481,"href":"https:\/\/lagh-univ.dz\/fr\/wp-json\/wp\/v2\/pages\/7830\/revisions\/35481"}],"wp:attachment":[{"href":"https:\/\/lagh-univ.dz\/fr\/wp-json\/wp\/v2\/media?parent=7830"}],"wp:term":[{"taxonomy":"author","embeddable":true,"href":"https:\/\/lagh-univ.dz\/fr\/wp-json\/wp\/v2\/coauthors?post=7830"}],"curies":[{"name":"wp","href":"https:\/\/api.w.org\/{rel}","templated":true}]}}