{"id":7834,"date":"2018-07-18T19:26:28","date_gmt":"2018-07-18T21:26:28","guid":{"rendered":"https:\/\/lagh-univ.dz\/economie-post-graduation-service-de-suivi-de-la-formation\/"},"modified":"2020-09-23T08:24:41","modified_gmt":"2020-09-23T10:24:41","slug":"economie-post-graduation-service-de-suivi-de-la-formation","status":"publish","type":"page","link":"https:\/\/lagh-univ.dz\/fr\/economie-post-graduation-service-de-suivi-de-la-formation\/","title":{"rendered":"service de la formation continue apr\u00e8s l&rsquo;obtention du dipl\u00f4me"},"content":{"rendered":"<pre id=\"tw-target-text\" class=\"tw-data-text tw-text-large XcVN5d tw-ta\" data-placeholder=\"Traduction\"><span lang=\"fr\" style=\"color: #000000;font-size: 14pt;font-family: 'Book Antiqua', Palatino\"><span style=\"text-decoration: underline\"><span style=\"color: #ff0000;font-size: 18pt;text-decoration: underline\">service de la formation continue apr\u00e8s l'obtention du dipl\u00f4me:\r\n<\/span><\/span>\r\nSuivi des examens d'entr\u00e9e post-dipl\u00f4me\r\n \r\n\r\nMettre en \u0153uvre les proc\u00e9dures n\u00e9cessaires pour s'assurer que la formation se d\u00e9roule au-del\u00e0 de la graduation\r\n \r\n\r\nAssurer l'avancement des discussions de notes et de th\u00e8ses apr\u00e8s l'obtention du dipl\u00f4me\r\n \r\n\r\nMise en place de programmes d'am\u00e9lioration de niveau et renouvellement de l'information des enseignants<\/span><\/pre>\n","protected":false},"excerpt":{"rendered":"<p>service de la formation continue apr\u00e8s l&rsquo;obtention du dipl\u00f4me: Suivi des examens d&rsquo;entr\u00e9e post-dipl\u00f4me Mettre en \u0153uvre les proc\u00e9dures n\u00e9cessaires pour s&rsquo;assurer que la formation se d\u00e9roule au-del\u00e0 de la graduation Assurer l&rsquo;avancement des discussions de notes et de th\u00e8ses apr\u00e8s l&rsquo;obtention du dipl\u00f4me Mise en place de programmes d&rsquo;am\u00e9lioration de niveau et renouvellement de [&hellip;]<\/p>\n","protected":false},"author":8,"featured_media":0,"parent":0,"menu_order":0,"comment_status":"closed","ping_status":"closed","template":"elementor_header_footer","meta":{"_exactmetrics_skip_tracking":false,"_exactmetrics_sitenote_active":false,"_exactmetrics_sitenote_note":"","_exactmetrics_sitenote_category":0,"footnotes":""},"coauthors":[526],"class_list":["post-7834","page","type-page","status-publish","hentry"],"_links":{"self":[{"href":"https:\/\/lagh-univ.dz\/fr\/wp-json\/wp\/v2\/pages\/7834","targetHints":{"allow":["GET"]}}],"collection":[{"href":"https:\/\/lagh-univ.dz\/fr\/wp-json\/wp\/v2\/pages"}],"about":[{"href":"https:\/\/lagh-univ.dz\/fr\/wp-json\/wp\/v2\/types\/page"}],"author":[{"embeddable":true,"href":"https:\/\/lagh-univ.dz\/fr\/wp-json\/wp\/v2\/users\/8"}],"replies":[{"embeddable":true,"href":"https:\/\/lagh-univ.dz\/fr\/wp-json\/wp\/v2\/comments?post=7834"}],"version-history":[{"count":3,"href":"https:\/\/lagh-univ.dz\/fr\/wp-json\/wp\/v2\/pages\/7834\/revisions"}],"predecessor-version":[{"id":35371,"href":"https:\/\/lagh-univ.dz\/fr\/wp-json\/wp\/v2\/pages\/7834\/revisions\/35371"}],"wp:attachment":[{"href":"https:\/\/lagh-univ.dz\/fr\/wp-json\/wp\/v2\/media?parent=7834"}],"wp:term":[{"taxonomy":"author","embeddable":true,"href":"https:\/\/lagh-univ.dz\/fr\/wp-json\/wp\/v2\/coauthors?post=7834"}],"curies":[{"name":"wp","href":"https:\/\/api.w.org\/{rel}","templated":true}]}}