{"id":7842,"date":"2018-07-18T19:52:23","date_gmt":"2018-07-18T21:52:23","guid":{"rendered":"https:\/\/lagh-univ.dz\/economie-graduation-services-diplomes\/"},"modified":"2020-09-24T07:35:56","modified_gmt":"2020-09-24T09:35:56","slug":"economie-graduation-services-diplomes","status":"publish","type":"page","link":"https:\/\/lagh-univ.dz\/fr\/economie-graduation-services-diplomes\/","title":{"rendered":"service de l&rsquo;\u00e9ducation et de l&rsquo;\u00e9valuation"},"content":{"rendered":"<p><img fetchpriority=\"high\" decoding=\"async\" class=\"alignleft wp-image-28710 size-full\" src=\"https:\/\/lagh-univ.dz\/wp-content\/uploads\/2020\/02\/\u063a\u0632\u0627\u0644-\u0645\u0641\u062a\u0627\u062d.jpg\" alt=\"\" width=\"239\" height=\"287\" \/><\/p>\n<pre id=\"tw-target-text\" class=\"tw-data-text tw-text-large XcVN5d tw-ta\" data-placeholder=\"Traduction\"><span lang=\"fr\">\r\n<strong><span style=\"color: #000000;font-size: 14pt;font-family: 'Book Antiqua', Palatino\"><span style=\"text-decoration: underline\"><span style=\"color: #ff0000;font-size: 18pt;text-decoration: underline\">Facult\u00e9 des sciences \u00e9conomiques, commerciales et de gestion\r\n<\/span>\r\n<span style=\"color: #000080;text-decoration: underline\">M : Ghazal Muftah\r\n<\/span><\/span>\r\n<span style=\"color: #000080\">Chef du D\u00e9partement de l'\u00e9ducation et de l'\u00e9valuation\r\n<\/span>\r\nLieu: Doyen du Coll\u00e8ge\r\n\r\nLes principales t\u00e2ches du D\u00e9partement de l'\u00e9ducation et de l'\u00e9valuation sont les suivantes:\r\n\r\nExaminer les rapports et dossiers p\u00e9dagogiques soumis par les chefs de d\u00e9partement, les responsables du personnel et les majors.\r\nExaminer et contr\u00f4ler dans quelle mesure les programmes (unit\u00e9s, normes, transactions et soldes) sont conformes aux offres de formation approuv\u00e9es pour tous les niveaux et sp\u00e9cialisations.\r\nRevoir et suivre les d\u00e9lib\u00e9rations sur les r\u00e9sultats des \u00e9tudiants au niveau des d\u00e9partements d'enseignement pour tous les d\u00e9partements.\r\nBonne pr\u00e9paration pour toutes sortes d'examens.\r\nSuivez l'avancement des examens.\r\nAider \u00e0 diriger les nouveaux \u00e9l\u00e8ves du baccalaur\u00e9at.<\/span><\/strong><\/span><\/pre>\n","protected":false},"excerpt":{"rendered":"<p>Facult\u00e9 des sciences \u00e9conomiques, commerciales et de gestion M : Ghazal Muftah Chef du D\u00e9partement de l&rsquo;\u00e9ducation et de l&rsquo;\u00e9valuation Lieu: Doyen du Coll\u00e8ge Les principales t\u00e2ches du D\u00e9partement de l&rsquo;\u00e9ducation et de l&rsquo;\u00e9valuation sont les suivantes: Examiner les rapports et dossiers p\u00e9dagogiques soumis par les chefs de d\u00e9partement, les responsables du personnel et les [&hellip;]<\/p>\n","protected":false},"author":8,"featured_media":0,"parent":0,"menu_order":0,"comment_status":"closed","ping_status":"closed","template":"elementor_header_footer","meta":{"_exactmetrics_skip_tracking":false,"_exactmetrics_sitenote_active":false,"_exactmetrics_sitenote_note":"","_exactmetrics_sitenote_category":0,"footnotes":""},"coauthors":[526],"class_list":["post-7842","page","type-page","status-publish","hentry"],"_links":{"self":[{"href":"https:\/\/lagh-univ.dz\/fr\/wp-json\/wp\/v2\/pages\/7842","targetHints":{"allow":["GET"]}}],"collection":[{"href":"https:\/\/lagh-univ.dz\/fr\/wp-json\/wp\/v2\/pages"}],"about":[{"href":"https:\/\/lagh-univ.dz\/fr\/wp-json\/wp\/v2\/types\/page"}],"author":[{"embeddable":true,"href":"https:\/\/lagh-univ.dz\/fr\/wp-json\/wp\/v2\/users\/8"}],"replies":[{"embeddable":true,"href":"https:\/\/lagh-univ.dz\/fr\/wp-json\/wp\/v2\/comments?post=7842"}],"version-history":[{"count":6,"href":"https:\/\/lagh-univ.dz\/fr\/wp-json\/wp\/v2\/pages\/7842\/revisions"}],"predecessor-version":[{"id":35492,"href":"https:\/\/lagh-univ.dz\/fr\/wp-json\/wp\/v2\/pages\/7842\/revisions\/35492"}],"wp:attachment":[{"href":"https:\/\/lagh-univ.dz\/fr\/wp-json\/wp\/v2\/media?parent=7842"}],"wp:term":[{"taxonomy":"author","embeddable":true,"href":"https:\/\/lagh-univ.dz\/fr\/wp-json\/wp\/v2\/coauthors?post=7842"}],"curies":[{"name":"wp","href":"https:\/\/api.w.org\/{rel}","templated":true}]}}