{"id":7844,"date":"2018-07-19T19:22:33","date_gmt":"2018-07-19T21:22:33","guid":{"rendered":"https:\/\/lagh-univ.dz\/economie-graduation-service-scolarite\/"},"modified":"2020-09-23T07:55:20","modified_gmt":"2020-09-23T09:55:20","slug":"economie-graduation-service-scolarite","status":"publish","type":"page","link":"https:\/\/lagh-univ.dz\/fr\/economie-graduation-service-scolarite\/","title":{"rendered":"service d&rsquo;enseignement"},"content":{"rendered":"<p><strong><span style=\"font-size: 18pt\"><span style=\"color: #ff0000\"><span style=\"font-family: arabic-kufi\"><img decoding=\"async\" class=\"wp-image-28827 alignleft\" src=\"https:\/\/lagh-univ.dz\/wp-content\/uploads\/2020\/02\/2020_02_19-14_46-Office-Lens-236x300.jpg\" alt=\"\" width=\"180\" height=\"229\" srcset=\"https:\/\/lagh-univ.dz\/wp-content\/uploads\/2020\/02\/2020_02_19-14_46-Office-Lens-236x300.jpg 236w, https:\/\/lagh-univ.dz\/wp-content\/uploads\/2020\/02\/2020_02_19-14_46-Office-Lens-768x975.jpg 768w, https:\/\/lagh-univ.dz\/wp-content\/uploads\/2020\/02\/2020_02_19-14_46-Office-Lens-807x1024.jpg 807w, https:\/\/lagh-univ.dz\/wp-content\/uploads\/2020\/02\/2020_02_19-14_46-Office-Lens.jpg 851w\" sizes=\"(max-width: 180px) 100vw, 180px\" \/><\/span><\/span><\/span><\/strong><\/p>\n<p>&nbsp;<\/p>\n<p style=\"color: #333333;font-family: Tahoma, 'Times New Roman', 'Bitstream Charter', Times, serif;font-size: 16px;font-style: normal;font-weight: 400;letter-spacing: normal;text-align: start;text-indent: 0px;text-transform: none\">\n<p style=\"text-align: left\"><span style=\"font-size: 18pt\"><strong><span style=\"font-family: 'Book Antiqua', Palatino\"><span lang=\"fr\"><span style=\"text-decoration: underline\"><span style=\"color: #ff0000;text-decoration: underline\">Facult\u00e9 des sciences \u00e9conomiques, commerciales et de gestion <\/span><\/span><\/span><\/span><\/strong><\/span><\/p>\n<p style=\"text-align: left\"><strong><span style=\"font-family: 'Book Antiqua', Palatino\"><span lang=\"fr\" style=\"font-size: 14pt\"><span style=\"text-decoration: underline\"> <span style=\"color: #000080;text-decoration: underline\">M.: Ali Hebbich <\/span><\/span><\/span><\/span><\/strong><\/p>\n<p style=\"text-align: left\"><strong><span style=\"font-family: 'Book Antiqua', Palatino\"><span lang=\"fr\" style=\"font-size: 14pt\"> <span style=\"color: #000080\">Chef du d\u00e9partement d&rsquo;enseignement <\/span><\/span><\/span><\/strong><\/p>\n<p style=\"text-align: left\"><strong><span style=\"font-family: 'Book Antiqua', Palatino;color: #000000\"><span lang=\"fr\" style=\"font-size: 14pt\"> Lieu: Doyen du Coll\u00e8ge <\/span><\/span><\/strong><\/p>\n<p style=\"text-align: left\"><strong><span style=\"font-family: 'Book Antiqua', Palatino;color: #000000\"><span lang=\"fr\" style=\"font-size: 14pt\">\u00a0Les principales t\u00e2ches du d\u00e9partement d&rsquo;enseignement sont les :<\/span><\/span><\/strong><\/p>\n<ul style=\"list-style-type: circle\">\n<li class=\"tw-data-text tw-text-large XcVN5d tw-ta\" style=\"font-family: Consolas, Monaco, monospace;color: #333333;font-size: 16px;font-style: normal;font-weight: 400;letter-spacing: normal;text-align: start;text-indent: 0px;text-transform: none\" data-placeholder=\"Traduction\"><strong><span style=\"font-family: 'Book Antiqua', Palatino;color: #000000\"><span lang=\"fr\" style=\"font-size: 14pt\">suivantes: Superviser les inscriptions des nouveaux bacheliers. <\/span><\/span><\/strong><\/li>\n<li class=\"tw-data-text tw-text-large XcVN5d tw-ta\" style=\"font-family: Consolas, Monaco, monospace;color: #333333;font-size: 16px;font-style: normal;font-weight: 400;letter-spacing: normal;text-align: start;text-indent: 0px;text-transform: none\" data-placeholder=\"Traduction\"><strong><span style=\"font-family: 'Book Antiqua', Palatino;color: #000000\"><span lang=\"fr\" style=\"font-size: 14pt\">Superviser le processus de transfert. Consultez la base de donn\u00e9es <\/span><\/span><\/strong><\/li>\n<li class=\"tw-data-text tw-text-large XcVN5d tw-ta\" style=\"font-family: Consolas, Monaco, monospace;color: #333333;font-size: 16px;font-style: normal;font-weight: 400;letter-spacing: normal;text-align: start;text-indent: 0px;text-transform: none\" data-placeholder=\"Traduction\"><strong><span style=\"font-family: 'Book Antiqua', Palatino;color: #000000\"><span lang=\"fr\" style=\"font-size: 14pt\">du service national. Suivez le statut des \u00e9tudiants \u00e9trangers au <\/span><\/span><\/strong><\/li>\n<li class=\"tw-data-text tw-text-large XcVN5d tw-ta\" style=\"font-family: Consolas, Monaco, monospace;color: #333333;font-size: 16px;font-style: normal;font-weight: 400;letter-spacing: normal;text-align: start;text-indent: 0px;text-transform: none\" data-placeholder=\"Traduction\"><strong><span style=\"font-family: 'Book Antiqua', Palatino;color: #000000\"><span lang=\"fr\" style=\"font-size: 14pt\">coll\u00e8ge. Pr\u00e9paration des inscriptions pour la nouvelle ann\u00e9e universitaire pour les nouveaux bacheliers.<\/span><\/span><\/strong><\/li>\n<\/ul>\n","protected":false},"excerpt":{"rendered":"<p>&nbsp; Facult\u00e9 des sciences \u00e9conomiques, commerciales et de gestion M.: Ali Hebbich Chef du d\u00e9partement d&rsquo;enseignement Lieu: Doyen du Coll\u00e8ge \u00a0Les principales t\u00e2ches du d\u00e9partement d&rsquo;enseignement sont les : suivantes: Superviser les inscriptions des nouveaux bacheliers. Superviser le processus de transfert. Consultez la base de donn\u00e9es du service national. Suivez le statut des \u00e9tudiants \u00e9trangers [&hellip;]<\/p>\n","protected":false},"author":8,"featured_media":0,"parent":0,"menu_order":0,"comment_status":"closed","ping_status":"closed","template":"elementor_header_footer","meta":{"_exactmetrics_skip_tracking":false,"_exactmetrics_sitenote_active":false,"_exactmetrics_sitenote_note":"","_exactmetrics_sitenote_category":0,"footnotes":""},"coauthors":[526],"class_list":["post-7844","page","type-page","status-publish","hentry"],"_links":{"self":[{"href":"https:\/\/lagh-univ.dz\/fr\/wp-json\/wp\/v2\/pages\/7844","targetHints":{"allow":["GET"]}}],"collection":[{"href":"https:\/\/lagh-univ.dz\/fr\/wp-json\/wp\/v2\/pages"}],"about":[{"href":"https:\/\/lagh-univ.dz\/fr\/wp-json\/wp\/v2\/types\/page"}],"author":[{"embeddable":true,"href":"https:\/\/lagh-univ.dz\/fr\/wp-json\/wp\/v2\/users\/8"}],"replies":[{"embeddable":true,"href":"https:\/\/lagh-univ.dz\/fr\/wp-json\/wp\/v2\/comments?post=7844"}],"version-history":[{"count":5,"href":"https:\/\/lagh-univ.dz\/fr\/wp-json\/wp\/v2\/pages\/7844\/revisions"}],"predecessor-version":[{"id":35364,"href":"https:\/\/lagh-univ.dz\/fr\/wp-json\/wp\/v2\/pages\/7844\/revisions\/35364"}],"wp:attachment":[{"href":"https:\/\/lagh-univ.dz\/fr\/wp-json\/wp\/v2\/media?parent=7844"}],"wp:term":[{"taxonomy":"author","embeddable":true,"href":"https:\/\/lagh-univ.dz\/fr\/wp-json\/wp\/v2\/coauthors?post=7844"}],"curies":[{"name":"wp","href":"https:\/\/api.w.org\/{rel}","templated":true}]}}