{"id":8436,"date":"2018-07-12T21:58:53","date_gmt":"2018-07-12T21:58:53","guid":{"rendered":"https:\/\/lagh-univ.dz\/vr-grad-retrait-de-lattestation-provisoire-de-succes\/"},"modified":"2025-11-02T15:15:37","modified_gmt":"2025-11-02T14:15:37","slug":"vr-grad-retrait-de-lattestation-provisoire-de-succes","status":"publish","type":"page","link":"https:\/\/lagh-univ.dz\/fr\/vr-grad-vice-rectorat\/vr-grad-retrait-de-lattestation-provisoire-de-succes\/","title":{"rendered":"VR grad-Retrait de l&rsquo;attestation provisoire de succ\u00e8s"},"content":{"rendered":"<p><a href=\"https:\/\/lagh-univ.dz\/\"><br \/>\n\t\t\t\t\t\t\t<img decoding=\"async\" width=\"396\" height=\"75\" src=\"https:\/\/lagh-univ.dz\/wp-content\/uploads\/2025\/11\/s5_logo-1.png\" alt=\"\" srcset=\"https:\/\/lagh-univ.dz\/wp-content\/uploads\/2025\/11\/s5_logo-1.png 396w, https:\/\/lagh-univ.dz\/wp-content\/uploads\/2025\/11\/s5_logo-1-300x57.png 300w\" sizes=\"(max-width: 396px) 100vw, 396px\" \/>\t\t\t\t\t\t\t\t<\/a><br \/>\n\t\t\t\t\t<a href=\"https:\/\/www.facebook.com\/laghuniv.dz\" target=\"_blank\"><br \/>\n\t\t\t\t\t\tFacebook<br \/>\n\t\t\t\t\t\t\t\t\t\t\t<\/a><br \/>\n\t\t\t\t\t<a href=\"https:\/\/www.youtube.com\/@universite_de_laghouat\" target=\"_blank\"><br \/>\n\t\t\t\t\t\tYoutube<br \/>\n\t\t\t\t\t\t\t\t\t\t\t<\/a><\/p>\n<h2 dir=\"ltr\" style=\"text-align: center;\">RETRAIT DE L\u2019ATTESTATION PROVISOIRE DE SUCC\u00c8S<\/h2>\n<p>\u00a0 Pour la remise de l\u2019attestation provisoire de succ\u00e8s, l\u2019\u00e9tudiant doit se munir des pi\u00e8ces suivantes\u00a0:<\/p>\n<ul>\n<li>La fiche de d\u00e9part sign\u00e9e et vis\u00e9e par tous les services de l\u2019universit\u00e9 concern\u00e9s<\/li>\n<li>La carte d\u2019\u00e9tudiant<\/li>\n<li>La carte nationale d\u2019identit\u00e9<\/li>\n<\/ul>\n<p>\u00a0\u00a0<b>N.B<\/b> : Dans le cas o\u00f9 l\u2019int\u00e9ress\u00e9 ne peut pas se pr\u00e9senter pour des raisons de force majeure, il peut d\u00e9l\u00e9guer une autre personne pour retirer son attestation provisoire de succ\u00e8s sur pr\u00e9sentation, en plus des pi\u00e8ces sus-cit\u00e9es, d\u2019une procuration l\u00e9galement reconnue. Dans le cas de d\u00e9couverte d\u2019une erreur au niveau de l\u2019attestation provisoire du baccalaur\u00e9at, l\u2019\u00e9tudiant ne peu retirer son attestation provisoire de succ\u00e8s qu\u2019apr\u00e8s avoir corrig\u00e9 l&rsquo;attestation du baccalaur\u00e9at aupr\u00e8s des services comp\u00e9tents.<\/p>\n","protected":false},"excerpt":{"rendered":"<p>Facebook Youtube RETRAIT DE L\u2019ATTESTATION PROVISOIRE DE SUCC\u00c8S \u00a0 Pour la remise de l\u2019attestation provisoire de succ\u00e8s, l\u2019\u00e9tudiant doit se munir des pi\u00e8ces suivantes\u00a0: La fiche de d\u00e9part sign\u00e9e et vis\u00e9e par tous les services de l\u2019universit\u00e9 concern\u00e9s La carte d\u2019\u00e9tudiant La carte nationale d\u2019identit\u00e9 \u00a0\u00a0N.B : Dans le cas o\u00f9 l\u2019int\u00e9ress\u00e9 ne peut pas [&hellip;]<\/p>\n","protected":false},"author":20,"featured_media":0,"parent":8420,"menu_order":0,"comment_status":"closed","ping_status":"closed","template":"elementor_header_footer","meta":{"_exactmetrics_skip_tracking":false,"_exactmetrics_sitenote_active":false,"_exactmetrics_sitenote_note":"","_exactmetrics_sitenote_category":0,"footnotes":""},"coauthors":[535],"class_list":["post-8436","page","type-page","status-publish","hentry"],"_links":{"self":[{"href":"https:\/\/lagh-univ.dz\/fr\/wp-json\/wp\/v2\/pages\/8436","targetHints":{"allow":["GET"]}}],"collection":[{"href":"https:\/\/lagh-univ.dz\/fr\/wp-json\/wp\/v2\/pages"}],"about":[{"href":"https:\/\/lagh-univ.dz\/fr\/wp-json\/wp\/v2\/types\/page"}],"author":[{"embeddable":true,"href":"https:\/\/lagh-univ.dz\/fr\/wp-json\/wp\/v2\/users\/20"}],"replies":[{"embeddable":true,"href":"https:\/\/lagh-univ.dz\/fr\/wp-json\/wp\/v2\/comments?post=8436"}],"version-history":[{"count":5,"href":"https:\/\/lagh-univ.dz\/fr\/wp-json\/wp\/v2\/pages\/8436\/revisions"}],"predecessor-version":[{"id":70334,"href":"https:\/\/lagh-univ.dz\/fr\/wp-json\/wp\/v2\/pages\/8436\/revisions\/70334"}],"up":[{"embeddable":true,"href":"https:\/\/lagh-univ.dz\/fr\/wp-json\/wp\/v2\/pages\/8420"}],"wp:attachment":[{"href":"https:\/\/lagh-univ.dz\/fr\/wp-json\/wp\/v2\/media?parent=8436"}],"wp:term":[{"taxonomy":"author","embeddable":true,"href":"https:\/\/lagh-univ.dz\/fr\/wp-json\/wp\/v2\/coauthors?post=8436"}],"curies":[{"name":"wp","href":"https:\/\/api.w.org\/{rel}","templated":true}]}}