{"id":8438,"date":"2018-07-12T22:00:21","date_gmt":"2018-07-12T22:00:21","guid":{"rendered":"https:\/\/lagh-univ.dz\/vr-grad-retrait-du-diplome-final\/"},"modified":"2025-11-02T15:15:42","modified_gmt":"2025-11-02T14:15:42","slug":"vr-grad-retrait-du-diplome-final","status":"publish","type":"page","link":"https:\/\/lagh-univ.dz\/fr\/vr-grad-vice-rectorat\/vr-grad-retrait-du-diplome-final\/","title":{"rendered":"VR grad-Retrait du dipl\u00f4me final"},"content":{"rendered":"<p><a href=\"https:\/\/lagh-univ.dz\/\"><br \/>\n\t\t\t\t\t\t\t<img decoding=\"async\" width=\"396\" height=\"75\" src=\"https:\/\/lagh-univ.dz\/wp-content\/uploads\/2025\/11\/s5_logo-1.png\" alt=\"\" srcset=\"https:\/\/lagh-univ.dz\/wp-content\/uploads\/2025\/11\/s5_logo-1.png 396w, https:\/\/lagh-univ.dz\/wp-content\/uploads\/2025\/11\/s5_logo-1-300x57.png 300w\" sizes=\"(max-width: 396px) 100vw, 396px\" \/>\t\t\t\t\t\t\t\t<\/a><br \/>\n\t\t\t\t\t<a href=\"https:\/\/www.facebook.com\/laghuniv.dz\" target=\"_blank\"><br \/>\n\t\t\t\t\t\tFacebook<br \/>\n\t\t\t\t\t\t\t\t\t\t\t<\/a><br \/>\n\t\t\t\t\t<a href=\"https:\/\/www.youtube.com\/@universite_de_laghouat\" target=\"_blank\"><br \/>\n\t\t\t\t\t\tYoutube<br \/>\n\t\t\t\t\t\t\t\t\t\t\t<\/a><\/p>\n<h2 dir=\"ltr\" style=\"text-align: center;\">[su_spacer size=\u00a0\u00bb20&Prime;]<\/h2>\n<h2 dir=\"ltr\" style=\"text-align: center;\">RETRAIT DU DIPL\u00d4ME FINAL<\/h2>\n<h2 dir=\"ltr\" style=\"text-align: center;\">[su_spacer size=\u00a0\u00bb20&Prime;]<\/h2>\n<p align=\"left\">Les pi\u00e8ces demand\u00e9es pour le retrait du dipl\u00f4me final sont\u00a0:<\/p>\n<ul>\n<li>L\u2019attestation provisoire de succ\u00e8s originale<\/li>\n<li>La carte nationale d\u2019identit\u00e9<\/li>\n<\/ul>\n<p style=\"text-align: justify;\"><b>N.B<\/b>\u00a0: Vu le nombre limit\u00e9 du papier pour dipl\u00f4me, la priorit\u00e9 de d\u00e9livrance du dipl\u00f4me final est donn\u00e9e aux \u00e9tudiants de nationalit\u00e9s \u00e9trang\u00e8res, aux \u00e9tudiants appel\u00e9s \u00e0 effectuer des \u00e9tudes \u00e0 l\u2019\u00e9tranger (sous pr\u00e9sentation de justificatifs) et les \u00e9tudiants des anciennes promotions.<\/p>\n","protected":false},"excerpt":{"rendered":"<p>Facebook Youtube [su_spacer size=\u00a0\u00bb20&Prime;] RETRAIT DU DIPL\u00d4ME FINAL [su_spacer size=\u00a0\u00bb20&Prime;] Les pi\u00e8ces demand\u00e9es pour le retrait du dipl\u00f4me final sont\u00a0: L\u2019attestation provisoire de succ\u00e8s originale La carte nationale d\u2019identit\u00e9 N.B\u00a0: Vu le nombre limit\u00e9 du papier pour dipl\u00f4me, la priorit\u00e9 de d\u00e9livrance du dipl\u00f4me final est donn\u00e9e aux \u00e9tudiants de nationalit\u00e9s \u00e9trang\u00e8res, aux \u00e9tudiants appel\u00e9s [&hellip;]<\/p>\n","protected":false},"author":20,"featured_media":0,"parent":8420,"menu_order":0,"comment_status":"closed","ping_status":"closed","template":"elementor_header_footer","meta":{"_exactmetrics_skip_tracking":false,"_exactmetrics_sitenote_active":false,"_exactmetrics_sitenote_note":"","_exactmetrics_sitenote_category":0,"footnotes":""},"coauthors":[535],"class_list":["post-8438","page","type-page","status-publish","hentry"],"_links":{"self":[{"href":"https:\/\/lagh-univ.dz\/fr\/wp-json\/wp\/v2\/pages\/8438","targetHints":{"allow":["GET"]}}],"collection":[{"href":"https:\/\/lagh-univ.dz\/fr\/wp-json\/wp\/v2\/pages"}],"about":[{"href":"https:\/\/lagh-univ.dz\/fr\/wp-json\/wp\/v2\/types\/page"}],"author":[{"embeddable":true,"href":"https:\/\/lagh-univ.dz\/fr\/wp-json\/wp\/v2\/users\/20"}],"replies":[{"embeddable":true,"href":"https:\/\/lagh-univ.dz\/fr\/wp-json\/wp\/v2\/comments?post=8438"}],"version-history":[{"count":7,"href":"https:\/\/lagh-univ.dz\/fr\/wp-json\/wp\/v2\/pages\/8438\/revisions"}],"predecessor-version":[{"id":70337,"href":"https:\/\/lagh-univ.dz\/fr\/wp-json\/wp\/v2\/pages\/8438\/revisions\/70337"}],"up":[{"embeddable":true,"href":"https:\/\/lagh-univ.dz\/fr\/wp-json\/wp\/v2\/pages\/8420"}],"wp:attachment":[{"href":"https:\/\/lagh-univ.dz\/fr\/wp-json\/wp\/v2\/media?parent=8438"}],"wp:term":[{"taxonomy":"author","embeddable":true,"href":"https:\/\/lagh-univ.dz\/fr\/wp-json\/wp\/v2\/coauthors?post=8438"}],"curies":[{"name":"wp","href":"https:\/\/api.w.org\/{rel}","templated":true}]}}