{"id":8440,"date":"2018-07-12T22:00:33","date_gmt":"2018-07-12T22:00:33","guid":{"rendered":"https:\/\/lagh-univ.dz\/vr-grad-retrait-de-lattestation-provisoire-du-baccalaureat\/"},"modified":"2025-11-02T15:15:47","modified_gmt":"2025-11-02T14:15:47","slug":"vr-grad-retrait-de-lattestation-provisoire-du-baccalaureat","status":"publish","type":"page","link":"https:\/\/lagh-univ.dz\/fr\/vr-grad-vice-rectorat\/vr-grad-retrait-de-lattestation-provisoire-du-baccalaureat\/","title":{"rendered":"VR grad-Retrait de l&rsquo;attestation provisoire du baccalaur\u00e9at"},"content":{"rendered":"<p><a href=\"https:\/\/lagh-univ.dz\/\"><br \/>\n\t\t\t\t\t\t\t<img decoding=\"async\" width=\"396\" height=\"75\" src=\"https:\/\/lagh-univ.dz\/wp-content\/uploads\/2025\/11\/s5_logo-1.png\" alt=\"\" srcset=\"https:\/\/lagh-univ.dz\/wp-content\/uploads\/2025\/11\/s5_logo-1.png 396w, https:\/\/lagh-univ.dz\/wp-content\/uploads\/2025\/11\/s5_logo-1-300x57.png 300w\" sizes=\"(max-width: 396px) 100vw, 396px\" \/>\t\t\t\t\t\t\t\t<\/a><br \/>\n\t\t\t\t\t<a href=\"https:\/\/www.facebook.com\/laghuniv.dz\" target=\"_blank\"><br \/>\n\t\t\t\t\t\tFacebook<br \/>\n\t\t\t\t\t\t\t\t\t\t\t<\/a><br \/>\n\t\t\t\t\t<a href=\"https:\/\/www.youtube.com\/@universite_de_laghouat\" target=\"_blank\"><br \/>\n\t\t\t\t\t\tYoutube<br \/>\n\t\t\t\t\t\t\t\t\t\t\t<\/a><\/p>\n<h2 dir=\"ltr\" style=\"text-align: center;\">[su_spacer size=\u00a0\u00bb20&Prime;]<\/h2>\n<h2 dir=\"ltr\" style=\"text-align: center;\">RETRAIT DE L\u2019ATTESTATION PROVISOIRE DU BACCALAUR\u00c9AT<\/h2>\n<h2 dir=\"ltr\" style=\"text-align: center;\">[su_spacer size=\u00a0\u00bb20&Prime;]<\/h2>\n<p>L\u2019original de l\u2019attestation provisoire du baccalaur\u00e9at ou du dipl\u00f4me \u00e9tranger reconnu \u00e9quivalent ne peut \u00eatre retir\u00e9 qu\u2019une fois les \u00e9tudes termin\u00e9es et le dipl\u00f4me d\u00e9finitif \u00e9tabli ou, le cas \u00e9ch\u00e9ant, \u00e0 la suite d\u2019un abandon ou d\u2019une interruption volontaire des \u00e9tudes, et ce, \u00e0 la demande de l\u2019\u00e9tudiant et contre une d\u00e9charge. Dans le cas o\u00f9 l\u2019\u00e9tudiant insiste sur le retrait de son attestation provisoire de baccalaur\u00e9at avant la remise du dipl\u00f4me final, il peut r\u00e9diger une demande dans laquelle il sp\u00e9cifie qu\u2019il se d\u00e9siste de la demande du dipl\u00f4me final.<\/p>\n","protected":false},"excerpt":{"rendered":"<p>Facebook Youtube [su_spacer size=\u00a0\u00bb20&Prime;] RETRAIT DE L\u2019ATTESTATION PROVISOIRE DU BACCALAUR\u00c9AT [su_spacer size=\u00a0\u00bb20&Prime;] L\u2019original de l\u2019attestation provisoire du baccalaur\u00e9at ou du dipl\u00f4me \u00e9tranger reconnu \u00e9quivalent ne peut \u00eatre retir\u00e9 qu\u2019une fois les \u00e9tudes termin\u00e9es et le dipl\u00f4me d\u00e9finitif \u00e9tabli ou, le cas \u00e9ch\u00e9ant, \u00e0 la suite d\u2019un abandon ou d\u2019une interruption volontaire des \u00e9tudes, et ce, [&hellip;]<\/p>\n","protected":false},"author":20,"featured_media":0,"parent":8420,"menu_order":0,"comment_status":"closed","ping_status":"closed","template":"elementor_header_footer","meta":{"_exactmetrics_skip_tracking":false,"_exactmetrics_sitenote_active":false,"_exactmetrics_sitenote_note":"","_exactmetrics_sitenote_category":0,"footnotes":""},"coauthors":[535],"class_list":["post-8440","page","type-page","status-publish","hentry"],"_links":{"self":[{"href":"https:\/\/lagh-univ.dz\/fr\/wp-json\/wp\/v2\/pages\/8440","targetHints":{"allow":["GET"]}}],"collection":[{"href":"https:\/\/lagh-univ.dz\/fr\/wp-json\/wp\/v2\/pages"}],"about":[{"href":"https:\/\/lagh-univ.dz\/fr\/wp-json\/wp\/v2\/types\/page"}],"author":[{"embeddable":true,"href":"https:\/\/lagh-univ.dz\/fr\/wp-json\/wp\/v2\/users\/20"}],"replies":[{"embeddable":true,"href":"https:\/\/lagh-univ.dz\/fr\/wp-json\/wp\/v2\/comments?post=8440"}],"version-history":[{"count":5,"href":"https:\/\/lagh-univ.dz\/fr\/wp-json\/wp\/v2\/pages\/8440\/revisions"}],"predecessor-version":[{"id":70340,"href":"https:\/\/lagh-univ.dz\/fr\/wp-json\/wp\/v2\/pages\/8440\/revisions\/70340"}],"up":[{"embeddable":true,"href":"https:\/\/lagh-univ.dz\/fr\/wp-json\/wp\/v2\/pages\/8420"}],"wp:attachment":[{"href":"https:\/\/lagh-univ.dz\/fr\/wp-json\/wp\/v2\/media?parent=8440"}],"wp:term":[{"taxonomy":"author","embeddable":true,"href":"https:\/\/lagh-univ.dz\/fr\/wp-json\/wp\/v2\/coauthors?post=8440"}],"curies":[{"name":"wp","href":"https:\/\/api.w.org\/{rel}","templated":true}]}}