{"id":8546,"date":"2018-07-13T17:59:14","date_gmt":"2018-07-13T17:59:14","guid":{"rendered":"https:\/\/lagh-univ.dz\/dv-service-des-statistiques-et-de-la-prospective\/"},"modified":"2022-12-18T10:46:04","modified_gmt":"2022-12-18T09:46:04","slug":"dv-service-des-statistiques-et-de-la-prospective","status":"publish","type":"page","link":"https:\/\/lagh-univ.dz\/fr\/dv-service-des-statistiques-et-de-la-prospective\/","title":{"rendered":"DV-Service des statistiques et de la prospective"},"content":{"rendered":"<p dir=\"ltr\" style=\"text-align: left\"><span style=\"font-family: 'Book Antiqua', Palatino;font-size: 14pt\"><b>\u00a0<\/b><span style=\"color: #ff0000\"><b><span style=\"text-decoration: underline\"><span class=\"Apple-style-span\" style=\"font-weight: normal\">\u00a01-<\/span><\/span><\/b><\/span><span style=\"text-decoration: underline\"><span class=\"Apple-style-span\" style=\"font-weight: normal\"><span style=\"color: #ff0000;text-decoration: underline\">\u00a0Ses Missions\u00a0<\/span><\/span><\/span><b><span style=\"text-decoration: underline\"><span class=\"Apple-style-span\" style=\"font-weight: normal\"><br \/>\n<\/span><\/span><\/b><\/span><\/p>\n<p dir=\"ltr\" style=\"text-align: left\"><span style=\"font-family: 'Book Antiqua', Palatino;font-size: 14pt\">La mission du service statistique et de la prospective se r\u00e9sume dans l&rsquo;op\u00e9ration de la collecte de toute les donn\u00e9es statistiques de notre Etablissement notamment \u00a0le nombre d\u2019\u00e9tudiants, enseignants, employ\u00e9es et toutes les infrastructures soit p\u00e9dagogique \u00a0(inclus les infrastructures de soutiens p\u00e9dagogiques) ou administratives (bureaux pour personnel administrative et \u00a0pour enseignants), et \u00e9galement \u00a0les donn\u00e9es p\u00e9dagogiques \u00a0concernant \u00a0le nombre d\u2019\u00e9tudiants\/enseignants par facult\u00e9s et par ses d\u00e9partements, et le nombre d\u2019\u00e9tudiants par fili\u00e8re et \u00a0par les sp\u00e9cialit\u00e9s disponibles et son \u00e9volution \u00e0 travers les ann\u00e9es universitaires.<\/span><\/p>\n<p dir=\"ltr\" style=\"text-align: left\"><span style=\"font-family: 'Book Antiqua', Palatino;font-size: 14pt\">Notre mission se r\u00e9sume \u00e9galement dans les op\u00e9rations de prospectives \u00e0 travers un ensemble de pr\u00e9visions \u00a0impos\u00e9es pour le d\u00e9veloppement \u00a0futur de l\u2019Etablissement, bas\u00e9 essentiellement sur les donn\u00e9es actuelles, et gr\u00e2ce aux propositions qui peuvent \u00eatre \u00a0sugg\u00e9rer \u00a0par tous les responsables concern\u00e9es appuyer par l\u2019ensemble des donn\u00e9es (Enseignants, Personnels, Infrastructures\u2026.) et par cons\u00e9quent \u00e9difier des propositions pour le future de l\u2019\u00e9tablissement.<\/span><\/p>\n<p dir=\"ltr\" style=\"text-align: left\"><span style=\"font-family: 'Book Antiqua', Palatino;font-size: 14pt\"><strong><span style=\"text-decoration: underline\"><span class=\"Apple-style-span\"><span style=\"color: #ff0000;text-decoration: underline\">2<\/span><\/span><\/span><\/strong><b><span style=\"text-decoration: underline\"><span class=\"Apple-style-span\" style=\"font-weight: normal\"><span style=\"color: #ff0000;text-decoration: underline\">&#8211;<\/span><\/span><\/span><\/b><span style=\"color: #ff0000\"><span style=\"text-decoration: underline\"><span class=\"Apple-style-span\" style=\"font-weight: normal\">\u00a0Le service des statistiques et de la prospective se charge des\u00a0<\/span><\/span><span style=\"text-decoration: underline\"><span class=\"Apple-style-span\">t<\/span><\/span><span style=\"text-decoration: underline\"><span class=\"Apple-style-span\">\u00e2<\/span><\/span><span style=\"text-decoration: underline\"><span class=\"Apple-style-span\">c<\/span><\/span><span style=\"text-decoration: underline\"><span class=\"Apple-style-span\" style=\"font-weight: normal\">hes suivantes<\/span><\/span><\/span><b><span style=\"text-decoration: underline\"><span class=\"Apple-style-span\" style=\"font-weight: normal\"><span style=\"color: #ff0000;text-decoration: underline\">:<\/span><br \/>\n<\/span><\/span><\/b><\/span><\/p>\n<p dir=\"ltr\"><span style=\"font-family: 'Book Antiqua', Palatino;font-size: 14pt\">-R\u00e9unir les \u00e9l\u00e9ments indispensables \u00e0 l\u2019\u00e9laboration des projets de plans de d\u00e9veloppement de l\u2019universit\u00e9 .<\/span><\/p>\n<p dir=\"ltr\"><span style=\"font-family: 'Book Antiqua', Palatino;font-size: 14pt\">-Effectuer toute \u00e9tude prospective sur les pr\u00e9visions d\u2019\u00e9volution des effectifs \u00e9tudiants de l\u2019universit\u00e9 et proposer toute mesure pour leur prise en charge, notamment en mati\u00e8re d\u2019\u00e9volution et d\u2019encadrement p\u00e9dagogique et administratif.<\/span><\/p>\n<p dir=\"ltr\"><span style=\"font-family: 'Book Antiqua', Palatino;font-size: 14pt\">-Tenir le fichier statistique de l\u2019universit\u00e9 en veillant \u00e0 sa mise \u00e0 jour p\u00e9riodique .<\/span><\/p>\n<p dir=\"ltr\" style=\"text-align: left\"><span style=\"color: #ff0000;font-family: 'Book Antiqua', Palatino;font-size: 14pt\"><b><span style=\"text-decoration: underline\"><span class=\"Apple-style-span\" style=\"font-weight: normal\">\u00a03-<\/span><\/span><\/b><span style=\"text-decoration: underline\"><span class=\"Apple-style-span\" style=\"font-weight: normal\">\u00a0Les Statistiques<\/span><\/span><b><span style=\"text-decoration: underline\"><span class=\"Apple-style-span\" style=\"font-weight: normal\">:<\/span><\/span><\/b><\/span><\/p>\n<p dir=\"ltr\"><img fetchpriority=\"high\" decoding=\"async\" class=\"aligncenter wp-image-22640\" src=\"https:\/\/lagh-univ.dz\/wp-content\/uploads\/2020\/01\/Diapositive1-2-300x225.jpg\" alt=\"\" width=\"900\" height=\"675\" srcset=\"https:\/\/lagh-univ.dz\/wp-content\/uploads\/2020\/01\/Diapositive1-2-300x225.jpg 300w, https:\/\/lagh-univ.dz\/wp-content\/uploads\/2020\/01\/Diapositive1-2-768x576.jpg 768w, https:\/\/lagh-univ.dz\/wp-content\/uploads\/2020\/01\/Diapositive1-2-340x255.jpg 340w, https:\/\/lagh-univ.dz\/wp-content\/uploads\/2020\/01\/Diapositive1-2-250x188.jpg 250w, https:\/\/lagh-univ.dz\/wp-content\/uploads\/2020\/01\/Diapositive1-2.jpg 960w\" sizes=\"(max-width: 900px) 100vw, 900px\" \/><\/p>\n<p dir=\"ltr\">\n","protected":false},"excerpt":{"rendered":"<p>\u00a0\u00a01-\u00a0Ses Missions\u00a0 La mission du service statistique et de la prospective se r\u00e9sume dans l&rsquo;op\u00e9ration de la collecte de toute les donn\u00e9es statistiques de notre Etablissement notamment \u00a0le nombre d\u2019\u00e9tudiants, enseignants, employ\u00e9es et toutes les infrastructures soit p\u00e9dagogique \u00a0(inclus les infrastructures de soutiens p\u00e9dagogiques) ou administratives (bureaux pour personnel administrative et \u00a0pour enseignants), et \u00e9galement [&hellip;]<\/p>\n","protected":false},"author":25,"featured_media":0,"parent":0,"menu_order":0,"comment_status":"closed","ping_status":"closed","template":"elementor_header_footer","meta":{"_exactmetrics_skip_tracking":false,"_exactmetrics_sitenote_active":false,"_exactmetrics_sitenote_note":"","_exactmetrics_sitenote_category":0,"footnotes":""},"coauthors":[544],"class_list":["post-8546","page","type-page","status-publish","hentry"],"_links":{"self":[{"href":"https:\/\/lagh-univ.dz\/fr\/wp-json\/wp\/v2\/pages\/8546","targetHints":{"allow":["GET"]}}],"collection":[{"href":"https:\/\/lagh-univ.dz\/fr\/wp-json\/wp\/v2\/pages"}],"about":[{"href":"https:\/\/lagh-univ.dz\/fr\/wp-json\/wp\/v2\/types\/page"}],"author":[{"embeddable":true,"href":"https:\/\/lagh-univ.dz\/fr\/wp-json\/wp\/v2\/users\/25"}],"replies":[{"embeddable":true,"href":"https:\/\/lagh-univ.dz\/fr\/wp-json\/wp\/v2\/comments?post=8546"}],"version-history":[{"count":30,"href":"https:\/\/lagh-univ.dz\/fr\/wp-json\/wp\/v2\/pages\/8546\/revisions"}],"predecessor-version":[{"id":48501,"href":"https:\/\/lagh-univ.dz\/fr\/wp-json\/wp\/v2\/pages\/8546\/revisions\/48501"}],"wp:attachment":[{"href":"https:\/\/lagh-univ.dz\/fr\/wp-json\/wp\/v2\/media?parent=8546"}],"wp:term":[{"taxonomy":"author","embeddable":true,"href":"https:\/\/lagh-univ.dz\/fr\/wp-json\/wp\/v2\/coauthors?post=8546"}],"curies":[{"name":"wp","href":"https:\/\/api.w.org\/{rel}","templated":true}]}}