{"id":8550,"date":"2018-07-13T18:00:03","date_gmt":"2018-07-13T18:00:03","guid":{"rendered":"https:\/\/lagh-univ.dz\/dv-%e2%80%a2service-du-suivi-des-programmes-de-construction-et-dequipement-de-luniversite\/"},"modified":"2022-12-19T09:01:05","modified_gmt":"2022-12-19T08:01:05","slug":"dv-%e2%80%a2service-du-suivi-des-programmes-de-construction-et-dequipement-de-luniversite","status":"publish","type":"page","link":"https:\/\/lagh-univ.dz\/fr\/dv-%e2%80%a2service-du-suivi-des-programmes-de-construction-et-dequipement-de-luniversite\/","title":{"rendered":"DV-Service du suivi des programmes de construction et d\u2019\u00e9quipement de l\u2019universit\u00e9"},"content":{"rendered":"<p dir=\"ltr\" style=\"text-align: left\"><span style=\"font-family: 'Book Antiqua', Palatino;font-size: 14pt;background-color: #ffffff;color: #0000ff\"><span style=\"text-decoration: underline\">Le service du suivi des programmes de construction et d\u2019\u00e9quipement de l\u2019universit\u00e9\u00a0:<\/span><\/span><\/p>\n<p dir=\"ltr\" style=\"text-align: left\"><span style=\"font-family: 'Book Antiqua', Palatino;font-size: 14pt\">Ce service est appel\u00e9 \u00e0 assurer :<\/span><\/p>\n<p dir=\"rtl\" style=\"text-align: left\"><span style=\"font-family: 'Book Antiqua', Palatino;font-size: 14pt\">\u00a0Le suivi des programmes de construction et la mise en \u0153uvre des programmes d\u2019\u00e9quipement de l\u2019universit\u00e9 en relation avec les services concern\u00e9s<\/span><\/p>\n<p dir=\"rtl\" style=\"text-align: left\"><span style=\"font-family: 'Book Antiqua', Palatino;font-size: 14pt\">\u00a0Les investigations et la collecte des informations n\u00e9cessaires pour la pr\u00e9paration des plans de d\u00e9veloppement en vue de la concr\u00e9tisation des projets d\u2019investissement dans les domaines de construction et d\u2019\u00e9quipement<\/span><\/p>\n<p dir=\"rtl\" style=\"text-align: left\"><span style=\"font-family: 'Book Antiqua', Palatino;font-size: 14pt\">&#8211; La proposition aux services centraux plac\u00e9s sous la tutelle du minist\u00e8re, en fonction des besoins, d&rsquo;adopter des projets dans les domaines de construction et d\u2019\u00e9quipement<\/span><\/p>\n<p dir=\"rtl\" style=\"text-align: left\"><span style=\"font-family: 'Book Antiqua', Palatino;font-size: 14pt\">&#8211; La pr\u00e9paration, apr\u00e8s accord du minist\u00e8re, des m\u00e9canismes et des proc\u00e9dures r\u00e9glementaires pour la concr\u00e9tisation des projets octroy\u00e9s (\u00e9tablissement des cahiers de charges des projets notifi\u00e9s, publicit\u00e9 \u00e0 travers les avis d\u2019appel d\u2019offres \u00e0 la concurrence, pr\u00e9paration des contrats et des march\u00e9s conclus apr\u00e8s jugement \u00a0des offres des \u00e9tablissements soumissionnaires)\u00a0<\/span><\/p>\n<p dir=\"rtl\" style=\"text-align: left\"><span style=\"font-family: 'Book Antiqua', Palatino;font-size: 14pt\">Le suivi de la situation physique et financi\u00e8re \u00a0des op\u00e9rations inscrites apr\u00e8s le\u00a0 lancement de la r\u00e9alisation<\/span><\/p>\n<p dir=\"rtl\" style=\"text-align: left\"><span style=\"font-family: 'Book Antiqua', Palatino;font-size: 14pt\">R\u00e9ception des projets r\u00e9alis\u00e9s ( \u00e0 gestion centralis\u00e9e \u2013 gestion par le Minist\u00e8re) ou ( \u00e0 gestion d\u00e9centralis\u00e9e\u00a0 Gestion par le Wali\u00a0<\/span><\/p>\n","protected":false},"excerpt":{"rendered":"<p>Le service du suivi des programmes de construction et d\u2019\u00e9quipement de l\u2019universit\u00e9\u00a0: Ce service est appel\u00e9 \u00e0 assurer : \u00a0Le suivi des programmes de construction et la mise en \u0153uvre des programmes d\u2019\u00e9quipement de l\u2019universit\u00e9 en relation avec les services concern\u00e9s \u00a0Les investigations et la collecte des informations n\u00e9cessaires pour la pr\u00e9paration des plans de [&hellip;]<\/p>\n","protected":false},"author":25,"featured_media":0,"parent":0,"menu_order":0,"comment_status":"closed","ping_status":"closed","template":"elementor_header_footer","meta":{"_exactmetrics_skip_tracking":false,"_exactmetrics_sitenote_active":false,"_exactmetrics_sitenote_note":"","_exactmetrics_sitenote_category":0,"footnotes":""},"coauthors":[544],"class_list":["post-8550","page","type-page","status-publish","hentry"],"_links":{"self":[{"href":"https:\/\/lagh-univ.dz\/fr\/wp-json\/wp\/v2\/pages\/8550","targetHints":{"allow":["GET"]}}],"collection":[{"href":"https:\/\/lagh-univ.dz\/fr\/wp-json\/wp\/v2\/pages"}],"about":[{"href":"https:\/\/lagh-univ.dz\/fr\/wp-json\/wp\/v2\/types\/page"}],"author":[{"embeddable":true,"href":"https:\/\/lagh-univ.dz\/fr\/wp-json\/wp\/v2\/users\/25"}],"replies":[{"embeddable":true,"href":"https:\/\/lagh-univ.dz\/fr\/wp-json\/wp\/v2\/comments?post=8550"}],"version-history":[{"count":16,"href":"https:\/\/lagh-univ.dz\/fr\/wp-json\/wp\/v2\/pages\/8550\/revisions"}],"predecessor-version":[{"id":48520,"href":"https:\/\/lagh-univ.dz\/fr\/wp-json\/wp\/v2\/pages\/8550\/revisions\/48520"}],"wp:attachment":[{"href":"https:\/\/lagh-univ.dz\/fr\/wp-json\/wp\/v2\/media?parent=8550"}],"wp:term":[{"taxonomy":"author","embeddable":true,"href":"https:\/\/lagh-univ.dz\/fr\/wp-json\/wp\/v2\/coauthors?post=8550"}],"curies":[{"name":"wp","href":"https:\/\/api.w.org\/{rel}","templated":true}]}}