{"id":8556,"date":"2018-07-13T18:01:59","date_gmt":"2018-07-13T18:01:59","guid":{"rendered":"https:\/\/lagh-univ.dz\/dv-projets-en-cours-de-realisation\/"},"modified":"2020-01-29T11:56:02","modified_gmt":"2020-01-29T13:56:02","slug":"dv-projets-en-cours-de-realisation","status":"publish","type":"page","link":"https:\/\/lagh-univ.dz\/fr\/vice-rectorat-charge-du-developpement-de-la-prospective-et-de-lorientation\/dv-projets-en-cours-de-realisation\/","title":{"rendered":"\u0627\u0644\u0645\u0634\u0627\u0631\u064a\u0639 \u0627\u0644\u062a\u064a \u0647\u064a \u0642\u064a\u062f \u0627\u0644\u0627\u0646\u062c\u0627\u0632 \u0648 \u0627\u0644\u062a\u062c\u0647\u064a\u0632"},"content":{"rendered":"<p dir=\"ltr\"><span style=\"font-family: 'Book Antiqua', Palatino;font-size: 14pt\">-R\u00e9alisation, \u00e9quipement\u00a0 de 2000 places p\u00e9dagogique au profit de la facult\u00e9 de technologie\u00a0\u00a0 (tranche A) au nouveau pole \u00a0n\u00b02 de l\u2019universit\u00e9.<\/span><\/p>\n<p dir=\"ltr\"><span style=\"font-family: 'Book Antiqua', Palatino;font-size: 14pt\">-R\u00e9alisation, \u00e9quipement\u00a0 de 2000 places p\u00e9dagogique au profit de la facult\u00e9 de technologie\u00a0\u00a0 (tranche c ) au nouveau pole \u00a0n\u00b02 de l\u2019universit\u00e9.<\/span><\/p>\n<p dir=\"ltr\"><span style=\"font-family: 'Book Antiqua', Palatino;font-size: 14pt\">-R\u00e9alisation, \u00e9quipement\u00a0 de 1000 places p\u00e9dagogique au profit de la facult\u00e9 de technologie\u00a0\u00a0 (tranche b ) au nouveau pole \u00a0n\u00b02 de l\u2019universit\u00e9.<\/span><\/p>\n<p dir=\"ltr\"><span style=\"font-family: 'Book Antiqua', Palatino;font-size: 14pt\">&#8211; Equipements scientifiques de recherche pour les laboratoires de recherche de l\u2019universit\u00e9.<\/span><\/p>\n<p dir=\"ltr\"><span style=\"font-family: 'Book Antiqua', Palatino;font-size: 14pt\">&#8211; Equipements scientifiques p\u00e9dagogiques destin\u00e9es au t.p du syst\u00e8me lmd a l\u2019universit\u00e9.<\/span><\/p>\n<p dir=\"ltr\"><span style=\"font-family: 'Book Antiqua', Palatino;font-size: 14pt\">-Acquisition d\u2019ouvrages \u00a0et revues scientifiques au profit des biblioth\u00e8ques de l\u2019universit\u00e9.<\/span><\/p>\n<p dir=\"ltr\">\n","protected":false},"excerpt":{"rendered":"<p>-R\u00e9alisation, \u00e9quipement\u00a0 de 2000 places p\u00e9dagogique au profit de la facult\u00e9 de technologie\u00a0\u00a0 (tranche A) au nouveau pole \u00a0n\u00b02 de l\u2019universit\u00e9. -R\u00e9alisation, \u00e9quipement\u00a0 de 2000 places p\u00e9dagogique au profit de la facult\u00e9 de technologie\u00a0\u00a0 (tranche c ) au nouveau pole \u00a0n\u00b02 de l\u2019universit\u00e9. -R\u00e9alisation, \u00e9quipement\u00a0 de 1000 places p\u00e9dagogique au profit de la facult\u00e9 de [&hellip;]<\/p>\n","protected":false},"author":25,"featured_media":0,"parent":6772,"menu_order":0,"comment_status":"closed","ping_status":"closed","template":"elementor_header_footer","meta":{"_exactmetrics_skip_tracking":false,"_exactmetrics_sitenote_active":false,"_exactmetrics_sitenote_note":"","_exactmetrics_sitenote_category":0,"footnotes":""},"coauthors":[544],"class_list":["post-8556","page","type-page","status-publish","hentry"],"_links":{"self":[{"href":"https:\/\/lagh-univ.dz\/fr\/wp-json\/wp\/v2\/pages\/8556","targetHints":{"allow":["GET"]}}],"collection":[{"href":"https:\/\/lagh-univ.dz\/fr\/wp-json\/wp\/v2\/pages"}],"about":[{"href":"https:\/\/lagh-univ.dz\/fr\/wp-json\/wp\/v2\/types\/page"}],"author":[{"embeddable":true,"href":"https:\/\/lagh-univ.dz\/fr\/wp-json\/wp\/v2\/users\/25"}],"replies":[{"embeddable":true,"href":"https:\/\/lagh-univ.dz\/fr\/wp-json\/wp\/v2\/comments?post=8556"}],"version-history":[{"count":12,"href":"https:\/\/lagh-univ.dz\/fr\/wp-json\/wp\/v2\/pages\/8556\/revisions"}],"predecessor-version":[{"id":22469,"href":"https:\/\/lagh-univ.dz\/fr\/wp-json\/wp\/v2\/pages\/8556\/revisions\/22469"}],"up":[{"embeddable":true,"href":"https:\/\/lagh-univ.dz\/fr\/wp-json\/wp\/v2\/pages\/6772"}],"wp:attachment":[{"href":"https:\/\/lagh-univ.dz\/fr\/wp-json\/wp\/v2\/media?parent=8556"}],"wp:term":[{"taxonomy":"author","embeddable":true,"href":"https:\/\/lagh-univ.dz\/fr\/wp-json\/wp\/v2\/coauthors?post=8556"}],"curies":[{"name":"wp","href":"https:\/\/api.w.org\/{rel}","templated":true}]}}