{"id":8569,"date":"2018-07-21T18:20:01","date_gmt":"2018-07-21T20:20:01","guid":{"rendered":"https:\/\/lagh-univ.dz\/bibliotheque-bibliotheque-centrales-inscription-a-la-bibliotheque\/"},"modified":"2019-11-05T07:15:41","modified_gmt":"2019-11-05T09:15:41","slug":"bibliotheque-bibliotheque-centrales-inscription-a-la-bibliotheque","status":"publish","type":"page","link":"https:\/\/lagh-univ.dz\/fr\/bibliotheque-bibliotheque-centrales-inscription-a-la-bibliotheque\/","title":{"rendered":"Biblioth\u00e8que &#8211; Biblioth\u00e8que centrales- Inscription \u00e0 la biblioth\u00e8que"},"content":{"rendered":"<div id=\"s5_middle_top_wrap\">\n<div id=\"s5_middle_top\">\n<div id=\"s5_middle_top_inner\">\n<div id=\"s5_pos_middle_top_1\" class=\"s5_float_left\">\n<div class=\"module_round_box_outer\">\n<div class=\"module_round_box-none \">\n<div class=\"s5_module_box_1\">\n<div class=\"s5_module_box_2\">\n<div class=\"custom-none \">\n<div class=\"textwidget\">\n<div class=\"contentpaneopen_heading\">\n<h2><span style=\"font-size: 18pt\"><strong><span style=\"background-color: #ffff00\"><a class=\"contentpagetitle\" style=\"background-color: #ffff00\" title=\"Permalink to: INSCRIPTION \u00c0 LA BIBLIOTH\u00c8QUE\" href=\"https:\/\/lagh-univ.dz\/accueilf\/?page_id=4200\">INSCRIPTION \u00c0 LA BIBLIOTH\u00c8QUE<\/a><\/span><\/strong><\/span><\/h2>\n<div><\/div>\n<\/div>\n<div><\/div>\n<div class=\"s5_contentwrapper\">\n<div>\n<h2><span style=\"font-family: 'Book Antiqua', Palatino;font-size: 14pt;color: #000000\"><i>&#8211; CONDITIONS D&rsquo;INSCRIPTION \u00c0 LA BUC PAR CAT\u00c9GORIES DE LECTEURS<\/i><\/span><\/h2>\n<table width=\"762\">\n<tbody>\n<tr>\n<th scope=\"col\" width=\"210\" height=\"47\"><span style=\"font-family: 'Book Antiqua', Palatino;font-size: 14pt;color: #000000\">Cat\u00e9gorie<\/span><\/th>\n<th scope=\"col\" width=\"230\"><span style=\"font-family: 'Book Antiqua', Palatino;font-size: 14pt;color: #000000\">Inscription<\/span><\/th>\n<th scope=\"col\" width=\"230\"><span style=\"font-family: 'Book Antiqua', Palatino;font-size: 14pt;color: #000000\">R\u00e9inscription<\/span><\/th>\n<th scope=\"col\" width=\"200\"><span style=\"font-family: 'Book Antiqua', Palatino;font-size: 14pt;color: #000000\">Localisation<\/span><\/th>\n<\/tr>\n<tr>\n<th scope=\"row\"><span style=\"font-family: 'Book Antiqua', Palatino;font-size: 14pt;color: #000000\">Enseignant permanant<\/span><\/th>\n<td>\n<ul>\n<li><span style=\"font-family: 'Book Antiqua', Palatino;font-size: 14pt;color: #000000\">(02)photos d&rsquo;identit\u00e9<\/span><\/li>\n<li><span style=\"font-family: 'Book Antiqua', Palatino;font-size: 14pt;color: #000000\">Attestation de fonction de l&rsquo;ann\u00e9e en cours.<\/span><\/li>\n<\/ul>\n<\/td>\n<td>\n<ul>\n<li><span style=\"font-family: 'Book Antiqua', Palatino;font-size: 14pt;color: #000000\">carte de biblioth\u00e8que<\/span><\/li>\n<li><span style=\"font-family: 'Book Antiqua', Palatino;font-size: 14pt;color: #000000\">Attestation de fonction de l&rsquo;ann\u00e9e en cours.<\/span><\/li>\n<\/ul>\n<\/td>\n<td><span style=\"font-family: 'Book Antiqua', Palatino;font-size: 14pt;color: #000000\">Banque de pr\u00eat n\u00b01 Au (rez de chauss\u00e9e).<\/span><\/td>\n<\/tr>\n<tr>\n<th scope=\"row\"><span style=\"font-family: 'Book Antiqua', Palatino;font-size: 14pt;color: #000000\">Enseignant vacataire<\/span><\/th>\n<td>\n<ul>\n<li><span style=\"font-family: 'Book Antiqua', Palatino;font-size: 14pt;color: #000000\">(02)photos d&rsquo;identit\u00e9<\/span><\/li>\n<li><span style=\"font-family: 'Book Antiqua', Palatino;font-size: 14pt;color: #000000\">Attestation de fonction de l&rsquo;ann\u00e9e en cours.<\/span><\/li>\n<\/ul>\n<\/td>\n<td>\n<ul>\n<li><span style=\"font-family: 'Book Antiqua', Palatino;font-size: 14pt;color: #000000\">carte de biblioth\u00e8que<\/span><\/li>\n<li><span style=\"font-family: 'Book Antiqua', Palatino;font-size: 14pt;color: #000000\">Attestation de fonction de l&rsquo;ann\u00e9e en cours.<\/span><\/li>\n<\/ul>\n<\/td>\n<td><span style=\"font-family: 'Book Antiqua', Palatino;font-size: 14pt;color: #000000\">Banque de pr\u00eat n\u00b01 Au (rez de chauss\u00e9e).<\/span><\/td>\n<\/tr>\n<tr>\n<th scope=\"row\"><span style=\"font-family: 'Book Antiqua', Palatino;font-size: 14pt;color: #000000\">Etudiant en post-graduation<\/span><\/th>\n<td>\n<ul>\n<li><span style=\"font-family: 'Book Antiqua', Palatino;font-size: 14pt;color: #000000\">(02)photos d&rsquo;identit\u00e9<\/span><\/li>\n<li><span style=\"font-family: 'Book Antiqua', Palatino;font-size: 14pt;color: #000000\">Certificat de scolarit\u00e9 ou attestation d&rsquo;inscription de l&rsquo;ann\u00e9e en cours.<\/span><\/li>\n<\/ul>\n<\/td>\n<td>\n<ul>\n<li><span style=\"font-family: 'Book Antiqua', Palatino;font-size: 14pt;color: #000000\">Certificat de scolarit\u00e9 ou attestation d&rsquo;inscription de l&rsquo;ann\u00e9e en cours.<\/span><\/li>\n<li><span style=\"font-family: 'Book Antiqua', Palatino;font-size: 14pt;color: #000000\">carte de biblioth\u00e8que<\/span><\/li>\n<\/ul>\n<\/td>\n<td><span style=\"font-family: 'Book Antiqua', Palatino;font-size: 14pt;color: #000000\">Banque de pr\u00eat n\u00b01 Au (rez de chauss\u00e9e).<\/span><\/td>\n<\/tr>\n<tr>\n<th scope=\"row\"><span style=\"font-family: 'Book Antiqua', Palatino;font-size: 14pt;color: #000000\">Etudiant (externe) en post-graduation<\/span><\/th>\n<td>\n<ul>\n<li><span style=\"font-family: 'Book Antiqua', Palatino;font-size: 14pt;color: #000000\">(02)photos d&rsquo;identit\u00e9<\/span><\/li>\n<li><span style=\"font-family: 'Book Antiqua', Palatino;font-size: 14pt;color: #000000\">Demande manuscrite.<\/span><\/li>\n<li><span style=\"font-family: 'Book Antiqua', Palatino;font-size: 14pt;color: #000000\">Certificat de scolarit\u00e9 ou l&rsquo;autorisation d&rsquo;acc\u00e8s d\u00fbment sign\u00e9e par l&rsquo;\u00e9tablissement d&rsquo;origine.<\/span><\/li>\n<\/ul>\n<\/td>\n<td>\n<ul>\n<li><span style=\"font-family: 'Book Antiqua', Palatino;font-size: 14pt;color: #000000\">Certificat de scolarit\u00e9 ou l&rsquo;autorisation d&rsquo;acc\u00e8s d\u00fbment sign\u00e9e par l&rsquo;\u00e9tablissement d&rsquo;origine.<\/span><\/li>\n<li><span style=\"font-family: 'Book Antiqua', Palatino;font-size: 14pt;color: #000000\">carte de biblioth\u00e8que<\/span><\/li>\n<\/ul>\n<\/td>\n<td><span style=\"font-family: 'Book Antiqua', Palatino;font-size: 14pt;color: #000000\">Banque de pr\u00eat n\u00b01 Au (rez de chauss\u00e9e).<\/span><\/td>\n<\/tr>\n<tr>\n<th scope=\"row\"><span style=\"font-family: 'Book Antiqua', Palatino;font-size: 14pt;color: #000000\">Fonctionnaire<\/span><\/th>\n<td>\n<ul>\n<li><span style=\"font-family: 'Book Antiqua', Palatino;font-size: 14pt;color: #000000\">(02)photos d&rsquo;identit\u00e9<\/span><\/li>\n<li><span style=\"font-family: 'Book Antiqua', Palatino;font-size: 14pt;color: #000000\">Demande manuscrite.<\/span><\/li>\n<li><span style=\"font-family: 'Book Antiqua', Palatino;font-size: 14pt;color: #000000\">Photocopies de la carte nationale.<\/span><\/li>\n<li><span style=\"font-family: 'Book Antiqua', Palatino;font-size: 14pt;color: #000000\">Attestation de fonction de l&rsquo;ann\u00e9e en cours.<\/span><\/li>\n<\/ul>\n<\/td>\n<td>\n<ul>\n<li><span style=\"font-family: 'Book Antiqua', Palatino;font-size: 14pt;color: #000000\">Attestation de travail de l&rsquo;ann\u00e9e en cours.<\/span><\/li>\n<li><span style=\"font-family: 'Book Antiqua', Palatino;font-size: 14pt;color: #000000\">carte de biblioth\u00e8que<\/span><\/li>\n<\/ul>\n<\/td>\n<td><span style=\"font-family: 'Book Antiqua', Palatino;font-size: 14pt;color: #000000\">Banque de pr\u00eat n\u00b01 Au (rez de chauss\u00e9e).<\/span><\/td>\n<\/tr>\n<\/tbody>\n<\/table>\n<p><span style=\"font-family: 'Book Antiqua', Palatino;font-size: 14pt;color: #000000\">\u00a0<\/span><\/p>\n<h2><span style=\"font-family: 'Book Antiqua', Palatino;font-size: 14pt;color: #000000\"><i>&#8211; DUR\u00c9E DE PR\u00caT EXTERNE PAR CAT\u00c9GORIES<\/i><\/span><\/h2>\n<table width=\"762\">\n<tbody>\n<tr>\n<th scope=\"col\" width=\"210\" height=\"47\"><span style=\"font-family: 'Book Antiqua', Palatino;font-size: 14pt;color: #000000\">Cat\u00e9gorie<\/span><\/th>\n<th scope=\"col\" width=\"230\"><span style=\"font-family: 'Book Antiqua', Palatino;font-size: 14pt;color: #000000\">Nbr de documents<\/span><\/th>\n<th scope=\"col\" width=\"230\"><span style=\"font-family: 'Book Antiqua', Palatino;font-size: 14pt;color: #000000\">Dur\u00e9e de pr\u00eat<\/span><\/th>\n<th scope=\"col\" width=\"200\"><span style=\"font-family: 'Book Antiqua', Palatino;font-size: 14pt;color: #000000\">Dur\u00e9e de prolongation (jours)<\/span><\/th>\n<\/tr>\n<tr>\n<th scope=\"row\"><span style=\"font-family: 'Book Antiqua', Palatino;font-size: 14pt;color: #000000\">Enseignant<\/span><\/th>\n<td><span style=\"font-family: 'Book Antiqua', Palatino;font-size: 14pt;color: #000000\">03<\/span><\/td>\n<td><span style=\"font-family: 'Book Antiqua', Palatino;font-size: 14pt;color: #000000\">07Jours<\/span><\/td>\n<td><span style=\"font-family: 'Book Antiqua', Palatino;font-size: 14pt;color: #000000\">07<\/span><\/td>\n<\/tr>\n<tr>\n<th scope=\"row\"><span style=\"font-family: 'Book Antiqua', Palatino;font-size: 14pt;color: #000000\">Magister<\/span><\/th>\n<td><span style=\"font-family: 'Book Antiqua', Palatino;font-size: 14pt;color: #000000\">03<\/span><\/td>\n<td><span style=\"font-family: 'Book Antiqua', Palatino;font-size: 14pt;color: #000000\">05 jours<\/span><\/td>\n<td><span style=\"font-family: 'Book Antiqua', Palatino;font-size: 14pt;color: #000000\">07<\/span><\/td>\n<\/tr>\n<tr>\n<th scope=\"row\"><span style=\"font-family: 'Book Antiqua', Palatino;font-size: 14pt;color: #000000\">Master<\/span><\/th>\n<td><span style=\"font-family: 'Book Antiqua', Palatino;font-size: 14pt;color: #000000\">02<\/span><\/td>\n<td><span style=\"font-family: 'Book Antiqua', Palatino;font-size: 14pt;color: #000000\">02 jours<\/span><\/td>\n<td><span style=\"font-family: 'Book Antiqua', Palatino;font-size: 14pt;color: #000000\">02<\/span><\/td>\n<\/tr>\n<tr>\n<th scope=\"row\"><span style=\"font-family: 'Book Antiqua', Palatino;font-size: 14pt;color: #000000\">3 et 4\u00e8me Licence + 5\u00e8me ing\u00e9niorat<\/span><\/th>\n<td><span style=\"font-family: 'Book Antiqua', Palatino;font-size: 14pt;color: #000000\">01<\/span><\/td>\n<td><span style=\"font-family: 'Book Antiqua', Palatino;font-size: 14pt;color: #000000\">Pr\u00eat week-end<\/span><\/td>\n<td><span style=\"font-family: 'Book Antiqua', Palatino;font-size: 14pt;color: #000000\">01<\/span><\/td>\n<\/tr>\n<tr>\n<th scope=\"row\"><span style=\"font-family: 'Book Antiqua', Palatino;font-size: 14pt;color: #000000\">Fonctionnaire<\/span><\/th>\n<td><span style=\"font-family: 'Book Antiqua', Palatino;font-size: 14pt;color: #000000\">02<\/span><\/td>\n<td><span style=\"font-family: 'Book Antiqua', Palatino;font-size: 14pt;color: #000000\">07 jours<\/span><\/td>\n<\/tr>\n<\/tbody>\n<\/table>\n<\/div>\n<\/div>\n<\/div>\n<\/div>\n<div class=\"s5_clear_float\"><\/div>\n<\/div>\n<\/div>\n<\/div>\n<\/div>\n<\/div>\n<\/div>\n<\/div>\n<\/div>\n<div id=\"s5_component_wrap\">\n<div id=\"s5_component_wrap_inner\">\n<div class=\"blog-featured\">\n<div class=\"article_column\">\n<div class=\"item\">\n<div id=\"post-4200\" class=\"post-4200 page type-page status-publish hentry\">\n<div class=\"s5_contentwrapper\">\n<div class=\"sharedaddy sd-sharing-enabled\">\n<div class=\"robots-nocontent sd-block sd-social sd-social-official sd-sharing\">\n<h3 class=\"sd-title\"><\/h3>\n<\/div>\n<\/div>\n<\/div>\n<\/div>\n<\/div>\n<\/div>\n<\/div>\n<\/div>\n<\/div>\n","protected":false},"excerpt":{"rendered":"<p>INSCRIPTION \u00c0 LA BIBLIOTH\u00c8QUE &#8211; CONDITIONS D&rsquo;INSCRIPTION \u00c0 LA BUC PAR CAT\u00c9GORIES DE LECTEURS Cat\u00e9gorie Inscription R\u00e9inscription Localisation Enseignant permanant (02)photos d&rsquo;identit\u00e9 Attestation de fonction de l&rsquo;ann\u00e9e en cours. carte de biblioth\u00e8que Attestation de fonction de l&rsquo;ann\u00e9e en cours. Banque de pr\u00eat n\u00b01 Au (rez de chauss\u00e9e). Enseignant vacataire (02)photos d&rsquo;identit\u00e9 Attestation de fonction de [&hellip;]<\/p>\n","protected":false},"author":5,"featured_media":0,"parent":0,"menu_order":0,"comment_status":"closed","ping_status":"closed","template":"elementor_header_footer","meta":{"_exactmetrics_skip_tracking":false,"_exactmetrics_sitenote_active":false,"_exactmetrics_sitenote_note":"","_exactmetrics_sitenote_category":0,"footnotes":""},"coauthors":[214,545],"class_list":["post-8569","page","type-page","status-publish","hentry"],"_links":{"self":[{"href":"https:\/\/lagh-univ.dz\/fr\/wp-json\/wp\/v2\/pages\/8569","targetHints":{"allow":["GET"]}}],"collection":[{"href":"https:\/\/lagh-univ.dz\/fr\/wp-json\/wp\/v2\/pages"}],"about":[{"href":"https:\/\/lagh-univ.dz\/fr\/wp-json\/wp\/v2\/types\/page"}],"author":[{"embeddable":true,"href":"https:\/\/lagh-univ.dz\/fr\/wp-json\/wp\/v2\/users\/5"}],"replies":[{"embeddable":true,"href":"https:\/\/lagh-univ.dz\/fr\/wp-json\/wp\/v2\/comments?post=8569"}],"version-history":[{"count":6,"href":"https:\/\/lagh-univ.dz\/fr\/wp-json\/wp\/v2\/pages\/8569\/revisions"}],"predecessor-version":[{"id":17238,"href":"https:\/\/lagh-univ.dz\/fr\/wp-json\/wp\/v2\/pages\/8569\/revisions\/17238"}],"wp:attachment":[{"href":"https:\/\/lagh-univ.dz\/fr\/wp-json\/wp\/v2\/media?parent=8569"}],"wp:term":[{"taxonomy":"author","embeddable":true,"href":"https:\/\/lagh-univ.dz\/fr\/wp-json\/wp\/v2\/coauthors?post=8569"}],"curies":[{"name":"wp","href":"https:\/\/api.w.org\/{rel}","templated":true}]}}