{"id":8573,"date":"2018-07-21T18:19:39","date_gmt":"2018-07-21T18:19:39","guid":{"rendered":"https:\/\/lagh-univ.dz\/bibliotheque-bibliotheque-centrales-presentation\/"},"modified":"2019-11-05T07:25:02","modified_gmt":"2019-11-05T09:25:02","slug":"bibliotheque-bibliotheque-centrales-presentation","status":"publish","type":"page","link":"https:\/\/lagh-univ.dz\/fr\/bibliotheque-bibliotheque-centrales-presentation\/","title":{"rendered":"Biblioth\u00e8que &#8211; Biblioth\u00e8que centrales-Pr\u00e9sentation"},"content":{"rendered":"<div id=\"s5_middle_top_wrap\">\n<div id=\"s5_middle_top\">\n<div id=\"s5_middle_top_inner\">\n<div id=\"s5_pos_middle_top_1\" class=\"s5_float_left\">\n<div class=\"module_round_box_outer\">\n<div class=\"module_round_box-none \">\n<div class=\"s5_module_box_1\">\n<div class=\"s5_module_box_2\">\n<div class=\"custom-none \">\n<div class=\"textwidget\"><img decoding=\"async\" class=\"alignnone size-full wp-image-578\" src=\"https:\/\/lagh-univ.dz\/wp-content\/uploads\/2014\/12\/biblio.jpg\" alt=\"science\" width=\"1000\" height=\"45\" \/><\/div>\n<\/div>\n<div class=\"s5_clear_float\"><\/div>\n<\/div>\n<\/div>\n<\/div>\n<\/div>\n<\/div>\n<div>\n<div class=\"contentpaneopen_heading\">\n<h2><span style=\"background-color: #00ffff\"><strong><span style=\"font-family: 'Book Antiqua', Palatino;font-size: 14pt;color: #000000;background-color: #00ffff\"><a class=\"contentpagetitle\" style=\"color: #000000;background-color: #00ffff\" title=\"Permalink to: Pr\u00e9sentation de la Biblioth\u00e8que\" href=\"https:\/\/lagh-univ.dz\/accueilf\/?page_id=3724\">PR\u00c9SENTATION DE LA BIBLIOTH\u00c8QUE<\/a><\/span><\/strong><\/span><\/h2>\n<div><\/div>\n<\/div>\n<div><\/div>\n<div class=\"s5_contentwrapper\">\n<div>\n<p><span style=\"font-family: 'Book Antiqua', Palatino;font-size: 14pt;color: #000000\"><img decoding=\"async\" class=\"aligncenter\" src=\"http:\/\/i2.wp.com\/web.lagh-univ.dz\/web\/bib\/img\/rendre-visite\/bib1.jpg?resize=450%2C305\" alt=\"\" border=\"none;\" data-recalc-dims=\"1\" \/><\/span><\/p>\n<p><span style=\"font-family: 'Book Antiqua', Palatino;font-size: 14pt;color: #000000\"><i>La biblioth\u00e8que se trouve loin de l&rsquo;entr\u00e9e principale de l\u2019universit\u00e9, plus exactement en face du centre de calcul. Elle est dot\u00e9e d&rsquo;un fond documentaire pluridisciplinaire<\/i>\u00a0,<i>\u00a0la biblioth\u00e8que s\u2019\u00e9tale sur une superficie de 7275 m\u00b2 et d&rsquo;une capacit\u00e9 d\u2019accueil de 500 places, Elle est constitu\u00e9 d&rsquo;un rez de chauss\u00e9e et deux \u00e9tages repartis comme suite :\u00a0<\/i>\u00a0<\/span><\/p>\n<h3 align=\"justify\"><span style=\"font-family: 'Book Antiqua', Palatino;font-size: 14pt;color: #000000\">LE REZ-DE-CHAUSS\u00c9E EST COMPOS\u00c9 DE :<\/span><\/h3>\n<h4><span style=\"font-family: 'Book Antiqua', Palatino;font-size: 14pt;color: #000000\">1-HALL D&rsquo;ENTR\u00c9E<\/span><\/h4>\n<p><span style=\"font-family: 'Book Antiqua', Palatino;font-size: 14pt;color: #000000\">\u00a0<\/span><\/p>\n<h4><span style=\"font-family: 'Book Antiqua', Palatino;font-size: 14pt;color: #000000\">* BUREAU DE RENSEIGNEMENT :<\/span><\/h4>\n<p><span style=\"font-family: 'Book Antiqua', Palatino;font-size: 14pt;color: #000000\">\u00a0 Il veille sur l\u2019ordre, le contr\u00f4le, l&rsquo;organisation de la biblioth\u00e8que et l&rsquo;orientation des lecteurs.<\/span><\/p>\n<h4><span style=\"font-family: 'Book Antiqua', Palatino;font-size: 14pt;color: #000000\">* BANQUE DE PR\u00caT :<\/span><\/h4>\n<p><span style=\"font-family: 'Book Antiqua', Palatino;font-size: 14pt;color: #000000\">\u00a0 Il s\u2019occupe des transactions, des proc\u00e9dures de pr\u00eat et de l\u2019orientation des usagers dans leur recherche.<\/span><\/p>\n<h4><span style=\"font-family: 'Book Antiqua', Palatino;font-size: 14pt;color: #000000\">2-MAGASINS :<\/span><\/h4>\n<p><span style=\"font-family: 'Book Antiqua', Palatino;font-size: 14pt;color: #000000\">Contient plus de 38000 titres ( plus de 48000 exemplaires ), contient aussi plus de 190 ouvrages imprim\u00e9s en brailles ( ouvrages pour les malvoyants ), dictionnaires, Atlas , encyclop\u00e9dies, plans ,CD . \u00a0<\/span><\/p>\n<h4><span style=\"font-family: 'Book Antiqua', Palatino;font-size: 14pt;color: #000000\">3- SALLE DE LECTURE:<\/span><\/h4>\n<p><span style=\"font-family: 'Book Antiqua', Palatino;font-size: 14pt;color: #000000\">\u00a0 Elle est dot\u00e9e d\u2019une capacit\u00e9 d\u2019accueil de 190 places. \u00a0<\/span><\/p>\n<h4><span style=\"font-family: 'Book Antiqua', Palatino;font-size: 14pt;color: #000000\">4- SALLE DE RECHERCHE:<\/span><\/h4>\n<p><span style=\"font-family: 'Book Antiqua', Palatino;font-size: 14pt;color: #000000\">\u00a0 La salle de recherche est \u00e9quip\u00e9e avec 26 postes de travail ,ou nous les aidons \u00e0 bien d\u00e9finir leurs sujets pour avoir une recherche bibliographique raffin\u00e9e dans le catalogue de la BUC en ligne . \u00a0<\/span><\/p>\n<h4><span style=\"font-family: 'Book Antiqua', Palatino;font-size: 14pt;color: #000000\">5- SALLE D&rsquo;INTERNET POUR \u00c9TUDIANTS :<\/span><\/h4>\n<p><span style=\"font-family: 'Book Antiqua', Palatino;font-size: 14pt;color: #000000\">\u00a0 C\u2019est une grande salle qui contient 47 postes de travail. Les responsables de cette salle offrent aux usagers le soutien technique n\u00e9cessaire afin de leur faciliter la recherche en ligne. Il y a aussi une connexion WIFI en acc\u00e8s ouvert \u00e0 travers tout l\u2019espace de la BUC. \u00a0<\/span><\/p>\n<h4><span style=\"font-family: 'Book Antiqua', Palatino;font-size: 14pt;color: #000000\">6- SERVICES ADMINISTRATIFS :<\/span><\/h4>\n<p><span style=\"font-family: 'Book Antiqua', Palatino;font-size: 14pt;color: #000000\">\u00a0<\/span><\/p>\n<h4><span style=\"font-family: 'Book Antiqua', Palatino;font-size: 14pt;color: #000000\">1-SERVICE D&rsquo;ORIENTATION :<\/span><\/h4>\n<p><span style=\"font-family: 'Book Antiqua', Palatino;font-size: 14pt;color: #000000\">\u00a0 Il assure l\u2019attribution des cartes de la biblioth\u00e8que aux enseignants, aux \u00e9tudiants de post-graduation de l&rsquo;universit\u00e9 et en dehors de l\u2019universit\u00e9. Ce service traite les requ\u00eates des usagers en les orientant dans leur recherche bibliographique.<\/span><\/p>\n<h4><\/h4>\n<h4><span style=\"font-family: 'Book Antiqua', Palatino;font-size: 14pt;color: #000000\">2-SERVICE DE RECHERCHE BIBLIOGRAPHIQUE :<\/span><\/h4>\n<p><span style=\"font-family: 'Book Antiqua', Palatino;font-size: 14pt;color: #000000\">\u00a0 Il assiste les enseignants et les \u00e9tudiants dans leurs recherches bibliographiques. Il comprend les services suivants :th\u00e8ses, p\u00e9riodiques, informatique. Salles d\u2019internet et de recherche bibliographique.<\/span><\/p>\n<h4><\/h4>\n<h4><span style=\"font-family: 'Book Antiqua', Palatino;font-size: 14pt;color: #000000\">3-SERVICE D&rsquo;ACQUISITION<strong>\u00a0:<\/strong><\/span><\/h4>\n<p><span style=\"font-family: 'Book Antiqua', Palatino;font-size: 14pt;color: #000000\">\u00a0 La BUC alimente chaque ann\u00e9e son fond documentaire suivant le programme p\u00e9dagogique.<\/span><\/p>\n<h4><\/h4>\n<h4><span style=\"font-family: 'Book Antiqua', Palatino;font-size: 14pt;color: #000000\">4-SERVICE DE TRAITEMENT(\u00a0<b>1<sup>ER<\/sup><\/b>\u00a0\u00c9TAGE) :<\/span><\/h4>\n<p><span style=\"font-family: 'Book Antiqua', Palatino;font-size: 14pt;color: #000000\">\u00a0 Il se charge du traitement technique des ouvrages avec le logiciel documentaire (<a style=\"color: #000000\" title=\"Catalogue en ligne biblioth\u00e8que centrale- universit\u00e9 de LAGHOUAT\" href=\"http:\/\/maktaba.lagh-univ.dz\/pmb\/opac_css\/\" target=\"_blank\" rel=\"noopener noreferrer\">PMB<\/a>).<\/span><\/p>\n<h4><span style=\"font-family: 'Book Antiqua', Palatino;font-size: 14pt;color: #000000\"><strong>7- SALLE D&rsquo;EXPOSITION<\/strong><\/span><\/h4>\n<h3><span style=\"font-family: 'Book Antiqua', Palatino;font-size: 14pt;color: #000000\">1<b><sup>ER<\/sup><\/b>\u00a0\u00c9TAGE EST COMPOS\u00c9 DE :<\/span><\/h3>\n<p><span style=\"font-family: 'Book Antiqua', Palatino;font-size: 14pt;color: #000000\">\u00a0<\/span><\/p>\n<h4><span style=\"font-family: 'Book Antiqua', Palatino;font-size: 14pt;color: #000000\"><strong>1-SALLE D&rsquo;INTERNET POUR ENSEIGNANTS :<\/strong><\/span><\/h4>\n<p><span style=\"font-family: 'Book Antiqua', Palatino;font-size: 14pt;color: #000000\">\u00a0\u00a0<strong>C<\/strong>\u2019est une<b>\u00a0<\/b>salle de 18 postes r\u00e9serv\u00e9e exclusivement aux enseignants et aux \u00e9tudiants en post-graduation.<\/span><\/p>\n<h4><\/h4>\n<h4><span style=\"font-family: 'Book Antiqua', Palatino;font-size: 14pt;color: #000000\"><strong>2-SALLE DE LECTURE POUR ENSEIGNANTS :<\/strong><\/span><\/h4>\n<p><span style=\"font-family: 'Book Antiqua', Palatino;font-size: 14pt;color: #000000\">\u00a0 Cette salle de lecture offre aux enseignant et \u00e9tudiants en post-graduation 26 places.<\/span><\/p>\n<h4><\/h4>\n<h4><span style=\"font-family: 'Book Antiqua', Palatino;font-size: 14pt;color: #000000\"><strong>3-SALLE DES COURS :<\/strong><\/span><\/h4>\n<p><span style=\"font-family: 'Book Antiqua', Palatino;font-size: 14pt;color: #000000\">\u00a0 Cette salle est destin\u00e9e aux enseignants pour donner des cours sur la recherche documentaire ainsi que pour discuter l&rsquo;\u00e9tat d&rsquo;avancement du m\u00e9moire de fin d&rsquo;\u00e9tudes des \u00e9tudiants. Elle n\u2019est accord\u00e9e qu\u2019avec r\u00e9servation pr\u00e9alable.<\/span><\/p>\n<h4><\/h4>\n<h4><span style=\"font-family: 'Book Antiqua', Palatino;font-size: 14pt;color: #000000\">4-SALLE DE LECTURE POUR \u00c9TUDIANTS:<\/span><\/h4>\n<p><span style=\"font-family: 'Book Antiqua', Palatino;font-size: 14pt;color: #000000\">\u00a0\u00a0<strong>E<\/strong>lle comporte 190 places.<\/span><\/p>\n<h3><\/h3>\n<h3><span style=\"font-family: 'Book Antiqua', Palatino;font-size: 14pt;color: #000000\">2<b><sup>\u00c8M<\/sup><\/b>\u00a0\u00c9TAGE EST COMPOS\u00c9 DE :<\/span><\/h3>\n<p><span style=\"font-family: 'Book Antiqua', Palatino;font-size: 14pt;color: #000000\">\u00a0<\/span><\/p>\n<h4><span style=\"font-family: 'Book Antiqua', Palatino;font-size: 14pt;color: #000000\"><strong>1-SALLE DE LECTURE \u00c9TUDIANTS:<\/strong><\/span><\/h4>\n<p><span style=\"font-family: 'Book Antiqua', Palatino;font-size: 14pt;color: #000000\">\u00a0 Elle offre 190 places aux \u00e9tudiants de fin de cycle<\/span><\/p>\n<h4><\/h4>\n<h4><span style=\"font-family: 'Book Antiqua', Palatino;font-size: 14pt;color: #000000\"><strong>2-SALLE DES TH\u00c8SES:<\/strong><\/span><\/h4>\n<p><span style=\"font-family: 'Book Antiqua', Palatino;font-size: 14pt;color: #000000\">\u00a0 Elle contient plus de 4000 th\u00e8ses :Doctorats, des m\u00e9moires de Magister , et des m\u00e9moires de fin de cycles universitaires consultables sur place.<\/span><\/p>\n<h4><\/h4>\n<h4><span style=\"font-family: 'Book Antiqua', Palatino;font-size: 14pt;color: #000000\">3-SALLE DES P\u00c9RIODIQUES :<\/span><\/h4>\n<p><span style=\"font-family: 'Book Antiqua', Palatino;font-size: 14pt;color: #000000\">\u00a0 Elle dispose de 105 titres de revues disponibles pour une consultation sur place. \u00a0<\/span><\/p>\n<\/div>\n<\/div>\n<\/div>\n<\/div>\n<\/div>\n<\/div>\n<div id=\"s5_component_wrap\">\n<div id=\"s5_component_wrap_inner\">\n<div class=\"blog-featured\">\n<div class=\"article_column\">\n<div class=\"item\">\n<div id=\"post-3724\" class=\"post-3724 page type-page status-publish hentry\">\n<div class=\"contentpaneopen_heading\"><\/div>\n<div class=\"s5_contentwrapper\">\n<div id=\"s5_middle_top_wrap\">\n<div id=\"s5_middle_top\">\n<div id=\"s5_middle_top_inner\">\n<div id=\"s5_pos_middle_top_1\" class=\"s5_float_left\">\n<div class=\"module_round_box_outer\">\n<div class=\"module_round_box-none \"><\/div>\n<\/div>\n<\/div>\n<\/div>\n<\/div>\n<\/div>\n<div id=\"s5_component_wrap\">\n<div id=\"s5_component_wrap_inner\">\n<div class=\"blog-featured\">\n<div class=\"article_column\">\n<div class=\"item\">\n<div id=\"post-3724\" class=\"post-3724 page type-page status-publish hentry\">\n<div class=\"s5_contentwrapper\">\n<p>&nbsp;<\/p>\n<\/div>\n<\/div>\n<\/div>\n<\/div>\n<\/div>\n<\/div>\n<\/div>\n<\/div>\n<\/div>\n<\/div>\n<\/div>\n<\/div>\n<\/div>\n<\/div>\n","protected":false},"excerpt":{"rendered":"<p>PR\u00c9SENTATION DE LA BIBLIOTH\u00c8QUE La biblioth\u00e8que se trouve loin de l&rsquo;entr\u00e9e principale de l\u2019universit\u00e9, plus exactement en face du centre de calcul. Elle est dot\u00e9e d&rsquo;un fond documentaire pluridisciplinaire\u00a0,\u00a0la biblioth\u00e8que s\u2019\u00e9tale sur une superficie de 7275 m\u00b2 et d&rsquo;une capacit\u00e9 d\u2019accueil de 500 places, Elle est constitu\u00e9 d&rsquo;un rez de chauss\u00e9e et deux \u00e9tages repartis [&hellip;]<\/p>\n","protected":false},"author":14,"featured_media":0,"parent":0,"menu_order":0,"comment_status":"open","ping_status":"closed","template":"elementor_header_footer","meta":{"_exactmetrics_skip_tracking":false,"_exactmetrics_sitenote_active":false,"_exactmetrics_sitenote_note":"","_exactmetrics_sitenote_category":0,"footnotes":""},"coauthors":[545],"class_list":["post-8573","page","type-page","status-publish","hentry"],"_links":{"self":[{"href":"https:\/\/lagh-univ.dz\/fr\/wp-json\/wp\/v2\/pages\/8573","targetHints":{"allow":["GET"]}}],"collection":[{"href":"https:\/\/lagh-univ.dz\/fr\/wp-json\/wp\/v2\/pages"}],"about":[{"href":"https:\/\/lagh-univ.dz\/fr\/wp-json\/wp\/v2\/types\/page"}],"author":[{"embeddable":true,"href":"https:\/\/lagh-univ.dz\/fr\/wp-json\/wp\/v2\/users\/14"}],"replies":[{"embeddable":true,"href":"https:\/\/lagh-univ.dz\/fr\/wp-json\/wp\/v2\/comments?post=8573"}],"version-history":[{"count":13,"href":"https:\/\/lagh-univ.dz\/fr\/wp-json\/wp\/v2\/pages\/8573\/revisions"}],"predecessor-version":[{"id":17213,"href":"https:\/\/lagh-univ.dz\/fr\/wp-json\/wp\/v2\/pages\/8573\/revisions\/17213"}],"wp:attachment":[{"href":"https:\/\/lagh-univ.dz\/fr\/wp-json\/wp\/v2\/media?parent=8573"}],"wp:term":[{"taxonomy":"author","embeddable":true,"href":"https:\/\/lagh-univ.dz\/fr\/wp-json\/wp\/v2\/coauthors?post=8573"}],"curies":[{"name":"wp","href":"https:\/\/api.w.org\/{rel}","templated":true}]}}