{"id":8627,"date":"2019-01-27T08:25:35","date_gmt":"2019-01-27T10:25:35","guid":{"rendered":"https:\/\/lagh-univ.dz\/pgr-articles-scientifiques-langue-et-litterature-arabes\/"},"modified":"2024-11-20T10:31:46","modified_gmt":"2024-11-20T09:31:46","slug":"pgr-articles-scientifiques-langue-et-litterature-arabes","status":"publish","type":"page","link":"https:\/\/lagh-univ.dz\/fr\/pgr-articles-scientifiques-langue-et-litterature-arabes\/","title":{"rendered":"pgr-articles scientifiques-Langue et Litt\u00e9rature Arabes"},"content":{"rendered":"<p>[su_box title=\u00a0\u00bblitt\u00e9rature arabes\u00a0\u00bb box_color=\u00a0\u00bb#12b9b2&Prime; radius=\u00a0\u00bb15&Prime;]<\/p>\n<p>[su_spoiler title=\u00a0\u00bbAnn\u00e9e 2019&Prime; style=\u00a0\u00bbfancy\u00a0\u00bb]<div class='w3eden'><!-- WPDM Link Template: Default Template -->\n\n<div class=\"link-template-default card mb-2\">\n    <div class=\"card-body\">\n        <div class=\"media\">\n            <div class=\"mr-3 img-48\"><img decoding=\"async\" class=\"wpdm_icon\" alt=\"Ic\u00f4ne\"   src=\"https:\/\/lagh-univ.dz\/wp-content\/plugins\/download-manager\/assets\/file-type-icons\/pdf.png\" \/><\/div>\n            <div class=\"media-body\">\n                <h3 class=\"package-title\"><a href='https:\/\/lagh-univ.dz\/download\/%d9%85%d9%82%d8%a7%d9%84-%d8%a8%d8%b9%d9%86%d9%88%d8%a7%d9%86-%d8%a7%d8%ae%d8%aa%d9%84%d8%a7%d9%81-%d8%a8%d9%86%d9%8a%d8%a9-%d8%a7%d9%84%d8%a3%d9%81%d8%b9%d8%a7%d9%84-%d9%88%d8%a3%d8%ab%d8%b1%d9%87\/'>\u0645\u0642\u0627\u0644 \u0628\u0639\u0646\u0648\u0627\u0646 \u0627\u062e\u062a\u0644\u0627\u0641 \u0628\u0646\u064a\u0629 \u0627\u0644\u0623\u0641\u0639\u0627\u0644 \u0648\u0623\u062b\u0631\u0647\u0627 \u0627\u0644\u062f\u0644\u0627\u0644\u064a \u0641\u064a \u0627\u0644\u0642\u0631\u0622\u0646 \u0627\u0644\u0643\u0631\u064a\u0645 \u0639\u0631\u0648\u064a \u0627\u0644\u0637\u0627\u0647\u0631<\/a><\/h3>\n                <div class=\"text-muted text-small\"><i class=\"fas fa-copy\"><\/i> 1 fichier\u00b7s <i class=\"fas fa-hdd ml-3\"><\/i> 641.94 KB<\/div>\n            <\/div>\n            <div class=\"ml-3\">\n                <a class='wpdm-download-link download-on-click btn btn-primary btn-xs' rel='nofollow' href='#' data-downloadurl=\"https:\/\/lagh-univ.dz\/download\/%d9%85%d9%82%d8%a7%d9%84-%d8%a8%d8%b9%d9%86%d9%88%d8%a7%d9%86-%d8%a7%d8%ae%d8%aa%d9%84%d8%a7%d9%81-%d8%a8%d9%86%d9%8a%d8%a9-%d8%a7%d9%84%d8%a3%d9%81%d8%b9%d8%a7%d9%84-%d9%88%d8%a3%d8%ab%d8%b1%d9%87\/?wpdmdl=33515&refresh=6a0944aab1c271778992298\">T\u00e9l\u00e9charger<\/a>\n            <\/div>\n        <\/div>\n    <\/div>\n<\/div>\n\n<\/div><div class='w3eden'><!-- WPDM Link Template: Default Template -->\n\n<div class=\"link-template-default card mb-2\">\n    <div class=\"card-body\">\n        <div class=\"media\">\n            <div class=\"mr-3 img-48\"><img decoding=\"async\" class=\"wpdm_icon\" alt=\"Ic\u00f4ne\"   src=\"https:\/\/lagh-univ.dz\/wp-content\/plugins\/download-manager\/assets\/file-type-icons\/pdf.svg\" \/><\/div>\n            <div class=\"media-body\">\n                <h3 class=\"package-title\"><a href='https:\/\/lagh-univ.dz\/download\/%d9%85%d9%82%d8%a7%d9%84-%d8%a8%d8%b9%d9%86%d9%88%d8%a7%d9%86%d8%a7%d8%b3%d8%aa%d8%b1%d8%a7%d8%aa%d9%8a%d8%ac%d9%8a%d8%a9-%d8%a7%d9%84%d8%ae%d8%b7%d8%a7%d8%a8-%d9%81%d9%8a-%d9%85%d8%ad%d8%a7%d8%b6\/'>\u0645\u0642\u0627\u0644 \u0628\u0639\u0646\u0648\u0627\u0646:\u0627\u0633\u062a\u0631\u0627\u062a\u064a\u062c\u064a\u0629 \u0627\u0644\u062e\u0637\u0627\u0628 \u0641\u064a \u0645\u062d\u0627\u0636\u0631\u0627\u062a \u0627\u0644\u0623\u062f\u0628\u0627\u0621 \u0644\u0644\u0631\u0627\u0639\u0628 \u0627\u0644\u0623\u0635\u0641\u0647\u0627\u0646\u064a (2) \u0628\u0646 \u0627\u0644\u063a\u0648\u064a\u0646\u064a \u0645\u0639\u0645\u0631<\/a><\/h3>\n                <div class=\"text-muted text-small\"><i class=\"fas fa-copy\"><\/i> 1 fichier\u00b7s <i class=\"fas fa-hdd ml-3\"><\/i> 749.36 KB<\/div>\n            <\/div>\n            <div class=\"ml-3\">\n                <a class='wpdm-download-link download-on-click btn btn-primary btn-xs' rel='nofollow' href='#' data-downloadurl=\"https:\/\/lagh-univ.dz\/download\/%d9%85%d9%82%d8%a7%d9%84-%d8%a8%d8%b9%d9%86%d9%88%d8%a7%d9%86%d8%a7%d8%b3%d8%aa%d8%b1%d8%a7%d8%aa%d9%8a%d8%ac%d9%8a%d8%a9-%d8%a7%d9%84%d8%ae%d8%b7%d8%a7%d8%a8-%d9%81%d9%8a-%d9%85%d8%ad%d8%a7%d8%b6\/?wpdmdl=33525&refresh=6a0944aab9b471778992298\">T\u00e9l\u00e9charger<\/a>\n            <\/div>\n        <\/div>\n    <\/div>\n<\/div>\n\n<\/div><div class='w3eden'><!-- WPDM Link Template: Default Template -->\n\n<div class=\"link-template-default card mb-2\">\n    <div class=\"card-body\">\n        <div class=\"media\">\n            <div class=\"mr-3 img-48\"><img decoding=\"async\" class=\"wpdm_icon\" alt=\"Ic\u00f4ne\"   src=\"https:\/\/lagh-univ.dz\/wp-content\/plugins\/download-manager\/assets\/file-type-icons\/pdf.svg\" \/><\/div>\n            <div class=\"media-body\">\n                <h3 class=\"package-title\"><a href='https:\/\/lagh-univ.dz\/download\/%d9%85%d9%82%d8%a7%d9%84-%d8%a8%d8%b9%d9%86%d9%88%d8%a7%d9%86%d8%a7%d9%84%d9%85%d9%86%d8%a7%d9%87%d8%ac-%d8%a7%d9%84%d8%aa%d8%b9%d9%84%d9%8a%d9%85%d9%8a%d8%a9-%d8%a8%d9%8a%d9%86-_%d8%b5%d9%90%d8%af\/'>\u0645\u0642\u0627\u0644 \u0628\u0639\u0646\u0648\u0627\u0646:\u0627\u0644\u0645\u0646\u0627\u0647\u062c \u0627\u0644\u062a\u0639\u0644\u064a\u0645\u064a\u0629 \u0628\u064a\u0646 _\u0635\u0650\u062f\u0627\u0645 \u0627\u0644\u062d\u0636\u0627\u0631\u0627\u062a_ \u0648_\u0627\u0644\u0639\u0648\u0644\u0645\u0629 \u0648\u062a\u062d\u0627\u0644\u0641 \u0627\u0644\u062d\u0636\u0627\u0631\u0627\u062a_\u0645\u0646\u0648\u0646\u064a \u0646\u0635\u0631 \u0627\u0644\u062f\u064a\u0646<\/a><\/h3>\n                <div class=\"text-muted text-small\"><i class=\"fas fa-copy\"><\/i> 1 fichier\u00b7s <i class=\"fas fa-hdd ml-3\"><\/i> 320.42 KB<\/div>\n            <\/div>\n            <div class=\"ml-3\">\n                <a class='wpdm-download-link download-on-click btn btn-primary btn-xs' rel='nofollow' href='#' data-downloadurl=\"https:\/\/lagh-univ.dz\/download\/%d9%85%d9%82%d8%a7%d9%84-%d8%a8%d8%b9%d9%86%d9%88%d8%a7%d9%86%d8%a7%d9%84%d9%85%d9%86%d8%a7%d9%87%d8%ac-%d8%a7%d9%84%d8%aa%d8%b9%d9%84%d9%8a%d9%85%d9%8a%d8%a9-%d8%a8%d9%8a%d9%86-_%d8%b5%d9%90%d8%af\/?wpdmdl=33528&refresh=6a0944aac18451778992298\">T\u00e9l\u00e9charger<\/a>\n            <\/div>\n        <\/div>\n    <\/div>\n<\/div>\n\n<\/div><div class='w3eden'><!-- WPDM Link Template: Default Template -->\n\n<div class=\"link-template-default card mb-2\">\n    <div class=\"card-body\">\n        <div class=\"media\">\n            <div class=\"mr-3 img-48\"><img decoding=\"async\" class=\"wpdm_icon\" alt=\"Ic\u00f4ne\"   src=\"https:\/\/lagh-univ.dz\/wp-content\/plugins\/download-manager\/assets\/file-type-icons\/pdf.png\" \/><\/div>\n            <div class=\"media-body\">\n                <h3 class=\"package-title\"><a href='https:\/\/lagh-univ.dz\/download\/%d9%85%d9%82%d8%a7%d9%84-%d8%a8%d8%b9%d9%86%d9%88%d8%a7%d9%86%d9%82%d8%b1%d8%a7%d8%a1%d8%a9-%d9%85%d8%b9%d8%a7%d8%b5%d8%b1%d8%a9-%d9%81%d9%8a-%d8%a7%d9%84%d8%aa%d9%88%d8%b5%d9%8a%d9%81-%d8%a7%d9%84\/'>\u0645\u0642\u0627\u0644 \u0628\u0639\u0646\u0648\u0627\u0646:\u0642\u0631\u0627\u0621\u0629 \u0645\u0639\u0627\u0635\u0631\u0629 \u0641\u064a \u0627\u0644\u062a\u0648\u0635\u064a\u0641 \u0627\u0644\u0641\u064a\u0632\u064a\u0648\u0644\u0648\u062c\u064a \u0644\u0644\u062d\u0631\u0648\u0641 \u0627\u0644\u0639\u0631\u0628\u064a\u0649 \u0639\u0646\u062f \u0639\u0644\u0645\u0627\u0621 \u0627\u0644\u062a\u062c\u0648\u064a\u062f \u062f\u0644\u0645\u0627\u062c\u064a \u0639\u0628\u062f \u0627\u0644\u0642\u0627\u062f\u0631<\/a><\/h3>\n                <div class=\"text-muted text-small\"><i class=\"fas fa-copy\"><\/i> 1 fichier\u00b7s <i class=\"fas fa-hdd ml-3\"><\/i> 745.88 KB<\/div>\n            <\/div>\n            <div class=\"ml-3\">\n                <a class='wpdm-download-link download-on-click btn btn-primary btn-xs' rel='nofollow' href='#' data-downloadurl=\"https:\/\/lagh-univ.dz\/download\/%d9%85%d9%82%d8%a7%d9%84-%d8%a8%d8%b9%d9%86%d9%88%d8%a7%d9%86%d9%82%d8%b1%d8%a7%d8%a1%d8%a9-%d9%85%d8%b9%d8%a7%d8%b5%d8%b1%d8%a9-%d9%81%d9%8a-%d8%a7%d9%84%d8%aa%d9%88%d8%b5%d9%8a%d9%81-%d8%a7%d9%84\/?wpdmdl=33534&refresh=6a0944aac95871778992298\">T\u00e9l\u00e9charger<\/a>\n            <\/div>\n        <\/div>\n    <\/div>\n<\/div>\n\n<\/div><div class='w3eden'><!-- WPDM Link Template: Default Template -->\n\n<div class=\"link-template-default card mb-2\">\n    <div class=\"card-body\">\n        <div class=\"media\">\n            <div class=\"mr-3 img-48\"><img decoding=\"async\" class=\"wpdm_icon\" alt=\"Ic\u00f4ne\"   src=\"https:\/\/lagh-univ.dz\/wp-content\/plugins\/download-manager\/assets\/file-type-icons\/pdf.svg\" \/><\/div>\n            <div class=\"media-body\">\n                <h3 class=\"package-title\"><a href='https:\/\/lagh-univ.dz\/download\/%d9%85%d9%82%d8%a7%d9%84-%d8%a8%d8%b9%d9%86%d9%88%d8%a7%d9%86%d9%85%d9%82%d8%a7%d9%84-%d8%a7%d9%84%d8%b9%d8%af%d9%88%d9%84-%d8%a7%d9%84%d9%84%d9%91%d9%81%d8%b8%d9%8a-%d9%81%d9%8a-%d8%a7%d9%84%d9%81\/'>\u0645\u0642\u0627\u0644 \u0628\u0639\u0646\u0648\u0627\u0646:\u0645\u0642\u0627\u0644 \u0627\u0644\u0639\u062f\u0648\u0644 \u0627\u0644\u0644\u0651\u0641\u0638\u064a \u0641\u064a \u0627\u0644\u0641\u0627\u0635\u0644\u0629 \u0627\u0644\u0642\u0631\u0622\u0646\u064a\u0651\u0629 \u0640 \u0628\u064a\u0646 \u0645\u0631\u0627\u0639\u0627\u0629 \u0627\u0644\u0641\u0627\u0635\u0644\u0629 \u0648\u0627\u0639\u062a\u0628\u0627\u0631 \u062f\u0644\u0627\u0644\u0629 \u0627\u0644\u0633\u0651\u064a\u0627\u0642 \u0640  \u0627\u0644\u0645\u062c\u0644\u0629 \u0623\u0646\u0633\u0646\u0629 \u0644\u0644\u0628\u062d~0<\/a><\/h3>\n                <div class=\"text-muted text-small\"><i class=\"fas fa-copy\"><\/i> 1 fichier\u00b7s <i class=\"fas fa-hdd ml-3\"><\/i> 1.62 MB<\/div>\n            <\/div>\n            <div class=\"ml-3\">\n                <a class='wpdm-download-link download-on-click btn btn-primary btn-xs' rel='nofollow' href='#' data-downloadurl=\"https:\/\/lagh-univ.dz\/download\/%d9%85%d9%82%d8%a7%d9%84-%d8%a8%d8%b9%d9%86%d9%88%d8%a7%d9%86%d9%85%d9%82%d8%a7%d9%84-%d8%a7%d9%84%d8%b9%d8%af%d9%88%d9%84-%d8%a7%d9%84%d9%84%d9%91%d9%81%d8%b8%d9%8a-%d9%81%d9%8a-%d8%a7%d9%84%d9%81\/?wpdmdl=33538&refresh=6a0944aad15d31778992298\">T\u00e9l\u00e9charger<\/a>\n            <\/div>\n        <\/div>\n    <\/div>\n<\/div>\n\n<\/div><div class='w3eden'><!-- WPDM Link Template: Default Template -->\n\n<div class=\"link-template-default card mb-2\">\n    <div class=\"card-body\">\n        <div class=\"media\">\n            <div class=\"mr-3 img-48\"><img decoding=\"async\" class=\"wpdm_icon\" alt=\"Ic\u00f4ne\"   src=\"https:\/\/lagh-univ.dz\/wp-content\/plugins\/download-manager\/assets\/file-type-icons\/pdf.svg\" \/><\/div>\n            <div class=\"media-body\">\n                <h3 class=\"package-title\"><a href='https:\/\/lagh-univ.dz\/download\/%d9%85%d9%82%d8%a7%d9%84-%d8%a8%d8%b9%d9%86%d9%88%d8%a7%d9%86%d9%85%d9%82%d8%a7%d9%84-%d8%a8%d8%b9%d8%af-%d8%a7%d9%84%d8%af%d9%83%d8%aa%d9%88%d8%b1%d8%a7%d9%87-%d8%b4%d8%b9%d8%b1-%d8%a7%d9%84%d8%b1\/'>\u0645\u0642\u0627\u0644 \u0628\u0639\u0646\u0648\u0627\u0646:\u0645\u0642\u0627\u0644 \u0628\u0639\u062f \u0627\u0644\u062f\u0643\u062a\u0648\u0631\u0627\u0647 - \u0634\u0639\u0631 \u0627\u0644\u0631\u0624\u064a\u0627 \u0639\u0646\u062f \u0623\u062f\u0648\u0646\u064a\u0633 - \u0628\u064a\u0646 \u0627\u0644\u062a\u0634\u0643\u064a\u0644 \u0627\u0644\u0634\u0639\u0631\u064a \u0648\u0627\u0644\u0631\u0624\u064a\u0627 \u0627\u0644\u0635\u0648\u0641\u064a\u0629<\/a><\/h3>\n                <div class=\"text-muted text-small\"><i class=\"fas fa-copy\"><\/i> 1 fichier\u00b7s <i class=\"fas fa-hdd ml-3\"><\/i> 56.00 KB<\/div>\n            <\/div>\n            <div class=\"ml-3\">\n                <a class='wpdm-download-link download-on-click btn btn-primary btn-xs' rel='nofollow' href='#' data-downloadurl=\"https:\/\/lagh-univ.dz\/download\/%d9%85%d9%82%d8%a7%d9%84-%d8%a8%d8%b9%d9%86%d9%88%d8%a7%d9%86%d9%85%d9%82%d8%a7%d9%84-%d8%a8%d8%b9%d8%af-%d8%a7%d9%84%d8%af%d9%83%d8%aa%d9%88%d8%b1%d8%a7%d9%87-%d8%b4%d8%b9%d8%b1-%d8%a7%d9%84%d8%b1\/?wpdmdl=33542&refresh=6a0944aad8b381778992298\">T\u00e9l\u00e9charger<\/a>\n            <\/div>\n        <\/div>\n    <\/div>\n<\/div>\n\n<\/div><div class='w3eden'><!-- WPDM Link Template: Default Template ( Old ) -->\n\n\n<div class=\"wpdm-link-template link-template-default\" >\n\n    <div class=\"media\">\n        <div class=\"mr-3\"><img decoding=\"async\" class=\"wpdm_icon\" alt=\"Ic\u00f4ne\"   src=\"https:\/\/lagh-univ.dz\/wp-content\/plugins\/download-manager\/assets\/file-type-icons\/doc.png\" \/><\/div>\n        <div class=\"media-body\">\n            <div>\n                <strong class=\"package-title\">Ouverture du concours National pour l'admissibilit\u00e9 au programme de la formation r\u00e9sidentielle \u00e0 l'\u00e9tranger au titre de l'ann\u00e9e 2019-2020.<\/strong> | 11.62 KB\n            <\/div>\n            <a class='wpdm-download-link download-on-click btn btn-primary btn-xs' rel='nofollow' href='#' data-downloadurl=\"https:\/\/lagh-univ.dz\/download\/ouverture-du-concours-national-pour-ladmissibilite-au-programme-de-la-formation-residentielle-a-letranger-au-titre-de-lannee-2019-2020\/?wpdmdl=5630&refresh=6a0944aae058a1778992298\">Open<\/a>\n        <\/div>\n\n    <\/div>\n    <div style=\"clear: both\"><\/div>\n<\/div>\n<div style=\"clear: both\"><\/div>\n\n<\/div><div class='w3eden'><!-- WPDM Link Template: Default Template -->\n\n<div class=\"link-template-default card mb-2\">\n    <div class=\"card-body\">\n        <div class=\"media\">\n            <div class=\"mr-3 img-48\"><img decoding=\"async\" class=\"wpdm_icon\" alt=\"Ic\u00f4ne\"   src=\"https:\/\/lagh-univ.dz\/wp-content\/plugins\/download-manager\/assets\/file-type-icons\/pdf.svg\" \/><\/div>\n            <div class=\"media-body\">\n                <h3 class=\"package-title\"><a href='https:\/\/lagh-univ.dz\/download\/%d9%85%d9%82%d8%a7%d9%84-%d8%a7%d9%84%d8%b3%d9%8a%d8%af-%d9%85%d9%82%d8%a7%d9%84-%d8%b5%d9%88%d9%84%d8%ad-%d8%a7%d9%84%d8%b7%d9%8a%d8%a8\/'>\u0645\u0642\u0627\u0644 \u0627\u0644\u0633\u064a\u062f \u0645\u0642\u0627\u0644 \u0635\u0648\u0644\u062d \u0627\u0644\u0637\u064a\u0628<\/a><\/h3>\n                <div class=\"text-muted text-small\"><i class=\"fas fa-copy\"><\/i> 1 fichier\u00b7s <i class=\"fas fa-hdd ml-3\"><\/i> 682.56 KB<\/div>\n            <\/div>\n            <div class=\"ml-3\">\n                <a class='wpdm-download-link download-on-click btn btn-primary btn-xs' rel='nofollow' href='#' data-downloadurl=\"https:\/\/lagh-univ.dz\/download\/%d9%85%d9%82%d8%a7%d9%84-%d8%a7%d9%84%d8%b3%d9%8a%d8%af-%d9%85%d9%82%d8%a7%d9%84-%d8%b5%d9%88%d9%84%d8%ad-%d8%a7%d9%84%d8%b7%d9%8a%d8%a8\/?wpdmdl=33546&refresh=6a0944aae7c571778992298\">T\u00e9l\u00e9charger<\/a>\n            <\/div>\n        <\/div>\n    <\/div>\n<\/div>\n\n<\/div><div class='w3eden'><!-- WPDM Link Template: Default Template ( Old ) -->\n\n\n<div class=\"wpdm-link-template link-template-default\" >\n\n    <div class=\"media\">\n        <div class=\"mr-3\"><img decoding=\"async\" class=\"wpdm_icon\" alt=\"Ic\u00f4ne\"   src=\"https:\/\/lagh-univ.dz\/wp-content\/plugins\/download-manager\/assets\/file-type-icons\/doc.png\" \/><\/div>\n        <div class=\"media-body\">\n            <div>\n                <strong class=\"package-title\">Ouverture du concours National pour l'admissibilit\u00e9 au programme de la formation r\u00e9sidentielle \u00e0 l'\u00e9tranger au titre de l'ann\u00e9e 2019-2020.<\/strong> | 11.62 KB\n            <\/div>\n            <a class='wpdm-download-link download-on-click btn btn-primary btn-xs' rel='nofollow' href='#' data-downloadurl=\"https:\/\/lagh-univ.dz\/download\/ouverture-du-concours-national-pour-ladmissibilite-au-programme-de-la-formation-residentielle-a-letranger-au-titre-de-lannee-2019-2020\/?wpdmdl=5630&refresh=6a0944aaee7841778992298\">Open<\/a>\n        <\/div>\n\n    <\/div>\n    <div style=\"clear: both\"><\/div>\n<\/div>\n<div style=\"clear: both\"><\/div>\n\n<\/div>[\/su_spoiler]<\/p>\n<p>[su_spoiler title=\u00a0\u00bbAnn\u00e9e 2018&Prime; style=\u00a0\u00bbfancy\u00a0\u00bb]<div class='w3eden'><!-- WPDM Link Template: Default Template ( Old ) -->\n\n\n<div class=\"wpdm-link-template link-template-default\" >\n\n    <div class=\"media\">\n        <div class=\"mr-3\"><img decoding=\"async\" class=\"wpdm_icon\" alt=\"Ic\u00f4ne\"   src=\"https:\/\/lagh-univ.dz\/wp-content\/plugins\/download-manager\/assets\/file-type-icons\/doc.png\" \/><\/div>\n        <div class=\"media-body\">\n            <div>\n                <strong class=\"package-title\">Ouverture du concours National pour l'admissibilit\u00e9 au programme de la formation r\u00e9sidentielle \u00e0 l'\u00e9tranger au titre de l'ann\u00e9e 2019-2020.<\/strong> | 11.62 KB\n            <\/div>\n            <a class='wpdm-download-link download-on-click btn btn-primary btn-xs' rel='nofollow' href='#' data-downloadurl=\"https:\/\/lagh-univ.dz\/download\/ouverture-du-concours-national-pour-ladmissibilite-au-programme-de-la-formation-residentielle-a-letranger-au-titre-de-lannee-2019-2020\/?wpdmdl=5630&refresh=6a0944aaf1b421778992298\">Open<\/a>\n        <\/div>\n\n    <\/div>\n    <div style=\"clear: both\"><\/div>\n<\/div>\n<div style=\"clear: both\"><\/div>\n\n<\/div>[\/su_spoiler]<\/p>\n<p>[su_spoiler title=\u00a0\u00bbAnn\u00e9e 2017&Prime; style=\u00a0\u00bbfancy\u00a0\u00bb]<div class='w3eden'><!-- WPDM Link Template: Default Template ( Old ) -->\n\n\n<div class=\"wpdm-link-template link-template-default\" >\n\n    <div class=\"media\">\n        <div class=\"mr-3\"><img decoding=\"async\" class=\"wpdm_icon\" alt=\"Ic\u00f4ne\"   src=\"https:\/\/lagh-univ.dz\/wp-content\/plugins\/download-manager\/assets\/file-type-icons\/doc.png\" \/><\/div>\n        <div class=\"media-body\">\n            <div>\n                <strong class=\"package-title\">Ouverture du concours National pour l'admissibilit\u00e9 au programme de la formation r\u00e9sidentielle \u00e0 l'\u00e9tranger au titre de l'ann\u00e9e 2019-2020.<\/strong> | 11.62 KB\n            <\/div>\n            <a class='wpdm-download-link download-on-click btn btn-primary btn-xs' rel='nofollow' href='#' data-downloadurl=\"https:\/\/lagh-univ.dz\/download\/ouverture-du-concours-national-pour-ladmissibilite-au-programme-de-la-formation-residentielle-a-letranger-au-titre-de-lannee-2019-2020\/?wpdmdl=5630&refresh=6a0944ab009861778992299\">Open<\/a>\n        <\/div>\n\n    <\/div>\n    <div style=\"clear: both\"><\/div>\n<\/div>\n<div style=\"clear: both\"><\/div>\n\n<\/div>[\/su_spoiler]<\/p>\n<p>[\/su_box]<\/p>\n<p>&nbsp;<\/p>\n<p>[su_box title=\u00a0\u00bblitt\u00e9rature arabes\u00a0\u00bb box_color=\u00a0\u00bb#12b9b2&Prime; radius=\u00a0\u00bb15&Prime;]<\/p>\n<p>[su_spoiler title=\u00a0\u00bbAnn\u00e9e 2019&Prime; style=\u00a0\u00bbfancy\u00a0\u00bb]<div class='w3eden'><!-- WPDM Link Template: Default Template ( Old ) -->\n\n\n<div class=\"wpdm-link-template link-template-default\" >\n\n    <div class=\"media\">\n        <div class=\"mr-3\"><img decoding=\"async\" class=\"wpdm_icon\" alt=\"Ic\u00f4ne\"   src=\"https:\/\/lagh-univ.dz\/wp-content\/plugins\/download-manager\/assets\/file-type-icons\/doc.png\" \/><\/div>\n        <div class=\"media-body\">\n            <div>\n                <strong class=\"package-title\">Ouverture du concours National pour l'admissibilit\u00e9 au programme de la formation r\u00e9sidentielle \u00e0 l'\u00e9tranger au titre de l'ann\u00e9e 2019-2020.<\/strong> | 11.62 KB\n            <\/div>\n            <a class='wpdm-download-link download-on-click btn btn-primary btn-xs' rel='nofollow' href='#' data-downloadurl=\"https:\/\/lagh-univ.dz\/download\/ouverture-du-concours-national-pour-ladmissibilite-au-programme-de-la-formation-residentielle-a-letranger-au-titre-de-lannee-2019-2020\/?wpdmdl=5630&refresh=6a0944ab036c01778992299\">Open<\/a>\n        <\/div>\n\n    <\/div>\n    <div style=\"clear: both\"><\/div>\n<\/div>\n<div style=\"clear: both\"><\/div>\n\n<\/div><div class='w3eden'><!-- WPDM Link Template: Default Template ( Old ) -->\n\n\n<div class=\"wpdm-link-template link-template-default\" >\n\n    <div class=\"media\">\n        <div class=\"mr-3\"><img decoding=\"async\" class=\"wpdm_icon\" alt=\"Ic\u00f4ne\"   src=\"https:\/\/lagh-univ.dz\/wp-content\/plugins\/download-manager\/assets\/file-type-icons\/doc.png\" \/><\/div>\n        <div class=\"media-body\">\n            <div>\n                <strong class=\"package-title\">Ouverture du concours National pour l'admissibilit\u00e9 au programme de la formation r\u00e9sidentielle \u00e0 l'\u00e9tranger au titre de l'ann\u00e9e 2019-2020.<\/strong> | 11.62 KB\n            <\/div>\n            <a class='wpdm-download-link download-on-click btn btn-primary btn-xs' rel='nofollow' href='#' data-downloadurl=\"https:\/\/lagh-univ.dz\/download\/ouverture-du-concours-national-pour-ladmissibilite-au-programme-de-la-formation-residentielle-a-letranger-au-titre-de-lannee-2019-2020\/?wpdmdl=5630&refresh=6a0944ab0628b1778992299\">Open<\/a>\n        <\/div>\n\n    <\/div>\n    <div style=\"clear: both\"><\/div>\n<\/div>\n<div style=\"clear: both\"><\/div>\n\n<\/div>[\/su_spoiler]<\/p>\n<p>[su_spoiler title=\u00a0\u00bbAnn\u00e9e 2018&Prime; style=\u00a0\u00bbfancy\u00a0\u00bb]<div class='w3eden'><!-- WPDM Link Template: Default Template ( Old ) -->\n\n\n<div class=\"wpdm-link-template link-template-default\" >\n\n    <div class=\"media\">\n        <div class=\"mr-3\"><img decoding=\"async\" class=\"wpdm_icon\" alt=\"Ic\u00f4ne\"   src=\"https:\/\/lagh-univ.dz\/wp-content\/plugins\/download-manager\/assets\/file-type-icons\/doc.png\" \/><\/div>\n        <div class=\"media-body\">\n            <div>\n                <strong class=\"package-title\">Ouverture du concours National pour l'admissibilit\u00e9 au programme de la formation r\u00e9sidentielle \u00e0 l'\u00e9tranger au titre de l'ann\u00e9e 2019-2020.<\/strong> | 11.62 KB\n            <\/div>\n            <a class='wpdm-download-link download-on-click btn btn-primary btn-xs' rel='nofollow' href='#' data-downloadurl=\"https:\/\/lagh-univ.dz\/download\/ouverture-du-concours-national-pour-ladmissibilite-au-programme-de-la-formation-residentielle-a-letranger-au-titre-de-lannee-2019-2020\/?wpdmdl=5630&refresh=6a0944ab08dc21778992299\">Open<\/a>\n        <\/div>\n\n    <\/div>\n    <div style=\"clear: both\"><\/div>\n<\/div>\n<div style=\"clear: both\"><\/div>\n\n<\/div>[\/su_spoiler]<\/p>\n<p>[su_spoiler title=\u00a0\u00bbAnn\u00e9e 2017&Prime; style=\u00a0\u00bbfancy\u00a0\u00bb]<div class='w3eden'><!-- WPDM Link Template: Default Template ( Old ) -->\n\n\n<div class=\"wpdm-link-template link-template-default\" >\n\n    <div class=\"media\">\n        <div class=\"mr-3\"><img decoding=\"async\" class=\"wpdm_icon\" alt=\"Ic\u00f4ne\"   src=\"https:\/\/lagh-univ.dz\/wp-content\/plugins\/download-manager\/assets\/file-type-icons\/doc.png\" \/><\/div>\n        <div class=\"media-body\">\n            <div>\n                <strong class=\"package-title\">Ouverture du concours National pour l'admissibilit\u00e9 au programme de la formation r\u00e9sidentielle \u00e0 l'\u00e9tranger au titre de l'ann\u00e9e 2019-2020.<\/strong> | 11.62 KB\n            <\/div>\n            <a class='wpdm-download-link download-on-click btn btn-primary btn-xs' rel='nofollow' href='#' data-downloadurl=\"https:\/\/lagh-univ.dz\/download\/ouverture-du-concours-national-pour-ladmissibilite-au-programme-de-la-formation-residentielle-a-letranger-au-titre-de-lannee-2019-2020\/?wpdmdl=5630&refresh=6a0944ab0b8761778992299\">Open<\/a>\n        <\/div>\n\n    <\/div>\n    <div style=\"clear: both\"><\/div>\n<\/div>\n<div style=\"clear: both\"><\/div>\n\n<\/div>[\/su_spoiler]<\/p>\n<p>[\/su_box]<\/p>\n","protected":false},"excerpt":{"rendered":"<p>[su_box title=\u00a0\u00bblitt\u00e9rature arabes\u00a0\u00bb box_color=\u00a0\u00bb#12b9b2&Prime; radius=\u00a0\u00bb15&Prime;] [su_spoiler title=\u00a0\u00bbAnn\u00e9e 2019&Prime; style=\u00a0\u00bbfancy\u00a0\u00bb][\/su_spoiler] [su_spoiler title=\u00a0\u00bbAnn\u00e9e 2018&Prime; style=\u00a0\u00bbfancy\u00a0\u00bb][\/su_spoiler] [su_spoiler title=\u00a0\u00bbAnn\u00e9e 2017&Prime; style=\u00a0\u00bbfancy\u00a0\u00bb][\/su_spoiler] [\/su_box] &nbsp; [su_box title=\u00a0\u00bblitt\u00e9rature arabes\u00a0\u00bb box_color=\u00a0\u00bb#12b9b2&Prime; radius=\u00a0\u00bb15&Prime;] [su_spoiler title=\u00a0\u00bbAnn\u00e9e 2019&Prime; style=\u00a0\u00bbfancy\u00a0\u00bb][\/su_spoiler] [su_spoiler title=\u00a0\u00bbAnn\u00e9e 2018&Prime; style=\u00a0\u00bbfancy\u00a0\u00bb][\/su_spoiler] [su_spoiler title=\u00a0\u00bbAnn\u00e9e 2017&Prime; style=\u00a0\u00bbfancy\u00a0\u00bb][\/su_spoiler] [\/su_box]<\/p>\n","protected":false},"author":1,"featured_media":0,"parent":0,"menu_order":0,"comment_status":"closed","ping_status":"closed","template":"elementor_header_footer","meta":{"_exactmetrics_skip_tracking":false,"_exactmetrics_sitenote_active":false,"_exactmetrics_sitenote_note":"","_exactmetrics_sitenote_category":0,"footnotes":""},"coauthors":[217,523],"class_list":["post-8627","page","type-page","status-publish","hentry"],"_links":{"self":[{"href":"https:\/\/lagh-univ.dz\/fr\/wp-json\/wp\/v2\/pages\/8627","targetHints":{"allow":["GET"]}}],"collection":[{"href":"https:\/\/lagh-univ.dz\/fr\/wp-json\/wp\/v2\/pages"}],"about":[{"href":"https:\/\/lagh-univ.dz\/fr\/wp-json\/wp\/v2\/types\/page"}],"author":[{"embeddable":true,"href":"https:\/\/lagh-univ.dz\/fr\/wp-json\/wp\/v2\/users\/1"}],"replies":[{"embeddable":true,"href":"https:\/\/lagh-univ.dz\/fr\/wp-json\/wp\/v2\/comments?post=8627"}],"version-history":[{"count":2,"href":"https:\/\/lagh-univ.dz\/fr\/wp-json\/wp\/v2\/pages\/8627\/revisions"}],"predecessor-version":[{"id":33580,"href":"https:\/\/lagh-univ.dz\/fr\/wp-json\/wp\/v2\/pages\/8627\/revisions\/33580"}],"wp:attachment":[{"href":"https:\/\/lagh-univ.dz\/fr\/wp-json\/wp\/v2\/media?parent=8627"}],"wp:term":[{"taxonomy":"author","embeddable":true,"href":"https:\/\/lagh-univ.dz\/fr\/wp-json\/wp\/v2\/coauthors?post=8627"}],"curies":[{"name":"wp","href":"https:\/\/api.w.org\/{rel}","templated":true}]}}