{"id":8691,"date":"2019-01-25T19:26:37","date_gmt":"2019-01-25T21:26:37","guid":{"rendered":"https:\/\/lagh-univ.dz\/revues-science-sociale\/"},"modified":"2019-02-20T07:26:44","modified_gmt":"2019-02-20T09:26:44","slug":"revues-science-sociale","status":"publish","type":"page","link":"https:\/\/lagh-univ.dz\/fr\/revues-science-sociale\/","title":{"rendered":"Revues-science sociale"},"content":{"rendered":"<form action=\"https:\/\/www.asjp.cerist.dz\/en\/ArticlesRevue\/26\" method=\"post\">\n<div>\n<h1><span style=\"color: #ff0000;\"><em>Revue sciences sociales<br \/>\n<\/em><\/span><\/h1>\n<blockquote><p>Revue p\u00e9riodique internationale publi\u00e9e par la Facult\u00e9 des sciences \u00e9conomiques et commerciales et des sciences de gestion Universit\u00e9 Amar Telidji de Laghouat.<\/p>\n<ul class=\"list-unstyled terms-list\">\n<li>Loi<\/li>\n<li>Sciences politiques et relations internationales<\/li>\n<\/ul>\n<\/blockquote>\n<div><a href=\"https:\/\/lagh-univ.dz\/revue-de-luniversite\/images-2\/\" rel=\"attachment wp-att-4762\"><img fetchpriority=\"high\" decoding=\"async\" class=\"wp-image-4774 size-full alignleft\" src=\"https:\/\/lagh-univ.dz\/wp-content\/uploads\/2019\/01\/images-2.jpeg\" alt=\"\" width=\"190\" height=\"265\" \/><\/a><\/div>\n<div>\n<table style=\"height: 103px; width: 748px; border-color: #ffffff; background-color: #ffffff;\" width=\"748\">\n<tbody>\n<tr style=\"border-color: #ffffff;\">\n<td style=\"width: 370.95px; background-color: #ffffff; border-color: #ffffff;\">[su_button style=\u00a0\u00bbsoft\u00a0\u00bb background=\u00a0\u00bb#08387f\u00a0\u00bb] EISSN :2602-6090[\/su_button]<\/td>\n<td style=\"width: 361.05px; background-color: #ffffff; border-color: #ffffff;\">[su_button style=\u00a0\u00bbsoft\u00a0\u00bb background=\u00a0\u00bb#08387f\u00a0\u00bb]Ann\u00e9e de cr\u00e9ation: 2006[\/su_button]<\/td>\n<\/tr>\n<tr style=\"border-color: #ffffff;\">\n<td style=\"width: 370.95px; background-color: #ffffff; border-color: #ffffff;\">[su_button style=\u00a0\u00bbsoft\u00a0\u00bb background=\u00a0\u00bb#08387f\u00a0\u00bb]P\u00e9riodicit\u00e9: \u0643\u0644 \u0634\u0647\u0631\u064a\u0646[\/su_button]<\/td>\n<td style=\"width: 361.05px; background-color: #ffffff; border-color: #ffffff;\">[su_button style=\u00a0\u00bbsoft\u00a0\u00bb background=\u00a0\u00bb#08387f\u00a0\u00bb]Pays:<span style=\"color: #ffffff;\"><strong>\u0627\u0644\u062c\u0632\u0627\u0626\u0631 <\/strong><\/span> [\/su_button]<\/td>\n<\/tr>\n<tr style=\"border-color: #ffffff;\">\n<td style=\"width: 370.95px; background-color: #ffffff; border-color: #ffffff;\">[su_button style=\u00a0\u00bbsoft\u00a0\u00bb background=\u00a0\u00bb#08387f\u00a0\u00bb]Taux d&rsquo;acceptation: 7%[\/su_button]<\/td>\n<td style=\"width: 361.05px; background-color: #ffffff; border-color: #ffffff;\">[su_button style=\u00a0\u00bbsoft\u00a0\u00bb background=\u00a0\u00bb#08387f\u00a0\u00bb]Institution: <strong><span style=\"color: #ffffff;\">\u062c\u0627\u0645\u0639\u0629 \u0639\u0645\u0627\u0631<\/span> <span style=\"color: #ffffff;\">\u062b\u0644\u064a\u062c\u064a \u2013 \u0627\u0644\u0623\u063a\u0648\u0627\u0637<\/span><\/strong>[\/su_button]<\/td>\n<\/tr>\n<tr style=\"border-color: #ffffff;\">\n<td style=\"width: 370.95px; background-color: #ffffff; border-color: #ffffff;\">[su_button style=\u00a0\u00bbsoft\u00a0\u00bb background=\u00a0\u00bb#08387f\u00a0\u00bb]Temps moyen de r\u00e9ponse: 46 \u064a\u0648\u0645\u00a0[\/su_button]<\/td>\n<td style=\"width: 361.05px; background-color: #ffffff; border-color: #ffffff;\">[su_button style=\u00a0\u00bbsoft\u00a0\u00bb background=\u00a0\u00bb#08387f\u00a0\u00bb]Facteur d&rsquo;impact ASJP:[\/su_button]<\/td>\n<\/tr>\n<tr style=\"border-color: #ffffff;\">\n<td style=\"width: 370.95px; background-color: #ffffff; border-color: #ffffff;\">[su_button style=\u00a0\u00bbsoft\u00a0\u00bb background=\u00a0\u00bb#08387f\u00a0\u00bb]emps moyen de publication apr\u00e8s acceptation: 13 Jours[\/su_button]<\/td>\n<td style=\"width: 361.05px; background-color: #ffffff; border-color: #ffffff;\"><\/td>\n<\/tr>\n<tr style=\"border-color: #ffffff; background-color: #ffffff;\">\n<td style=\"width: 370.95px; border-color: #ffffff; background-color: #ffffff;\"><\/td>\n<td style=\"width: 361.05px; border-color: #ffffff; background-color: #ffffff;\"><\/td>\n<\/tr>\n<tr style=\"border-color: #ffffff; background-color: #ffffff;\">\n<td style=\"width: 370.95px; border-color: #ffffff; background-color: #ffffff;\"><\/td>\n<td style=\"width: 361.05px; border-color: #ffffff; background-color: #ffffff;\"><\/td>\n<\/tr>\n<\/tbody>\n<\/table>\n<\/div>\n<\/div>\n<div>\n<table style=\"height: 19px; width: 673px;\" width=\"610\">\n<tbody>\n<tr>\n<td style=\"width: 216.567px; text-align: left; border-color: #ffffff; background-color: #ffffff;\">\n<p style=\"text-align: left;\">[su_button url=\u00a0\u00bbhttps:\/\/lagh-univ.dz\/?page_id=6366&amp;preview=true\u00a0\u00bb background=\u00a0\u00bb#19a387&Prime;]Guide pour auteur[\/su_button]<\/p>\n<\/td>\n<td style=\"width: 253.583px; text-align: left; border-color: #ffffff; background-color: #ffffff;\">[su_button url=\u00a0\u00bbhttps:\/\/lagh-univ.dz\/?page_id=6366&amp;preview=true\u00a0\u00bb background=\u00a0\u00bb#19a387&Prime;]Instruction pour auteur[\/su_button]<\/td>\n<td style=\"width: 277.4px; text-align: left; border-color: #ffffff; background-color: #ffffff;\">[su_button url=\u00a0\u00bbhttps:\/\/lagh-univ.dz\/?page_id=6366&amp;preview=true\u00a0\u00bb background=\u00a0\u00bb#e21452&Prime;]Soummisioner un article [\/su_button]<\/td>\n<\/tr>\n<tr>\n<td style=\"width: 216.567px; text-align: left; border-color: #ffffff; background-color: #ffffff;\">\n<p style=\"text-align: left;\">\n<\/td>\n<td style=\"width: 253.583px; text-align: left; border-color: #ffffff; background-color: #ffffff;\"><\/td>\n<td style=\"width: 277.4px; text-align: left; border-color: #ffffff; background-color: #ffffff;\"><\/td>\n<\/tr>\n<\/tbody>\n<\/table>\n<\/div>\n<div><\/div>\n<div><\/div>\n<div>\n<p><span style=\"color: #ff0000;\">\u00a0<\/span><\/p>\n<div>[su_spacer size=\u00a0\u00bb20&Prime;]<\/div>\n<div>\n<p>[su_spoiler title=\u00a0\u00bb<strong><u>\u062a\u0642\u062f\u064a\u0645 \u0639\u0646 \u0627\u0644\u0645\u062c\u0644\u0629<\/u><\/strong><\/p>\n<p>\u00a0\u00bb style=\u00a0\u00bbfancy\u00a0\u00bb]<\/p>\n<ul>\n<li>\u0645\u062c\u0644\u0629 \u0639\u0644\u0645\u064a\u0629 \u0627\u0643\u0627\u062f\u064a\u0645\u064a\u0629 \u0645\u064f\u062d\u0643\u0645\u0629 \u062a\u0646\u0634\u0631 \u0643\u0644 \u0627\u0644\u0628\u062d\u0648\u062b \u0648\u0627\u0644\u062f\u0631\u0627\u0633\u0627\u062a \u0627\u0644\u0639\u0644\u0645\u064a\u0629 \u0627\u0644\u0645\u062e\u062a\u0644\u0641\u0629 \u0641\u064a \u0645\u064a\u0627\u062f\u064a\u0646 \u0627\u0644\u0639\u0644\u0648\u0645 \u0627\u0644\u0625\u0646\u0633\u0627\u0646\u064a\u0629 \u0648\u0627\u0644\u0627\u062c\u062a\u0645\u0627\u0639\u064a\u0629 \u060c \u0628\u0627\u0644\u0644\u063a\u0629 \u0627\u0644\u0639\u0631\u0628\u064a\u0629 \u0648\u0627\u0644\u0641\u0631\u0646\u0633\u064a\u0629 \u0648\u0627\u0644\u0625\u0646\u062c\u0644\u064a\u0632\u064a\u0629\u060c \u0644\u0643\u0644 \u0627\u0644\u0628\u0627\u062d\u062b\u064a\u0646 \u062f\u0627\u062e\u0644 \u0648\u062e\u0627\u0631\u062c \u0627\u0644\u0648\u0637\u0646 \u060c \u0648 \u0647\u0630\u0627 \u0628\u0639\u062f \u0639\u0631\u0636\u0647\u0627 \u0639\u0644\u0649 \u0646\u062e\u0628\u0629 \u0645\u0646 \u0627\u0644\u0645\u0631\u0627\u062c\u0639\u064a\u064a\u0646 \u0644\u062a\u062d\u0643\u064a\u0645 \u0627\u0644\u0639\u0644\u0645\u064a \u0627\u0644\u062c\u0627\u062f \u0648 \u0647\u0630\u0627 \u062d\u0633\u0628 \u0642\u0648\u0627\u0639\u062f \u0627\u0644\u0646\u0634\u0631 \u0627\u0644\u062a\u064a \u062a\u0639\u062a\u0645\u062f\u0647\u0627 \u0627\u0644\u0645\u062c\u0644\u0629. \u0643\u0645\u0627 \u064a\u064f\u0639\u062f \u0627\u0644\u0647\u062f\u0641 \u0627\u0644\u0627\u0633\u0645\u0649 \u0644\u0645\u062c\u0644\u0629 \u0627\u0644\u0639\u0644\u0648\u0645 \u0627\u0644\u0627\u062c\u062a\u0645\u0627\u0639\u064a\u0629 \u0647\u0648 \u0627\u0633\u062a\u0645\u0631\u0627\u0631\u064a\u0629 \u0627\u0644\u0628\u062d\u062b \u0648\u0627\u0644\u062a\u0648\u0627\u0635\u0644 \u0627\u0644\u0639\u0644\u0645\u064a \u0648 \u0625\u0646\u0634\u0627\u0621 \u0631\u0635\u064a\u062f \u0641\u0643\u0631\u064a \u0648 \u0645\u0639\u0631\u0641\u064a \u064a\u0633\u0627\u0647\u0645 \u0641\u064a \u062a\u0646\u0645\u064a\u0629 \u0627\u0644\u0628\u062d\u062b \u0627\u0644\u0639\u0644\u0645\u064a \u0648\u062a\u0631\u0642\u064a\u062a\u0647 \u0648\u062f\u0639\u0645\u0647 \u0628\u0645\u0627 \u064a\u062a\u0645\u0627\u0634\u0649 \u0648\u0627\u0644\u062a\u0637\u0648\u0631\u0627\u062a \u0627\u0644\u0631\u0627\u0647\u0646\u0629.<\/li>\n<\/ul>\n<p>[\/su_spoiler]<\/p>\n<\/div>\n<\/div>\n<div>\n<p>[su_spoiler title=\u00a0\u00bb<strong>Comit\u00e9 Editorial<\/strong>\u00a0\u00bb style=\u00a0\u00bbfancy\u00a0\u00bb]<\/p>\n<p><span style=\"font-size: 14pt; color: #000000; font-family: book antiqua, palatino, serif;\"><strong>\u00c9diteur en chef\u00a0\u00a0 :\u00a0<\/strong><\/span><\/p>\n<p class=\"list\"><span style=\"font-family: book antiqua, palatino, serif;\">Nom et pr\u00e9nom : <strong>krim louhab<\/strong><\/span><br \/>\n<span style=\"font-family: book antiqua, palatino, serif;\">E-mail : <strong>louhab_ka@yahoo.fr<\/strong><\/span><br \/>\n<span style=\"font-family: book antiqua, palatino, serif;\">Affiliation : <strong>Universit\u00e9 Amar Telidji de Laghouat<\/strong><\/span><\/p>\n<p class=\"list\"><span style=\"color: #000000; font-family: book antiqua, palatino, serif; font-size: 14pt;\"><strong>\u00c9diteur associ\u00e9 \u00a0 :\u00a0<\/strong><\/span><\/p>\n<table style=\"height: 135px;\" width=\"615\">\n<tbody>\n<tr>\n<td style=\"width: 273.5px;\"><span style=\"font-family: book antiqua, palatino, serif;\">Nom et Pr\u00e9nom<\/span><\/td>\n<td style=\"width: 121.833px;\"><span style=\"font-family: book antiqua, palatino, serif;\">Email<\/span><\/td>\n<td style=\"width: 197.667px;\"><span style=\"font-family: book antiqua, palatino, serif;\">Affiliation<\/span><\/td>\n<\/tr>\n<tr>\n<td style=\"width: 273.5px;\"><span style=\"font-family: book antiqua, palatino, serif;\">Naima BELHANECHE \u2013BENSEMRA<\/span><\/p>\n<p><span style=\"font-family: book antiqua, palatino, serif;\">kkkk<\/span><\/td>\n<td style=\"width: 121.833px;\"><span style=\"font-family: book antiqua, palatino, serif;\">k.remg\u00f9lerg<\/span><\/p>\n<p><span style=\"font-family: book antiqua, palatino, serif;\">L.ermlert<\/span><\/td>\n<td style=\"width: 197.667px;\"><span style=\"font-family: book antiqua, palatino, serif;\">Unuveriste de lagouat<\/span><\/p>\n<p><span style=\"font-family: book antiqua, palatino, serif;\">rmlferkgerlmgkmlk<\/span><\/td>\n<\/tr>\n<\/tbody>\n<\/table>\n<p><span style=\"font-family: book antiqua, palatino, serif;\"><strong><span style=\"font-size: 14pt;\"><span style=\"color: #000000;\">S\u00e9cretariat<\/span> :<\/span><br \/>\n<\/strong><\/span><\/p>\n<table width=\"615\">\n<tbody>\n<tr>\n<td><span style=\"font-family: book antiqua, palatino, serif;\">Nom et Pr\u00e9nom<\/span><\/td>\n<td><span style=\"font-family: book antiqua, palatino, serif;\">Email<\/span><\/td>\n<td><span style=\"font-family: book antiqua, palatino, serif;\">Affiliation<\/span><\/td>\n<\/tr>\n<tr>\n<td><span style=\"font-family: book antiqua, palatino, serif;\">Naima BELHANECHE \u2013BENSEMRA<\/span><\/p>\n<p><span style=\"font-family: book antiqua, palatino, serif;\">kkkkk<\/span><\/td>\n<td><span style=\"font-family: book antiqua, palatino, serif;\">k.remg\u00f9lerg<\/span><\/p>\n<p><span style=\"font-family: book antiqua, palatino, serif;\">L.ermlert<\/span><\/td>\n<td><span style=\"font-family: book antiqua, palatino, serif;\">Unuveriste de lagouat<\/span><\/p>\n<p><span style=\"font-family: book antiqua, palatino, serif;\">rmlferkgerlmgkmlk<\/span><\/td>\n<\/tr>\n<\/tbody>\n<\/table>\n<p>[\/su_spoiler]<\/p>\n<\/div>\n<div>\n<div><\/div>\n<div><span style=\"font-size: 24pt;\">Issue<\/span><\/div>\n<\/div>\n<\/form>\n<p>[su_column size=\u00a0\u00bb1\/3&Prime;][su_spoiler title=\u00a0\u00bbTom02 Jan 2020&Prime; style=\u00a0\u00bbfancy\u00a0\u00bb][3d-flip-book mode=\u00a0\u00bbthumbnail-lightbox\u00a0\u00bb urlparam=\u00a0\u00bbfb3d-page\u00a0\u00bb id=\u00a0\u00bb5624&Prime; title=\u00a0\u00bbtrue\u00a0\u00bb lightbox=\u00a0\u00bbdark\u00a0\u00bb]\u00a0 [\/su_spoiler][\/su_column]<\/p>\n<p>[su_column size=\u00a0\u00bb1\/3&Prime;][su_spoiler title=\u00a0\u00bbTom01 Jan 2019&Prime; style=\u00a0\u00bbfancy\u00a0\u00bb][3d-flip-book mode=\u00a0\u00bbthumbnail-lightbox\u00a0\u00bb urlparam=\u00a0\u00bbfb3d-page\u00a0\u00bb id=\u00a0\u00bb5624&Prime; title=\u00a0\u00bbtrue\u00a0\u00bb lightbox=\u00a0\u00bbdark\u00a0\u00bb]\u00a0 [\/su_spoiler][\/su_column]<\/p>\n<p>[su_column size=\u00a0\u00bb1\/3&Prime;][su_spoiler title=\u00a0\u00bbTom01 Jan 2019&Prime; style=\u00a0\u00bbfancy\u00a0\u00bb][3d-flip-book mode=\u00a0\u00bbthumbnail-lightbox\u00a0\u00bb urlparam=\u00a0\u00bbfb3d-page\u00a0\u00bb id=\u00a0\u00bb4588&Prime; title=\u00a0\u00bbtrue\u00a0\u00bb lightbox=\u00a0\u00bbdark\u00a0\u00bb]\u00a0 [\/su_spoiler][\/su_column]<\/p>\n<p>[su_column size=\u00a0\u00bb1\/3&Prime;][su_spoiler title=\u00a0\u00bbTom01 Jan 2019&Prime; style=\u00a0\u00bbfancy\u00a0\u00bb][3d-flip-book mode=\u00a0\u00bbthumbnail-lightbox\u00a0\u00bb urlparam=\u00a0\u00bbfb3d-page\u00a0\u00bb id=\u00a0\u00bb4588&Prime; title=\u00a0\u00bbtrue\u00a0\u00bb lightbox=\u00a0\u00bbdark\u00a0\u00bb]\u00a0 [\/su_spoiler][\/su_column]<\/p>\n<p>[su_column size=\u00a0\u00bb1\/3&Prime;][su_spoiler title=\u00a0\u00bbTom01 Jan 2019&Prime; style=\u00a0\u00bbfancy\u00a0\u00bb][3d-flip-book mode=\u00a0\u00bbthumbnail-lightbox\u00a0\u00bb urlparam=\u00a0\u00bbfb3d-page\u00a0\u00bb id=\u00a0\u00bb4588&Prime; title=\u00a0\u00bbtrue\u00a0\u00bb lightbox=\u00a0\u00bbdark\u00a0\u00bb]\u00a0 [\/su_spoiler][\/su_column]<\/p>\n<p>[su_column size=\u00a0\u00bb1\/3&Prime;][su_spoiler title=\u00a0\u00bbTom01 Jan 2019&Prime; style=\u00a0\u00bbfancy\u00a0\u00bb][3d-flip-book mode=\u00a0\u00bbthumbnail-lightbox\u00a0\u00bb urlparam=\u00a0\u00bbfb3d-page\u00a0\u00bb id=\u00a0\u00bb4588&Prime; title=\u00a0\u00bbtrue\u00a0\u00bb lightbox=\u00a0\u00bbdark\u00a0\u00bb]\u00a0 [\/su_spoiler][\/su_column]<\/p>\n<p>[su_column size=\u00a0\u00bb1\/3&Prime;][su_spoiler title=\u00a0\u00bbTom01 Jan 2019&Prime; style=\u00a0\u00bbfancy\u00a0\u00bb][3d-flip-book mode=\u00a0\u00bbthumbnail-lightbox\u00a0\u00bb urlparam=\u00a0\u00bbfb3d-page\u00a0\u00bb id=\u00a0\u00bb4588&Prime; title=\u00a0\u00bbtrue\u00a0\u00bb lightbox=\u00a0\u00bbdark\u00a0\u00bb]\u00a0 [\/su_spoiler][\/su_column]<\/p>\n<p>[su_column size=\u00a0\u00bb1\/3&Prime;][su_spoiler title=\u00a0\u00bbTom01 Jan 2019&Prime; style=\u00a0\u00bbfancy\u00a0\u00bb][3d-flip-book mode=\u00a0\u00bbthumbnail-lightbox\u00a0\u00bb urlparam=\u00a0\u00bbfb3d-page\u00a0\u00bb id=\u00a0\u00bb4588&Prime; title=\u00a0\u00bbtrue\u00a0\u00bb lightbox=\u00a0\u00bbdark\u00a0\u00bb]\u00a0 [\/su_spoiler][\/su_column]<\/p>\n<p>[su_column size=\u00a0\u00bb1\/3&Prime;][su_spoiler title=\u00a0\u00bbTom01 Jan 2019&Prime; style=\u00a0\u00bbfancy\u00a0\u00bb][3d-flip-book mode=\u00a0\u00bbthumbnail-lightbox\u00a0\u00bb urlparam=\u00a0\u00bbfb3d-page\u00a0\u00bb id=\u00a0\u00bb4588&Prime; title=\u00a0\u00bbtrue\u00a0\u00bb lightbox=\u00a0\u00bbdark\u00a0\u00bb]\u00a0 [\/su_spoiler][\/su_column]<\/p>\n<p>[su_column size=\u00a0\u00bb1\/3&Prime;][su_spoiler title=\u00a0\u00bbTom01 Jan 2019&Prime; style=\u00a0\u00bbfancy\u00a0\u00bb][3d-flip-book mode=\u00a0\u00bbthumbnail-lightbox\u00a0\u00bb urlparam=\u00a0\u00bbfb3d-page\u00a0\u00bb id=\u00a0\u00bb4588&Prime; title=\u00a0\u00bbtrue\u00a0\u00bb lightbox=\u00a0\u00bbdark\u00a0\u00bb]\u00a0 [\/su_spoiler][\/su_column]<\/p>\n<p>&nbsp;<\/p>\n","protected":false},"excerpt":{"rendered":"<p>Revue sciences sociales Revue p\u00e9riodique internationale publi\u00e9e par la Facult\u00e9 des sciences \u00e9conomiques et commerciales et des sciences de gestion Universit\u00e9 Amar Telidji de Laghouat. Loi Sciences politiques et relations internationales [su_button style=\u00a0\u00bbsoft\u00a0\u00bb background=\u00a0\u00bb#08387f\u00a0\u00bb] EISSN :2602-6090[\/su_button] [su_button style=\u00a0\u00bbsoft\u00a0\u00bb background=\u00a0\u00bb#08387f\u00a0\u00bb]Ann\u00e9e de cr\u00e9ation: 2006[\/su_button] [su_button style=\u00a0\u00bbsoft\u00a0\u00bb background=\u00a0\u00bb#08387f\u00a0\u00bb]P\u00e9riodicit\u00e9: \u0643\u0644 \u0634\u0647\u0631\u064a\u0646[\/su_button] [su_button style=\u00a0\u00bbsoft\u00a0\u00bb background=\u00a0\u00bb#08387f\u00a0\u00bb]Pays:\u0627\u0644\u062c\u0632\u0627\u0626\u0631 [\/su_button] [su_button style=\u00a0\u00bbsoft\u00a0\u00bb background=\u00a0\u00bb#08387f\u00a0\u00bb]Taux d&rsquo;acceptation: [&hellip;]<\/p>\n","protected":false},"author":1,"featured_media":0,"parent":0,"menu_order":0,"comment_status":"closed","ping_status":"closed","template":"elementor_header_footer","meta":{"_exactmetrics_skip_tracking":false,"_exactmetrics_sitenote_active":false,"_exactmetrics_sitenote_note":"","_exactmetrics_sitenote_category":0,"footnotes":""},"coauthors":[217,536],"class_list":["post-8691","page","type-page","status-publish","hentry"],"_links":{"self":[{"href":"https:\/\/lagh-univ.dz\/fr\/wp-json\/wp\/v2\/pages\/8691","targetHints":{"allow":["GET"]}}],"collection":[{"href":"https:\/\/lagh-univ.dz\/fr\/wp-json\/wp\/v2\/pages"}],"about":[{"href":"https:\/\/lagh-univ.dz\/fr\/wp-json\/wp\/v2\/types\/page"}],"author":[{"embeddable":true,"href":"https:\/\/lagh-univ.dz\/fr\/wp-json\/wp\/v2\/users\/1"}],"replies":[{"embeddable":true,"href":"https:\/\/lagh-univ.dz\/fr\/wp-json\/wp\/v2\/comments?post=8691"}],"version-history":[{"count":1,"href":"https:\/\/lagh-univ.dz\/fr\/wp-json\/wp\/v2\/pages\/8691\/revisions"}],"predecessor-version":[{"id":11841,"href":"https:\/\/lagh-univ.dz\/fr\/wp-json\/wp\/v2\/pages\/8691\/revisions\/11841"}],"wp:attachment":[{"href":"https:\/\/lagh-univ.dz\/fr\/wp-json\/wp\/v2\/media?parent=8691"}],"wp:term":[{"taxonomy":"author","embeddable":true,"href":"https:\/\/lagh-univ.dz\/fr\/wp-json\/wp\/v2\/coauthors?post=8691"}],"curies":[{"name":"wp","href":"https:\/\/api.w.org\/{rel}","templated":true}]}}