{"id":8727,"date":"2019-01-18T07:57:17","date_gmt":"2019-01-18T09:57:17","guid":{"rendered":"https:\/\/lagh-univ.dz\/laboratoires-des-recherches-ledmascd\/"},"modified":"2020-02-18T09:50:17","modified_gmt":"2020-02-18T11:50:17","slug":"laboratoires-des-recherches-ledmascd","status":"publish","type":"page","link":"https:\/\/lagh-univ.dz\/fr\/laboratoires-des-recherches-ledmascd\/","title":{"rendered":"Laboratoires des recherches- LeDMaScD"},"content":{"rendered":"<p dir=\"ltr\" style=\"text-align: left\"><span style=\"color: #000080\"><strong><img fetchpriority=\"high\" decoding=\"async\" src=\"http:\/\/ledmasd.lagh-univ.dz\/images\/bloc_r.jpg\" alt=\"\" width=\"1170\" height=\"176\" \/><\/strong><\/span><\/p>\n<p style=\"text-align: left\"><img decoding=\"async\" class=\"size-medium wp-image-6030 aligncenter\" src=\"https:\/\/lagh-univ.dz\/wp-content\/uploads\/2019\/01\/logo4-300x185.png\" alt=\"\" width=\"300\" height=\"185\" \/><\/p>\n<p style=\"text-align: left\"><span style=\"color: #0000ff;font-size: 18pt\"><strong>Identification du Laboratoire de Recherche<\/strong><\/span><\/p>\n<hr \/>\n<p dir=\"ltr\"><strong>Etablissement:<\/strong> Universit\u00e9 Amar Telidji &#8211; Laghouat; Facult\u00e9 de Technologie; D\u00e9partement d&rsquo;\u00e9lectrotechnique .<\/p>\n<p dir=\"ltr\"><strong>Intitul\u00e9 du Laboratoire: <span style=\"color: #ff6600\">Etude et d\u00e9veloppement des Mat\u00e9riaux Semi-conducteur et Di\u00e9lectriques.<\/span><\/strong><\/p>\n<p dir=\"ltr\"><strong>Acronyme du Labo : <span style=\"color: #ff6600\">LEDMaScD<\/span><\/strong><\/p>\n<p dir=\"ltr\"><strong>Code du laboratoire :<\/strong> C1160500<\/p>\n<p dir=\"ltr\"><strong>Date de cr\u00e9ation du Labo: N 42, 05<\/strong>\/<strong>02<\/strong>\/<strong>2001.<\/strong><\/p>\n<p dir=\"ltr\"><strong>Directrice du Labo: <\/strong><strong>Pr. Seghier Tahar<\/strong>.<\/p>\n<p dir=\"ltr\"><strong>Adresse : <\/strong>Universit\u00e9 Amar Telidji BP 37 G Route de Guardaia 03000 &#8211; Laghouat &#8211; Alg\u00e9rie<\/p>\n<p dir=\"ltr\"><strong>Localisation :<\/strong> Nouveau bloc de recherche, pole universitaire 01<\/p>\n<p dir=\"ltr\"><strong>Email : <\/strong> ledmascd@lagh-univ.dz<\/p>\n<p dir=\"ltr\" style=\"text-align: left\"><span style=\"font-size: 18pt;color: #0000ff\"><strong>Objectifs de recherche scientifique et de d\u00e9veloppement technologique :<\/strong><\/span><\/p>\n<p dir=\"ltr\" style=\"text-align: left\">L\u2019objectif essentiel des travaux de notre laboratoire est l\u2019\u00e9tude et la caract\u00e9risation des mat\u00e9riaux, essentiellement les di\u00e9lectriques et les semi-conducteurs. Un effort particulier est focalis\u00e9 sur l\u2019exploitation de ces mat\u00e9riaux dans le domaine de la production, distribution et stockage de l\u2019\u00e9nergie.<\/p>\n<p dir=\"ltr\" style=\"text-align: left\">Les objectifs sont multiples et peuvent \u00eatre r\u00e9sum\u00e9s dans les points suivants :<\/p>\n<p dir=\"ltr\" style=\"text-align: left\"><span style=\"color: #ff6600\"><strong>Objectifs de formation par la recherche:<\/strong><\/span><\/p>\n<ul>\n<li style=\"text-align: left\">Encadrement de Magisters et de Doctorants<\/li>\n<li style=\"text-align: left\">Publication d&rsquo;articles scientifiques<\/li>\n<li style=\"text-align: left\">Participation aux \u00e9v\u00e9nements scientifiques<\/li>\n<li style=\"text-align: left\">Collaboration avec d\u2019autres entit\u00e9s de recherche<\/li>\n<li style=\"text-align: left\">Mise \u00e0 profit des connaissances acquises<\/li>\n<li style=\"text-align: left\">Contribution \u00e0 l&rsquo;am\u00e9lioration du niveau scientifique<\/li>\n<li style=\"text-align: left\">Promotion de la recherche scientifique nationale<\/li>\n<\/ul>\n<p dir=\"ltr\" style=\"text-align: left\"><span style=\"color: #ff6600\"><strong>Objectifs Technologiques:<\/strong><\/span><\/p>\n<ul style=\"text-align: left\">\n<li>Transfert de technologie<img decoding=\"async\" class=\"wp-image-20805 alignright\" src=\"https:\/\/lagh-univ.dz\/wp-content\/uploads\/2019\/12\/20180108_093744-300x169.jpg\" alt=\"\" width=\"293\" height=\"165\" srcset=\"https:\/\/lagh-univ.dz\/wp-content\/uploads\/2019\/12\/20180108_093744-300x169.jpg 300w, https:\/\/lagh-univ.dz\/wp-content\/uploads\/2019\/12\/20180108_093744-768x432.jpg 768w, https:\/\/lagh-univ.dz\/wp-content\/uploads\/2019\/12\/20180108_093744-1024x576.jpg 1024w, https:\/\/lagh-univ.dz\/wp-content\/uploads\/2019\/12\/20180108_093744-1062x596.jpg 1062w, https:\/\/lagh-univ.dz\/wp-content\/uploads\/2019\/12\/20180108_093744-770x433.jpg 770w, https:\/\/lagh-univ.dz\/wp-content\/uploads\/2019\/12\/20180108_093744-243x137.jpg 243w, https:\/\/lagh-univ.dz\/wp-content\/uploads\/2019\/12\/20180108_093744-171x96.jpg 171w, https:\/\/lagh-univ.dz\/wp-content\/uploads\/2019\/12\/20180108_093744.jpg 1280w\" sizes=\"(max-width: 293px) 100vw, 293px\" \/><\/li>\n<li>Mise en \u0153uvre de proc\u00e9d\u00e9s innovants<\/li>\n<li>Soutien technique \u00e0 l&rsquo;industrie nationale<\/li>\n<li>Ma\u00eetrise et d\u00e9veloppement de nouveaux processus technologiques<\/li>\n<li>Ma\u00eetrise des technologies d\u2019\u00e9laboration et de caract\u00e9risation des mat\u00e9riaux<\/li>\n<\/ul>\n<ul style=\"text-align: left\">\n<li>Rentabiliser les moyens techniques existants<\/li>\n<li>Rentabiliser les comp\u00e9tences existantes<\/li>\n<li>Exploiter les r\u00e9sultats scientifiques \u00e0 l\u2019\u00e9chelle industrielle<\/li>\n<\/ul>\n<p dir=\"ltr\" style=\"text-align: left\"><strong><span style=\"color: #ff6600\">Objectifs atteints (recherche, formation, autres):<\/span><\/strong><img loading=\"lazy\" decoding=\"async\" class=\"size-medium wp-image-20808 alignright\" src=\"https:\/\/lagh-univ.dz\/wp-content\/uploads\/2019\/12\/20180123_182559-300x169.jpg\" alt=\"\" width=\"300\" height=\"169\" srcset=\"https:\/\/lagh-univ.dz\/wp-content\/uploads\/2019\/12\/20180123_182559-300x169.jpg 300w, https:\/\/lagh-univ.dz\/wp-content\/uploads\/2019\/12\/20180123_182559-768x432.jpg 768w, https:\/\/lagh-univ.dz\/wp-content\/uploads\/2019\/12\/20180123_182559-1024x576.jpg 1024w, https:\/\/lagh-univ.dz\/wp-content\/uploads\/2019\/12\/20180123_182559-1062x596.jpg 1062w, https:\/\/lagh-univ.dz\/wp-content\/uploads\/2019\/12\/20180123_182559-770x433.jpg 770w, https:\/\/lagh-univ.dz\/wp-content\/uploads\/2019\/12\/20180123_182559-243x137.jpg 243w, https:\/\/lagh-univ.dz\/wp-content\/uploads\/2019\/12\/20180123_182559-171x96.jpg 171w, https:\/\/lagh-univ.dz\/wp-content\/uploads\/2019\/12\/20180123_182559.jpg 1280w\" sizes=\"(max-width: 300px) 100vw, 300px\" \/><\/p>\n<ul style=\"text-align: left\">\n<li>R\u00e9alisation des bancs d\u2019essais la recherche et la formation p\u00e9dagogique des \u00e9tudiants master<\/li>\n<li>Participations aux manifestations scientifiques et publication des travaux<\/li>\n<li>Organisation des conf\u00e9rences, journ\u00e9es d\u2019\u00e9tude et journ\u00e9e doctorale<\/li>\n<li>Collaboration avec d\u2019autres laboratoires de recherche<\/li>\n<\/ul>\n<p dir=\"ltr\" style=\"text-align: left\"><span style=\"color: #ff6600\"><strong>Objectifs restant \u00e0 r\u00e9aliser :<\/strong><\/span><\/p>\n<ul style=\"text-align: left\">\n<li>Lancement d\u2019une formation doctorale pour l\u2019ann\u00e9e 2020-2021.<\/li>\n<li>Accompagnement des enseignants docteurs pour leurs habilitations et des docteurs pour leurs soutenances.<\/li>\n<li>Signatures d\u2019accords de collaborations avec des entreprises industrielles et entit\u00e9s de recherche.<\/li>\n<li>Encadrer et encourager les jeunes \u00e9tudiants master dans le domaine de recherche.<\/li>\n<\/ul>\n<p dir=\"ltr\" style=\"text-align: left\">Le laboratoire a \u00e9t\u00e9 restructur\u00e9 conform\u00e9ment aux objectifs fix\u00e9s. Les \u00e9quipes de recherche sont :<\/p>\n<p dir=\"ltr\" style=\"text-align: left\"><strong>Equipe 1<\/strong> : Mat\u00e9riaux pour la Conversion et le Stockage de l&rsquo;Energie<\/p>\n<p dir=\"ltr\" style=\"text-align: left\"><strong>Equipe 2 <\/strong>: Mat\u00e9riaux Ferromagn\u00e9tiques et Isolants -Conducteurs<\/p>\n<p dir=\"ltr\" style=\"text-align: left\"><strong>Equipe 3 <\/strong>: Comportement et Vieillissement des Isolants Di\u00e9lectriques<\/p>\n<p dir=\"ltr\" style=\"text-align: left\"><strong>Equipe 4 <\/strong>: C\u00e9ramiques Di\u00e9lectriques et Applications<\/p>\n","protected":false},"excerpt":{"rendered":"<p>Identification du Laboratoire de Recherche Etablissement: Universit\u00e9 Amar Telidji &#8211; Laghouat; Facult\u00e9 de Technologie; D\u00e9partement d&rsquo;\u00e9lectrotechnique . Intitul\u00e9 du Laboratoire: Etude et d\u00e9veloppement des Mat\u00e9riaux Semi-conducteur et Di\u00e9lectriques. Acronyme du Labo : LEDMaScD Code du laboratoire : C1160500 Date de cr\u00e9ation du Labo: N 42, 05\/02\/2001. Directrice du Labo: Pr. Seghier Tahar. Adresse : Universit\u00e9 [&hellip;]<\/p>\n","protected":false},"author":13,"featured_media":0,"parent":0,"menu_order":0,"comment_status":"closed","ping_status":"closed","template":"elementor_header_footer","meta":{"_exactmetrics_skip_tracking":false,"_exactmetrics_sitenote_active":false,"_exactmetrics_sitenote_note":"","_exactmetrics_sitenote_category":0,"footnotes":""},"coauthors":[533],"class_list":["post-8727","page","type-page","status-publish","hentry"],"_links":{"self":[{"href":"https:\/\/lagh-univ.dz\/fr\/wp-json\/wp\/v2\/pages\/8727","targetHints":{"allow":["GET"]}}],"collection":[{"href":"https:\/\/lagh-univ.dz\/fr\/wp-json\/wp\/v2\/pages"}],"about":[{"href":"https:\/\/lagh-univ.dz\/fr\/wp-json\/wp\/v2\/types\/page"}],"author":[{"embeddable":true,"href":"https:\/\/lagh-univ.dz\/fr\/wp-json\/wp\/v2\/users\/13"}],"replies":[{"embeddable":true,"href":"https:\/\/lagh-univ.dz\/fr\/wp-json\/wp\/v2\/comments?post=8727"}],"version-history":[{"count":5,"href":"https:\/\/lagh-univ.dz\/fr\/wp-json\/wp\/v2\/pages\/8727\/revisions"}],"predecessor-version":[{"id":28752,"href":"https:\/\/lagh-univ.dz\/fr\/wp-json\/wp\/v2\/pages\/8727\/revisions\/28752"}],"wp:attachment":[{"href":"https:\/\/lagh-univ.dz\/fr\/wp-json\/wp\/v2\/media?parent=8727"}],"wp:term":[{"taxonomy":"author","embeddable":true,"href":"https:\/\/lagh-univ.dz\/fr\/wp-json\/wp\/v2\/coauthors?post=8727"}],"curies":[{"name":"wp","href":"https:\/\/api.w.org\/{rel}","templated":true}]}}