{"id":8767,"date":"2019-01-18T08:29:37","date_gmt":"2019-01-18T10:29:37","guid":{"rendered":"https:\/\/lagh-univ.dz\/laboratoires-des-recherches-lim-equipes-de-recherche\/"},"modified":"2020-02-13T20:47:14","modified_gmt":"2020-02-13T22:47:14","slug":"laboratoires-des-recherches-lim-equipes-de-recherche","status":"publish","type":"page","link":"https:\/\/lagh-univ.dz\/fr\/laboratoires-des-recherches-lim-equipes-de-recherche\/","title":{"rendered":"Laboratoires des recherches- LIM-\u00c9quipes de recherche"},"content":{"rendered":"<p dir=\"ltr\" style=\"text-align: center\"><span style=\"font-size: 18pt;font-family: 'Book Antiqua', Palatino\"><strong>Equipes de recherche<\/strong><\/span><\/p>\n<ul>\n<li style=\"text-align: center\"><span style=\"font-family: 'Book Antiqua', Palatino;font-size: 12pt\"><strong>Intitul\u00e9 de l\u2019\u00e9quipe 1\u00a0:<\/strong>Syst\u00e8mes parall\u00e8les et distribu\u00e9s<\/span><\/li>\n<li style=\"text-align: center\"><span style=\"font-family: 'Book Antiqua', Palatino;font-size: 12pt\"><strong>Chef d\u2019\u00e9quipe\u00a0: <\/strong>YAGOUBI Mohamed Bachir<\/span><\/li>\n<\/ul>\n<table class=\" aligncenter\" dir=\"ltr\">\n<tbody>\n<tr>\n<td width=\"225\"><span style=\"font-family: 'Book Antiqua', Palatino\"><strong>Nom et Pr\u00e9nom<\/strong><\/span><\/td>\n<td width=\"113\"><span style=\"font-family: 'Book Antiqua', Palatino\"><strong>Sp\u00e9cialit\u00e9<\/strong><\/span><\/td>\n<td width=\"66\"><span style=\"font-family: 'Book Antiqua', Palatino\"><strong>Grade<\/strong><\/span><\/td>\n<td width=\"210\"><span style=\"font-family: 'Book Antiqua', Palatino\"><strong>E-mail<\/strong><\/span><\/td>\n<\/tr>\n<tr>\n<td width=\"225\"><span style=\"font-family: 'Book Antiqua', Palatino\">Yagoubi Mohamed Bachir<\/span><\/td>\n<td width=\"113\"><span style=\"font-family: 'Book Antiqua', Palatino\">Informatique<\/span><\/td>\n<td width=\"66\"><span style=\"font-family: 'Book Antiqua', Palatino\">PR<\/span><\/td>\n<td width=\"210\"><span style=\"font-family: 'Book Antiqua', Palatino\">m.yagoubi@lagh-univ.dz<\/span><\/td>\n<\/tr>\n<tr>\n<td width=\"225\"><span style=\"font-family: 'Book Antiqua', Palatino\">Abdelhafidi Zohra<\/span><\/td>\n<td width=\"113\"><span style=\"font-family: 'Book Antiqua', Palatino\">Informatique<\/span><\/td>\n<td width=\"66\"><span style=\"font-family: 'Book Antiqua', Palatino\">MCA<\/span><\/td>\n<td width=\"210\"><span style=\"font-family: 'Book Antiqua', Palatino\">z.abdelhafidi@lagh-univ.dz<\/span><\/td>\n<\/tr>\n<tr>\n<td width=\"225\"><span style=\"font-family: 'Book Antiqua', Palatino\">Bensaad Mohamed Lahcen<\/span><\/td>\n<td width=\"113\"><span style=\"font-family: 'Book Antiqua', Palatino\">Informatique<\/span><\/td>\n<td width=\"66\"><span style=\"font-family: 'Book Antiqua', Palatino\">MCB<\/span><\/td>\n<td width=\"210\"><span style=\"font-family: 'Book Antiqua', Palatino\">l.bensaad@lagh-univ.dz<\/span><\/td>\n<\/tr>\n<tr>\n<td width=\"225\"><span style=\"font-family: 'Book Antiqua', Palatino\">Bendouma Tahar<\/span><\/td>\n<td width=\"113\"><span style=\"font-family: 'Book Antiqua', Palatino\">Informatique<\/span><\/td>\n<td width=\"66\"><span style=\"font-family: 'Book Antiqua', Palatino\">MCB<\/span><\/td>\n<td width=\"210\"><span style=\"font-family: 'Book Antiqua', Palatino\">t.bendouma@lagh-univ.dz<\/span><\/td>\n<\/tr>\n<tr>\n<td width=\"225\"><span style=\"font-family: 'Book Antiqua', Palatino\">Chaib Noureddine<\/span><\/td>\n<td width=\"113\"><span style=\"font-family: 'Book Antiqua', Palatino\">Informatique<\/span><\/td>\n<td width=\"66\"><span style=\"font-family: 'Book Antiqua', Palatino\">MCB<\/span><\/td>\n<td width=\"210\"><span style=\"font-family: 'Book Antiqua', Palatino\">n.chaib@lagh-univ.dz<\/span><\/td>\n<\/tr>\n<tr>\n<td width=\"225\"><span style=\"font-family: 'Book Antiqua', Palatino\">Oubatti Omar Sami<\/span><\/td>\n<td width=\"113\"><span style=\"font-family: 'Book Antiqua', Palatino\">Informatique<\/span><\/td>\n<td width=\"66\"><span style=\"font-family: 'Book Antiqua', Palatino\">MCB<\/span><\/td>\n<td width=\"210\"><span style=\"font-family: 'Book Antiqua', Palatino\">s.oubbati@lagh-univ.dz<\/span><\/td>\n<\/tr>\n<tr>\n<td width=\"225\"><span style=\"font-family: 'Book Antiqua', Palatino\">Alloui Tahar<\/span><\/td>\n<td width=\"113\"><span style=\"font-family: 'Book Antiqua', Palatino\">Informatique<\/span><\/td>\n<td width=\"66\"><span style=\"font-family: 'Book Antiqua', Palatino\">MAA<\/span><\/td>\n<td width=\"210\"><span style=\"font-family: 'Book Antiqua', Palatino\">t.allaoui@lagh-univ.dz<\/span><\/td>\n<\/tr>\n<tr>\n<td width=\"225\"><span style=\"font-family: 'Book Antiqua', Palatino\">Ouladdjedid Kamal Lakhedar<\/span><\/td>\n<td width=\"113\"><span style=\"font-family: 'Book Antiqua', Palatino\">Informatique<\/span><\/td>\n<td width=\"66\"><span style=\"font-family: 'Book Antiqua', Palatino\">MAA<\/span><\/td>\n<td width=\"210\"><span style=\"font-family: 'Book Antiqua', Palatino\">l.ouladdjedid@lagh-univ.dz<\/span><\/td>\n<\/tr>\n<tr>\n<td width=\"225\"><span style=\"font-family: 'Book Antiqua', Palatino\">Bousbaa Fatima Zohra<\/span><\/td>\n<td width=\"113\"><span style=\"font-family: 'Book Antiqua', Palatino\">Informatique<\/span><\/td>\n<td width=\"66\"><span style=\"font-family: 'Book Antiqua', Palatino\">MAA<\/span><\/td>\n<td width=\"210\"><span style=\"font-family: 'Book Antiqua', Palatino\">F.basbaa@lagh-univ.dz<\/span><\/td>\n<\/tr>\n<tr>\n<td width=\"225\"><span style=\"font-family: 'Book Antiqua', Palatino\">BenarfaAbdelmajid<\/span><\/td>\n<td width=\"113\"><span style=\"font-family: 'Book Antiqua', Palatino\">Informatique<\/span><\/td>\n<td width=\"66\"><span style=\"font-family: 'Book Antiqua', Palatino\">MAA<\/span><\/td>\n<td width=\"210\"><span style=\"font-family: 'Book Antiqua', Palatino\">a.bnarfa@lagh-univ.dz<\/span><\/td>\n<\/tr>\n<tr>\n<td width=\"225\"><span style=\"font-family: 'Book Antiqua', Palatino\">Ameur Abdelkader Ilyas<\/span><\/td>\n<td width=\"113\"><span style=\"font-family: 'Book Antiqua', Palatino\">Informatique<\/span><\/td>\n<td width=\"66\"><span style=\"font-family: 'Book Antiqua', Palatino\">MAA<\/span><\/td>\n<td width=\"210\"><span style=\"font-family: 'Book Antiqua', Palatino\">i.ameur@lagh-univ.dz<\/span><\/td>\n<\/tr>\n<tr>\n<td width=\"225\"><span style=\"font-family: 'Book Antiqua', Palatino\">Boudelaa Amel<\/span><\/td>\n<td width=\"113\"><span style=\"font-family: 'Book Antiqua', Palatino\">Informatique<\/span><\/td>\n<td width=\"66\"><span style=\"font-family: 'Book Antiqua', Palatino\">DOC<\/span><\/td>\n<td width=\"210\"><span style=\"font-family: 'Book Antiqua', Palatino\">Am.boudelaa@lagh-univ.dz<\/span><\/td>\n<\/tr>\n<\/tbody>\n<\/table>\n<ul>\n<li style=\"text-align: center\"><span style=\"font-family: 'Book Antiqua', Palatino\"><strong>Intitul\u00e9 de l\u2019\u00e9quipe 2\u00a0:<\/strong>Les r\u00e9seaux MANETs et VANETs : protocoles, applications et performances<\/span><\/li>\n<li style=\"text-align: center\"><span style=\"font-family: 'Book Antiqua', Palatino\"><strong>Chef d\u2019\u00e9quipe\u00a0: <\/strong>LAGRAA Nasreddine<\/span><\/li>\n<\/ul>\n<table class=\" aligncenter\" dir=\"ltr\">\n<tbody>\n<tr>\n<td width=\"206\"><span style=\"font-family: 'Book Antiqua', Palatino\"><strong>Nom et Pr\u00e9nom<\/strong><\/span><\/td>\n<td width=\"123\"><span style=\"font-family: 'Book Antiqua', Palatino\"><strong>Sp\u00e9cialit\u00e9<\/strong><\/span><\/td>\n<td width=\"85\"><span style=\"font-family: 'Book Antiqua', Palatino\"><strong>Grade<\/strong><\/span><\/td>\n<td width=\"198\"><span style=\"font-family: 'Book Antiqua', Palatino\"><strong>E-mail<\/strong><\/span><\/td>\n<\/tr>\n<tr>\n<td width=\"206\"><span style=\"font-family: 'Book Antiqua', Palatino\">LagraaNasreddine<\/span><\/td>\n<td width=\"123\"><span style=\"font-family: 'Book Antiqua', Palatino\">Informatique<\/span><\/td>\n<td width=\"85\"><span style=\"font-family: 'Book Antiqua', Palatino\">Pr<\/span><\/td>\n<td width=\"198\"><span style=\"font-family: 'Book Antiqua', Palatino\">n.lagraa@lagh-univ.dz<\/span><\/td>\n<\/tr>\n<tr>\n<td width=\"206\"><span style=\"font-family: 'Book Antiqua', Palatino\">Tahari Abdou el karim<\/span><\/td>\n<td width=\"123\"><span style=\"font-family: 'Book Antiqua', Palatino\">Informatique<\/span><\/td>\n<td width=\"85\"><span style=\"font-family: 'Book Antiqua', Palatino\">MCA<\/span><\/td>\n<td width=\"198\"><span style=\"font-family: 'Book Antiqua', Palatino\">k.tahari@lagh-univ.dz<\/span><\/td>\n<\/tr>\n<tr>\n<td width=\"206\"><span style=\"font-family: 'Book Antiqua', Palatino\">KerracheChakerAbdelAziz<\/span><\/td>\n<td width=\"123\"><span style=\"font-family: 'Book Antiqua', Palatino\">Informatique<\/span><\/td>\n<td width=\"85\"><span style=\"font-family: 'Book Antiqua', Palatino\">MCB<\/span><\/td>\n<td width=\"198\"><span style=\"font-family: 'Book Antiqua', Palatino\">ca.kerrache@lagh-univ.dz<\/span><\/td>\n<\/tr>\n<tr>\n<td width=\"206\"><span style=\"font-family: 'Book Antiqua', Palatino\">Benmoussa Ahmed<\/span><\/td>\n<td width=\"123\"><span style=\"font-family: 'Book Antiqua', Palatino\">Informatique<\/span><\/td>\n<td width=\"85\"><span style=\"font-family: 'Book Antiqua', Palatino\">Doc<\/span><\/td>\n<td width=\"198\"><span style=\"font-family: 'Book Antiqua', Palatino\">a.benmoussa@lagh-univ.dz<\/span><\/td>\n<\/tr>\n<tr>\n<td width=\"206\"><span style=\"font-family: 'Book Antiqua', Palatino\">DjerradiSarra<\/span><\/td>\n<td width=\"123\"><span style=\"font-family: 'Book Antiqua', Palatino\">Informatique<\/span><\/td>\n<td width=\"85\"><span style=\"font-family: 'Book Antiqua', Palatino\">Doc<\/span><\/td>\n<td width=\"198\"><span style=\"font-family: 'Book Antiqua', Palatino\">s.djerradi@lagh-univ.dz<\/span><\/td>\n<\/tr>\n<tr>\n<td width=\"206\"><span style=\"font-family: 'Book Antiqua', Palatino\">Amirat Hanane<\/span><\/td>\n<td width=\"123\"><span style=\"font-family: 'Book Antiqua', Palatino\">Informatique<\/span><\/td>\n<td width=\"85\"><span style=\"font-family: 'Book Antiqua', Palatino\">MAA<\/span><\/td>\n<td width=\"198\"><span style=\"font-family: 'Book Antiqua', Palatino\">h.amirat@lagh-univ.dz<\/span><\/td>\n<\/tr>\n<\/tbody>\n<\/table>\n<p>&nbsp;<\/p>\n<ul>\n<li style=\"text-align: center\"><span style=\"font-family: 'Book Antiqua', Palatino\"><strong>Intitul\u00e9 de l\u2019\u00e9quipe 3\u00a0:<\/strong>Mod\u00e9lisation et Optimisation des syst\u00e8mes informatiques<\/span><\/li>\n<li style=\"text-align: center\"><span style=\"font-family: 'Book Antiqua', Palatino\"><strong>Chef d\u2019\u00e9quipe\u00a0: <\/strong>CHERROUN Hadda<\/span><\/li>\n<\/ul>\n<table class=\" aligncenter\" dir=\"ltr\">\n<tbody>\n<tr>\n<td width=\"196\"><span style=\"font-family: 'Book Antiqua', Palatino\"><strong>Nom et Pr\u00e9nom<\/strong><\/span><\/td>\n<td width=\"110\"><span style=\"font-family: 'Book Antiqua', Palatino\"><strong>Sp\u00e9cialit\u00e9<\/strong><\/span><\/td>\n<td width=\"89\"><span style=\"font-family: 'Book Antiqua', Palatino\"><strong>Grade<\/strong><\/span><\/td>\n<td width=\"225\"><span style=\"font-family: 'Book Antiqua', Palatino\"><strong>E-mail<\/strong><\/span><\/td>\n<\/tr>\n<tr>\n<td width=\"196\"><span style=\"font-family: 'Book Antiqua', Palatino\">Cherroun Hadda<\/span><\/td>\n<td width=\"110\"><span style=\"font-family: 'Book Antiqua', Palatino\">Informatique<\/span><\/td>\n<td width=\"89\"><span style=\"font-family: 'Book Antiqua', Palatino\">Pr.<\/span><\/td>\n<td width=\"225\"><span style=\"font-family: 'Book Antiqua', Palatino\">hadda_cherroun@lagh-univ.dz<\/span><\/td>\n<\/tr>\n<tr>\n<td width=\"196\"><span style=\"font-family: 'Book Antiqua', Palatino\">GuelloumaYounes<\/span><\/td>\n<td width=\"110\"><span style=\"font-family: 'Book Antiqua', Palatino\">Informatique<\/span><\/td>\n<td width=\"89\"><span style=\"font-family: 'Book Antiqua', Palatino\">MCB<\/span><\/td>\n<td width=\"225\"><span style=\"font-family: 'Book Antiqua', Palatino\">y.guellouma@lagh-univ.dz<\/span><\/td>\n<\/tr>\n<tr>\n<td width=\"196\"><span style=\"font-family: 'Book Antiqua', Palatino\">NeharAttia<\/span><\/td>\n<td width=\"110\"><span style=\"font-family: 'Book Antiqua', Palatino\">Informatique<\/span><\/td>\n<td width=\"89\"><span style=\"font-family: 'Book Antiqua', Palatino\">MCB<\/span><\/td>\n<td width=\"225\"><span style=\"font-family: 'Book Antiqua', Palatino\">a.nehar@lagh-univ.dz<\/span><\/td>\n<\/tr>\n<tr>\n<td width=\"196\"><span style=\"font-family: 'Book Antiqua', Palatino\">Belabbaci Amel<\/span><\/td>\n<td width=\"110\"><span style=\"font-family: 'Book Antiqua', Palatino\">Informatique<\/span><\/td>\n<td width=\"89\"><span style=\"font-family: 'Book Antiqua', Palatino\">MCB<\/span><\/td>\n<td width=\"225\"><span style=\"font-family: 'Book Antiqua', Palatino\">a.belabbaci@lagh-univ.dz<\/span><\/td>\n<\/tr>\n<tr>\n<td width=\"196\"><span style=\"font-family: 'Book Antiqua', Palatino\">Bellaouar Slimane<\/span><\/td>\n<td width=\"110\"><span style=\"font-family: 'Book Antiqua', Palatino\">Informatique<\/span><\/td>\n<td width=\"89\"><span style=\"font-family: 'Book Antiqua', Palatino\">MCB<\/span><\/td>\n<td width=\"225\"><span style=\"font-family: 'Book Antiqua', Palatino\">s.bellaouar@lagh-univ.dz<\/span><\/td>\n<\/tr>\n<tr>\n<td width=\"196\"><span style=\"font-family: 'Book Antiqua', Palatino\">OuladNaoui Slimane<\/span><\/td>\n<td width=\"110\"><span style=\"font-family: 'Book Antiqua', Palatino\">Informatique<\/span><\/td>\n<td width=\"89\"><span style=\"font-family: 'Book Antiqua', Palatino\">MAA, Doc.<\/span><\/td>\n<td width=\"225\"><span style=\"font-family: 'Book Antiqua', Palatino\">s.Ouladnaoui@lagh-univ.dz<\/span><\/td>\n<\/tr>\n<tr>\n<td width=\"196\"><span style=\"font-family: 'Book Antiqua', Palatino\">Lakhdari Abdellah<\/span><\/td>\n<td width=\"110\"><span style=\"font-family: 'Book Antiqua', Palatino\">Informatique<\/span><\/td>\n<td width=\"89\"><span style=\"font-family: 'Book Antiqua', Palatino\">MAA<\/span><\/td>\n<td width=\"225\"><span style=\"font-family: 'Book Antiqua', Palatino\">a.lakhdari@lagh-univ.dz<\/span><\/td>\n<\/tr>\n<tr>\n<td width=\"196\"><span style=\"font-family: 'Book Antiqua', Palatino\">Chorana Aicha<\/span><\/td>\n<td width=\"110\"><span style=\"font-family: 'Book Antiqua', Palatino\">Informatique<\/span><\/td>\n<td width=\"89\"><span style=\"font-family: 'Book Antiqua', Palatino\">MAA, Doc.<\/span><\/td>\n<td width=\"225\"><span style=\"font-family: 'Book Antiqua', Palatino\">a.chorana@lagh-univ.dz<\/span><\/td>\n<\/tr>\n<tr>\n<td width=\"196\"><span style=\"font-family: 'Book Antiqua', Palatino\">BougrineSoumia<\/span><\/td>\n<td width=\"110\"><span style=\"font-family: 'Book Antiqua', Palatino\">Informatique<\/span><\/td>\n<td width=\"89\"><span style=\"font-family: 'Book Antiqua', Palatino\">DR<\/span><\/td>\n<td width=\"225\"><span style=\"font-family: 'Book Antiqua', Palatino\">s.bougrine@lagh-univ.dz<\/span><\/td>\n<\/tr>\n<tr>\n<td width=\"196\"><span style=\"font-family: 'Book Antiqua', Palatino\">BelabbaciAhlem<\/span><\/td>\n<td width=\"110\"><span style=\"font-family: 'Book Antiqua', Palatino\">Informatique<\/span><\/td>\n<td width=\"89\"><span style=\"font-family: 'Book Antiqua', Palatino\">MCB<\/span><\/td>\n<td width=\"225\"><span style=\"font-family: 'Book Antiqua', Palatino\">ah.belabbaci@lagh-univ.dz<\/span><\/td>\n<\/tr>\n<tr>\n<td width=\"196\"><span style=\"font-family: 'Book Antiqua', Palatino\">NagoudiMouatezBillah<\/span><\/td>\n<td width=\"110\"><span style=\"font-family: 'Book Antiqua', Palatino\">Informatique<\/span><\/td>\n<td width=\"89\"><span style=\"font-family: 'Book Antiqua', Palatino\">MCB<\/span><\/td>\n<td width=\"225\"><\/td>\n<\/tr>\n<tr>\n<td width=\"196\"><span style=\"font-family: 'Book Antiqua', Palatino\">ZineIlyes<\/span><\/td>\n<td width=\"110\"><span style=\"font-family: 'Book Antiqua', Palatino\">Informatique<\/span><\/td>\n<td width=\"89\"><span style=\"font-family: 'Book Antiqua', Palatino\">Doc.<\/span><\/td>\n<td width=\"225\"><\/td>\n<\/tr>\n<\/tbody>\n<\/table>\n<ul>\n<li style=\"text-align: center\"><span style=\"font-family: 'Book Antiqua', Palatino\"><strong>Intitul\u00e9 de l\u2019\u00e9quipe 4\u00a0:<\/strong>Fouille\u00a0de\u00a0donn\u00e9es\u00a0et\u00a0syst\u00e8mes\u00a0d&rsquo;information\u00a0d\u00e9cisionnels<\/span><\/li>\n<li style=\"text-align: center\"><span style=\"font-family: 'Book Antiqua', Palatino\"><strong>Chef d\u2019\u00e9quipe\u00a0: <\/strong>OUINTEN Youcef<\/span><\/li>\n<\/ul>\n<table class=\" aligncenter\" dir=\"ltr\">\n<tbody>\n<tr>\n<td width=\"225\"><span style=\"font-family: 'Book Antiqua', Palatino\"><strong>Nom et Pr\u00e9nom<\/strong><\/span><\/td>\n<td width=\"140\"><span style=\"font-family: 'Book Antiqua', Palatino\"><strong>Sp\u00e9cialit\u00e9<\/strong><\/span><\/td>\n<td width=\"73\"><span style=\"font-family: 'Book Antiqua', Palatino\"><strong>Grade<\/strong><\/span><\/td>\n<td width=\"181\"><span style=\"font-family: 'Book Antiqua', Palatino\"><strong>E-mail<\/strong><\/span><\/td>\n<\/tr>\n<tr>\n<td width=\"225\"><span style=\"font-family: 'Book Antiqua', Palatino\">OUINTEN Youcef<\/span><\/td>\n<td width=\"140\"><span style=\"font-family: 'Book Antiqua', Palatino\">Informatique<\/span><\/td>\n<td width=\"73\"><span style=\"font-family: 'Book Antiqua', Palatino\">Pr.<\/span><\/td>\n<td width=\"181\"><span style=\"font-family: 'Book Antiqua', Palatino\">ouinteny@lagh-univ.dz<\/span><\/td>\n<\/tr>\n<tr>\n<td width=\"225\"><span style=\"font-family: 'Book Antiqua', Palatino\">ZIANI Benameur<\/span><\/td>\n<td width=\"140\"><span style=\"font-family: 'Book Antiqua', Palatino\">Informatique<\/span><\/td>\n<td width=\"73\"><span style=\"font-family: 'Book Antiqua', Palatino\">MCA<\/span><\/td>\n<td width=\"181\"><span style=\"font-family: 'Book Antiqua', Palatino\">b.ziani@lagh-univ.dz<\/span><\/td>\n<\/tr>\n<tr>\n<td width=\"225\"><span style=\"font-family: 'Book Antiqua', Palatino\">KerroucheBadra<\/span><\/td>\n<td width=\"140\"><span style=\"font-family: 'Book Antiqua', Palatino\">Informatique<\/span><\/td>\n<td width=\"73\"><span style=\"font-family: 'Book Antiqua', Palatino\">MAA<\/span><\/td>\n<td width=\"181\"><span style=\"font-family: 'Book Antiqua', Palatino\">b.kerrouche@lagh-univ.dz<\/span><\/td>\n<\/tr>\n<tr>\n<td width=\"225\"><span style=\"font-family: 'Book Antiqua', Palatino\">BOUAKKAZ Moustafa<\/span><\/td>\n<td width=\"140\"><span style=\"font-family: 'Book Antiqua', Palatino\">Informatique<\/span><\/td>\n<td width=\"73\"><span style=\"font-family: 'Book Antiqua', Palatino\">MCA<\/span><\/td>\n<td width=\"181\"><span style=\"font-family: 'Book Antiqua', Palatino\">m.bouakkaz@lagh-univ.dz<\/span><\/td>\n<\/tr>\n<tr>\n<td width=\"225\"><span style=\"font-family: 'Book Antiqua', Palatino\">CHELLAMA Laradj<\/span><\/td>\n<td width=\"140\"><span style=\"font-family: 'Book Antiqua', Palatino\">Informatique<\/span><\/td>\n<td width=\"73\"><span style=\"font-family: 'Book Antiqua', Palatino\">MAB<\/span><\/td>\n<td width=\"181\"><span style=\"font-family: 'Book Antiqua', Palatino\">l.chellama@lagh-univ.dz<\/span><\/td>\n<\/tr>\n<tr>\n<td width=\"225\"><span style=\"font-family: 'Book Antiqua', Palatino\">ARIOUAT youcef<\/span><\/td>\n<td width=\"140\"><span style=\"font-family: 'Book Antiqua', Palatino\">Informatique<\/span><\/td>\n<td width=\"73\"><span style=\"font-family: 'Book Antiqua', Palatino\">MAA<\/span><\/td>\n<td width=\"181\"><span style=\"font-family: 'Book Antiqua', Palatino\">youcef.ariouat@gmail.com<\/span><\/td>\n<\/tr>\n<tr>\n<td width=\"225\"><span style=\"font-family: 'Book Antiqua', Palatino\">BENMLOUKA Ahmed<\/span><\/td>\n<td width=\"140\"><span style=\"font-family: 'Book Antiqua', Palatino\">Informatique<\/span><\/td>\n<td width=\"73\"><span style=\"font-family: 'Book Antiqua', Palatino\">MAA<\/span><\/td>\n<td width=\"181\"><\/td>\n<\/tr>\n<tr>\n<td width=\"225\"><span style=\"font-family: 'Book Antiqua', Palatino\">MAICHA Mohamed Elhabib<\/span><\/td>\n<td width=\"140\"><span style=\"font-family: 'Book Antiqua', Palatino\">Informatique<\/span><\/td>\n<td width=\"73\"><span style=\"font-family: 'Book Antiqua', Palatino\">MAA.<\/span><\/td>\n<td width=\"181\"><span style=\"font-family: 'Book Antiqua', Palatino\">mh.maicha@lagh-univ.dz<\/span><\/td>\n<\/tr>\n<\/tbody>\n<\/table>\n","protected":false},"excerpt":{"rendered":"<p>Equipes de recherche Intitul\u00e9 de l\u2019\u00e9quipe 1\u00a0:Syst\u00e8mes parall\u00e8les et distribu\u00e9s Chef d\u2019\u00e9quipe\u00a0: YAGOUBI Mohamed Bachir Nom et Pr\u00e9nom Sp\u00e9cialit\u00e9 Grade E-mail Yagoubi Mohamed Bachir Informatique PR m.yagoubi@lagh-univ.dz Abdelhafidi Zohra Informatique MCA z.abdelhafidi@lagh-univ.dz Bensaad Mohamed Lahcen Informatique MCB l.bensaad@lagh-univ.dz Bendouma Tahar Informatique MCB t.bendouma@lagh-univ.dz Chaib Noureddine Informatique MCB n.chaib@lagh-univ.dz Oubatti Omar Sami Informatique MCB s.oubbati@lagh-univ.dz Alloui [&hellip;]<\/p>\n","protected":false},"author":11,"featured_media":0,"parent":0,"menu_order":0,"comment_status":"closed","ping_status":"closed","template":"elementor_header_footer","meta":{"_exactmetrics_skip_tracking":false,"_exactmetrics_sitenote_active":false,"_exactmetrics_sitenote_note":"","_exactmetrics_sitenote_category":0,"footnotes":""},"coauthors":[530],"class_list":["post-8767","page","type-page","status-publish","hentry"],"_links":{"self":[{"href":"https:\/\/lagh-univ.dz\/fr\/wp-json\/wp\/v2\/pages\/8767","targetHints":{"allow":["GET"]}}],"collection":[{"href":"https:\/\/lagh-univ.dz\/fr\/wp-json\/wp\/v2\/pages"}],"about":[{"href":"https:\/\/lagh-univ.dz\/fr\/wp-json\/wp\/v2\/types\/page"}],"author":[{"embeddable":true,"href":"https:\/\/lagh-univ.dz\/fr\/wp-json\/wp\/v2\/users\/11"}],"replies":[{"embeddable":true,"href":"https:\/\/lagh-univ.dz\/fr\/wp-json\/wp\/v2\/comments?post=8767"}],"version-history":[{"count":5,"href":"https:\/\/lagh-univ.dz\/fr\/wp-json\/wp\/v2\/pages\/8767\/revisions"}],"predecessor-version":[{"id":26228,"href":"https:\/\/lagh-univ.dz\/fr\/wp-json\/wp\/v2\/pages\/8767\/revisions\/26228"}],"wp:attachment":[{"href":"https:\/\/lagh-univ.dz\/fr\/wp-json\/wp\/v2\/media?parent=8767"}],"wp:term":[{"taxonomy":"author","embeddable":true,"href":"https:\/\/lagh-univ.dz\/fr\/wp-json\/wp\/v2\/coauthors?post=8767"}],"curies":[{"name":"wp","href":"https:\/\/api.w.org\/{rel}","templated":true}]}}