{"id":8823,"date":"2019-01-18T08:51:54","date_gmt":"2019-01-18T10:51:54","guid":{"rendered":"https:\/\/lagh-univ.dz\/laboratoires-des-recherches-lmpa-production-scientifique-projets-de-recherche\/"},"modified":"2020-02-13T19:52:53","modified_gmt":"2020-02-13T21:52:53","slug":"laboratoires-des-recherches-lmpa-production-scientifique-projets-de-recherche","status":"publish","type":"page","link":"https:\/\/lagh-univ.dz\/fr\/laboratoires-des-recherches-lmpa-production-scientifique-projets-de-recherche\/","title":{"rendered":"Laboratoires des recherches- LMPA-Production scientifique-Projets de recherche"},"content":{"rendered":"<p dir=\"ltr\" style=\"text-align: center\"><span style=\"font-size: 14pt;color: #ff0000\"><strong>Projets de recherche depuis 2018<\/strong><\/span><\/p>\n<table class=\" aligncenter\" dir=\"ltr\" width=\"640\">\n<tbody>\n<tr>\n<td width=\"192\"><strong>N<sup>o<\/sup> du projet<\/strong><\/td>\n<td width=\"146\"><strong>intitul\u00e9<\/strong><\/td>\n<td width=\"104\"><strong>Chef du projet<\/strong><\/td>\n<td width=\"198\"><strong>E-mail<\/strong><\/td>\n<\/tr>\n<tr>\n<td width=\"192\">&nbsp;<\/p>\n<p>C00L03UN030120180001<\/p>\n<p>Projet PRFU, agr\u00e9e le 01\/01\/2018<\/td>\n<td width=\"146\">Etude de quelques probl\u00e8mes aux limites avec retard Existence, stabilit\u00e9 et explosion en temps fini des solutions<\/td>\n<td width=\"104\">BoukhatemYamna<\/td>\n<td width=\"198\"><a href=\"mailto:y.boukhatem@lagh-univ.dz\">y.boukhatem@lagh-univ.dz<\/a><\/td>\n<\/tr>\n<tr>\n<td width=\"192\">C00L03EN030120190001<\/p>\n<p>Projet PRFU, agr\u00e9e le 01\/01\/2019<\/td>\n<td width=\"146\">Th\u00e9orie des\u00a0 Op\u00e9rateurs et semi-groupes<\/td>\n<td width=\"104\">Bellabaci Youcef<\/td>\n<td width=\"198\"><a href=\"mailto:y.bellabaci@lagh-univ.dz\">y.bellabaci@lagh-univ.dz<\/a><\/td>\n<\/tr>\n<tr>\n<td width=\"192\">C00L03UN030120200003<\/p>\n<p>Projet agr\u00e9e \u00e0 partir du 01\/01\/2020<\/td>\n<td width=\"146\">Nouvelles M\u00e9thodes d\u2019Optimisation Globale avec Contraintes Lin\u00e9aires et Applications<\/td>\n<td width=\"104\">Bentobache Mohand<\/td>\n<td width=\"198\">\n<table width=\"144\">\n<tbody>\n<tr>\n<td colspan=\"2\" width=\"140\"><a href=\"mailto:m.bentobache@lagh-univ.dz\">m.bentobache@lagh-univ.dz<\/a><\/td>\n<\/tr>\n<tr>\n<td><\/td>\n<td><\/td>\n<\/tr>\n<\/tbody>\n<\/table>\n<\/td>\n<\/tr>\n<tr>\n<td width=\"192\"><strong>\u00a0<\/strong><\/p>\n<p>C00L03UN030120200002<\/p>\n<p>&nbsp;<\/p>\n<p>Projet PRFU, 2020<\/td>\n<td width=\"146\">Composition dans les espaces de Besov et de Lizorkin-Triebel localis\u00e9es-uniformes.<\/td>\n<td width=\"104\">Alloui Salah Eddine<\/td>\n<td width=\"198\"><a href=\"mailto:shallaoui@yahoo.fr\">shallaoui@yahoo.fr<\/a><\/td>\n<\/tr>\n<tr>\n<td width=\"192\">C00L03UN030120200001<\/p>\n<p>Projet PRFU, 2020<\/td>\n<td width=\"146\">Propri\u00e9t\u00e9s nucl\u00e9aires et op\u00e9rateurs positifs<\/td>\n<td width=\"104\">Belacel Amer<\/td>\n<td width=\"198\"><a href=\"mailto:a.belacel@lagh-univ.dz\">a.belacel@lagh-univ.dz<\/a><\/td>\n<\/tr>\n<\/tbody>\n<\/table>\n","protected":false},"excerpt":{"rendered":"<p>Projets de recherche depuis 2018 No du projet intitul\u00e9 Chef du projet E-mail &nbsp; C00L03UN030120180001 Projet PRFU, agr\u00e9e le 01\/01\/2018 Etude de quelques probl\u00e8mes aux limites avec retard Existence, stabilit\u00e9 et explosion en temps fini des solutions BoukhatemYamna y.boukhatem@lagh-univ.dz C00L03EN030120190001 Projet PRFU, agr\u00e9e le 01\/01\/2019 Th\u00e9orie des\u00a0 Op\u00e9rateurs et semi-groupes Bellabaci Youcef y.bellabaci@lagh-univ.dz C00L03UN030120200003 Projet [&hellip;]<\/p>\n","protected":false},"author":11,"featured_media":0,"parent":0,"menu_order":0,"comment_status":"closed","ping_status":"closed","template":"elementor_header_footer","meta":{"_exactmetrics_skip_tracking":false,"_exactmetrics_sitenote_active":false,"_exactmetrics_sitenote_note":"","_exactmetrics_sitenote_category":0,"footnotes":""},"coauthors":[530],"class_list":["post-8823","page","type-page","status-publish","hentry"],"_links":{"self":[{"href":"https:\/\/lagh-univ.dz\/fr\/wp-json\/wp\/v2\/pages\/8823","targetHints":{"allow":["GET"]}}],"collection":[{"href":"https:\/\/lagh-univ.dz\/fr\/wp-json\/wp\/v2\/pages"}],"about":[{"href":"https:\/\/lagh-univ.dz\/fr\/wp-json\/wp\/v2\/types\/page"}],"author":[{"embeddable":true,"href":"https:\/\/lagh-univ.dz\/fr\/wp-json\/wp\/v2\/users\/11"}],"replies":[{"embeddable":true,"href":"https:\/\/lagh-univ.dz\/fr\/wp-json\/wp\/v2\/comments?post=8823"}],"version-history":[{"count":3,"href":"https:\/\/lagh-univ.dz\/fr\/wp-json\/wp\/v2\/pages\/8823\/revisions"}],"predecessor-version":[{"id":26201,"href":"https:\/\/lagh-univ.dz\/fr\/wp-json\/wp\/v2\/pages\/8823\/revisions\/26201"}],"wp:attachment":[{"href":"https:\/\/lagh-univ.dz\/fr\/wp-json\/wp\/v2\/media?parent=8823"}],"wp:term":[{"taxonomy":"author","embeddable":true,"href":"https:\/\/lagh-univ.dz\/fr\/wp-json\/wp\/v2\/coauthors?post=8823"}],"curies":[{"name":"wp","href":"https:\/\/api.w.org\/{rel}","templated":true}]}}