{"id":8851,"date":"2019-01-18T11:06:27","date_gmt":"2019-01-18T13:06:27","guid":{"rendered":"https:\/\/lagh-univ.dz\/laboratoires-des-recherches-lsf\/"},"modified":"2020-03-12T07:39:30","modified_gmt":"2020-03-12T09:39:30","slug":"laboratoires-des-recherches-lsf","status":"publish","type":"page","link":"https:\/\/lagh-univ.dz\/fr\/laboratoires-des-recherches-lsf\/","title":{"rendered":"Laboratoires des recherches- LSF"},"content":{"rendered":"<p dir=\"ltr\" style=\"text-align: center\"><strong><span style=\"color: #0000ff\"><span style=\"font-size: 18pt;font-family: 'Book Antiqua', Palatino\">Laboratoire des Sciences Fondamentales\u00a0<\/span><\/span><\/strong><\/p>\n<p dir=\"ltr\" style=\"text-align: left\"><span style=\"font-family: 'Book Antiqua', Palatino;color: #000000;font-size: 14pt\"><strong>-Code\u00a0: <\/strong>C1190401<\/span><\/p>\n<p dir=\"ltr\" style=\"text-align: left\"><span style=\"font-family: 'Book Antiqua', Palatino;color: #000000;font-size: 14pt\"><strong>&#8211; Date de cr\u00e9ation\u00a0: <\/strong>Juillet 2000<\/span><\/p>\n<p dir=\"ltr\" style=\"text-align: left\"><span style=\"font-family: 'Book Antiqua', Palatino;color: #000000;font-size: 14pt\"><strong>&#8211; Nom du directeur de Laboratoire\u00a0: <\/strong>YOUSFI Mohamed<\/span><\/p>\n<p dir=\"ltr\" style=\"text-align: left\"><span style=\"font-family: 'Book Antiqua', Palatino;color: #000000;font-size: 14pt\"><strong>&#8211; Email\u00a0: <\/strong><a style=\"color: #000000\" href=\"mailto:yousfim8@gmail.com\">yousfim8@gmail.com \/<\/a><\/span><span style=\"font-family: 'Book Antiqua', Palatino;color: #000000;font-size: 14pt\"><a style=\"color: #000000\" href=\"mailto:m.yousfi@lagh-univ.dz\">m.yousfi@lagh-univ.dz<\/a><\/span><\/p>\n<p dir=\"ltr\" style=\"text-align: left\"><span style=\"font-family: 'Book Antiqua', Palatino;color: #000000;font-size: 14pt\"><strong>\u00a0<\/strong><\/span><\/p>\n<p dir=\"ltr\" style=\"text-align: left\"><strong><span style=\"color: #0000ff\"><span style=\"font-family: 'Book Antiqua', Palatino;font-size: 14pt\">Pr\u00e9sentation <\/span><\/span><\/strong><\/p>\n<p dir=\"ltr\" style=\"text-align: left\"><strong><span style=\"color: #0000ff\"><span style=\"font-family: 'Book Antiqua', Palatino;font-size: 14pt\">&#8211; Mot du directeur\u00a0:<\/span><\/span><\/strong><\/p>\n<p dir=\"ltr\" style=\"text-align: left\"><span style=\"font-family: 'Book Antiqua', Palatino;color: #000000;font-size: 14pt\">Les substances naturelles est un champ exploratoire multidisciplinaire \u00e0 fort impact sur la d\u00e9couverte de nouveaux m\u00e9dicaments, la compr\u00e9hension, la pr\u00e9servation et la caract\u00e9risation de la biodiversit\u00e9, la pr\u00e9vention de la toxicit\u00e9 et l\u2019exploitation de bioressources dans diff\u00e9rents domaines d\u2019application. La caract\u00e9risation chimique des mol\u00e9cules naturelles constitue le point de d\u00e9part de toute \u00e9tude de la chimiodiversit\u00e9 et de son ing\u00e9nierie m\u00e9tabolique qui conduit \u00e0 des applications vari\u00e9es et bien plus larges. Dans ce contexte, le laboratoire des sciences fondamentales (LSF) est\u00a0 une structure qui r\u00e9unit les activit\u00e9s compl\u00e9mentaires de chimistes, biochimistes, pharmaciens, microbiologistes, physiologistes et agronomes int\u00e9ress\u00e9s par les substances naturelles et leurs valorisations. L\u2019activit\u00e9 scientifique de LSF s\u2019appuie sur une recherche pluridisciplinaire ouvertement ancr\u00e9e dans une interface Chimie-Biologie-Agronomie. Les axes de recherche principaux de LSF concernent l\u2019extraction de mol\u00e9cules bioactives, l\u2019analyse de leurs structures, la caract\u00e9risation de leurs activit\u00e9s biologiques et l\u2019\u00e9tude de leurs m\u00e9canismes d\u2019action \u00e0 travers des tests de mod\u00e9lisation mol\u00e9culaire. R\u00e9solument LSF inscrit \u00e9galement son d\u00e9veloppement en interaction avec la sph\u00e8re socio\u00e9conomique d\u2019une part en valorisant ses activit\u00e9s de recherche acad\u00e9mique d\u2019autre part. De plus, les chercheurs de LSF sont aussi impliqu\u00e9s dans l\u2019offre de formation (Licence, Master, Doctorat) li\u00e9e aux substances naturelles et \u00e0 leur valorisation chimique et biologique.\u00a0<\/span><\/p>\n","protected":false},"excerpt":{"rendered":"<p>Laboratoire des Sciences Fondamentales\u00a0 -Code\u00a0: C1190401 &#8211; Date de cr\u00e9ation\u00a0: Juillet 2000 &#8211; Nom du directeur de Laboratoire\u00a0: YOUSFI Mohamed &#8211; Email\u00a0: yousfim8@gmail.com \/m.yousfi@lagh-univ.dz \u00a0 Pr\u00e9sentation &#8211; Mot du directeur\u00a0: Les substances naturelles est un champ exploratoire multidisciplinaire \u00e0 fort impact sur la d\u00e9couverte de nouveaux m\u00e9dicaments, la compr\u00e9hension, la pr\u00e9servation et la caract\u00e9risation de [&hellip;]<\/p>\n","protected":false},"author":11,"featured_media":0,"parent":0,"menu_order":0,"comment_status":"closed","ping_status":"closed","template":"elementor_header_footer","meta":{"_exactmetrics_skip_tracking":false,"_exactmetrics_sitenote_active":false,"_exactmetrics_sitenote_note":"","_exactmetrics_sitenote_category":0,"footnotes":""},"coauthors":[530],"class_list":["post-8851","page","type-page","status-publish","hentry"],"_links":{"self":[{"href":"https:\/\/lagh-univ.dz\/fr\/wp-json\/wp\/v2\/pages\/8851","targetHints":{"allow":["GET"]}}],"collection":[{"href":"https:\/\/lagh-univ.dz\/fr\/wp-json\/wp\/v2\/pages"}],"about":[{"href":"https:\/\/lagh-univ.dz\/fr\/wp-json\/wp\/v2\/types\/page"}],"author":[{"embeddable":true,"href":"https:\/\/lagh-univ.dz\/fr\/wp-json\/wp\/v2\/users\/11"}],"replies":[{"embeddable":true,"href":"https:\/\/lagh-univ.dz\/fr\/wp-json\/wp\/v2\/comments?post=8851"}],"version-history":[{"count":5,"href":"https:\/\/lagh-univ.dz\/fr\/wp-json\/wp\/v2\/pages\/8851\/revisions"}],"predecessor-version":[{"id":33151,"href":"https:\/\/lagh-univ.dz\/fr\/wp-json\/wp\/v2\/pages\/8851\/revisions\/33151"}],"wp:attachment":[{"href":"https:\/\/lagh-univ.dz\/fr\/wp-json\/wp\/v2\/media?parent=8851"}],"wp:term":[{"taxonomy":"author","embeddable":true,"href":"https:\/\/lagh-univ.dz\/fr\/wp-json\/wp\/v2\/coauthors?post=8851"}],"curies":[{"name":"wp","href":"https:\/\/api.w.org\/{rel}","templated":true}]}}