{"id":8865,"date":"2019-01-18T11:08:56","date_gmt":"2019-01-18T13:08:56","guid":{"rendered":"https:\/\/lagh-univ.dz\/laboratoires-des-recherches-lsf-production-scientifique-projets-de-recherche\/"},"modified":"2020-03-12T07:49:04","modified_gmt":"2020-03-12T09:49:04","slug":"laboratoires-des-recherches-lsf-production-scientifique-projets-de-recherche","status":"publish","type":"page","link":"https:\/\/lagh-univ.dz\/fr\/laboratoires-des-recherches-lsf-production-scientifique-projets-de-recherche\/","title":{"rendered":"Laboratoires des recherches- LSF -Production scientifique-Projets de recherche"},"content":{"rendered":"<p dir=\"ltr\" style=\"text-align: center\"><strong><span style=\"color: #0000ff\"><span style=\"font-family: 'Book Antiqua', Palatino;font-size: 18pt\">Projets de recherche depuis 2018<\/span><\/span><\/strong><\/p>\n<table dir=\"ltr\" width=\"603\">\n<tbody>\n<tr>\n<td width=\"186\"><strong><span style=\"font-family: 'Book Antiqua', Palatino;font-size: 14pt;color: #000000\">N<sup>o<\/sup> du projet<\/span><\/strong><\/td>\n<td width=\"145\"><strong><span style=\"font-family: 'Book Antiqua', Palatino;font-size: 14pt;color: #000000\">intitul\u00e9<\/span><\/strong><\/td>\n<td width=\"116\"><strong><span style=\"font-family: 'Book Antiqua', Palatino;font-size: 14pt;color: #000000\">Chef du projet<\/span><\/strong><\/td>\n<td width=\"155\"><strong><span style=\"font-family: 'Book Antiqua', Palatino;font-size: 14pt;color: #000000\">E-mail<\/span><\/strong><\/td>\n<\/tr>\n<tr>\n<td width=\"186\">\n<p style=\"text-align: center\"><span style=\"font-family: 'Book Antiqua', Palatino;font-size: 14pt;color: #000000\">B00L01UN030120180003<\/span><\/p>\n<\/td>\n<td style=\"text-align: center\" width=\"145\"><span style=\"font-family: 'Book Antiqua', Palatino;font-size: 14pt;color: #000000\">\u00c9tude de la variabilit\u00e9 de la composition chimique des m\u00e9tabolites primaires (polyph\u00e9nols, acides gras, tocoph\u00e9rols) et secondaires (huiles essentielles) pour une s\u00e9lection de plantes m\u00e9dicinales locales, puis l\u2019investigation de l\u2019effet cette variabilit\u00e9 (ch\u00e9motypes) sur l\u2019activit\u00e9 biologique et\/ou antioxyante.<\/span><\/td>\n<td style=\"text-align: center\" width=\"116\"><span style=\"font-family: 'Book Antiqua', Palatino;font-size: 14pt;color: #000000\">Gourine Nadhir<\/span><\/td>\n<td style=\"text-align: center\" width=\"155\"><span style=\"font-family: 'Book Antiqua', Palatino;font-size: 14pt;color: #000000\">n.gourine@lagh-univ.dz<\/span><\/td>\n<\/tr>\n<tr>\n<td width=\"186\"><span style=\"font-family: 'Book Antiqua', Palatino;font-size: 14pt;color: #000000\">PRFU 2019-2022. Code\u00a0: B00L01UN030120190002\u00a0<\/span><\/td>\n<td width=\"145\"><span style=\"font-family: 'Book Antiqua', Palatino;font-size: 14pt;color: #000000\">Activit\u00e9s antidiab\u00e9tiques des extraits de quelques esp\u00e8ces v\u00e9g\u00e9tales locales\u00a0<\/span><\/td>\n<td width=\"116\"><span style=\"font-family: 'Book Antiqua', Palatino;font-size: 14pt;color: #000000\">DJERIDANE Amar<\/span><\/td>\n<td width=\"155\"><span style=\"font-family: 'Book Antiqua', Palatino;font-size: 14pt;color: #000000\">a.djeridane@lagh-univ.dz<\/span><\/td>\n<\/tr>\n<\/tbody>\n<\/table>\n","protected":false},"excerpt":{"rendered":"<p>Projets de recherche depuis 2018 No du projet intitul\u00e9 Chef du projet E-mail B00L01UN030120180003 \u00c9tude de la variabilit\u00e9 de la composition chimique des m\u00e9tabolites primaires (polyph\u00e9nols, acides gras, tocoph\u00e9rols) et secondaires (huiles essentielles) pour une s\u00e9lection de plantes m\u00e9dicinales locales, puis l\u2019investigation de l\u2019effet cette variabilit\u00e9 (ch\u00e9motypes) sur l\u2019activit\u00e9 biologique et\/ou antioxyante. Gourine Nadhir n.gourine@lagh-univ.dz [&hellip;]<\/p>\n","protected":false},"author":11,"featured_media":0,"parent":0,"menu_order":0,"comment_status":"closed","ping_status":"closed","template":"elementor_header_footer","meta":{"_exactmetrics_skip_tracking":false,"_exactmetrics_sitenote_active":false,"_exactmetrics_sitenote_note":"","_exactmetrics_sitenote_category":0,"footnotes":""},"coauthors":[530],"class_list":["post-8865","page","type-page","status-publish","hentry"],"_links":{"self":[{"href":"https:\/\/lagh-univ.dz\/fr\/wp-json\/wp\/v2\/pages\/8865","targetHints":{"allow":["GET"]}}],"collection":[{"href":"https:\/\/lagh-univ.dz\/fr\/wp-json\/wp\/v2\/pages"}],"about":[{"href":"https:\/\/lagh-univ.dz\/fr\/wp-json\/wp\/v2\/types\/page"}],"author":[{"embeddable":true,"href":"https:\/\/lagh-univ.dz\/fr\/wp-json\/wp\/v2\/users\/11"}],"replies":[{"embeddable":true,"href":"https:\/\/lagh-univ.dz\/fr\/wp-json\/wp\/v2\/comments?post=8865"}],"version-history":[{"count":5,"href":"https:\/\/lagh-univ.dz\/fr\/wp-json\/wp\/v2\/pages\/8865\/revisions"}],"predecessor-version":[{"id":33168,"href":"https:\/\/lagh-univ.dz\/fr\/wp-json\/wp\/v2\/pages\/8865\/revisions\/33168"}],"wp:attachment":[{"href":"https:\/\/lagh-univ.dz\/fr\/wp-json\/wp\/v2\/media?parent=8865"}],"wp:term":[{"taxonomy":"author","embeddable":true,"href":"https:\/\/lagh-univ.dz\/fr\/wp-json\/wp\/v2\/coauthors?post=8865"}],"curies":[{"name":"wp","href":"https:\/\/api.w.org\/{rel}","templated":true}]}}