{"id":8873,"date":"2019-01-18T11:13:40","date_gmt":"2019-01-18T13:13:40","guid":{"rendered":"https:\/\/lagh-univ.dz\/laboratoires-des-recherches-lsmf\/"},"modified":"2020-02-18T22:41:00","modified_gmt":"2020-02-19T00:41:00","slug":"laboratoires-des-recherches-lsmf","status":"publish","type":"page","link":"https:\/\/lagh-univ.dz\/fr\/laboratoires-des-recherches-lsmf\/","title":{"rendered":"Laboratoires des recherches- LSMF"},"content":{"rendered":"<p><img fetchpriority=\"high\" decoding=\"async\" class=\"wp-image-28628 aligncenter\" src=\"https:\/\/lagh-univ.dz\/wp-content\/uploads\/2020\/02\/ps-1-300x89.jpg\" alt=\"\" width=\"644\" height=\"191\" srcset=\"https:\/\/lagh-univ.dz\/wp-content\/uploads\/2020\/02\/ps-1-300x89.jpg 300w, https:\/\/lagh-univ.dz\/wp-content\/uploads\/2020\/02\/ps-1.jpg 732w\" sizes=\"(max-width: 644px) 100vw, 644px\" \/><\/p>\n<table style=\"width: 100.102%;height: 330px\" width=\"100%\">\n<tbody>\n<tr>\n<td style=\"text-align: left;width: 27%\" width=\"27%\"><span style=\"font-family: Book Antiqua, Palatino;font-size: 14pt;color: #000000\"> Intitul\u00e9 du Laboratoire <\/span><\/td>\n<td style=\"text-align: left;width: 71%\" colspan=\"3\" width=\"72%\"><span style=\"font-family: Book Antiqua, Palatino;font-size: 18pt;color: #0000ff\">Semi-Conducteurs Et Mat\u00e9riaux Fonctionnels<\/span><\/td>\n<\/tr>\n<tr>\n<td style=\"text-align: left;width: 27%\" width=\"27%\"><span style=\"font-family: Book Antiqua, Palatino;font-size: 14pt;color: #000000\"> Acronyme du laboratoire<\/span><\/td>\n<td style=\"text-align: left;width: 71%\" colspan=\"3\" width=\"72%\"><span style=\"font-family: Book Antiqua, Palatino;font-size: 14pt;color: #000000\"><strong><em>LSMF<\/em><\/strong><\/span><\/td>\n<\/tr>\n<tr>\n<td style=\"text-align: left;width: 27%\" width=\"27%\"><span style=\"font-family: Book Antiqua, Palatino;font-size: 14pt;color: #000000\"> Facult\u00e9<\/span><\/td>\n<td style=\"text-align: left;width: 71%\" colspan=\"3\" width=\"72%\">F<span style=\"font-family: Book Antiqua, Palatino;font-size: 14pt;color: #000000\">acult\u00e9 de Technologie<\/span><\/td>\n<\/tr>\n<tr>\n<td style=\"text-align: left;width: 27%\" width=\"27%\"><span style=\"font-family: Book Antiqua, Palatino;font-size: 14pt;color: #000000\">Tel <\/span><\/td>\n<td style=\"text-align: left;width: 30%\" width=\"30%\"><\/td>\n<td style=\"text-align: left;width: 7%\" width=\"7%\"><span style=\"font-family: Book Antiqua, Palatino;font-size: 14pt;color: #000000\">Fax <\/span><\/td>\n<td style=\"text-align: left;width: 34%\" width=\"34%\"><\/td>\n<\/tr>\n<tr>\n<td style=\"text-align: left;width: 27%\" width=\"27%\"><span style=\"font-family: Book Antiqua, Palatino;font-size: 14pt;color: #000000\">Localisation physique <\/span><\/td>\n<td style=\"text-align: left;width: 71%\" colspan=\"3\" width=\"72%\"><span style=\"font-family: Book Antiqua, Palatino;font-size: 14pt;color: #000000\">Bloc de laboratoires de recherche<\/span><\/td>\n<\/tr>\n<tr>\n<td style=\"text-align: left;width: 27%\" width=\"27%\"><span style=\"font-family: Book Antiqua, Palatino;font-size: 14pt;color: #000000\">E mail<\/span><\/td>\n<td style=\"text-align: left;width: 71%\" colspan=\"3\" width=\"72%\"><\/td>\n<\/tr>\n<\/tbody>\n<\/table>\n<p style=\"text-align: left\"><span style=\"font-family: Book Antiqua, Palatino;font-size: 18pt;color: #008000\"><strong><u>Pr\u00e9sentations<\/u><\/strong><\/span><\/p>\n<p dir=\"ltr\" style=\"text-align: left\"><span class=\"tlid-translation translation\" lang=\"fr\"><span style=\"font-family: Book Antiqua, Palatino;font-size: 14pt;color: #000000\" title=\"\">Le laboratoire LSMF a \u00e9t\u00e9 cr\u00e9\u00e9 par la r\u00e9solution minist\u00e9rielle n \u00b0 145 du 14\/04\/2012.<\/span><\/span><span style=\"font-family: Book Antiqua, Palatino;font-size: 14pt;color: #000000\"><br \/>\n<\/span><\/p>\n<p>&nbsp;<\/p>\n<p dir=\"ltr\" style=\"text-align: left\"><span style=\"font-family: Book Antiqua, Palatino;font-size: 18pt;color: #008000\"><strong>Contacts<\/strong><\/span><\/p>\n<p dir=\"ltr\"><span style=\"text-decoration: underline\"><span style=\"font-family: Book Antiqua, Palatino;font-size: 14pt;color: #000000\"><strong>Direction<\/strong><\/span><\/span><\/p>\n<table class=\" alignleft\">\n<tbody>\n<tr>\n<td style=\"text-align: left;width: 458.95px\" colspan=\"2\"><span style=\"font-family: Book Antiqua, Palatino;font-size: 14pt;color: #000000\">CHETTIH Saliha<\/span><\/td>\n<td style=\"text-align: left;width: 235px\" rowspan=\"4\"><span style=\"font-family: Book Antiqua, Palatino;font-size: 14pt;color: #000000\"> <img decoding=\"async\" class=\"wp-image-28456 aligncenter\" src=\"https:\/\/lagh-univ.dz\/wp-content\/uploads\/2020\/02\/chettih.png\" alt=\"\" width=\"179\" height=\"205\" \/><\/span><\/td>\n<\/tr>\n<tr>\n<td style=\"text-align: left;width: 81.7167px\"><span style=\"font-family: Book Antiqua, Palatino;font-size: 14pt;color: #000000\">Grade<\/span><\/td>\n<td style=\"text-align: left;width: 371px\"><span style=\"font-family: Book Antiqua, Palatino;font-size: 14pt;color: #000000\">Professur<\/span><\/td>\n<\/tr>\n<tr>\n<td style=\"text-align: left;width: 81.7167px\"><span style=\"font-family: Book Antiqua, Palatino;font-size: 14pt;color: #000000\">E-mail<\/span><\/td>\n<td style=\"text-align: left;width: 371px\"><span style=\"font-family: Book Antiqua, Palatino;font-size: 14pt;color: #0000ff\"><a style=\"color: #0000ff\" href=\"mailto:s.chettih@lagh-univ.dz\">s.chettih@lagh-univ.dz<\/a><\/span><\/td>\n<\/tr>\n<tr>\n<td style=\"text-align: left;width: 81.7167px\"><span style=\"font-family: Book Antiqua, Palatino;font-size: 14pt;color: #000000\">T\u00e9l\/Fax<\/span><\/td>\n<td style=\"text-align: left;width: 371px\">\n<p dir=\"ltr\"><span style=\"font-family: Book Antiqua, Palatino;font-size: 14pt;color: #000000\">+213. (0)29.93.17.91 \/+213. (0)21.93.26.98<\/span><\/p>\n<\/td>\n<\/tr>\n<tr>\n<td style=\"text-align: left;width: 81.7167px\"><span style=\"font-family: Book Antiqua, Palatino;font-size: 14pt;color: #000000\">Page personnel<\/span><\/td>\n<td style=\"text-align: left;width: 612.233px\" colspan=\"2\"><\/td>\n<\/tr>\n<\/tbody>\n<\/table>\n<p>&nbsp;<\/p>\n","protected":false},"excerpt":{"rendered":"<p>Intitul\u00e9 du Laboratoire Semi-Conducteurs Et Mat\u00e9riaux Fonctionnels Acronyme du laboratoire LSMF Facult\u00e9 Facult\u00e9 de Technologie Tel Fax Localisation physique Bloc de laboratoires de recherche E mail Pr\u00e9sentations Le laboratoire LSMF a \u00e9t\u00e9 cr\u00e9\u00e9 par la r\u00e9solution minist\u00e9rielle n \u00b0 145 du 14\/04\/2012. &nbsp; Contacts Direction CHETTIH Saliha Grade Professur E-mail s.chettih@lagh-univ.dz T\u00e9l\/Fax +213. (0)29.93.17.91 \/+213. [&hellip;]<\/p>\n","protected":false},"author":13,"featured_media":0,"parent":0,"menu_order":0,"comment_status":"closed","ping_status":"closed","template":"elementor_header_footer","meta":{"_exactmetrics_skip_tracking":false,"_exactmetrics_sitenote_active":false,"_exactmetrics_sitenote_note":"","_exactmetrics_sitenote_category":0,"footnotes":""},"coauthors":[533],"class_list":["post-8873","page","type-page","status-publish","hentry"],"_links":{"self":[{"href":"https:\/\/lagh-univ.dz\/fr\/wp-json\/wp\/v2\/pages\/8873","targetHints":{"allow":["GET"]}}],"collection":[{"href":"https:\/\/lagh-univ.dz\/fr\/wp-json\/wp\/v2\/pages"}],"about":[{"href":"https:\/\/lagh-univ.dz\/fr\/wp-json\/wp\/v2\/types\/page"}],"author":[{"embeddable":true,"href":"https:\/\/lagh-univ.dz\/fr\/wp-json\/wp\/v2\/users\/13"}],"replies":[{"embeddable":true,"href":"https:\/\/lagh-univ.dz\/fr\/wp-json\/wp\/v2\/comments?post=8873"}],"version-history":[{"count":6,"href":"https:\/\/lagh-univ.dz\/fr\/wp-json\/wp\/v2\/pages\/8873\/revisions"}],"predecessor-version":[{"id":29237,"href":"https:\/\/lagh-univ.dz\/fr\/wp-json\/wp\/v2\/pages\/8873\/revisions\/29237"}],"wp:attachment":[{"href":"https:\/\/lagh-univ.dz\/fr\/wp-json\/wp\/v2\/media?parent=8873"}],"wp:term":[{"taxonomy":"author","embeddable":true,"href":"https:\/\/lagh-univ.dz\/fr\/wp-json\/wp\/v2\/coauthors?post=8873"}],"curies":[{"name":"wp","href":"https:\/\/api.w.org\/{rel}","templated":true}]}}