{"id":8883,"date":"2019-01-18T11:14:21","date_gmt":"2019-01-18T13:14:21","guid":{"rendered":"https:\/\/lagh-univ.dz\/laboratoires-des-recherches-lsmf-production-scientifique-publications\/"},"modified":"2020-02-18T08:33:01","modified_gmt":"2020-02-18T10:33:01","slug":"laboratoires-des-recherches-lsmf-production-scientifique-publications","status":"publish","type":"page","link":"https:\/\/lagh-univ.dz\/fr\/laboratoires-des-recherches-lsmf-production-scientifique-publications\/","title":{"rendered":"Laboratoires des recherches- LSMF-Production scientifique-Publications"},"content":{"rendered":"<p style=\"text-align: left\"><span style=\"color: #008000;font-size: 18pt;font-family: Book Antiqua, Palatino\">Publications Internationales<\/span><\/p>\n<table width=\"100%\">\n<tbody>\n<tr>\n<td style=\"text-align: left\" width=\"5%\"><span style=\"color: #000000;font-size: 14pt;font-family: Book Antiqua, Palatino\">01<\/span><\/td>\n<td style=\"text-align: left\" width=\"94%\"><span style=\"color: #000000;font-size: 14pt;font-family: Book Antiqua, Palatino\">H. AAAAA \u00ab Optimisation, Localisation et R\u00e9duction des Stabilisateurs de Puissance par Algorithmes G\u00e9n\u00e9tiques \u00bb, European Journal of Electrical Engineering (EJEE) Volume 13\/1 pp. 7-32, 2010.<\/span><\/p>\n<p><span style=\"color: #0000ff;font-size: 14pt;font-family: Book Antiqua, Palatino\">URL : http:\/\/ejee.revuesonline.com\/article.jsp?articleId=14421<\/span><\/td>\n<\/tr>\n<\/tbody>\n<\/table>\n<p dir=\"ltr\" style=\"text-align: left\"><span style=\"color: #008000;font-size: 18pt;font-family: Book Antiqua, Palatino\">Publications Nationales<\/span><\/p>\n<table style=\"height: 160px;width: 100%\" width=\"100%\">\n<tbody>\n<tr style=\"height: 160px\">\n<td style=\"text-align: left;height: 160px\" width=\"5%\"><span style=\"color: #000000;font-family: Book Antiqua, Palatino;font-size: 14pt\">01<\/span><\/td>\n<td style=\"text-align: left;height: 160px\" width=\"94%\">\n<p dir=\"ltr\"><span style=\"color: #000000;font-family: Book Antiqua, Palatino;font-size: 14pt\">M. LLL\u00a0 A. AAA, S. AAAA,\u00a0 \u00ab Hybridations M\u00e9taheuristiques en Lots Appliqu\u00e9es \u00e0 l\u2019Ecoulement Optimal de la Puissance R\u00e9active\u00bb, Revue des Sciences et Sciences de l\u2019Ing\u00e9nieur, Publication de l\u2019Universit\u00e9 Amar Telidji de Laghouat, Alg\u00e9rie, Vol.1 Num.1, pp. 67-73, Juin 2010, ISSN 2170-0737.<\/span><\/p>\n<p dir=\"ltr\"><span style=\"color: #0000ff;font-family: Book Antiqua, Palatino;font-size: 14pt\">URL : <a style=\"color: #0000ff\" href=\"http:\/\/web.laghuniv.dz\/web\/dmdocuments\/Page%20de%20garde%20Revue%20RSSI.pdf\">http:\/\/web.laghuniv.dz\/web\/dmdocuments\/Page%20de%20garde%20Revue%20RSSI.pdf<\/a><\/span><\/p>\n<\/td>\n<\/tr>\n<\/tbody>\n<\/table>\n<p dir=\"ltr\">\n<p dir=\"ltr\" style=\"text-align: left\"><span style=\"color: #008000;font-size: 18pt;font-family: Book Antiqua, Palatino\">Communications Internationales<\/span><\/p>\n<table width=\"100%\">\n<tbody>\n<tr>\n<td width=\"5%\">\n<p style=\"text-align: left\"><span style=\"font-family: Book Antiqua, Palatino;font-size: 14pt;color: #000000\">01<\/span><\/p>\n<\/td>\n<td width=\"94%\">\n<p style=\"text-align: left\"><span style=\"font-family: Book Antiqua, Palatino;font-size: 14pt;color: #000000\">R. D. MMMM, S. AAAA, A. HAAA, \u00a0\u00bb La R\u00e9solution du probl\u00e8me d\u2019engagement des turbines : Unit Commitment par la m\u00e9thode hybride RT\/RS.\u00a0\u00bb 6th International Conference on Electrical Engineering, 11-13 Octobre, 2010, Batna, Alg\u00e9rie.<\/span><\/p>\n<p style=\"text-align: left\"><span style=\"font-family: Book Antiqua, Palatino;font-size: 14pt\"><span style=\"color: #000000\">URL<\/span> : <a href=\"http:\/\/cee2012.univ-batna.dz\/index.php\/en\/cee2010.html\">http:\/\/cee2012.univ-batna.dz\/index.php\/en\/cee2010.html<\/a><\/span><\/p>\n<\/td>\n<\/tr>\n<\/tbody>\n<\/table>\n<p dir=\"ltr\">\n<p dir=\"ltr\"><span style=\"color: #008000;font-size: 18pt;font-family: Book Antiqua, Palatino\">Communications Nationales<\/span><\/p>\n<table width=\"100%\">\n<tbody>\n<tr>\n<td style=\"text-align: left\" width=\"5%\"><span style=\"font-family: Book Antiqua, Palatino;font-size: 14pt\">01<\/span><\/td>\n<td style=\"text-align: left\" width=\"94%\"><span style=\"font-family: Book Antiqua, Palatino;font-size: 14pt\"><span style=\"color: #000000\">N. AAAA, A. BAAA et M. S. BAAA \u2018Commande par platitude des syst\u00e8mes non lin\u00e9aires\u00a0: Application \u00e0 un mod\u00e8le d\u2019h\u00e9licopt\u00e8re\u2019, 1\u00e8re Conf\u00e9rence Nationale sur les Syst\u00e8mes d\u2019Ordre Fractionnaire et leurs Applications SOFA 2010, universit\u00e9 de Skikda, Alg\u00e9rie 18-19 Mai 2010, Skikda, Alg\u00e9rie<\/span>.<\/span><\/p>\n<p><span style=\"font-family: Book Antiqua, Palatino;font-size: 14pt\"><span style=\"color: #000000\">URL\u00a0<\/span>: <a href=\"http:\/\/ajcatic.net\/index_php\/agenda\/25-conference-nationale-\/133-sofa-201018-et-19-mai-2010-skikda.html\">http:\/\/ajcatic.net\/index_php\/agenda\/25-conference-nationale-\/133-sofa-201018-et-19-mai-2010-skikda.html<\/a><\/span><\/td>\n<\/tr>\n<\/tbody>\n<\/table>\n","protected":false},"excerpt":{"rendered":"<p>Publications Internationales 01 H. AAAAA \u00ab Optimisation, Localisation et R\u00e9duction des Stabilisateurs de Puissance par Algorithmes G\u00e9n\u00e9tiques \u00bb, European Journal of Electrical Engineering (EJEE) Volume 13\/1 pp. 7-32, 2010. URL : http:\/\/ejee.revuesonline.com\/article.jsp?articleId=14421 Publications Nationales 01 M. LLL\u00a0 A. AAA, S. AAAA,\u00a0 \u00ab Hybridations M\u00e9taheuristiques en Lots Appliqu\u00e9es \u00e0 l\u2019Ecoulement Optimal de la Puissance R\u00e9active\u00bb, Revue [&hellip;]<\/p>\n","protected":false},"author":13,"featured_media":0,"parent":0,"menu_order":0,"comment_status":"closed","ping_status":"closed","template":"elementor_header_footer","meta":{"_exactmetrics_skip_tracking":false,"_exactmetrics_sitenote_active":false,"_exactmetrics_sitenote_note":"","_exactmetrics_sitenote_category":0,"footnotes":""},"coauthors":[533],"class_list":["post-8883","page","type-page","status-publish","hentry"],"_links":{"self":[{"href":"https:\/\/lagh-univ.dz\/fr\/wp-json\/wp\/v2\/pages\/8883","targetHints":{"allow":["GET"]}}],"collection":[{"href":"https:\/\/lagh-univ.dz\/fr\/wp-json\/wp\/v2\/pages"}],"about":[{"href":"https:\/\/lagh-univ.dz\/fr\/wp-json\/wp\/v2\/types\/page"}],"author":[{"embeddable":true,"href":"https:\/\/lagh-univ.dz\/fr\/wp-json\/wp\/v2\/users\/13"}],"replies":[{"embeddable":true,"href":"https:\/\/lagh-univ.dz\/fr\/wp-json\/wp\/v2\/comments?post=8883"}],"version-history":[{"count":4,"href":"https:\/\/lagh-univ.dz\/fr\/wp-json\/wp\/v2\/pages\/8883\/revisions"}],"predecessor-version":[{"id":28574,"href":"https:\/\/lagh-univ.dz\/fr\/wp-json\/wp\/v2\/pages\/8883\/revisions\/28574"}],"wp:attachment":[{"href":"https:\/\/lagh-univ.dz\/fr\/wp-json\/wp\/v2\/media?parent=8883"}],"wp:term":[{"taxonomy":"author","embeddable":true,"href":"https:\/\/lagh-univ.dz\/fr\/wp-json\/wp\/v2\/coauthors?post=8883"}],"curies":[{"name":"wp","href":"https:\/\/api.w.org\/{rel}","templated":true}]}}