{"id":8893,"date":"2019-01-18T11:18:44","date_gmt":"2019-01-18T13:18:44","guid":{"rendered":"https:\/\/lagh-univ.dz\/laboratoires-des-recherches-ltss\/"},"modified":"2020-02-26T07:18:12","modified_gmt":"2020-02-26T09:18:12","slug":"laboratoires-des-recherches-ltss","status":"publish","type":"page","link":"https:\/\/lagh-univ.dz\/fr\/laboratoires-des-recherches-ltss\/","title":{"rendered":"Laboratoires des recherches- LTSS"},"content":{"rendered":"<p dir=\"ltr\" style=\"text-align: center\"><strong>Laboratoire de T\u00e9l\u00e9communications, Signaux et Syst\u00e8mes\u00a0\u00a0\u00a0\u00a0\u00a0 <\/strong><\/p>\n<p dir=\"ltr\"><img decoding=\"async\" class=\"aligncenter\" src=\"https:\/\/lagh-univ.dz\/wp-content\/uploads\/2019\/01\/logo1-e1548006992304.png\" alt=\"logoLTSS\" width=\"200\" height=\"113\" \/><\/p>\n<p dir=\"ltr\"><strong>\u00a0<\/strong><span style=\"font-family: 'Book Antiqua', Palatino;font-size: 14pt\">Le laboratoire\u00a0<strong>LTSS<\/strong>\u00a0est un laboratoire\u00a0de\u00a0l\u2019Universit\u00e9 Amar Telidji de Laghouat\u00a0\u00a0 cr\u00e9\u00e9 en 2011.<\/span><\/p>\n<p dir=\"ltr\"><span style=\"font-family: 'Book Antiqua', Palatino;font-size: 14pt\">Il regroupe des enseignants chercheurs en g\u00e9nie \u00e9lectrique,\u00a0\u00e9lectronique, automatique et T\u00e9l\u00e9communications.<\/span><\/p>\n<p dir=\"ltr\"><span style=\"color: #0000ff;font-size: 18pt;font-family: 'Book Antiqua', Palatino\">Les th\u00e9matiques du laboratoire<\/span><\/p>\n<p dir=\"ltr\"><span style=\"font-size: 14pt;font-family: 'Book Antiqua', Palatino;color: #000000\">Les objectifs scientifiques du laboratoire s\u2019inscrivent dans le domaine des Sciences de l\u2019ing\u00e9nieur.<\/span><\/p>\n<p dir=\"ltr\"><span style=\"font-size: 14pt;font-family: 'Book Antiqua', Palatino;color: #000000\">Le laboratoire est structur\u00e9 en quatre \u00e9quipes de recherche :<\/span><\/p>\n<ul>\n<li><span style=\"font-size: 14pt;font-family: 'Book Antiqua', Palatino;color: #000000\">Equipe 1\u00a0: M\u00e9tamat\u00e9riaux et Mat\u00e9riaux \u00e0 Bandes Interdites<\/span><\/li>\n<li><span style=\"font-size: 14pt;font-family: 'Book Antiqua', Palatino;color: #000000\">Equipe 2\u00a0: H\u00e9t\u00e9ro structures et hyperfr\u00e9quences<\/span><\/li>\n<li><span style=\"font-size: 14pt;font-family: 'Book Antiqua', Palatino;color: #000000\">Equipe 3\u00a0: Signal, Imagerie et Parole<\/span><\/li>\n<li><span style=\"font-size: 14pt;font-family: 'Book Antiqua', Palatino;color: #000000\">Equipe 4\u00a0: Contr\u00f4le de Syst\u00e8mes<\/span><\/li>\n<\/ul>\n<p dir=\"ltr\"><span style=\"font-family: 'Book Antiqua', Palatino;font-size: 14pt;color: #000000\"><strong>Directeur de Laboratoire :<\/strong> BELKHIRI\u00a0Mohammed<\/span><\/p>\n<p dir=\"ltr\"><span style=\"font-family: 'Book Antiqua', Palatino;font-size: 14pt;color: #000000\"><strong>Code du laboratoire :<\/strong> C1161100<\/span><\/p>\n<p dir=\"ltr\"><span style=\"font-family: 'Book Antiqua', Palatino;font-size: 14pt;color: #000000\"><strong>Conseil de Laboratoire\u00a0: <\/strong><\/span><\/p>\n<p dir=\"ltr\" style=\"text-align: left\"><span style=\"font-family: 'Book Antiqua', Palatino;font-size: 14pt;color: #000000\">Le conseil de laboratoire est compos\u00e9 des chefs d\u2019\u00e9quipes de recherche de laboratoire comme suit\u00a0:<\/span><\/p>\n<ul>\n<li><span style=\"font-family: 'Book Antiqua', Palatino;font-size: 14pt;color: #000000\"><strong>Chefs d\u2019\u00e9quipe :<\/strong><\/span>\n<ul>\n<li style=\"text-align: left\"><span style=\"font-family: 'Book Antiqua', Palatino;font-size: 14pt;color: #000000\">BOUZOUAD Mouloud<\/span><\/li>\n<li style=\"text-align: left\"><span style=\"font-family: 'Book Antiqua', Palatino;font-size: 14pt;color: #000000\">ZERDOUM Rachid<\/span><\/li>\n<li style=\"text-align: left\"><span style=\"font-family: 'Book Antiqua', Palatino;font-size: 14pt;color: #000000\">CHOUIREB Fatima<\/span><\/li>\n<li style=\"text-align: left\"><span style=\"font-family: 'Book Antiqua', Palatino;font-size: 14pt;color: #000000\">BELKHIRI\u00a0Mohammed<\/span><\/li>\n<\/ul>\n<\/li>\n<\/ul>\n<p dir=\"ltr\"><strong>Adresse : <\/strong>Universit\u00e9 Amar Telidji BP 37 G Route de Guardaia 03000 \u2013 Laghouat \u2013 Alg\u00e9rie<\/p>\n<p dir=\"ltr\"><strong>Localisation :<\/strong> Nouveau bloc de recherche, P\u00f4le Universitaire 01<\/p>\n<p dir=\"ltr\"><strong>Email : <\/strong>\u00a0 ltss@lagh-univ.dz<\/p>\n","protected":false},"excerpt":{"rendered":"<p>Laboratoire de T\u00e9l\u00e9communications, Signaux et Syst\u00e8mes\u00a0\u00a0\u00a0\u00a0\u00a0 \u00a0Le laboratoire\u00a0LTSS\u00a0est un laboratoire\u00a0de\u00a0l\u2019Universit\u00e9 Amar Telidji de Laghouat\u00a0\u00a0 cr\u00e9\u00e9 en 2011. Il regroupe des enseignants chercheurs en g\u00e9nie \u00e9lectrique,\u00a0\u00e9lectronique, automatique et T\u00e9l\u00e9communications. Les th\u00e9matiques du laboratoire Les objectifs scientifiques du laboratoire s\u2019inscrivent dans le domaine des Sciences de l\u2019ing\u00e9nieur. Le laboratoire est structur\u00e9 en quatre \u00e9quipes de recherche : [&hellip;]<\/p>\n","protected":false},"author":13,"featured_media":0,"parent":0,"menu_order":0,"comment_status":"closed","ping_status":"closed","template":"elementor_header_footer","meta":{"_exactmetrics_skip_tracking":false,"_exactmetrics_sitenote_active":false,"_exactmetrics_sitenote_note":"","_exactmetrics_sitenote_category":0,"footnotes":""},"coauthors":[533],"class_list":["post-8893","page","type-page","status-publish","hentry"],"_links":{"self":[{"href":"https:\/\/lagh-univ.dz\/fr\/wp-json\/wp\/v2\/pages\/8893","targetHints":{"allow":["GET"]}}],"collection":[{"href":"https:\/\/lagh-univ.dz\/fr\/wp-json\/wp\/v2\/pages"}],"about":[{"href":"https:\/\/lagh-univ.dz\/fr\/wp-json\/wp\/v2\/types\/page"}],"author":[{"embeddable":true,"href":"https:\/\/lagh-univ.dz\/fr\/wp-json\/wp\/v2\/users\/13"}],"replies":[{"embeddable":true,"href":"https:\/\/lagh-univ.dz\/fr\/wp-json\/wp\/v2\/comments?post=8893"}],"version-history":[{"count":7,"href":"https:\/\/lagh-univ.dz\/fr\/wp-json\/wp\/v2\/pages\/8893\/revisions"}],"predecessor-version":[{"id":29218,"href":"https:\/\/lagh-univ.dz\/fr\/wp-json\/wp\/v2\/pages\/8893\/revisions\/29218"}],"wp:attachment":[{"href":"https:\/\/lagh-univ.dz\/fr\/wp-json\/wp\/v2\/media?parent=8893"}],"wp:term":[{"taxonomy":"author","embeddable":true,"href":"https:\/\/lagh-univ.dz\/fr\/wp-json\/wp\/v2\/coauthors?post=8893"}],"curies":[{"name":"wp","href":"https:\/\/api.w.org\/{rel}","templated":true}]}}