{"id":8897,"date":"2019-01-18T11:19:12","date_gmt":"2019-01-18T13:19:12","guid":{"rendered":"https:\/\/lagh-univ.dz\/laboratoires-des-recherches-ltss-equipes-de-recherche\/"},"modified":"2020-02-06T10:08:34","modified_gmt":"2020-02-06T12:08:34","slug":"laboratoires-des-recherches-ltss-equipes-de-recherche","status":"publish","type":"page","link":"https:\/\/lagh-univ.dz\/fr\/laboratoires-des-recherches-ltss-equipes-de-recherche\/","title":{"rendered":"Laboratoires des recherches- LTSS-\u00c9quipes de recherche"},"content":{"rendered":"<p style=\"text-align: center\"><strong>Laboratoire de T\u00e9l\u00e9communications, Signaux et Syst\u00e8mes<\/strong><\/p>\n<p style=\"text-align: center\"><strong><img decoding=\"async\" src=\"https:\/\/lagh-univ.dz\/wp-content\/uploads\/2019\/01\/logo1-e1548006992304.png\" alt=\"logoLTSS\" width=\"200\" height=\"113\" \/>\u00a0\u00a0\u00a0\u00a0\u00a0<\/strong><\/p>\n<p>&nbsp;<\/p>\n<table style=\"height: 144px\">\n<tbody>\n<tr style=\"height: 24px\">\n<td style=\"height: 24px;width: 534px\"><strong>Equipe<\/strong><\/td>\n<td style=\"height: 24px;width: 194px\"><strong>Chef d&rsquo;\u00e9quipe<\/strong><\/td>\n<td style=\"height: 24px;width: 74.15px\"><strong>Grade<\/strong><\/td>\n<\/tr>\n<tr style=\"height: 48px\">\n<td style=\"height: 48px;width: 534px\"><span style=\"color: #0000ff\"><a style=\"color: #0000ff\" href=\"https:\/\/lagh-univ.dz\/fr\/laboratoires-des-recherches-ltss-equipes-de-recherche\/metamat\/\"><strong>Equipe 1\u00a0: M\u00e9tamat\u00e9riaux et Mat\u00e9riaux \u00e0 Bandes Interdites \u00c9lectromagn\u00e9tiques<\/strong><\/a><\/span><\/td>\n<td style=\"height: 48px;width: 194px\">BOUZOUAD Mouloud<\/td>\n<td style=\"height: 48px;width: 74.15px\">Professeur<\/td>\n<\/tr>\n<tr style=\"height: 24px\">\n<td style=\"height: 24px;width: 534px\"><span style=\"color: #0000ff\"><a style=\"color: #0000ff\" href=\"https:\/\/lagh-univ.dz\/fr\/laboratoires-des-recherches-ltss-equipes-de-recherche\/hshf\/\"><strong>Equipe 2 : H\u00e9t\u00e9ro Structure et Hyperefr\u00e9quences<\/strong><\/a><\/span><\/td>\n<td style=\"height: 24px;width: 194px\">ZERDOUM Rachid<\/td>\n<td style=\"height: 24px;width: 74.15px\">Professeur<\/td>\n<\/tr>\n<tr style=\"height: 24px\">\n<td style=\"height: 24px;width: 534px\"><span style=\"color: #0000ff\"><a style=\"color: #0000ff\" href=\"https:\/\/lagh-univ.dz\/fr\/laboratoires-des-recherches-ltss-equipes-de-recherche\/sir\/\"><strong>Equipe 3 :\u00a0 Signal, Imagerie et Parole<\/strong><\/a><\/span><\/td>\n<td style=\"height: 24px;width: 194px\">CHOUIREB Fatima<\/td>\n<td style=\"height: 24px;width: 74.15px\">Professeur<\/td>\n<\/tr>\n<tr style=\"height: 24px\">\n<td style=\"height: 24px;width: 534px\"><span style=\"color: #0000ff\"><a style=\"color: #0000ff\" href=\"https:\/\/lagh-univ.dz\/fr\/laboratoires-des-recherches-ltss-equipes-de-recherche\/cs\/\"><strong>Equipe 4 :\u00a0 Contr\u00f4le de Syst\u00e8mes<\/strong><\/a><\/span><\/td>\n<td style=\"height: 24px;width: 194px\"><a href=\"https:\/\/www.scopus.com\/authid\/detail.uri?authorId=24528455700\">BELKHIRI Mohammed<\/a><\/td>\n<td style=\"height: 24px;width: 74.15px\">Professeur<\/td>\n<\/tr>\n<\/tbody>\n<\/table>\n<p style=\"text-align: center\"><strong><span style=\"font-family: Tahoma, Arial, Helvetica, sans-serif\">\u00a0<\/span><\/strong><\/p>\n","protected":false},"excerpt":{"rendered":"<p>Laboratoire de T\u00e9l\u00e9communications, Signaux et Syst\u00e8mes \u00a0\u00a0\u00a0\u00a0\u00a0 &nbsp; Equipe Chef d&rsquo;\u00e9quipe Grade Equipe 1\u00a0: M\u00e9tamat\u00e9riaux et Mat\u00e9riaux \u00e0 Bandes Interdites \u00c9lectromagn\u00e9tiques BOUZOUAD Mouloud Professeur Equipe 2 : H\u00e9t\u00e9ro Structure et Hyperefr\u00e9quences ZERDOUM Rachid Professeur Equipe 3 :\u00a0 Signal, Imagerie et Parole CHOUIREB Fatima Professeur Equipe 4 :\u00a0 Contr\u00f4le de Syst\u00e8mes BELKHIRI Mohammed Professeur \u00a0<\/p>\n","protected":false},"author":13,"featured_media":0,"parent":0,"menu_order":0,"comment_status":"closed","ping_status":"closed","template":"elementor_header_footer","meta":{"_exactmetrics_skip_tracking":false,"_exactmetrics_sitenote_active":false,"_exactmetrics_sitenote_note":"","_exactmetrics_sitenote_category":0,"footnotes":""},"coauthors":[533],"class_list":["post-8897","page","type-page","status-publish","hentry"],"_links":{"self":[{"href":"https:\/\/lagh-univ.dz\/fr\/wp-json\/wp\/v2\/pages\/8897","targetHints":{"allow":["GET"]}}],"collection":[{"href":"https:\/\/lagh-univ.dz\/fr\/wp-json\/wp\/v2\/pages"}],"about":[{"href":"https:\/\/lagh-univ.dz\/fr\/wp-json\/wp\/v2\/types\/page"}],"author":[{"embeddable":true,"href":"https:\/\/lagh-univ.dz\/fr\/wp-json\/wp\/v2\/users\/13"}],"replies":[{"embeddable":true,"href":"https:\/\/lagh-univ.dz\/fr\/wp-json\/wp\/v2\/comments?post=8897"}],"version-history":[{"count":10,"href":"https:\/\/lagh-univ.dz\/fr\/wp-json\/wp\/v2\/pages\/8897\/revisions"}],"predecessor-version":[{"id":20789,"href":"https:\/\/lagh-univ.dz\/fr\/wp-json\/wp\/v2\/pages\/8897\/revisions\/20789"}],"wp:attachment":[{"href":"https:\/\/lagh-univ.dz\/fr\/wp-json\/wp\/v2\/media?parent=8897"}],"wp:term":[{"taxonomy":"author","embeddable":true,"href":"https:\/\/lagh-univ.dz\/fr\/wp-json\/wp\/v2\/coauthors?post=8897"}],"curies":[{"name":"wp","href":"https:\/\/api.w.org\/{rel}","templated":true}]}}