{"id":8918,"date":"2019-01-18T08:20:15","date_gmt":"2019-01-18T10:20:15","guid":{"rendered":"https:\/\/lagh-univ.dz\/laboratoires-des-recherches-lgp\/"},"modified":"2020-02-18T13:38:30","modified_gmt":"2020-02-18T15:38:30","slug":"laboratoires-des-recherches-lgp","status":"publish","type":"page","link":"https:\/\/lagh-univ.dz\/fr\/laboratoires-des-recherches-lgp\/","title":{"rendered":"Laboratoires des recherches- LGP"},"content":{"rendered":"<p dir=\"ltr\"><img fetchpriority=\"high\" decoding=\"async\" class=\"wp-image-26348 aligncenter\" src=\"https:\/\/lagh-univ.dz\/wp-content\/uploads\/2020\/02\/images-1.jpg\" alt=\"\" width=\"551\" height=\"367\" \/><\/p>\n<p dir=\"ltr\" style=\"text-align: left\"><span style=\"color: #0000ff;font-size: 18pt\"><u>Donn\u00e9es du <\/u><u>laboratoire<\/u><\/span><\/p>\n<table class=\" alignleft\" style=\"width: 100%\" width=\"100%\">\n<tbody>\n<tr>\n<td width=\"27%\"><span style=\"font-family: Book Antiqua, Palatino;font-size: 14pt;color: #000000\"> Intitul\u00e9 du Laboratoire <\/span><\/td>\n<td colspan=\"3\" width=\"72%\"><span style=\"font-family: Book Antiqua, Palatino;font-size: 14pt;color: #000000\">Laboratoire de G\u00e9nie des Proc\u00e9d\u00e9s<\/span><\/td>\n<\/tr>\n<tr>\n<td width=\"27%\"><span style=\"font-family: Book Antiqua, Palatino;font-size: 14pt;color: #000000\"> Acronyme du laboratoire<\/span><\/td>\n<td colspan=\"3\" width=\"72%\"><span style=\"font-family: Book Antiqua, Palatino;font-size: 14pt;color: #000000\">LGP<\/span><\/td>\n<\/tr>\n<tr>\n<td width=\"27%\"><span style=\"font-family: Book Antiqua, Palatino;font-size: 14pt;color: #000000\"> Facult\u00e9<\/span><\/td>\n<td colspan=\"3\" width=\"72%\"><span style=\"font-family: Book Antiqua, Palatino;font-size: 14pt;color: #000000\">Technologie<\/span><\/td>\n<\/tr>\n<tr>\n<td width=\"27%\"><span style=\"font-family: Book Antiqua, Palatino;font-size: 14pt;color: #000000\">Tel <\/span><\/td>\n<td width=\"30%\"><\/td>\n<td width=\"7%\"><span style=\"font-family: Book Antiqua, Palatino;font-size: 14pt;color: #000000\">Fax <\/span><\/td>\n<td width=\"34%\"><\/td>\n<\/tr>\n<tr>\n<td width=\"27%\"><span style=\"font-family: Book Antiqua, Palatino;font-size: 14pt;color: #000000\">Localisation physique <\/span><\/td>\n<td colspan=\"3\" width=\"72%\"><span style=\"font-family: Book Antiqua, Palatino;font-size: 14pt;color: #000000\">D\u00e9partement M\u00e9canique<\/span><\/td>\n<\/tr>\n<tr>\n<td width=\"27%\"><span style=\"font-family: Book Antiqua, Palatino;font-size: 14pt;color: #000000\">E mail<\/span><\/td>\n<td colspan=\"3\" width=\"72%\"><\/td>\n<\/tr>\n<\/tbody>\n<\/table>\n<p dir=\"ltr\" style=\"text-align: left\"><span style=\"color: #0000ff;font-family: Book Antiqua, Palatino;font-size: 18pt\"><strong><u>Pr\u00e9sentations<\/u><\/strong><\/span><\/p>\n<p dir=\"ltr\" style=\"text-align: left\"><span style=\"font-family: Book Antiqua, Palatino;font-size: 14pt;color: #000000\">Le laboratoire LGP est fond\u00e9 en 2001. Ces activit\u00e9s scientifiques se caract\u00e9risent par des travaux de recherche fondamentale et appliqu\u00e9e dans les axes de recherche suivants :<\/span><\/p>\n<ul style=\"text-align: left\">\n<li><span style=\"font-family: Book Antiqua, Palatino;font-size: 14pt;color: #000000\">Optimisation et Mod\u00e9lisation<\/span><\/li>\n<li><span style=\"font-family: Book Antiqua, Palatino;font-size: 14pt;color: #000000\">Traitement et Caract\u00e9risation des Mat\u00e9riaux M\u00e9talliques, Mat\u00e9riaux Non M\u00e9talliques,\u2026<\/span><\/li>\n<li><span style=\"font-family: Book Antiqua, Palatino;font-size: 14pt;color: #000000\">Chimie de Solide, Biomat\u00e9riaux et Catalyse<\/span><\/li>\n<li><span style=\"font-family: Book Antiqua, Palatino;font-size: 14pt;color: #000000\">Elaboration de Nouveaux Mat\u00e9riaux et Adsorption<\/span><\/li>\n<li><span style=\"font-family: Book Antiqua, Palatino;font-size: 14pt;color: #000000\">M\u00e9canique des Mat\u00e9riaux et des Structures.<\/span><\/li>\n<\/ul>\n<p dir=\"ltr\" style=\"text-align: left\"><span style=\"font-family: Book Antiqua, Palatino;font-size: 14pt;color: #000000\">Les principaux domaines d\u2019application sont :<\/span><\/p>\n<ul>\n<li style=\"text-align: left\"><span style=\"font-family: Book Antiqua, Palatino;font-size: 14pt;color: #000000\">Les transports<\/span><\/li>\n<li style=\"text-align: left\"><span style=\"font-family: Book Antiqua, Palatino;font-size: 14pt;color: #000000\">L\u2019ing\u00e9nierie pour la sant\u00e9<\/span><\/li>\n<li style=\"text-align: left\"><span style=\"font-family: Book Antiqua, Palatino;font-size: 14pt;color: #000000\">Les syst\u00e8mes de production de biens ou de services<\/span><\/li>\n<li style=\"text-align: left\">L\u2019<span style=\"font-family: Book Antiqua, Palatino;font-size: 14pt;color: #000000\">\u00e9nergie<\/span><\/li>\n<\/ul>\n<p dir=\"ltr\" style=\"text-align: left\"><span style=\"font-family: Book Antiqua, Palatino;font-size: 18pt;color: #ff00ff\"><strong>Contacts<\/strong><\/span><\/p>\n<p dir=\"ltr\" style=\"text-align: left\"><span style=\"font-family: Book Antiqua, Palatino;font-size: 18pt\"><strong>Direction<\/strong><\/span><\/p>\n<table class=\" alignleft\" style=\"height: 346px\" width=\"630\">\n<tbody>\n<tr style=\"height: 56px\">\n<td style=\"height: 56px;width: 422.433px;text-align: left\" colspan=\"2\"><span style=\"font-family: Book Antiqua, Palatino;font-size: 14pt;color: #000000\">ALLAOUI OMAR<\/span><\/td>\n<td style=\"height: 224px;width: 190.867px;text-align: left\" rowspan=\"4\"><\/td>\n<\/tr>\n<tr style=\"height: 56px\">\n<td style=\"height: 56px;width: 125.967px;text-align: left\"><span style=\"font-family: Book Antiqua, Palatino;font-size: 14pt;color: #000000\">Grade<\/span><\/td>\n<td style=\"height: 56px;width: 290.233px;text-align: left\"><span style=\"font-family: Book Antiqua, Palatino;font-size: 14pt;color: #000000\">Professeur<\/span><\/td>\n<\/tr>\n<tr style=\"height: 56px\">\n<td style=\"height: 56px;width: 125.967px;text-align: left\"><span style=\"font-family: Book Antiqua, Palatino;font-size: 14pt;color: #000000\">E-mail<\/span><\/td>\n<td style=\"height: 56px;width: 290.233px;text-align: left\"><span style=\"font-family: Book Antiqua, Palatino;font-size: 14pt;color: #000000\"><a style=\"color: #000000\" href=\"mailto:o.allaoui@lagh-univ.dz\">o.allaoui@lagh-univ.dz<\/a><\/span><\/td>\n<\/tr>\n<tr style=\"height: 56px\">\n<td style=\"height: 56px;width: 125.967px;text-align: left\"><span style=\"font-family: Book Antiqua, Palatino;font-size: 14pt;color: #000000\">T\u00e9l\/Fax<\/span><\/td>\n<td style=\"height: 56px;width: 290.233px;text-align: left\"><\/td>\n<\/tr>\n<tr style=\"height: 56px\">\n<td style=\"height: 56px;width: 125.967px;text-align: left\"><span style=\"font-family: Book Antiqua, Palatino;font-size: 14pt;color: #000000\">Page personnel<\/span><\/td>\n<td style=\"height: 56px;width: 487.333px;text-align: left\" colspan=\"2\"><\/td>\n<\/tr>\n<\/tbody>\n<\/table>\n","protected":false},"excerpt":{"rendered":"<p>Donn\u00e9es du laboratoire Intitul\u00e9 du Laboratoire Laboratoire de G\u00e9nie des Proc\u00e9d\u00e9s Acronyme du laboratoire LGP Facult\u00e9 Technologie Tel Fax Localisation physique D\u00e9partement M\u00e9canique E mail Pr\u00e9sentations Le laboratoire LGP est fond\u00e9 en 2001. Ces activit\u00e9s scientifiques se caract\u00e9risent par des travaux de recherche fondamentale et appliqu\u00e9e dans les axes de recherche suivants : Optimisation et [&hellip;]<\/p>\n","protected":false},"author":1,"featured_media":0,"parent":0,"menu_order":0,"comment_status":"closed","ping_status":"closed","template":"elementor_header_footer","meta":{"_exactmetrics_skip_tracking":false,"_exactmetrics_sitenote_active":false,"_exactmetrics_sitenote_note":"","_exactmetrics_sitenote_category":0,"footnotes":""},"coauthors":[217,533],"class_list":["post-8918","page","type-page","status-publish","hentry"],"_links":{"self":[{"href":"https:\/\/lagh-univ.dz\/fr\/wp-json\/wp\/v2\/pages\/8918","targetHints":{"allow":["GET"]}}],"collection":[{"href":"https:\/\/lagh-univ.dz\/fr\/wp-json\/wp\/v2\/pages"}],"about":[{"href":"https:\/\/lagh-univ.dz\/fr\/wp-json\/wp\/v2\/types\/page"}],"author":[{"embeddable":true,"href":"https:\/\/lagh-univ.dz\/fr\/wp-json\/wp\/v2\/users\/1"}],"replies":[{"embeddable":true,"href":"https:\/\/lagh-univ.dz\/fr\/wp-json\/wp\/v2\/comments?post=8918"}],"version-history":[{"count":2,"href":"https:\/\/lagh-univ.dz\/fr\/wp-json\/wp\/v2\/pages\/8918\/revisions"}],"predecessor-version":[{"id":28840,"href":"https:\/\/lagh-univ.dz\/fr\/wp-json\/wp\/v2\/pages\/8918\/revisions\/28840"}],"wp:attachment":[{"href":"https:\/\/lagh-univ.dz\/fr\/wp-json\/wp\/v2\/media?parent=8918"}],"wp:term":[{"taxonomy":"author","embeddable":true,"href":"https:\/\/lagh-univ.dz\/fr\/wp-json\/wp\/v2\/coauthors?post=8918"}],"curies":[{"name":"wp","href":"https:\/\/api.w.org\/{rel}","templated":true}]}}