{"id":9209,"date":"2018-07-18T18:56:21","date_gmt":"2018-07-18T20:56:21","guid":{"rendered":"https:\/\/lagh-univ.dz\/technologie-faculte-fac-en-chiffre\/"},"modified":"2020-02-18T08:30:26","modified_gmt":"2020-02-18T10:30:26","slug":"technologie-faculte-fac-en-chiffre","status":"publish","type":"page","link":"https:\/\/lagh-univ.dz\/fr\/faculte-de-technologie\/technologie-faculte-fac-en-chiffre\/","title":{"rendered":"Technologie-Facult\u00e9-Fac en chiffre"},"content":{"rendered":"<p dir=\"ltr\" style=\"text-align: left\"><span style=\"font-family: 'Book Antiqua', Palatino;font-size: 14pt;color: #ff0000\">Chiffres et statistiques pour l&rsquo;ann\u00e9e 2019\/2020<\/span><br \/>\n<span style=\"font-family: 'Book Antiqua', Palatino;font-size: 14pt\"><span style=\"color: #ff0000\">Licence<\/span>: <span style=\"color: #ff0000\">1847<\/span><\/span><br \/>\n<span style=\"font-family: 'Book Antiqua', Palatino;font-size: 14pt\"><span style=\"color: #000000\">Licence premi\u00e8re ann\u00e9e science et technologie<\/span> : <span style=\"color: #ff0000\">799<\/span><\/span><\/p>\n<p dir=\"ltr\" style=\"text-align: left\"><span style=\"font-family: 'Book Antiqua', Palatino;font-size: 14pt\"><span style=\"color: #000000\">Deuxi\u00e8me Ann\u00e9e Licence<\/span>: <span style=\"color: #ff0000\">546<\/span><\/span><\/p>\n<p dir=\"ltr\" style=\"text-align: left\"><span style=\"font-family: 'Book Antiqua', Palatino;font-size: 14pt;color: #000000\">Troisi\u00e8me Ann\u00e9e Licence :<\/span><\/p>\n<p dir=\"rtl\" style=\"text-align: left\"><span style=\"font-family: 'Book Antiqua', Palatino;font-size: 14pt;color: #000000\">\u00a0 \u00e9lectronique: 97-\u00a0 \u00a0<\/span><br \/>\n<span style=\"font-family: 'Book Antiqua', Palatino;font-size: 14pt;color: #000000\">\u00a0 \u00a0 \u00c9lectrotechnique: 146-\u00a0 \u00a0<\/span><br \/>\n<span style=\"font-family: 'Book Antiqua', Palatino;font-size: 14pt;color: #000000\">\u00a0G\u00e9nie m\u00e9canique: 79-\u00a0 \u00a0<\/span><br \/>\n<span style=\"font-family: 'Book Antiqua', Palatino;font-size: 14pt;color: #000000\">\u00a0 G\u00e9nie des proc\u00e9d\u00e9s: 180-\u00a0 \u00a0<\/span><br \/>\n<span style=\"font-family: 'Book Antiqua', Palatino;font-size: 14pt\"><br \/>\n<\/span><\/p>\n<p dir=\"ltr\" style=\"text-align: left\"><span style=\"font-family: 'Book Antiqua', Palatino;font-size: 14pt\">\u00a0<span style=\"color: #ff0000\">Master<\/span>: <span style=\"color: #ff0000\">972<\/span><\/span><\/p>\n<p style=\"text-align: left\"><span style=\"font-family: 'Book Antiqua', Palatino;font-size: 14pt;color: #000000\"><span style=\"font-size: 18.6667px\">\u00e9lectronique:\u00a0 245-\u00a0\u00a0<\/span><\/span><\/p>\n<p style=\"text-align: left\"><span style=\"font-family: 'Book Antiqua', Palatino;font-size: 14pt;color: #000000\">\u00a0 \u00a0 \u00a0 \u00a0 \u00a0 \u00a0 \u00a0 \u00a0 \u00a0 \u00a0 \u00a0 (premi\u00e8re ann\u00e9e 118\/ deuxi\u00e8me ann\u00e9e 127)\u00a0\u00a0 \u00a0 \u00a0 \u00a0 \u00a0 \u00a0 \u00a0 \u00a0 \u00a0 \u00a0\u00a0<\/span><br \/>\n<span style=\"font-family: 'Book Antiqua', Palatino;font-size: 14pt;color: #000000\">\u00a0 \u00a0 \u00a0 \u00a0 \u00a0 \u00a0 \u00a0 \u00a0 \u00a0 \u00a0 \u00a0 \u00a0 \u00c9lectrotechnique: 208-\u00a0<\/span><\/p>\n<p style=\"text-align: left\"><span style=\"font-family: 'Book Antiqua', Palatino;font-size: 14pt;color: #000000\">\u00a0 \u00a0 \u00a0 \u00a0 \u00a0 \u00a0 \u00a0 \u00a0 \u00a0 \u00a0 \u00a0 (premi\u00e8re ann\u00e9e 106\/ deuxi\u00e8me ann\u00e9e 106)\u00a0\u00a0 \u00a0 \u00a0 \u00a0 \u00a0 \u00a0 \u00a0 \u00a0 \u00a0 \u00a0\u00a0\u00a0<\/span><br \/>\n<span style=\"font-family: 'Book Antiqua', Palatino;font-size: 14pt;color: #000000\">\u00a0G\u00e9nie m\u00e9canique: 238-<\/span><\/p>\n<p style=\"text-align: left\"><span style=\"font-family: 'Book Antiqua', Palatino;font-size: 14pt;color: #000000\">\u00a0 \u00a0 \u00a0 \u00a0 \u00a0 \u00a0 \u00a0 \u00a0 \u00a0 \u00a0 \u00a0 (premi\u00e8re ann\u00e9e 139\/ deuxi\u00e8me ann\u00e9e 99)\u00a0\u00a0 \u00a0 \u00a0 \u00a0 \u00a0 \u00a0 \u00a0 \u00a0 \u00a0 \u00a0\u00a0\u00a0\u00a0<\/span><br \/>\n<span style=\"font-family: 'Book Antiqua', Palatino;font-size: 14pt;color: #000000\">G\u00e9nie des proc\u00e9d\u00e9s: 281-\u00a0\u00a0<\/span><\/p>\n<p dir=\"rtl\" style=\"text-align: left\"><span style=\"font-family: 'Book Antiqua', Palatino;font-size: 14pt;color: #000000\">\u00a0 \u00a0 \u00a0 \u00a0 \u00a0 \u00a0 \u00a0 \u00a0 \u00a0 \u00a0 \u00a0 (premi\u00e8re ann\u00e9e 176\/ deuxi\u00e8me ann\u00e9e 105)\u00a0 \u00a0 \u00a0 \u00a0 \u00a0 \u00a0 \u00a0 \u00a0 \u00a0 \u00a0 \u00a0 \u00a0\u00a0<\/span><\/p>\n<p style=\"text-align: left\"><span style=\"font-family: 'Book Antiqua', Palatino;font-size: 14pt\"><span style=\"color: #000000\">Doctorat<\/span>:<span style=\"color: #ff0000\">270 ( DLMD:114\/DS:156)<\/span><\/span><\/p>\n<p style=\"text-align: left\"><span style=\"font-family: 'Book Antiqua', Palatino;font-size: 14pt\"><span style=\"color: #ff0000\">3089<\/span>:<span style=\"color: #000000\">Nombre total d&rsquo;\u00e9tudiant<\/span>s<\/span><\/p>\n<p dir=\"rtl\" style=\"text-align: left\"><span style=\"font-family: 'Book Antiqua', Palatino;font-size: 14pt\"><span style=\"color: #ff0000\">:Professeurs<\/span><\/span><br \/>\n<span style=\"font-family: 'Book Antiqua', Palatino;font-size: 14pt;color: #000000\">Professeur: 29<\/span><\/p>\n<p dir=\"rtl\" style=\"text-align: left\"><span style=\"font-family: 'Book Antiqua', Palatino;font-size: 14pt;color: #000000\">Ma\u00eetre de conf\u00e9rences Professeur D\u00e9partement A: 32<\/span><\/p>\n<p dir=\"rtl\" style=\"text-align: left\"><span style=\"font-family: 'Book Antiqua', Palatino;font-size: 14pt;color: #000000\">Ma\u00eetre de conf\u00e9rences Professeur D\u00e9partement B: 46<\/span><\/p>\n<p dir=\"rtl\" style=\"text-align: left\"><span style=\"font-family: 'Book Antiqua', Palatino;font-size: 14pt;color: #000000\">Professeur assistant D\u00e9partement A: 89<\/span><\/p>\n<p dir=\"rtl\" style=\"text-align: left\"><span style=\"font-family: 'Book Antiqua', Palatino;font-size: 14pt;color: #000000\">Professeur assistant D\u00e9partement B: 17<\/span><\/p>\n<p dir=\"rtl\" style=\"text-align: left\"><span style=\"font-family: 'Book Antiqua', Palatino;font-size: 14pt\"><span style=\"color: #000000\">Nombre total de professeurs:<\/span> <span style=\"color: #ff0000\">213<\/span><\/span><\/p>\n<p dir=\"ltr\" style=\"text-align: left\"><span style=\"font-family: 'Book Antiqua', Palatino;font-size: 14pt;color: #ff0000\">Personnel administratif, technique, de maintenance et de service<\/span><\/p>\n<ul>\n<li style=\"text-align: left\"><span style=\"font-family: 'Book Antiqua', Palatino;font-size: 14pt;color: #000000\">Employ\u00e9s: Administrateurs (agents d\u2019int\u00e9r\u00eats): 39<\/span><\/li>\n<li style=\"text-align: left\"><span style=\"font-family: 'Book Antiqua', Palatino;font-size: 14pt;color: #000000\">Techniciens: 42<\/span><\/li>\n<li style=\"text-align: left\"><span style=\"font-family: 'Book Antiqua', Palatino;font-size: 14pt;color: #000000\">\u00c9conomistes: 01 <\/span><\/li>\n<li style=\"text-align: left\"><span style=\"font-family: 'Book Antiqua', Palatino;font-size: 14pt;color: #000000\">entrepreneurs:18<\/span><br \/>\n<span style=\"font-family: 'Book Antiqua', Palatino;font-size: 14pt\"><span style=\"color: #000000\">Nombre total d&#8217;employ\u00e9s<\/span>: <span style=\"color: #ff0000\">100<\/span><\/span><\/li>\n<\/ul>\n","protected":false},"excerpt":{"rendered":"<p>Chiffres et statistiques pour l&rsquo;ann\u00e9e 2019\/2020 Licence: 1847 Licence premi\u00e8re ann\u00e9e science et technologie : 799 Deuxi\u00e8me Ann\u00e9e Licence: 546 Troisi\u00e8me Ann\u00e9e Licence : \u00a0 \u00e9lectronique: 97-\u00a0 \u00a0 \u00a0 \u00a0 \u00c9lectrotechnique: 146-\u00a0 \u00a0 \u00a0G\u00e9nie m\u00e9canique: 79-\u00a0 \u00a0 \u00a0 G\u00e9nie des proc\u00e9d\u00e9s: 180-\u00a0 \u00a0 \u00a0Master: 972 \u00e9lectronique:\u00a0 245-\u00a0\u00a0 \u00a0 \u00a0 \u00a0 \u00a0 \u00a0 \u00a0 \u00a0 \u00a0 [&hellip;]<\/p>\n","protected":false},"author":1,"featured_media":0,"parent":6784,"menu_order":0,"comment_status":"closed","ping_status":"closed","template":"elementor_header_footer","meta":{"_exactmetrics_skip_tracking":false,"_exactmetrics_sitenote_active":false,"_exactmetrics_sitenote_note":"","_exactmetrics_sitenote_category":0,"footnotes":""},"coauthors":[217,533],"class_list":["post-9209","page","type-page","status-publish","hentry"],"_links":{"self":[{"href":"https:\/\/lagh-univ.dz\/fr\/wp-json\/wp\/v2\/pages\/9209","targetHints":{"allow":["GET"]}}],"collection":[{"href":"https:\/\/lagh-univ.dz\/fr\/wp-json\/wp\/v2\/pages"}],"about":[{"href":"https:\/\/lagh-univ.dz\/fr\/wp-json\/wp\/v2\/types\/page"}],"author":[{"embeddable":true,"href":"https:\/\/lagh-univ.dz\/fr\/wp-json\/wp\/v2\/users\/1"}],"replies":[{"embeddable":true,"href":"https:\/\/lagh-univ.dz\/fr\/wp-json\/wp\/v2\/comments?post=9209"}],"version-history":[{"count":18,"href":"https:\/\/lagh-univ.dz\/fr\/wp-json\/wp\/v2\/pages\/9209\/revisions"}],"predecessor-version":[{"id":28567,"href":"https:\/\/lagh-univ.dz\/fr\/wp-json\/wp\/v2\/pages\/9209\/revisions\/28567"}],"up":[{"embeddable":true,"href":"https:\/\/lagh-univ.dz\/fr\/wp-json\/wp\/v2\/pages\/6784"}],"wp:attachment":[{"href":"https:\/\/lagh-univ.dz\/fr\/wp-json\/wp\/v2\/media?parent=9209"}],"wp:term":[{"taxonomy":"author","embeddable":true,"href":"https:\/\/lagh-univ.dz\/fr\/wp-json\/wp\/v2\/coauthors?post=9209"}],"curies":[{"name":"wp","href":"https:\/\/api.w.org\/{rel}","templated":true}]}}