{"id":9211,"date":"2018-07-18T18:58:07","date_gmt":"2018-07-18T20:58:07","guid":{"rendered":"https:\/\/lagh-univ.dz\/technologie-faculte-secretaire-generale\/"},"modified":"2020-02-10T07:42:05","modified_gmt":"2020-02-10T09:42:05","slug":"technologie-faculte-secretaire-generale","status":"publish","type":"page","link":"https:\/\/lagh-univ.dz\/fr\/faculte-de-technologie\/technologie-faculte-secretaire-generale\/","title":{"rendered":"Technologie-Facult\u00e9-Secr\u00e9taire g\u00e9n\u00e9rale"},"content":{"rendered":"<table style=\"height: 122px\" width=\"778\">\n<tbody>\n<tr style=\"height: 231px\">\n<td style=\"width: 594px;height: 231px\">\n<p dir=\"ltr\"><span style=\"font-family: arabic-kufi;font-size: 14pt\">Mademoiselle: Lebgaa\u00a0 Leila<br \/>\n<\/span><\/p>\n<p dir=\"ltr\"><span style=\"font-family: arabic-kufi;font-size: 14pt\">email: L.Lebgaa@lagh-univ.dz<\/span><\/p>\n<p dir=\"ltr\"><span style=\"font-family: arabic-kufi;font-size: 14pt\">tel:0021329115258\/0021329115260<\/span><\/p>\n<p dir=\"ltr\" style=\"text-align: left\"><span style=\"font-family: arabic-kufi;font-size: 14pt\">Bureau:311<\/span><\/p>\n<p dir=\"ltr\" style=\"text-align: left\"><span style=\"font-family: arabic-kufi;font-size: 14pt\">fax:0021329115260<\/span><\/p>\n<\/td>\n<td style=\"width: 168px;height: 231px\"><img fetchpriority=\"high\" decoding=\"async\" class=\"alignnone size-medium wp-image-16111\" src=\"https:\/\/lagh-univ.dz\/wp-content\/uploads\/2019\/11\/scretaria-general-300x295.jpg\" alt=\"\" width=\"300\" height=\"295\" srcset=\"https:\/\/lagh-univ.dz\/wp-content\/uploads\/2019\/11\/scretaria-general-300x295.jpg 300w, https:\/\/lagh-univ.dz\/wp-content\/uploads\/2019\/11\/scretaria-general.jpg 511w\" sizes=\"(max-width: 300px) 100vw, 300px\" \/><\/td>\n<\/tr>\n<\/tbody>\n<\/table>\n<p dir=\"ltr\" style=\"text-align: left\"><span style=\"color: #ff0000;font-family: 'Book Antiqua', Palatino;font-size: 14pt\">Le Secr\u00e9taire G\u00e9n\u00e9ral\u00a0de la facult\u00e9<\/span><\/p>\n<p dir=\"ltr\" style=\"text-align: left\"><span style=\"font-family: 'Book Antiqua', Palatino;font-size: 14pt;color: #000000\">La structure du secr\u00e9tariat g\u00e9n\u00e9ral de la facult\u00e9 est un organe qui assure le bon fonctionnement des services de l\u2019administration de \u00a0la facult\u00e9.<\/span><\/p>\n<p dir=\"ltr\" style=\"text-align: left\"><span style=\"font-family: 'Book Antiqua', Palatino;font-size: 14pt;color: #000000\">Le secr\u00e9tariat g\u00e9n\u00e9ral\u00a0\u00a0\u00a0de la facult\u00e9\u00a0 est plac\u00e9 sous la responsabilit\u00e9 du Doyen de la facult\u00e9<\/span><\/p>\n<p dir=\"ltr\" style=\"text-align: left\"><span style=\"font-family: 'Book Antiqua', Palatino;font-size: 14pt;color: #000000\">qui est charg\u00e9 de la gestion administrative et financi\u00e8re de la facult\u00e9<\/span><\/p>\n<p dir=\"ltr\" style=\"text-align: left\"><span style=\"font-family: 'Book Antiqua', Palatino;font-size: 14pt;color: #000000\">&#8211; d\u2019assurer la gestion des carri\u00e8res des ressources humaines\u00a0\u00a0 de la facult\u00e9.<\/span><\/p>\n<p dir=\"ltr\" style=\"text-align: left\"><span style=\"font-family: 'Book Antiqua', Palatino;font-size: 14pt;color: #000000\">&#8211; d\u2019assurer la gestion et la conservation des archives et de la documentation de la facult\u00e9,<\/span><\/p>\n<p dir=\"ltr\" style=\"text-align: left\"><span style=\"font-family: 'Book Antiqua', Palatino;font-size: 14pt;color: #000000\">-d\u2019assurer Assure la gestion et suivi du moyen et de la maintenance<\/span><\/p>\n<p dir=\"ltr\" style=\"text-align: left\"><span style=\"font-family: 'Book Antiqua', Palatino;font-size: 14pt;color: #000000\">Le secr\u00e9tariat g\u00e9n\u00e9ral de \u00a0la facult\u00e9 comprend trois (03) services\u00a0<\/span><\/p>\n<p dir=\"ltr\" style=\"text-align: left\"><span style=\"font-family: 'Book Antiqua', Palatino;font-size: 14pt;color: #000000\">\u00a0Comme indiquer ci-dessous\u00a0:<em>\u00a0<\/em><\/span><\/p>\n<ul>\n<li style=\"text-align: left\"><span style=\"font-family: 'Book Antiqua', Palatino;font-size: 14pt;color: #ff00ff\"><strong><u>Service\u00a0 des personnels et de la formation<\/u><\/strong><\/span><\/li>\n<\/ul>\n<p dir=\"ltr\" style=\"text-align: left\"><span style=\"font-family: 'Book Antiqua', Palatino;font-size: 14pt;color: #000000\">Qui assure la gestion des carri\u00e8res des ressources humaines de la facult\u00e9(Enseignant\u00a0 &amp; employ\u00e9 ).<\/span><\/p>\n<ul>\n<li style=\"text-align: left\"><span style=\"font-family: 'Book Antiqua', Palatino;font-size: 14pt;color: #000000\">chef de service: <strong>Saleh chatti<\/strong><\/span><\/li>\n<li style=\"text-align: left\"><span style=\"font-family: 'Book Antiqua', Palatino;font-size: 14pt;color: #000000\">email: S.chatti@lagh-univ.dz\u00a0<\/span><\/li>\n<li style=\"text-align: left\"><span style=\"font-family: 'Book Antiqua', Palatino;font-size: 14pt;color: #000000\">tel:029115260<\/span><\/li>\n<\/ul>\n<ul>\n<li style=\"text-align: left\"><span style=\"font-family: 'Book Antiqua', Palatino;font-size: 14pt;color: #ff00ff\"><strong><u>Service des finances et de la comptabilit\u00e9<\/u><\/strong>.<\/span><\/li>\n<\/ul>\n<p dir=\"ltr\" style=\"text-align: left\"><span style=\"font-family: 'Book Antiqua', Palatino;font-size: 14pt;color: #000000\">\u00a0qui\u00a0 pr\u00e9pare le projet de budget la facult\u00e9<\/span><\/p>\n<ul>\n<li style=\"text-align: left\"><span style=\"font-family: 'Book Antiqua', Palatino;font-size: 14pt;color: #000000\">chef de service: <strong>Guesmia taher<\/strong><\/span><\/li>\n<li style=\"text-align: left\"><span style=\"font-family: 'Book Antiqua', Palatino;font-size: 14pt;color: #000000\">email:<\/span><\/li>\n<li style=\"text-align: left\"><span style=\"font-family: 'Book Antiqua', Palatino;font-size: 14pt;color: #000000\">tel:029115260<\/span><\/li>\n<\/ul>\n<ul>\n<li style=\"text-align: left\"><span style=\"font-family: 'Book Antiqua', Palatino;font-size: 14pt;color: #ff00ff\"><strong><u>Service des moyens et de la maintenance.<\/u><\/strong><\/span><\/li>\n<\/ul>\n<p dir=\"ltr\" style=\"text-align: left\"><span style=\"font-family: 'Book Antiqua', Palatino;font-size: 14pt;color: #000000\">Assure la gestion et suivi du moyen et de la maintenance<\/span><\/p>\n<ul>\n<li style=\"text-align: left\"><span style=\"font-family: 'Book Antiqua', Palatino;font-size: 14pt;color: #000000\">chef de service: <strong>hamedi khaled<\/strong><\/span><\/li>\n<li style=\"text-align: left\"><span style=\"font-family: 'Book Antiqua', Palatino;font-size: 14pt;color: #000000\">email: <a style=\"color: #000000\" href=\"mailto:hamdikhaled03@gmail.com\">hamdikhaled03@gmail.com<\/a><\/span><\/li>\n<li style=\"text-align: left\"><span style=\"font-family: 'Book Antiqua', Palatino;font-size: 14pt;color: #000000\">tel:029115260<\/span><\/li>\n<\/ul>\n<p>&nbsp;<\/p>\n<p><span style=\"font-family: arabic-kufi;font-size: 14pt;color: #000000\">\u00a0<\/span><\/p>\n<p>&nbsp;<\/p>\n<p>&nbsp;<\/p>\n<p>&nbsp;<\/p>\n<p>&nbsp;<\/p>\n","protected":false},"excerpt":{"rendered":"<p>Mademoiselle: Lebgaa\u00a0 Leila email: L.Lebgaa@lagh-univ.dz tel:0021329115258\/0021329115260 Bureau:311 fax:0021329115260 Le Secr\u00e9taire G\u00e9n\u00e9ral\u00a0de la facult\u00e9 La structure du secr\u00e9tariat g\u00e9n\u00e9ral de la facult\u00e9 est un organe qui assure le bon fonctionnement des services de l\u2019administration de \u00a0la facult\u00e9. Le secr\u00e9tariat g\u00e9n\u00e9ral\u00a0\u00a0\u00a0de la facult\u00e9\u00a0 est plac\u00e9 sous la responsabilit\u00e9 du Doyen de la facult\u00e9 qui est charg\u00e9 de [&hellip;]<\/p>\n","protected":false},"author":1,"featured_media":0,"parent":6784,"menu_order":0,"comment_status":"closed","ping_status":"closed","template":"elementor_header_footer","meta":{"_exactmetrics_skip_tracking":false,"_exactmetrics_sitenote_active":false,"_exactmetrics_sitenote_note":"","_exactmetrics_sitenote_category":0,"footnotes":""},"coauthors":[217,533],"class_list":["post-9211","page","type-page","status-publish","hentry"],"_links":{"self":[{"href":"https:\/\/lagh-univ.dz\/fr\/wp-json\/wp\/v2\/pages\/9211","targetHints":{"allow":["GET"]}}],"collection":[{"href":"https:\/\/lagh-univ.dz\/fr\/wp-json\/wp\/v2\/pages"}],"about":[{"href":"https:\/\/lagh-univ.dz\/fr\/wp-json\/wp\/v2\/types\/page"}],"author":[{"embeddable":true,"href":"https:\/\/lagh-univ.dz\/fr\/wp-json\/wp\/v2\/users\/1"}],"replies":[{"embeddable":true,"href":"https:\/\/lagh-univ.dz\/fr\/wp-json\/wp\/v2\/comments?post=9211"}],"version-history":[{"count":12,"href":"https:\/\/lagh-univ.dz\/fr\/wp-json\/wp\/v2\/pages\/9211\/revisions"}],"predecessor-version":[{"id":24649,"href":"https:\/\/lagh-univ.dz\/fr\/wp-json\/wp\/v2\/pages\/9211\/revisions\/24649"}],"up":[{"embeddable":true,"href":"https:\/\/lagh-univ.dz\/fr\/wp-json\/wp\/v2\/pages\/6784"}],"wp:attachment":[{"href":"https:\/\/lagh-univ.dz\/fr\/wp-json\/wp\/v2\/media?parent=9211"}],"wp:term":[{"taxonomy":"author","embeddable":true,"href":"https:\/\/lagh-univ.dz\/fr\/wp-json\/wp\/v2\/coauthors?post=9211"}],"curies":[{"name":"wp","href":"https:\/\/api.w.org\/{rel}","templated":true}]}}