{"id":9235,"date":"2018-07-18T19:43:55","date_gmt":"2018-07-18T19:43:55","guid":{"rendered":"https:\/\/lagh-univ.dz\/technologie-graduation-service-scolarite\/"},"modified":"2020-02-10T08:03:16","modified_gmt":"2020-02-10T10:03:16","slug":"technologie-graduation-service-scolarite","status":"publish","type":"page","link":"https:\/\/lagh-univ.dz\/fr\/faculte-de-technologie\/technologie-graduation-service-scolarite\/","title":{"rendered":"Technologie-Graduation-service scolarit\u00e9"},"content":{"rendered":"<p dir=\"ltr\" style=\"text-align: left\"><span style=\"font-family: Book Antiqua, Palatino;color: #339966\"><strong><span style=\"font-size: 14pt\">Service de Scolarit\u00e9\u00a0<\/span><\/strong><\/span><\/p>\n<p dir=\"ltr\" style=\"text-align: left\"><span style=\"font-family: Book Antiqua, Palatino;font-size: 14pt;color: #000000\">chef de service: <strong>haniche kheira<\/strong><\/span><\/p>\n<p dir=\"ltr\" style=\"text-align: left\"><span style=\"font-family: Book Antiqua, Palatino;font-size: 14pt;color: #000000\">Email : <span style=\"color: #0000ff\"><a style=\"color: #0000ff\" href=\"mailto:k.haniche@lagh-univ.dz\">k.haniche@lagh-univ.dz<\/a><\/span><\/span><\/p>\n<p dir=\"ltr\" style=\"text-align: left\"><span style=\"font-family: Book Antiqua, Palatino;font-size: 14pt;color: #000000\">Tel : 029521160\u00a0\u00a0\u00a0\u00a0 poste 231<br \/>\n<\/span><\/p>\n<p dir=\"ltr\" style=\"text-align: left\"><span style=\"font-family: Book Antiqua, Palatino;font-size: 14pt;color: #000000\">Assist\u00e9e par:<\/span><\/p>\n<ul>\n<li style=\"text-align: left\"><span style=\"font-family: Book Antiqua, Palatino;font-size: 14pt;color: #000000\">Badj Lamia\u00a0;<\/span><\/li>\n<li style=\"text-align: left\"><span style=\"font-family: Book Antiqua, Palatino;font-size: 14pt;color: #000000\">Benali Maamar\u00a0;<\/span><\/li>\n<li style=\"text-align: left\"><span style=\"font-family: Book Antiqua, Palatino;font-size: 14pt;color: #000000\">Allam Hichame\u00a0;<\/span><\/li>\n<li style=\"text-align: left\"><span style=\"font-family: Book Antiqua, Palatino;font-size: 14pt;color: #000000\">Natache Karima\u00a0;<\/span><\/li>\n<li style=\"text-align: left\"><span style=\"font-family: Book Antiqua, Palatino;font-size: 14pt;color: #000000\">Baroude Sara<\/span>.<\/li>\n<\/ul>\n<p dir=\"ltr\" style=\"text-align: left\"><strong><span style=\"font-family: Book Antiqua, Palatino;font-size: 14pt;color: #ff00ff\"><u>Les taches de service<\/u><\/span><\/strong><\/p>\n<ul>\n<li style=\"text-align: left\"><span style=\"font-family: Book Antiqua, Palatino;font-size: 14pt;color: #000000\">Le suivi et l\u2019ajustement des dossiers des nouveaux \u00e9tudiants.<\/span><\/li>\n<li style=\"text-align: left\"><span style=\"font-family: Book Antiqua, Palatino;font-size: 14pt;color: #000000\">Le suivi des dossiers de transferts.<\/span><\/li>\n<li style=\"text-align: left\"><span style=\"font-family: Book Antiqua, Palatino;font-size: 14pt;color: #000000\">Le suivi des \u00e9tudiants de la promo en fin de cycle.<\/span><\/li>\n<li style=\"text-align: left\"><span style=\"font-family: Book Antiqua, Palatino;font-size: 14pt;color: #000000\">Mise \u00e0 jour de la base de donn\u00e9es des \u00e9tudiants.<\/span><\/li>\n<li style=\"text-align: left\"><span style=\"font-family: Book Antiqua, Palatino;font-size: 14pt;color: #000000\">D\u00e9livre les certificats de scolarit\u00e9.<\/span><\/li>\n<\/ul>\n<p dir=\"ltr\" style=\"text-align: left\"><span style=\"font-family: Book Antiqua, Palatino;font-size: 14pt;color: #000000\">Dossiers d\u2019int\u00e9r\u00eat pour l\u2019\u00e9tudiant<\/span><\/p>\n<p dir=\"ltr\" style=\"text-align: left\"><span style=\"font-family: Book Antiqua, Palatino;font-size: 14pt;color: #ff00ff\"><strong>Dossier de r\u00e9inscription licence\/ Master :<\/strong><\/span><\/p>\n<ul style=\"text-align: left\">\n<li><span style=\"font-family: Book Antiqua, Palatino;font-size: 14pt;color: #000000\">Formulaire d\u2019inscription _ (t\u00e9l\u00e9charger)<\/span><\/li>\n<li><span style=\"font-family: Book Antiqua, Palatino;font-size: 14pt;color: #000000\">Relev\u00e9 des notes de la derni\u00e8re ann\u00e9e universitaire<\/span><\/li>\n<li><span style=\"font-family: Book Antiqua, Palatino;font-size: 14pt;color: #000000\">Re\u00e7u des frais d\u2019inscription.<\/span><\/li>\n<\/ul>\n<p dir=\"ltr\" style=\"text-align: left\"><span style=\"font-family: Book Antiqua, Palatino;font-size: 14pt;color: #ff0000\"><strong>Dossier de l\u2019ann\u00e9e acad\u00e9mique:<\/strong><\/span><\/p>\n<ul style=\"text-align: left\">\n<li><span style=\"font-family: Book Antiqua, Palatino;font-size: 14pt;color: #000000\">Demande \u00e9crite (formulaire t\u00e9l\u00e9chargeable)<\/span><\/li>\n<li><span style=\"font-family: Book Antiqua, Palatino;font-size: 14pt;color: #000000\">Justification\u00a0 (motif m\u00e9dical \u2013 Service national \u2026)<\/span><\/li>\n<li><span style=\"font-family: Book Antiqua, Palatino;font-size: 14pt;color: #000000\">Certificat d\u2019inscription.<\/span><\/li>\n<li><span style=\"font-family: Book Antiqua, Palatino;font-size: 14pt;color: #000000\">Carte \u00e9tudiant<\/span><\/li>\n<\/ul>\n<p dir=\"ltr\" style=\"text-align: left\"><span style=\"font-family: Book Antiqua, Palatino;font-size: 14pt;color: #000000\"><strong><em><u><span style=\"color: #ff00ff\">Remarque\u00a0<\/span>:<\/u><\/em><\/strong> Le d\u00e9p\u00f4t des dossiers\u00a0 est au niveau des d\u00e9partements.<\/span><\/p>\n<p dir=\"ltr\" style=\"text-align: left\"><span style=\"font-family: Book Antiqua, Palatino;font-size: 14pt;color: #000000\">.<\/span><\/p>\n","protected":false},"excerpt":{"rendered":"<p>Service de Scolarit\u00e9\u00a0 chef de service: haniche kheira Email : k.haniche@lagh-univ.dz Tel : 029521160\u00a0\u00a0\u00a0\u00a0 poste 231 Assist\u00e9e par: Badj Lamia\u00a0; Benali Maamar\u00a0; Allam Hichame\u00a0; Natache Karima\u00a0; Baroude Sara. Les taches de service Le suivi et l\u2019ajustement des dossiers des nouveaux \u00e9tudiants. Le suivi des dossiers de transferts. Le suivi des \u00e9tudiants de la promo en [&hellip;]<\/p>\n","protected":false},"author":13,"featured_media":0,"parent":6784,"menu_order":0,"comment_status":"closed","ping_status":"closed","template":"elementor_header_footer","meta":{"_exactmetrics_skip_tracking":false,"_exactmetrics_sitenote_active":false,"_exactmetrics_sitenote_note":"","_exactmetrics_sitenote_category":0,"footnotes":""},"coauthors":[533],"class_list":["post-9235","page","type-page","status-publish","hentry"],"_links":{"self":[{"href":"https:\/\/lagh-univ.dz\/fr\/wp-json\/wp\/v2\/pages\/9235","targetHints":{"allow":["GET"]}}],"collection":[{"href":"https:\/\/lagh-univ.dz\/fr\/wp-json\/wp\/v2\/pages"}],"about":[{"href":"https:\/\/lagh-univ.dz\/fr\/wp-json\/wp\/v2\/types\/page"}],"author":[{"embeddable":true,"href":"https:\/\/lagh-univ.dz\/fr\/wp-json\/wp\/v2\/users\/13"}],"replies":[{"embeddable":true,"href":"https:\/\/lagh-univ.dz\/fr\/wp-json\/wp\/v2\/comments?post=9235"}],"version-history":[{"count":17,"href":"https:\/\/lagh-univ.dz\/fr\/wp-json\/wp\/v2\/pages\/9235\/revisions"}],"predecessor-version":[{"id":24662,"href":"https:\/\/lagh-univ.dz\/fr\/wp-json\/wp\/v2\/pages\/9235\/revisions\/24662"}],"up":[{"embeddable":true,"href":"https:\/\/lagh-univ.dz\/fr\/wp-json\/wp\/v2\/pages\/6784"}],"wp:attachment":[{"href":"https:\/\/lagh-univ.dz\/fr\/wp-json\/wp\/v2\/media?parent=9235"}],"wp:term":[{"taxonomy":"author","embeddable":true,"href":"https:\/\/lagh-univ.dz\/fr\/wp-json\/wp\/v2\/coauthors?post=9235"}],"curies":[{"name":"wp","href":"https:\/\/api.w.org\/{rel}","templated":true}]}}