{"id":9239,"date":"2018-07-18T19:53:07","date_gmt":"2018-07-18T19:53:07","guid":{"rendered":"https:\/\/lagh-univ.dz\/technologie-graduation-service-denseignement-et-evaluation\/"},"modified":"2020-02-10T08:15:02","modified_gmt":"2020-02-10T10:15:02","slug":"technologie-graduation-service-denseignement-et-evaluation","status":"publish","type":"page","link":"https:\/\/lagh-univ.dz\/fr\/faculte-de-technologie\/technologie-graduation-service-denseignement-et-evaluation\/","title":{"rendered":"Technologie-Graduation-service d\u2019enseignement et evaluation"},"content":{"rendered":"<p dir=\"ltr\"><span style=\"color: #ff0000;font-family: Book Antiqua, Palatino;font-size: 14pt\"><strong><span class=\"tlid-translation translation\" lang=\"fr\"><span class=\"\" title=\"\">Service d&rsquo;\u00e9ducation et d&rsquo;\u00e9valuation:<\/span><\/span><\/strong><\/span><\/p>\n<p dir=\"ltr\"><span style=\"font-family: Book Antiqua, Palatino;font-size: 14pt\">chef de service: <strong>Ben touati soufian<\/strong><\/span><\/p>\n<p dir=\"ltr\" style=\"text-align: left\"><span style=\"font-family: arabic-kufi;font-size: 14pt\">Email: <a href=\"mailto:Bentouati.sof@gmail.com\">Bentouati.sof@gmail.com<\/a><\/span><\/p>\n<p dir=\"ltr\" style=\"text-align: left\"><span style=\"font-family: arabic-kufi;font-size: 14pt\">Tel:\u00a0 029521160 poste :232<br \/>\n<\/span><\/p>\n<p dir=\"ltr\" style=\"text-align: left\"><span style=\"font-family: arabic-kufi;font-size: 14pt\"><span class=\"tlid-translation translation\" lang=\"fr\"><span class=\"\" title=\"\"><span style=\"font-family: Book Antiqua, Palatino\">Assist\u00e9 par Mr. Hammadi Ahmed<\/span>.<\/span><\/span><\/span><\/p>\n<p dir=\"ltr\" style=\"text-align: left\"><span class=\"tlid-translation translation\" lang=\"fr\" style=\"font-family: Book Antiqua, Palatino;font-size: 14pt\"><span style=\"color: #ff00ff\"><strong><span title=\"\">Les t\u00e2ches de service:<\/span><\/strong><\/span><br \/>\n<\/span><\/p>\n<ul>\n<li style=\"text-align: left\"><span style=\"font-family: Book Antiqua, Palatino;font-size: 14pt\">Contr\u00f4le v\u00e9rifie les PV des d\u00e9lib\u00e9rations.<\/span><\/li>\n<li style=\"text-align: left\"><span style=\"font-family: Book Antiqua, Palatino;font-size: 14pt\">D\u00e9livre les certificats de scolarit\u00e9s, les cartes \u00e9tudiants et les relev\u00e9s des notes pour les promos ant\u00e9rieurs.<\/span><\/li>\n<li style=\"text-align: left\"><span style=\"font-family: Book Antiqua, Palatino;font-size: 14pt\">Suivre l\u2019op\u00e9ration d\u2019authentification des documents d\u00e9livr\u00e9s par la facult\u00e9.<\/span><\/li>\n<\/ul>\n<p dir=\"ltr\" style=\"text-align: left\"><span style=\"font-family: Book Antiqua, Palatino;font-size: 14pt\"><strong><span class=\"tlid-translation translation\" lang=\"fr\" style=\"color: #ff00ff\"><span title=\"\">[su_spoiler title=\u00a0\u00bbDossier pour extraire la carte d&rsquo;\u00e9tudiant\u00a0\u00bb open=\u00a0\u00bbno\u00a0\u00bb style=\u00a0\u00bbfancy\u00a0\u00bb icon=\u00a0\u00bbcaret\u00a0\u00bb]<\/span><\/span><\/strong><\/span><\/p>\n<p dir=\"ltr\" style=\"text-align: left\"><span style=\"font-family: Book Antiqua, Palatino;font-size: 14pt;color: #000000\"><span class=\"tlid-translation translation\" lang=\"fr\"><span title=\"\"><span class=\"tlid-translation translation\" lang=\"fr\">&#8211; Demande manuscrite<br \/>\n&#8211; Une d\u00e9claration de perte ou de vol &#8230; (d\u00e9livr\u00e9e par la National Security Authority)<br \/>\n&#8211; Une copie du certificat d&rsquo;inscription<br \/>\n<span class=\"\" title=\"\">&#8211; Photo<\/span><\/span><\/span><\/span><\/span><\/p>\n<p dir=\"ltr\" style=\"text-align: left\"><span style=\"font-family: Book Antiqua, Palatino;font-size: 14pt\"><strong><span class=\"tlid-translation translation\" lang=\"fr\" style=\"color: #ff00ff\"><span title=\"\">[\/su_spoiler]<\/span><\/span><\/strong><\/span><\/p>\n<p dir=\"ltr\" style=\"text-align: left\"><span class=\"tlid-translation translation\" lang=\"fr\" style=\"font-family: Book Antiqua, Palatino;font-size: 14pt\"><span class=\"\" title=\"\">\u00a0<\/span><\/span><\/p>\n<p dir=\"ltr\" style=\"text-align: left\">\n","protected":false},"excerpt":{"rendered":"<p>Service d&rsquo;\u00e9ducation et d&rsquo;\u00e9valuation: chef de service: Ben touati soufian Email: Bentouati.sof@gmail.com Tel:\u00a0 029521160 poste :232 Assist\u00e9 par Mr. Hammadi Ahmed. Les t\u00e2ches de service: Contr\u00f4le v\u00e9rifie les PV des d\u00e9lib\u00e9rations. D\u00e9livre les certificats de scolarit\u00e9s, les cartes \u00e9tudiants et les relev\u00e9s des notes pour les promos ant\u00e9rieurs. Suivre l\u2019op\u00e9ration d\u2019authentification des documents d\u00e9livr\u00e9s par [&hellip;]<\/p>\n","protected":false},"author":13,"featured_media":0,"parent":6784,"menu_order":0,"comment_status":"closed","ping_status":"closed","template":"elementor_header_footer","meta":{"_exactmetrics_skip_tracking":false,"_exactmetrics_sitenote_active":false,"_exactmetrics_sitenote_note":"","_exactmetrics_sitenote_category":0,"footnotes":""},"coauthors":[533],"class_list":["post-9239","page","type-page","status-publish","hentry"],"_links":{"self":[{"href":"https:\/\/lagh-univ.dz\/fr\/wp-json\/wp\/v2\/pages\/9239","targetHints":{"allow":["GET"]}}],"collection":[{"href":"https:\/\/lagh-univ.dz\/fr\/wp-json\/wp\/v2\/pages"}],"about":[{"href":"https:\/\/lagh-univ.dz\/fr\/wp-json\/wp\/v2\/types\/page"}],"author":[{"embeddable":true,"href":"https:\/\/lagh-univ.dz\/fr\/wp-json\/wp\/v2\/users\/13"}],"replies":[{"embeddable":true,"href":"https:\/\/lagh-univ.dz\/fr\/wp-json\/wp\/v2\/comments?post=9239"}],"version-history":[{"count":7,"href":"https:\/\/lagh-univ.dz\/fr\/wp-json\/wp\/v2\/pages\/9239\/revisions"}],"predecessor-version":[{"id":24668,"href":"https:\/\/lagh-univ.dz\/fr\/wp-json\/wp\/v2\/pages\/9239\/revisions\/24668"}],"up":[{"embeddable":true,"href":"https:\/\/lagh-univ.dz\/fr\/wp-json\/wp\/v2\/pages\/6784"}],"wp:attachment":[{"href":"https:\/\/lagh-univ.dz\/fr\/wp-json\/wp\/v2\/media?parent=9239"}],"wp:term":[{"taxonomy":"author","embeddable":true,"href":"https:\/\/lagh-univ.dz\/fr\/wp-json\/wp\/v2\/coauthors?post=9239"}],"curies":[{"name":"wp","href":"https:\/\/api.w.org\/{rel}","templated":true}]}}