{"id":9247,"date":"2018-07-18T19:26:59","date_gmt":"2018-07-18T19:26:59","guid":{"rendered":"https:\/\/lagh-univ.dz\/technologie-post-graduation-service-de-relation-et-cooperation-externe\/"},"modified":"2020-02-09T07:38:56","modified_gmt":"2020-02-09T09:38:56","slug":"technologie-post-graduation-service-de-relation-et-cooperation-externe","status":"publish","type":"page","link":"https:\/\/lagh-univ.dz\/fr\/faculte-de-technologie\/technologie-post-graduation-service-de-relation-et-cooperation-externe\/","title":{"rendered":"Technologie- post Graduation-service de relation et coop\u00e9ration externe"},"content":{"rendered":"<p dir=\"ltr\"><span style=\"color: #000000\">[su_spacer size=\u00a0\u00bb60&Prime;]<\/span><\/p>\n<h2 style=\"text-align: center\"><span style=\"font-family: 'book antiqua', palatino, serif;font-size: 24pt;color: #ff00ff;background-color: #ffffff\">Service de la coop\u00e9ration et des relations ext\u00e9rieures<\/span><\/h2>\n<p dir=\"ltr\"><span style=\"color: #000000\">[su_spacer size=\u00a0\u00bb25&Prime;]<\/span><\/p>\n<p dir=\"ltr\" style=\"text-align: justify\"><span style=\"color: #000000\">\u00a0 \u00a0 \u00a0<span style=\"font-family: 'book antiqua', palatino, serif;font-size: 14pt\">Dans le cadre de la politique engag\u00e9e par le minist\u00e8re de l\u2019enseignement sup\u00e9rieur et de la recherche scientifique, visant \u00e0 encourager la recherche scientifique, notre facult\u00e9\u00a0 \u00a0s\u2019efforce \u00e0 motiver les enseignants chercheurs dans le but de propulser\u00a0la recherche dans les diff\u00e9rentes disciplines et sp\u00e9cialit\u00e9s existantes (\u00e9lectrotechnique, g\u00e9nie des proc\u00e9d\u00e9s, g\u00e9nie m\u00e9canique, \u00e9lectronique). Ceci, par le suivi et l\u2019accompagnement de laboratoires de recherches, des projets de recherche,\u00a0 des conf\u00e9rences scientifiques et des revues scientifiques de la facult\u00e9. Dans ce cadre, les r\u00e9sultats de l\u2019\u00e9volution de la recherche scientifique au sein de notre facult\u00e9 est en progression permanente<strong>. <\/strong><\/span><\/span><\/p>\n<p dir=\"ltr\"><span style=\"color: #000000\">\u00a0[su_spacer size=\u00a0\u00bb30&Prime;]<\/span><\/p>\n<p dir=\"ltr\"><span style=\"font-size: 14pt;font-family: 'book antiqua', palatino, serif;color: #000000\"><strong><u><span style=\"color: #ff00ff\">Les missions du service<\/span><\/u><\/strong>:<\/span><\/p>\n<p dir=\"ltr\" style=\"text-align: justify\"><span style=\"font-family: 'book antiqua', palatino, serif;font-size: 14pt;color: #000000\">Le service de la coop\u00e9ration et des relations ext\u00e9rieures est charg\u00e9 de\u00a0:<\/span><\/p>\n<ul>\n<li style=\"text-align: justify\"><span style=\"font-family: 'book antiqua', palatino, serif;font-size: 14pt;color: #000000\">Suivre des conventions cotutelles de th\u00e8ses de doctorat.<\/span><\/li>\n<li style=\"text-align: justify\"><span style=\"font-family: 'book antiqua', palatino, serif;font-size: 14pt;color: #000000\">Suivre des programmes europ\u00e9ens ( Tempus , Erasmus \u2026)<\/span><\/li>\n<li style=\"text-align: justify\"><span style=\"font-family: 'book antiqua', palatino, serif;font-size: 14pt;color: #000000\">Suivre des Projets CMEP\u00a0,Tassili \u2026.<\/span><\/li>\n<li style=\"text-align: justify\"><span style=\"font-family: 'book antiqua', palatino, serif;font-size: 14pt;color: #000000\">Assurer le suivi des programmes de perfectionnement et de recyclage des enseignants et des doctorants non salari\u00e9s.<\/span><\/li>\n<li style=\"text-align: justify\"><span style=\"font-family: 'book antiqua', palatino, serif;font-size: 14pt;color: #000000\">Organiser et promouvoir les manifestations scientifiques.<\/span><\/li>\n<li style=\"text-align: justify\"><span style=\"font-family: 'book antiqua', palatino, serif;font-size: 14pt;color: #000000\">La diffusion des informations et actualit\u00e9s internationales sur le site web de la facult\u00e9 et aux niveaux des d\u00e9partements.<\/span><\/li>\n<li style=\"text-align: justify\"><span style=\"font-family: 'book antiqua', palatino, serif;font-size: 14pt;color: #000000\">Collecter et diffuser les informations sur bourses \u00e0 l\u2019\u00e9tranger ( PNE\u00a0, Profas b, \u2026).\u00a0<\/span><\/li>\n<\/ul>\n<p dir=\"ltr\"><span style=\"font-family: 'book antiqua', palatino, serif;font-size: 14pt;color: #000000\">[su_spacer size=\u00a0\u00bb20&Prime;]<\/span><\/p>\n<p dir=\"ltr\"><strong><span style=\"font-family: 'book antiqua', palatino, serif;font-size: 14pt;color: #000000\">\u00a0<\/span><\/strong><span style=\"font-family: 'book antiqua', palatino, serif;font-size: 14pt;color: #000000\"><span style=\"font-family: Book Antiqua, Palatino\"><strong> <span style=\"color: #ff00ff\">Chef du Service<\/span><\/strong> :<strong>\u00a0Mme.\u00a0<\/strong>MALKI Oumelkheir.<\/span><\/span><\/p>\n<p dir=\"ltr\"><span style=\"font-family: Book Antiqua, Palatino;font-size: 14pt;color: #000000\">\u00a0\u00a0\u00a0\u00a0\u00a0\u00a0\u00a0 Tel:029115260\/314<\/span><\/p>\n<p dir=\"ltr\"><span style=\"color: #000000\">[su_spacer size=\u00a0\u00bb20&Prime;]<\/span><\/p>\n<p>&nbsp;<\/p>\n","protected":false},"excerpt":{"rendered":"<p>[su_spacer size=\u00a0\u00bb60&Prime;] Service de la coop\u00e9ration et des relations ext\u00e9rieures [su_spacer size=\u00a0\u00bb25&Prime;] \u00a0 \u00a0 \u00a0Dans le cadre de la politique engag\u00e9e par le minist\u00e8re de l\u2019enseignement sup\u00e9rieur et de la recherche scientifique, visant \u00e0 encourager la recherche scientifique, notre facult\u00e9\u00a0 \u00a0s\u2019efforce \u00e0 motiver les enseignants chercheurs dans le but de propulser\u00a0la recherche dans les diff\u00e9rentes [&hellip;]<\/p>\n","protected":false},"author":13,"featured_media":0,"parent":6784,"menu_order":0,"comment_status":"closed","ping_status":"closed","template":"elementor_header_footer","meta":{"_exactmetrics_skip_tracking":false,"_exactmetrics_sitenote_active":false,"_exactmetrics_sitenote_note":"","_exactmetrics_sitenote_category":0,"footnotes":""},"coauthors":[533],"class_list":["post-9247","page","type-page","status-publish","hentry"],"_links":{"self":[{"href":"https:\/\/lagh-univ.dz\/fr\/wp-json\/wp\/v2\/pages\/9247","targetHints":{"allow":["GET"]}}],"collection":[{"href":"https:\/\/lagh-univ.dz\/fr\/wp-json\/wp\/v2\/pages"}],"about":[{"href":"https:\/\/lagh-univ.dz\/fr\/wp-json\/wp\/v2\/types\/page"}],"author":[{"embeddable":true,"href":"https:\/\/lagh-univ.dz\/fr\/wp-json\/wp\/v2\/users\/13"}],"replies":[{"embeddable":true,"href":"https:\/\/lagh-univ.dz\/fr\/wp-json\/wp\/v2\/comments?post=9247"}],"version-history":[{"count":8,"href":"https:\/\/lagh-univ.dz\/fr\/wp-json\/wp\/v2\/pages\/9247\/revisions"}],"predecessor-version":[{"id":24219,"href":"https:\/\/lagh-univ.dz\/fr\/wp-json\/wp\/v2\/pages\/9247\/revisions\/24219"}],"up":[{"embeddable":true,"href":"https:\/\/lagh-univ.dz\/fr\/wp-json\/wp\/v2\/pages\/6784"}],"wp:attachment":[{"href":"https:\/\/lagh-univ.dz\/fr\/wp-json\/wp\/v2\/media?parent=9247"}],"wp:term":[{"taxonomy":"author","embeddable":true,"href":"https:\/\/lagh-univ.dz\/fr\/wp-json\/wp\/v2\/coauthors?post=9247"}],"curies":[{"name":"wp","href":"https:\/\/api.w.org\/{rel}","templated":true}]}}