{"id":9259,"date":"2018-07-18T19:35:49","date_gmt":"2018-07-18T19:35:49","guid":{"rendered":"https:\/\/lagh-univ.dz\/technologie-formation-licence\/"},"modified":"2020-02-18T07:15:31","modified_gmt":"2020-02-18T09:15:31","slug":"technologie-formation-licence","status":"publish","type":"page","link":"https:\/\/lagh-univ.dz\/fr\/faculte-de-technologie\/technologie-formation-licence\/","title":{"rendered":"Technologie- formation-licence"},"content":{"rendered":"<p dir=\"ltr\" style=\"text-align: left\"><strong><span style=\"color: #ffffff;background-color: #3366ff;font-family: 'Book Antiqua', Palatino;font-size: 18pt\">formation licence\u00a0<\/span><\/strong><\/p>\n<p><span style=\"font-family: arabic-kufi;font-size: 14pt;color: #ffffff;background-color: #3366ff\">\u00a0<\/span><\/p>\n<table class=\" alignleft\" style=\"height: 700px;width: 514px\" width=\"514\">\n<tbody>\n<tr style=\"height: 28px\">\n<td style=\"width: 181.517px;height: 28px;background-color: #f0a630\"><span style=\"font-family: Book Antiqua, Palatino;font-size: 14pt;color: #000000\"><strong>D\u00e9partement<\/strong><\/span><\/td>\n<td style=\"width: 315.783px;height: 28px;background-color: #f0a630\"><span style=\"font-size: 14pt;font-family: Book Antiqua, Palatino\"><strong>Sp\u00e9cialit\u00e9s<\/strong><\/span><\/td>\n<\/tr>\n<tr style=\"height: 28px\">\n<td style=\"width: 181.517px;height: 224px;text-align: left\" rowspan=\"4\"><span style=\"font-family: Book Antiqua, Palatino;font-size: 14pt;color: #000000\">G\u00e9nie des proc\u00e9d\u00e9s<\/span><\/td>\n<td style=\"width: 315.783px;height: 56px;text-align: left\"><span style=\"font-family: Book Antiqua, Palatino;font-size: 14pt;color: #000000\">G\u00e9nie des proc\u00e9d\u00e9s<\/span><\/td>\n<\/tr>\n<tr style=\"height: 56px\">\n<td style=\"width: 315.783px;height: 56px;text-align: left\"><span style=\"font-family: Book Antiqua, Palatino;font-size: 14pt;color: #000000\">Raffinage et P\u00e9trochimie<\/span><\/td>\n<\/tr>\n<tr style=\"height: 56px\">\n<td style=\"width: 315.783px;height: 56px;text-align: left\"><span style=\"font-family: Book Antiqua, Palatino;font-size: 14pt;color: #000000\">Hygi\u00e8ne et s\u00e9curit\u00e9 industrielle <\/span><\/td>\n<\/tr>\n<tr style=\"height: 56px\">\n<td style=\"width: 315.783px;height: 56px;text-align: left\"><span style=\"font-family: Book Antiqua, Palatino;font-size: 14pt;color: #000000\">Hydrocarbures<\/span><\/td>\n<\/tr>\n<tr style=\"height: 28px\">\n<td style=\"width: 181.517px;height: 168px;text-align: left\" rowspan=\"3\"><span style=\"font-family: Book Antiqua, Palatino;font-size: 14pt;color: #000000\">G\u00e9nie de mecanique<\/span><\/td>\n<td style=\"width: 315.783px;height: 56px;text-align: left\"><span style=\"font-family: Book Antiqua, Palatino;font-size: 14pt;color: #000000\">Construction m\u00e9canique<\/span><\/td>\n<\/tr>\n<tr style=\"height: 56px\">\n<td style=\"width: 315.783px;height: 56px;text-align: left\"><span style=\"font-family: Book Antiqua, Palatino;font-size: 14pt;color: #000000\">Energ\u00e9tique<\/span><\/td>\n<\/tr>\n<tr style=\"height: 56px\">\n<td style=\"width: 315.783px;height: 56px;text-align: left\"><span style=\"font-family: Book Antiqua, Palatino;font-size: 14pt;color: #000000\">G\u00e9nie des mat\u00e9riaux<\/span><\/td>\n<\/tr>\n<tr style=\"height: 28px\">\n<td style=\"width: 181.517px;height: 112px;text-align: left\" rowspan=\"2\"><span style=\"font-family: Book Antiqua, Palatino;font-size: 14pt;color: #000000\">Electronique<\/span><\/td>\n<td style=\"width: 315.783px;height: 56px;text-align: left\"><span style=\"font-family: Book Antiqua, Palatino;font-size: 14pt;color: #000000\">Electronique<\/span><\/td>\n<\/tr>\n<tr style=\"height: 56px\">\n<td style=\"width: 315.783px;height: 56px;text-align: left\"><span style=\"font-family: Book Antiqua, Palatino;font-size: 14pt;color: #000000\">T\u00e9l\u00e9communications <\/span><\/td>\n<\/tr>\n<tr style=\"height: 28px\">\n<td style=\"width: 181.517px;height: 168px;text-align: left\" rowspan=\"3\"><span style=\"font-family: Book Antiqua, Palatino;font-size: 14pt;color: #000000\">Electrotechnique<\/span><\/td>\n<td style=\"width: 315.783px;height: 56px;text-align: left\"><span style=\"font-family: Book Antiqua, Palatino;font-size: 14pt;color: #000000\">Electrotechnique<\/span><\/td>\n<\/tr>\n<tr style=\"height: 56px\">\n<td style=\"width: 315.783px;height: 56px;text-align: left\"><span style=\"font-family: Book Antiqua, Palatino;font-size: 14pt;color: #000000\">Electrom\u00e9canique<\/span><\/td>\n<\/tr>\n<tr style=\"height: 56px\">\n<td style=\"width: 315.783px;height: 56px;text-align: left\"><span style=\"font-family: Book Antiqua, Palatino;font-size: 14pt;color: #000000\">Automatique<\/span><\/td>\n<\/tr>\n<\/tbody>\n<\/table>\n","protected":false},"excerpt":{"rendered":"<p>formation licence\u00a0 \u00a0 D\u00e9partement Sp\u00e9cialit\u00e9s G\u00e9nie des proc\u00e9d\u00e9s G\u00e9nie des proc\u00e9d\u00e9s Raffinage et P\u00e9trochimie Hygi\u00e8ne et s\u00e9curit\u00e9 industrielle Hydrocarbures G\u00e9nie de mecanique Construction m\u00e9canique Energ\u00e9tique G\u00e9nie des mat\u00e9riaux Electronique Electronique T\u00e9l\u00e9communications Electrotechnique Electrotechnique Electrom\u00e9canique Automatique<\/p>\n","protected":false},"author":13,"featured_media":0,"parent":6784,"menu_order":0,"comment_status":"closed","ping_status":"closed","template":"elementor_header_footer","meta":{"_exactmetrics_skip_tracking":false,"_exactmetrics_sitenote_active":false,"_exactmetrics_sitenote_note":"","_exactmetrics_sitenote_category":0,"footnotes":""},"coauthors":[533],"class_list":["post-9259","page","type-page","status-publish","hentry"],"_links":{"self":[{"href":"https:\/\/lagh-univ.dz\/fr\/wp-json\/wp\/v2\/pages\/9259","targetHints":{"allow":["GET"]}}],"collection":[{"href":"https:\/\/lagh-univ.dz\/fr\/wp-json\/wp\/v2\/pages"}],"about":[{"href":"https:\/\/lagh-univ.dz\/fr\/wp-json\/wp\/v2\/types\/page"}],"author":[{"embeddable":true,"href":"https:\/\/lagh-univ.dz\/fr\/wp-json\/wp\/v2\/users\/13"}],"replies":[{"embeddable":true,"href":"https:\/\/lagh-univ.dz\/fr\/wp-json\/wp\/v2\/comments?post=9259"}],"version-history":[{"count":7,"href":"https:\/\/lagh-univ.dz\/fr\/wp-json\/wp\/v2\/pages\/9259\/revisions"}],"predecessor-version":[{"id":18570,"href":"https:\/\/lagh-univ.dz\/fr\/wp-json\/wp\/v2\/pages\/9259\/revisions\/18570"}],"up":[{"embeddable":true,"href":"https:\/\/lagh-univ.dz\/fr\/wp-json\/wp\/v2\/pages\/6784"}],"wp:attachment":[{"href":"https:\/\/lagh-univ.dz\/fr\/wp-json\/wp\/v2\/media?parent=9259"}],"wp:term":[{"taxonomy":"author","embeddable":true,"href":"https:\/\/lagh-univ.dz\/fr\/wp-json\/wp\/v2\/coauthors?post=9259"}],"curies":[{"name":"wp","href":"https:\/\/api.w.org\/{rel}","templated":true}]}}