{"id":9261,"date":"2018-07-18T19:40:25","date_gmt":"2018-07-18T19:40:25","guid":{"rendered":"https:\/\/lagh-univ.dz\/technologie-formation-master\/"},"modified":"2020-02-17T09:19:35","modified_gmt":"2020-02-17T11:19:35","slug":"technologie-formation-master","status":"publish","type":"page","link":"https:\/\/lagh-univ.dz\/fr\/faculte-de-technologie\/technologie-formation-master\/","title":{"rendered":"Technologie- formation-master"},"content":{"rendered":"<p dir=\"ltr\" style=\"text-align: left\"><span style=\"font-family: Book Antiqua, Palatino;font-size: 14pt;color: #000000;background-color: #3366ff\">Formation Master<\/span><\/p>\n<p><span style=\"font-family: Book Antiqua, Palatino;font-size: 14pt;color: #000000;background-color: #3366ff\">\u00a0<\/span><\/p>\n<table class=\" alignleft\" style=\"height: 1312px;width: 539px\" width=\"631\">\n<tbody>\n<tr style=\"height: 24px\">\n<td dir=\"ltr\" style=\"height: 24px;width: 153.483px;text-align: left;background-color: #f7b611\"><span style=\"font-family: Book Antiqua, Palatino;font-size: 14pt;color: #000000\">D\u00e9partmnt<\/span><\/td>\n<td style=\"width: 368.817px;text-align: left;height: 24px;background-color: #f7b611\"><span style=\"font-family: Book Antiqua, Palatino;font-size: 14pt;color: #000000\">Sp\u00e9cialit\u00e9s<\/span><\/td>\n<\/tr>\n<tr style=\"height: 56px\">\n<td style=\"text-align: left;height: 336px;width: 153.483px\" rowspan=\"6\"><span style=\"font-family: Book Antiqua, Palatino;color: #000000;font-size: 14pt\">G\u00e9nie des proc\u00e9d\u00e9s<\/span><\/td>\n<td style=\"width: 368.817px;text-align: left;height: 56px\"><span style=\"font-family: Book Antiqua, Palatino;color: #000000;font-size: 14pt\">G\u00e9nie des proc\u00e8des des mat\u00e9riaux <\/span><\/td>\n<\/tr>\n<tr style=\"height: 56px\">\n<td style=\"width: 368.817px;text-align: left;height: 56px\"><span style=\"font-family: Book Antiqua, Palatino;color: #000000;font-size: 14pt\">G\u00e9nie chimique <\/span><\/td>\n<\/tr>\n<tr style=\"height: 56px\">\n<td style=\"width: 368.817px;text-align: left;height: 56px\"><span style=\"font-family: Book Antiqua, Palatino;color: #000000;font-size: 14pt\">G\u00e9nie pharmaceutique<\/span><\/td>\n<\/tr>\n<tr style=\"height: 56px\">\n<td style=\"width: 368.817px;text-align: left;height: 56px\"><span style=\"font-family: Book Antiqua, Palatino;color: #000000;font-size: 14pt\">G\u00e9nie gazier<\/span><\/td>\n<\/tr>\n<tr style=\"height: 56px\">\n<td style=\"width: 368.817px;text-align: left;height: 56px\"><span style=\"font-family: Book Antiqua, Palatino;color: #000000;font-size: 14pt\">G\u00e9nie p\u00e9trochimique <\/span><\/td>\n<\/tr>\n<tr style=\"height: 56px\">\n<td style=\"width: 368.817px;text-align: left;height: 56px\"><span style=\"font-family: Book Antiqua, Palatino;color: #000000;font-size: 14pt\">G\u00e9nie des proc\u00e8des de l\u2019environnement<\/span><\/td>\n<\/tr>\n<tr style=\"height: 56px\">\n<td style=\"text-align: left;height: 280px;width: 153.483px\" rowspan=\"5\"><span style=\"font-family: Book Antiqua, Palatino;color: #000000;font-size: 14pt\">G\u00e9nie de Mecanique<\/span><\/td>\n<td style=\"width: 368.817px;text-align: left;height: 56px\"><span style=\"font-family: Book Antiqua, Palatino;color: #000000;font-size: 14pt\">Construction m\u00e9canique<\/span><\/td>\n<\/tr>\n<tr style=\"height: 56px\">\n<td style=\"width: 368.817px;text-align: left;height: 56px\"><span style=\"font-family: Book Antiqua, Palatino;color: #000000;font-size: 14pt\">Energ\u00e9tique<\/span><\/td>\n<\/tr>\n<tr style=\"height: 56px\">\n<td style=\"width: 368.817px;text-align: left;height: 56px\"><span style=\"font-family: Book Antiqua, Palatino;color: #000000;font-size: 14pt\">G\u00e9nie des mat\u00e9riaux<\/span><\/td>\n<\/tr>\n<tr style=\"height: 56px\">\n<td style=\"width: 368.817px;text-align: left;height: 56px\"><span style=\"font-family: Book Antiqua, Palatino;color: #000000;font-size: 14pt\">Fabrication m\u00e9canique et productique<\/span><\/td>\n<\/tr>\n<tr style=\"height: 56px\">\n<td style=\"width: 368.817px;text-align: left;height: 56px\"><span style=\"font-family: Book Antiqua, Palatino;color: #000000;font-size: 14pt\">Maintenance industrielle<\/span><\/td>\n<\/tr>\n<tr style=\"height: 56px\">\n<td style=\"text-align: left;height: 336px;width: 153.483px\" rowspan=\"6\"><span style=\"font-family: Book Antiqua, Palatino;color: #000000;font-size: 14pt\">Electronique<\/span><\/td>\n<td style=\"width: 368.817px;text-align: left;height: 56px\"><span style=\"font-family: Book Antiqua, Palatino;color: #000000;font-size: 14pt\">Automatique et informatique industrielle <\/span><\/td>\n<\/tr>\n<tr style=\"height: 56px\">\n<td style=\"width: 368.817px;text-align: left;height: 56px\"><span style=\"font-family: Book Antiqua, Palatino;color: #000000;font-size: 14pt\">\u00a0\u00a0 Electronique des syst\u00e8mes embarqu\u00e9s<\/span><\/td>\n<\/tr>\n<tr style=\"height: 56px\">\n<td style=\"width: 368.817px;text-align: left;height: 56px\"><span style=\"font-family: Book Antiqua, Palatino;color: #000000;font-size: 14pt\">Instrumentation<\/span><\/td>\n<\/tr>\n<tr style=\"height: 56px\">\n<td style=\"width: 368.817px;text-align: left;height: 56px\"><span style=\"font-family: Book Antiqua, Palatino;color: #000000;font-size: 14pt\">Micro\u00e9lectronique<\/span><\/td>\n<\/tr>\n<tr style=\"height: 56px\">\n<td style=\"width: 368.817px;text-align: left;height: 56px\"><span style=\"font-family: Book Antiqua, Palatino;color: #000000;font-size: 14pt\">Energie renouvelables en \u00c9lectrotechnique<\/span><\/td>\n<\/tr>\n<tr style=\"height: 56px\">\n<td style=\"width: 368.817px;text-align: left;height: 56px\"><span style=\"font-family: Book Antiqua, Palatino;color: #000000;font-size: 14pt\">R\u00e9seaux et T\u00e9l\u00e9communications<\/span><\/td>\n<\/tr>\n<tr style=\"height: 56px\">\n<td style=\"text-align: left;height: 336px;width: 153.483px\" rowspan=\"6\"><span style=\"font-family: Book Antiqua, Palatino;color: #000000;font-size: 14pt\">Electrotechnique<\/span><\/td>\n<td style=\"width: 368.817px;text-align: left;height: 56px\"><span style=\"font-family: Book Antiqua, Palatino;color: #000000;font-size: 14pt\">Electrom\u00e9canique<\/span><\/td>\n<\/tr>\n<tr style=\"height: 56px\">\n<td style=\"width: 368.817px;text-align: left;height: 56px\"><span style=\"font-family: Book Antiqua, Palatino;color: #000000;font-size: 14pt\">Automatique et syst\u00e8mes <\/span><\/td>\n<\/tr>\n<tr style=\"height: 56px\">\n<td style=\"width: 368.817px;text-align: left;height: 56px\"><span style=\"font-family: Book Antiqua, Palatino;color: #000000;font-size: 14pt\">Commandes \u00e9lectriques<\/span><\/td>\n<\/tr>\n<tr style=\"height: 56px\">\n<td style=\"width: 368.817px;text-align: left;height: 56px\"><span style=\"font-family: Book Antiqua, Palatino;color: #000000;font-size: 14pt\">\u00c9lectrotechnique industrielle<\/span><\/td>\n<\/tr>\n<tr style=\"height: 56px\">\n<td style=\"width: 368.817px;text-align: left;height: 56px\"><span style=\"font-family: Book Antiqua, Palatino;color: #000000;font-size: 14pt\">Machines \u00e9lectriques <\/span><\/td>\n<\/tr>\n<tr style=\"height: 56px\">\n<td style=\"width: 368.817px;text-align: left;height: 56px\"><span style=\"font-family: Book Antiqua, Palatino;color: #000000;font-size: 14pt\">R\u00e9seaux \u00e9lectriques <\/span><\/td>\n<\/tr>\n<\/tbody>\n<\/table>\n","protected":false},"excerpt":{"rendered":"<p>Formation Master \u00a0 D\u00e9partmnt Sp\u00e9cialit\u00e9s G\u00e9nie des proc\u00e9d\u00e9s G\u00e9nie des proc\u00e8des des mat\u00e9riaux G\u00e9nie chimique G\u00e9nie pharmaceutique G\u00e9nie gazier G\u00e9nie p\u00e9trochimique G\u00e9nie des proc\u00e8des de l\u2019environnement G\u00e9nie de Mecanique Construction m\u00e9canique Energ\u00e9tique G\u00e9nie des mat\u00e9riaux Fabrication m\u00e9canique et productique Maintenance industrielle Electronique Automatique et informatique industrielle \u00a0\u00a0 Electronique des syst\u00e8mes embarqu\u00e9s Instrumentation Micro\u00e9lectronique Energie renouvelables [&hellip;]<\/p>\n","protected":false},"author":13,"featured_media":0,"parent":6784,"menu_order":0,"comment_status":"closed","ping_status":"closed","template":"elementor_header_footer","meta":{"_exactmetrics_skip_tracking":false,"_exactmetrics_sitenote_active":false,"_exactmetrics_sitenote_note":"","_exactmetrics_sitenote_category":0,"footnotes":""},"coauthors":[533],"class_list":["post-9261","page","type-page","status-publish","hentry"],"_links":{"self":[{"href":"https:\/\/lagh-univ.dz\/fr\/wp-json\/wp\/v2\/pages\/9261","targetHints":{"allow":["GET"]}}],"collection":[{"href":"https:\/\/lagh-univ.dz\/fr\/wp-json\/wp\/v2\/pages"}],"about":[{"href":"https:\/\/lagh-univ.dz\/fr\/wp-json\/wp\/v2\/types\/page"}],"author":[{"embeddable":true,"href":"https:\/\/lagh-univ.dz\/fr\/wp-json\/wp\/v2\/users\/13"}],"replies":[{"embeddable":true,"href":"https:\/\/lagh-univ.dz\/fr\/wp-json\/wp\/v2\/comments?post=9261"}],"version-history":[{"count":6,"href":"https:\/\/lagh-univ.dz\/fr\/wp-json\/wp\/v2\/pages\/9261\/revisions"}],"predecessor-version":[{"id":27980,"href":"https:\/\/lagh-univ.dz\/fr\/wp-json\/wp\/v2\/pages\/9261\/revisions\/27980"}],"up":[{"embeddable":true,"href":"https:\/\/lagh-univ.dz\/fr\/wp-json\/wp\/v2\/pages\/6784"}],"wp:attachment":[{"href":"https:\/\/lagh-univ.dz\/fr\/wp-json\/wp\/v2\/media?parent=9261"}],"wp:term":[{"taxonomy":"author","embeddable":true,"href":"https:\/\/lagh-univ.dz\/fr\/wp-json\/wp\/v2\/coauthors?post=9261"}],"curies":[{"name":"wp","href":"https:\/\/api.w.org\/{rel}","templated":true}]}}