{"id":9265,"date":"2018-07-21T11:16:15","date_gmt":"2018-07-21T11:16:15","guid":{"rendered":"https:\/\/lagh-univ.dz\/technologie-departement-sciences-techniques-presentation\/"},"modified":"2020-08-27T10:59:02","modified_gmt":"2020-08-27T12:59:02","slug":"technologie-departement-sciences-techniques-presentation","status":"publish","type":"page","link":"https:\/\/lagh-univ.dz\/fr\/technologie-departement-sciences-techniques\/technologie-departement-sciences-techniques-presentation\/","title":{"rendered":"Technologie-Departement- sciences techniques-presentation"},"content":{"rendered":"<p><img decoding=\"async\" class=\" wp-image-17415 aligncenter\" src=\"https:\/\/lagh-univ.dz\/wp-content\/uploads\/2019\/11\/P1240663-300x225.jpg\" alt=\"\" width=\"189\" height=\"142\" srcset=\"https:\/\/lagh-univ.dz\/wp-content\/uploads\/2019\/11\/P1240663-300x225.jpg 300w, https:\/\/lagh-univ.dz\/wp-content\/uploads\/2019\/11\/P1240663-768x576.jpg 768w, https:\/\/lagh-univ.dz\/wp-content\/uploads\/2019\/11\/P1240663-1024x768.jpg 1024w, https:\/\/lagh-univ.dz\/wp-content\/uploads\/2019\/11\/P1240663-340x255.jpg 340w, https:\/\/lagh-univ.dz\/wp-content\/uploads\/2019\/11\/P1240663-250x188.jpg 250w\" sizes=\"(max-width: 189px) 100vw, 189px\" \/><\/p>\n<table style=\"height: 233px;width: 762px\" width=\"780\">\n<tbody>\n<tr style=\"height: 209px\">\n<td style=\"background-color: #16307d;width: 752px;height: 209px;border-color: #ffffff\">\n<p dir=\"ltr\" style=\"text-align: left\"><strong><span style=\"font-family: arabic-kufi;font-size: 14pt;color: #ffffff\"><span style=\"font-family: 'Book Antiqua', Palatino\">\u00a0 \u00a0 Le D\u00e9partement du tronc commun Sciences et Technologie\u00a0 est l\u2019un des 5 d\u00e9partement de la facult\u00e9 de\u00a0 \u00a0 \u00a0 technologie, il propose une formation de base et ouvre des horizons et perspectives aux \u00e9tudiants dans de nombreux fili\u00e8res \u00e0 savoir : l\u2019\u00e9lectronique, l\u2019\u00e9lectrotechnique, g\u00e9nie m\u00e9canique, g\u00e9nie civil et g\u00e9nie des proc\u00e9d\u00e9s .<\/span> <\/span><\/strong><\/p>\n<p dir=\"ltr\" style=\"text-align: left\"><span style=\"font-family: 'Book Antiqua', Palatino\"><strong><span style=\"font-size: 14pt;color: #ffffff\"><span style=\"color: #ffffff\"><span style=\"font-size: 14pt\">Le d\u00e9partement des sciences techniques abrite deux centres de calculs, deux laboratoires de physique et deux laboratoires de chimie sous l\u2019encadrement de 06 ing\u00e9nieurs de laboratoire.<\/span><\/span>\u00a0<\/span><\/strong><\/span><\/p>\n<p style=\"text-align: left\"><strong><span style=\"color: #ffffff;font-size: 14pt;font-family: 'Book Antiqua', Palatino\"><u><span style=\"color: #ff9900\">Les services<\/span><\/u><\/span><\/strong><\/p>\n<p style=\"text-align: left\"><strong><span style=\"color: #ffffff;font-size: 14pt;font-family: 'Book Antiqua', Palatino\">Service Scolarit\u00e9<\/span><\/strong><\/p>\n<p dir=\"ltr\" style=\"text-align: left\"><strong><span style=\"color: #ffffff;font-size: 14pt;font-family: 'Book Antiqua', Palatino\">Service Accueil Logistique Information Orientation (SALIO)<\/span><\/strong><\/p>\n<p dir=\"ltr\" style=\"text-align: left\"><strong><span style=\"color: #ffffff;font-size: 14pt;font-family: 'Book Antiqua', Palatino\">Service SAISI (SSA)<\/span><\/strong><\/p>\n<p dir=\"ltr\" style=\"text-align: left\"><strong><span style=\"color: #ffffff;font-size: 14pt;font-family: 'Book Antiqua', Palatino\">Administration (deux Gestionnaires, Chef de d\u00e9partement et deux adjoints)<\/span><\/strong><\/p>\n<\/td>\n<\/tr>\n<\/tbody>\n<\/table>\n<p>&nbsp;<\/p>\n<p><img decoding=\"async\" class=\"alignnone wp-image-19054\" src=\"https:\/\/lagh-univ.dz\/wp-content\/uploads\/2019\/11\/etd2-300x369-244x300.jpg\" alt=\"\" width=\"157\" height=\"193\" srcset=\"https:\/\/lagh-univ.dz\/wp-content\/uploads\/2019\/11\/etd2-300x369-244x300.jpg 244w, https:\/\/lagh-univ.dz\/wp-content\/uploads\/2019\/11\/etd2-300x369.jpg 300w\" sizes=\"(max-width: 157px) 100vw, 157px\" \/><img decoding=\"async\" class=\"alignnone wp-image-19057\" src=\"https:\/\/lagh-univ.dz\/wp-content\/uploads\/2019\/11\/etd-300x384-234x300.jpg\" alt=\"\" width=\"155\" height=\"198\" srcset=\"https:\/\/lagh-univ.dz\/wp-content\/uploads\/2019\/11\/etd-300x384-234x300.jpg 234w, https:\/\/lagh-univ.dz\/wp-content\/uploads\/2019\/11\/etd-300x384.jpg 300w\" sizes=\"(max-width: 155px) 100vw, 155px\" \/><img loading=\"lazy\" decoding=\"async\" class=\"alignnone wp-image-19060\" src=\"https:\/\/lagh-univ.dz\/wp-content\/uploads\/2019\/11\/\u0645\u062e\u0628\u0631-\u062a\u0643\u0646\u0648\u0644\u0648\u062c\u064a-1.jpg\" alt=\"\" width=\"263\" height=\"203\" \/><img loading=\"lazy\" decoding=\"async\" class=\"alignnone wp-image-19063\" src=\"https:\/\/lagh-univ.dz\/wp-content\/uploads\/2019\/11\/\u0645\u062e\u0628\u0631-\u062a\u0643\u0646\u0648\u0644\u0648\u062c\u064a2-1.jpg\" alt=\"\" width=\"245\" height=\"192\" \/><\/p>\n","protected":false},"excerpt":{"rendered":"<p>\u00a0 \u00a0 Le D\u00e9partement du tronc commun Sciences et Technologie\u00a0 est l\u2019un des 5 d\u00e9partement de la facult\u00e9 de\u00a0 \u00a0 \u00a0 technologie, il propose une formation de base et ouvre des horizons et perspectives aux \u00e9tudiants dans de nombreux fili\u00e8res \u00e0 savoir : l\u2019\u00e9lectronique, l\u2019\u00e9lectrotechnique, g\u00e9nie m\u00e9canique, g\u00e9nie civil et g\u00e9nie des proc\u00e9d\u00e9s . Le [&hellip;]<\/p>\n","protected":false},"author":33,"featured_media":0,"parent":9219,"menu_order":0,"comment_status":"closed","ping_status":"closed","template":"elementor_header_footer","meta":{"_exactmetrics_skip_tracking":false,"_exactmetrics_sitenote_active":false,"_exactmetrics_sitenote_note":"","_exactmetrics_sitenote_category":0,"footnotes":""},"coauthors":[533],"class_list":["post-9265","page","type-page","status-publish","hentry"],"_links":{"self":[{"href":"https:\/\/lagh-univ.dz\/fr\/wp-json\/wp\/v2\/pages\/9265","targetHints":{"allow":["GET"]}}],"collection":[{"href":"https:\/\/lagh-univ.dz\/fr\/wp-json\/wp\/v2\/pages"}],"about":[{"href":"https:\/\/lagh-univ.dz\/fr\/wp-json\/wp\/v2\/types\/page"}],"author":[{"embeddable":true,"href":"https:\/\/lagh-univ.dz\/fr\/wp-json\/wp\/v2\/users\/33"}],"replies":[{"embeddable":true,"href":"https:\/\/lagh-univ.dz\/fr\/wp-json\/wp\/v2\/comments?post=9265"}],"version-history":[{"count":29,"href":"https:\/\/lagh-univ.dz\/fr\/wp-json\/wp\/v2\/pages\/9265\/revisions"}],"predecessor-version":[{"id":24819,"href":"https:\/\/lagh-univ.dz\/fr\/wp-json\/wp\/v2\/pages\/9265\/revisions\/24819"}],"up":[{"embeddable":true,"href":"https:\/\/lagh-univ.dz\/fr\/wp-json\/wp\/v2\/pages\/9219"}],"wp:attachment":[{"href":"https:\/\/lagh-univ.dz\/fr\/wp-json\/wp\/v2\/media?parent=9265"}],"wp:term":[{"taxonomy":"author","embeddable":true,"href":"https:\/\/lagh-univ.dz\/fr\/wp-json\/wp\/v2\/coauthors?post=9265"}],"curies":[{"name":"wp","href":"https:\/\/api.w.org\/{rel}","templated":true}]}}