{"id":9286,"date":"2018-07-21T11:17:45","date_gmt":"2018-07-21T11:17:45","guid":{"rendered":"https:\/\/lagh-univ.dz\/technologie-departement-electrotechnique-administration\/"},"modified":"2019-12-08T08:33:58","modified_gmt":"2019-12-08T10:33:58","slug":"technologie-departement-electrotechnique-administration","status":"publish","type":"page","link":"https:\/\/lagh-univ.dz\/fr\/technologie-departement-electrotechnique\/technologie-departement-electrotechnique-administration\/","title":{"rendered":"Technologie-Departement- \u00e9lectrotechnique-administration"},"content":{"rendered":"<p>&nbsp;<\/p>\n<p>&nbsp;<\/p>\n<table class=\" alignleft\" style=\"height: 156px;width: 872px\" width=\"645\">\n<tbody>\n<tr style=\"height: 59px\">\n<td dir=\"ltr\" style=\"width: 307px;background-color: #f2a807;height: 59px\"><span style=\"color: #000000\"><strong><span style=\"font-family: 'Book Antiqua', Palatino;font-size: 14pt\"> Chef du D\u00e9partement<\/span><\/strong><\/span><\/td>\n<td dir=\"ltr\" style=\"width: 549px;background-color: #f2a807;height: 59px\"><span style=\"font-family: 'Book Antiqua', Palatino;font-size: 14pt;color: #000000\"><strong>Adjoint Chef du D\u00e9partement Charg\u00e9 des \u00c9tudes de Graduation<\/strong><\/span><\/td>\n<\/tr>\n<tr style=\"height: 220px\">\n<td style=\"width: 307px;height: 220px\">\n<p dir=\"rtl\" style=\"text-align: left\"><span style=\"font-family: 'Book Antiqua', Palatino;font-size: 14pt\">Yousfi Belkacem-\u00a0<\/span><\/p>\n<p dir=\"ltr\"><span style=\"font-family: 'Book Antiqua', Palatino;font-size: 14pt\">Email <span style=\"color: #0000ff\">:<span style=\"font-family: arabic-kufi;font-size: 14pt\"><a style=\"color: #0000ff\" href=\"mailto:b.yousfi@lagh-univ.dz\">b.yousfi@lagh-univ.dz<\/a><\/span><\/span><\/span><\/p>\n<p dir=\"ltr\"><span style=\"font-family: 'Book Antiqua', Palatino;font-size: 14pt\">Tel :<span style=\"font-family: arabic-kufi;font-size: 14pt\">029115258\/208\u00a0<\/span><\/span><\/p>\n<\/td>\n<td dir=\"ltr\" style=\"width: 549px;height: 220px\">\n<p dir=\"rtl\" style=\"text-align: left\"><span style=\"font-family: 'Book Antiqua', Palatino;font-size: 14pt\">Belkheiri ahmed-\u00a0<\/span><\/p>\n<p dir=\"ltr\"><span style=\"font-family: 'Book Antiqua', Palatino;font-size: 14pt\">Email :<span style=\"font-family: arabic-kufi;font-size: 14pt;color: #0000ff\"><a style=\"color: #0000ff\" href=\"mailto:a.belkheiri@lagh-univ.dz\">a.belkheiri@lagh-univ.dz<\/a><\/span><\/span><\/p>\n<p dir=\"ltr\"><span style=\"font-family: 'Book Antiqua', Palatino;font-size: 14pt\">Tel :<span style=\"font-family: arabic-kufi;font-size: 14pt\">029115258\/209<\/span><\/span><\/p>\n<\/td>\n<\/tr>\n<\/tbody>\n<\/table>\n<p>&nbsp;<\/p>\n","protected":false},"excerpt":{"rendered":"<p>&nbsp; &nbsp; Chef du D\u00e9partement Adjoint Chef du D\u00e9partement Charg\u00e9 des \u00c9tudes de Graduation Yousfi Belkacem-\u00a0 Email :b.yousfi@lagh-univ.dz Tel :029115258\/208\u00a0 Belkheiri ahmed-\u00a0 Email :a.belkheiri@lagh-univ.dz Tel :029115258\/209 &nbsp;<\/p>\n","protected":false},"author":13,"featured_media":0,"parent":9221,"menu_order":0,"comment_status":"closed","ping_status":"closed","template":"elementor_header_footer","meta":{"_exactmetrics_skip_tracking":false,"_exactmetrics_sitenote_active":false,"_exactmetrics_sitenote_note":"","_exactmetrics_sitenote_category":0,"footnotes":""},"coauthors":[533],"class_list":["post-9286","page","type-page","status-publish","hentry"],"_links":{"self":[{"href":"https:\/\/lagh-univ.dz\/fr\/wp-json\/wp\/v2\/pages\/9286","targetHints":{"allow":["GET"]}}],"collection":[{"href":"https:\/\/lagh-univ.dz\/fr\/wp-json\/wp\/v2\/pages"}],"about":[{"href":"https:\/\/lagh-univ.dz\/fr\/wp-json\/wp\/v2\/types\/page"}],"author":[{"embeddable":true,"href":"https:\/\/lagh-univ.dz\/fr\/wp-json\/wp\/v2\/users\/13"}],"replies":[{"embeddable":true,"href":"https:\/\/lagh-univ.dz\/fr\/wp-json\/wp\/v2\/comments?post=9286"}],"version-history":[{"count":5,"href":"https:\/\/lagh-univ.dz\/fr\/wp-json\/wp\/v2\/pages\/9286\/revisions"}],"predecessor-version":[{"id":20475,"href":"https:\/\/lagh-univ.dz\/fr\/wp-json\/wp\/v2\/pages\/9286\/revisions\/20475"}],"up":[{"embeddable":true,"href":"https:\/\/lagh-univ.dz\/fr\/wp-json\/wp\/v2\/pages\/9221"}],"wp:attachment":[{"href":"https:\/\/lagh-univ.dz\/fr\/wp-json\/wp\/v2\/media?parent=9286"}],"wp:term":[{"taxonomy":"author","embeddable":true,"href":"https:\/\/lagh-univ.dz\/fr\/wp-json\/wp\/v2\/coauthors?post=9286"}],"curies":[{"name":"wp","href":"https:\/\/api.w.org\/{rel}","templated":true}]}}