{"id":9296,"date":"2018-07-21T11:18:59","date_gmt":"2018-07-21T11:18:59","guid":{"rendered":"https:\/\/lagh-univ.dz\/technologie-departement-electrotechnique-formations-licence\/"},"modified":"2019-12-15T06:44:18","modified_gmt":"2019-12-15T08:44:18","slug":"technologie-departement-electrotechnique-formations-licence","status":"publish","type":"page","link":"https:\/\/lagh-univ.dz\/fr\/technologie-departement-electrotechnique\/technologie-departement-electrotechnique-formations-licence\/","title":{"rendered":"Technologie-Departement- \u00e9lectrotechnique- formations -licence"},"content":{"rendered":"<p>&nbsp;<\/p>\n<p><img decoding=\"async\" class=\"wp-image-20851 alignleft\" src=\"https:\/\/lagh-univ.dz\/wp-content\/uploads\/2019\/12\/img.jpg\" alt=\"\" width=\"107\" height=\"115\" \/><\/p>\n<table class=\" alignleft\" style=\"height: 103px;width: 548px\" width=\"548\">\n<tbody>\n<tr>\n<td style=\"width: 219.375px;text-align: left;background-color: #f7ae25\"><strong><span style=\"font-family: 'Book Antiqua', Palatino;font-size: 14pt\">fili\u00e8re<\/span><\/strong><\/td>\n<td style=\"width: 317.153px;background-color: #f7ae25\">\n<p style=\"text-align: left\"><strong><span style=\"font-family: 'Book Antiqua', Palatino;font-size: 14pt\">sp\u00e9cialit\u00e9<\/span><\/strong><\/p>\n<\/td>\n<\/tr>\n<tr>\n<td style=\"width: 219.375px\">\n<p style=\"text-align: left\"><span style=\"font-family: 'Book Antiqua', Palatino;font-size: 14pt\">\u00c9lectrotechnique<\/span><\/p>\n<\/td>\n<td style=\"width: 317.153px;text-align: left\"><span style=\"font-family: 'Book Antiqua', Palatino;font-size: 14pt\">\u00c9lectrotechnique<\/span><\/td>\n<\/tr>\n<tr>\n<td style=\"width: 219.375px\">\n<p style=\"text-align: left\"><span style=\"font-family: 'Book Antiqua', Palatino;font-size: 14pt\">Automatique<\/span><\/p>\n<\/td>\n<td style=\"width: 317.153px;text-align: left\"><span style=\"font-family: 'Book Antiqua', Palatino;font-size: 14pt\">Automatique<\/span><\/td>\n<\/tr>\n<tr>\n<td style=\"width: 219.375px\">\n<p style=\"text-align: left\"><span style=\"font-family: 'Book Antiqua', Palatino;font-size: 14pt\">\u00c9lectrom\u00e9canique<\/span><\/p>\n<\/td>\n<td style=\"width: 317.153px;text-align: left\"><span style=\"font-family: 'Book Antiqua', Palatino;font-size: 14pt\">\u00c9lectrom\u00e9canique<\/span><\/td>\n<\/tr>\n<\/tbody>\n<\/table>\n","protected":false},"excerpt":{"rendered":"<p>&nbsp; fili\u00e8re sp\u00e9cialit\u00e9 \u00c9lectrotechnique \u00c9lectrotechnique Automatique Automatique \u00c9lectrom\u00e9canique \u00c9lectrom\u00e9canique<\/p>\n","protected":false},"author":13,"featured_media":0,"parent":9221,"menu_order":0,"comment_status":"closed","ping_status":"closed","template":"elementor_header_footer","meta":{"_exactmetrics_skip_tracking":false,"_exactmetrics_sitenote_active":false,"_exactmetrics_sitenote_note":"","_exactmetrics_sitenote_category":0,"footnotes":""},"coauthors":[533],"class_list":["post-9296","page","type-page","status-publish","hentry"],"_links":{"self":[{"href":"https:\/\/lagh-univ.dz\/fr\/wp-json\/wp\/v2\/pages\/9296","targetHints":{"allow":["GET"]}}],"collection":[{"href":"https:\/\/lagh-univ.dz\/fr\/wp-json\/wp\/v2\/pages"}],"about":[{"href":"https:\/\/lagh-univ.dz\/fr\/wp-json\/wp\/v2\/types\/page"}],"author":[{"embeddable":true,"href":"https:\/\/lagh-univ.dz\/fr\/wp-json\/wp\/v2\/users\/13"}],"replies":[{"embeddable":true,"href":"https:\/\/lagh-univ.dz\/fr\/wp-json\/wp\/v2\/comments?post=9296"}],"version-history":[{"count":6,"href":"https:\/\/lagh-univ.dz\/fr\/wp-json\/wp\/v2\/pages\/9296\/revisions"}],"predecessor-version":[{"id":20860,"href":"https:\/\/lagh-univ.dz\/fr\/wp-json\/wp\/v2\/pages\/9296\/revisions\/20860"}],"up":[{"embeddable":true,"href":"https:\/\/lagh-univ.dz\/fr\/wp-json\/wp\/v2\/pages\/9221"}],"wp:attachment":[{"href":"https:\/\/lagh-univ.dz\/fr\/wp-json\/wp\/v2\/media?parent=9296"}],"wp:term":[{"taxonomy":"author","embeddable":true,"href":"https:\/\/lagh-univ.dz\/fr\/wp-json\/wp\/v2\/coauthors?post=9296"}],"curies":[{"name":"wp","href":"https:\/\/api.w.org\/{rel}","templated":true}]}}